{"id":1409,"date":"2025-08-24T06:34:43","date_gmt":"2025-08-24T06:34:43","guid":{"rendered":"https:\/\/www.mrhardwares.com\/?post_type=product&#038;p=1409"},"modified":"2025-12-31T01:51:08","modified_gmt":"2025-12-31T01:51:08","slug":"wholesale-full-overlay-soft-close-cabinet-hinges","status":"publish","type":"product","link":"https:\/\/www.mrhardwares.com\/de\/product\/wholesale-full-overlay-soft-close-cabinet-hinges\/","title":{"rendered":"Gro\u00dfhandel voll Overlay Soft Close Schrank Scharniere MR-ZB1"},"content":{"rendered":"<h3 class=\"wp-block-heading\">Merkmale von Full Overlay Soft Close Cabinet Scharnieren<\/h3><ul class=\"wp-block-list\"><li><strong>Schaffen Sie einen sauberen Look: <\/strong>Vollfl\u00e4chige Scharniere minimieren die Fugen zwischen benachbarten T\u00fcren oder Schubladen und verleihen dem Schrank ein sauberes, modernes und nahtloses Aussehen.<\/li>\n\n<li><strong>Breite Anwendungen: <\/strong>Vollfl\u00e4chige Scharniere werden am h\u00e4ufigsten f\u00fcr rahmenlose Schr\u00e4nke verwendet und eignen sich f\u00fcr K\u00fcchen, B\u00e4der, B\u00fcroschr\u00e4nke oder ma\u00dfgefertigte M\u00f6bel, bei denen ein elegantes, hochwertiges Aussehen wichtig ist.<\/li>\n\n<li><strong>Gr\u00f6\u00dferer \u00d6ffnungswinkel: <\/strong>Unsere Gro\u00dfhandels-Schrankscharniere mit voller Auflage bieten einen gr\u00f6\u00dferen \u00d6ffnungswinkel f\u00fcr einen leichteren Zugang.<\/li>\n\n<li><strong>Eingebaute D\u00e4mpfungsvorrichtung: <\/strong>Unsere Gro\u00dfhandels-Schrankscharniere mit Vollverkleidung verf\u00fcgen \u00fcber eine eingebaute D\u00e4mpfungsvorrichtung, die die T\u00fcr verlangsamt und ein Zuschlagen verhindert.<\/li><\/ul><div class=\"wp-block-columns is-layout-flex wp-container-core-columns-is-layout-9d6595d7 wp-block-columns-is-layout-flex\"><div class=\"wp-block-column is-layout-flow wp-block-column-is-layout-flow\"><\/div>\n\n<div class=\"wp-block-column is-layout-flow wp-block-column-is-layout-flow\"><\/div><\/div>","protected":false},"excerpt":{"rendered":"<p><strong>Preis: US $0.12\/St.<\/strong><\/p>\n<p>Unsere f\u00fcr moderne rahmenlose Schr\u00e4nke konzipierten Scharniere verf\u00fcgen \u00fcber einen eingebauten Soft-Close-Mechanismus, der eine reibungslose, leise und dauerhafte Funktion gew\u00e4hrleistet. Diese Scharniere sind in gro\u00dfen Mengen erh\u00e4ltlich und eignen sich ideal f\u00fcr K\u00fcchen-, Bad- und B\u00fcrom\u00f6belprojekte.<\/p>\n<p><strong><a href=\"https:\/\/www.mrhardwares.com\/de\/custom-solution\/\" target=\"_blank\" rel=\"noopener\">Erfahren Sie mehr \u00fcber kundenspezifische M\u00f6belscharnierl\u00f6sungen (OEM &amp; ODM) \u2192\u00a0<\/a><\/strong><\/p>\n<h2>Spezifikationen des Full Overlay Soft Close Cabinet Scharniers<\/h2>\n<table border=\"0\" cellspacing=\"0\" cellpadding=\"0\">\n<tbody style=\"font-size: 12px; border: 1px solid #ccc; overflow: hidden;\">\n<tr style=\"line-height: 1.4;\">\n<td style=\"width: 33%;\" width=\"36\" height=\"30\"><strong>Spezifikation<\/strong><\/td>\n<td style=\"width: 67%;\" width=\"72\"><strong>Einzelheiten<\/strong><\/td>\n<\/tr>\n<tr style=\"line-height: 1.4;\">\n<td style=\"width: 33%;\" width=\"36\" height=\"30\"><strong>Modellnummer<\/strong><\/td>\n<td style=\"width: 67%;\" width=\"72\">MR-ZB1<\/td>\n<\/tr>\n<tr style=\"line-height: 1.4;\">\n<td style=\"width: 33%;\" width=\"36\" height=\"30\"><strong>Scharnier Material<\/strong><\/td>\n<td style=\"width: 67%;\" width=\"72\">Kaltgewalzter Stahl<\/td>\n<\/tr>\n<tr style=\"line-height: 1.4;\">\n<td style=\"width: 33%;\" width=\"36\" height=\"30\"><strong>Scharnier Typ<\/strong><\/td>\n<td style=\"width: 67%;\" width=\"72\">Full Overlay Soft Close Schrankscharnier<\/td>\n<\/tr>\n<tr style=\"line-height: 1.4;\">\n<td style=\"width: 33%;\" width=\"36\" height=\"60\"><strong>Anwendbare Szenarien<\/strong><\/td>\n<td style=\"width: 67%;\" width=\"72\">Kleiderschrank, Schrank, B\u00fccherregal, Badezimmerschrank, und mehr<\/td>\n<\/tr>\n<tr style=\"line-height: 1.4;\">\n<td style=\"width: 33%;\" width=\"36\" height=\"50\"><strong>OEM- und ODM-Dienstleistungen<\/strong><\/td>\n<td style=\"width: 67%;\" width=\"72\">Unterst\u00fctzt einfache und tiefgreifende Anpassungen<\/td>\n<\/tr>\n<\/tbody>\n<\/table>\n<p>&nbsp;<\/p>\n<p>\n<script src=\"chrome-extension:\/\/fpelahbljekknahkcaegamhcndkfpfnc\/iFrame.js\" type=\"text\/javascript\"><\/script><\/p>","protected":false},"featured_media":1410,"comment_status":"closed","ping_status":"closed","template":"","meta":{"_acf_changed":false},"product_brand":[],"product_cat":[26],"product_tag":[],"class_list":{"0":"post-1409","1":"product","2":"type-product","3":"status-publish","4":"has-post-thumbnail","6":"product_cat-wholesale-full-overlay-cabinet-hinges","8":"first","9":"instock","10":"shipping-taxable","11":"product-type-simple"},"acf":[],"_links":{"self":[{"href":"https:\/\/www.mrhardwares.com\/de\/wp-json\/wp\/v2\/product\/1409","targetHints":{"allow":["GET"]}}],"collection":[{"href":"https:\/\/www.mrhardwares.com\/de\/wp-json\/wp\/v2\/product"}],"about":[{"href":"https:\/\/www.mrhardwares.com\/de\/wp-json\/wp\/v2\/types\/product"}],"replies":[{"embeddable":true,"href":"https:\/\/www.mrhardwares.com\/de\/wp-json\/wp\/v2\/comments?post=1409"}],"wp:featuredmedia":[{"embeddable":true,"href":"https:\/\/www.mrhardwares.com\/de\/wp-json\/wp\/v2\/media\/1410"}],"wp:attachment":[{"href":"https:\/\/www.mrhardwares.com\/de\/wp-json\/wp\/v2\/media?parent=1409"}],"wp:term":[{"taxonomy":"product_brand","embeddable":true,"href":"https:\/\/www.mrhardwares.com\/de\/wp-json\/wp\/v2\/product_brand?post=1409"},{"taxonomy":"product_cat","embeddable":true,"href":"https:\/\/www.mrhardwares.com\/de\/wp-json\/wp\/v2\/product_cat?post=1409"},{"taxonomy":"product_tag","embeddable":true,"href":"https:\/\/www.mrhardwares.com\/de\/wp-json\/wp\/v2\/product_tag?post=1409"}],"curies":[{"name":"wp","href":"https:\/\/api.w.org\/{rel}","templated":true}]}}