{"id":1411,"date":"2025-08-24T06:47:09","date_gmt":"2025-08-24T06:47:09","guid":{"rendered":"https:\/\/www.mrhardwares.com\/?post_type=product&#038;p=1411"},"modified":"2025-12-31T01:59:34","modified_gmt":"2025-12-31T01:59:34","slug":"wholesale-soft-close-full-overlay-cabinet-hinges","status":"publish","type":"product","link":"https:\/\/www.mrhardwares.com\/de\/product\/wholesale-soft-close-full-overlay-cabinet-hinges\/","title":{"rendered":"Gro\u00dfhandel Soft Close Cabinet Scharniere voll Overlay, Gro\u00dfhandel Versorgung MR-F2A1"},"content":{"rendered":"<h3 class=\"wp-block-heading\">Merkmale der Full Overlay Cabinet Scharniere<\/h3><ul class=\"wp-block-list\"><li><strong>Soft-Close-Mechanismus: <\/strong>Eingebaute D\u00e4mpfer in den Scharnieren sorgen daf\u00fcr, dass sich die Schrankt\u00fcr jedes Mal langsam und leise schlie\u00dft, was den Ger\u00e4uschpegel in Ihrer Wohnung oder Ihrem B\u00fcro reduziert und f\u00fcr mehr Komfort sorgt.<br><\/li>\n\n<li><strong>Einstellbare Einstellungen: <\/strong>Unsere Gro\u00dfhandelsscharniere sind dreidimensional verstellbar, so dass Installateure oder Hausbesitzer die T\u00fcr pr\u00e4zise ausrichten k\u00f6nnen, ohne die Scharniere auszubauen.<br><\/li>\n\n<li><strong>Standard-\u00d6ffnungswinkel: <\/strong>Unsere vollfl\u00e4chigen Scharniere f\u00fcr den Gro\u00dfhandel haben einen \u00d6ffnungswinkel von 105\u00b0 und bieten somit viel Platz im Schrank und erleichtern den Zugriff auf gr\u00f6\u00dfere Gegenst\u00e4nde.<br><\/li>\n\n<li><strong>Breite Kompatibilit\u00e4t: <\/strong>Vollfl\u00e4chige Scharniere eignen sich f\u00fcr rahmenlose Schr\u00e4nke (europ\u00e4ischer Stil) und sind f\u00fcr eine Vielzahl von M\u00f6belanwendungen geeignet, darunter K\u00fcchenschr\u00e4nke, Kleiderschr\u00e4nke, Badezimmerschr\u00e4nke und B\u00fcroschr\u00e4nke.<\/li><\/ul>","protected":false},"excerpt":{"rendered":"<p data-pm-slice=\"1 1 []\"><strong>Preis: US $0.123\/Stk<\/strong><\/p>\n<p>Gro\u00dfhandel f\u00fcr vollfl\u00e4chig schlie\u00dfende Scharniere f\u00fcr Schr\u00e4nke mit sanfter Schlie\u00dfung. Das Full-Overlay-Design sorgt f\u00fcr ein glattes, nahtloses Erscheinungsbild, das die visuelle Attraktivit\u00e4t moderner Innenr\u00e4ume erh\u00f6ht. Die Slow-Close-Technologie sorgt f\u00fcr ein sanftes, leises Schlie\u00dfen. Die Scharnierhersteller von Mingrun bieten sowohl Scharniere aus Edelstahl als auch aus kaltgewalztem Stahl an. Kontaktieren Sie uns f\u00fcr ein Angebot.<\/p>\n<p><strong><a href=\"https:\/\/www.mrhardwares.com\/de\/custom-solution\/\" target=\"_blank\" rel=\"noopener\">Erfahren Sie mehr \u00fcber kundenspezifische M\u00f6belscharnierl\u00f6sungen (OEM &amp; ODM) \u2192 <\/a><\/strong><\/p>\n<h2>Spezifikationen f\u00fcr vollfl\u00e4chige Scharniere f\u00fcr Schr\u00e4nke<\/h2>\n<table border=\"0\" cellspacing=\"0\" cellpadding=\"0\">\n<tbody style=\"font-size: 12px; border: 1px solid #ccc; overflow: hidden;\">\n<tr style=\"line-height: 1.4;\">\n<td style=\"width: 33%;\" width=\"36\" height=\"30\"><span style=\"font-size: 16px;\">Spezifikation<\/span><\/td>\n<td style=\"width: 67%;\" width=\"72\"><span style=\"font-size: 16px;\">Einzelheiten<\/span><\/td>\n<\/tr>\n<tr style=\"line-height: 1.4;\">\n<td style=\"width: 33%;\" width=\"36\" height=\"30\"><span style=\"font-size: 16px;\">Modellnummer<\/span><\/td>\n<td style=\"width: 67%;\" width=\"72\"><span style=\"font-size: 16px;\">MR-F2A<\/span><\/td>\n<\/tr>\n<tr style=\"line-height: 1.4;\">\n<td style=\"width: 33%;\" width=\"36\" height=\"30\"><span style=\"font-size: 16px;\">Scharnier Material<\/span><\/td>\n<td style=\"width: 67%;\" width=\"72\"><span style=\"font-size: 16px;\">Rostfreier Stahl oder kaltgewalzter Stahl<\/span><\/td>\n<\/tr>\n<tr style=\"line-height: 1.4;\">\n<td style=\"width: 33%;\" width=\"36\" height=\"30\"><span style=\"font-size: 16px;\">Scharnier Typ<\/span><\/td>\n<td style=\"width: 67%;\" width=\"72\">Full Overlay Soft Close Schrankscharnier<\/td>\n<\/tr>\n<tr style=\"line-height: 1.4;\">\n<td style=\"width: 33%;\" width=\"36\" height=\"60\"><span style=\"font-size: 16px;\">Anwendbare Szenarien<\/span><\/td>\n<td style=\"width: 67%;\" width=\"72\"><span style=\"font-size: 16px;\">Kleiderschrank, Schrank, B\u00fccherregal, Badezimmerschrank, und mehr<\/span><\/td>\n<\/tr>\n<tr style=\"line-height: 1.4;\">\n<td style=\"width: 33%;\" width=\"36\" height=\"50\"><span style=\"font-size: 16px;\">OEM- und ODM-Dienstleistungen<\/span><\/td>\n<td style=\"width: 67%;\" width=\"72\"><span style=\"font-size: 16px;\">Unterst\u00fctzt einfache und tiefgreifende Anpassungen<\/span><\/td>\n<\/tr>\n<\/tbody>\n<\/table>\n<p>&nbsp;<\/p>\n<p>\n<script src=\"chrome-extension:\/\/fpelahbljekknahkcaegamhcndkfpfnc\/iFrame.js\" type=\"text\/javascript\"><\/script><\/p>","protected":false},"featured_media":1412,"comment_status":"closed","ping_status":"closed","template":"","meta":{"_acf_changed":false},"product_brand":[],"product_cat":[26],"product_tag":[],"class_list":{"0":"post-1411","1":"product","2":"type-product","3":"status-publish","4":"has-post-thumbnail","6":"product_cat-wholesale-full-overlay-cabinet-hinges","8":"first","9":"instock","10":"shipping-taxable","11":"product-type-simple"},"acf":[],"_links":{"self":[{"href":"https:\/\/www.mrhardwares.com\/de\/wp-json\/wp\/v2\/product\/1411","targetHints":{"allow":["GET"]}}],"collection":[{"href":"https:\/\/www.mrhardwares.com\/de\/wp-json\/wp\/v2\/product"}],"about":[{"href":"https:\/\/www.mrhardwares.com\/de\/wp-json\/wp\/v2\/types\/product"}],"replies":[{"embeddable":true,"href":"https:\/\/www.mrhardwares.com\/de\/wp-json\/wp\/v2\/comments?post=1411"}],"wp:featuredmedia":[{"embeddable":true,"href":"https:\/\/www.mrhardwares.com\/de\/wp-json\/wp\/v2\/media\/1412"}],"wp:attachment":[{"href":"https:\/\/www.mrhardwares.com\/de\/wp-json\/wp\/v2\/media?parent=1411"}],"wp:term":[{"taxonomy":"product_brand","embeddable":true,"href":"https:\/\/www.mrhardwares.com\/de\/wp-json\/wp\/v2\/product_brand?post=1411"},{"taxonomy":"product_cat","embeddable":true,"href":"https:\/\/www.mrhardwares.com\/de\/wp-json\/wp\/v2\/product_cat?post=1411"},{"taxonomy":"product_tag","embeddable":true,"href":"https:\/\/www.mrhardwares.com\/de\/wp-json\/wp\/v2\/product_tag?post=1411"}],"curies":[{"name":"wp","href":"https:\/\/api.w.org\/{rel}","templated":true}]}}