{"id":1414,"date":"2025-08-24T07:08:37","date_gmt":"2025-08-24T07:08:37","guid":{"rendered":"https:\/\/www.mrhardwares.com\/?post_type=product&#038;p=1414"},"modified":"2025-12-31T02:04:33","modified_gmt":"2025-12-31T02:04:33","slug":"bulk-full-overlay-cabinet-hinges","status":"publish","type":"product","link":"https:\/\/www.mrhardwares.com\/de\/product\/bulk-full-overlay-cabinet-hinges\/","title":{"rendered":"Bulk Full Overlay Schrank Scharniere mit Soft Close Design MR-F2B1 - Gro\u00dfhandel Scharnier Hersteller"},"content":{"rendered":"<h3 class=\"wp-block-heading\">Eigenschaften des Full Overlay Soft Close Cabinet Scharniers MR-F2B1<\/h3><ul class=\"wp-block-list\"><li><strong>Vollst\u00e4ndiges Overlay-Design<\/strong>: Diese Scharniere sind f\u00fcr vollfl\u00e4chige Schrankt\u00fcren konzipiert. Wenn sie mit diesen Scharnieren installiert werden, bedecken die Schrankt\u00fcren den Schrankrahmen vollst\u00e4ndig, wenn sie geschlossen sind, was die Gesamt\u00e4sthetik moderner K\u00fcchen, B\u00e4der und Schr\u00e4nke effektiv verbessert.<br><\/li>\n\n<li><strong>Soft-Close-Mechanismus:<\/strong> Vollfl\u00e4chige Scharniere f\u00fcr Schr\u00e4nke verf\u00fcgen \u00fcber integrierte D\u00e4mpfungselemente, die ein leises und sanftes Schlie\u00dfen gew\u00e4hrleisten. Die D\u00e4mpfung reduziert au\u00dferdem die Belastung der T\u00fcr und des Rahmens und sch\u00fctzt die Schrankstruktur.<br><\/li>\n\n<li><strong>Material-Optionen: <\/strong>Die MR-F2B1-Schrankscharniere sind entweder aus kaltgewalztem Stahl oder aus Edelstahl erh\u00e4ltlich. Kaltgewalzter Stahl ist langlebig und kosteng\u00fcnstig, w\u00e4hrend Edelstahl eine hervorragende Rost- und Korrosionsbest\u00e4ndigkeit bietet und sich daher f\u00fcr den Einsatz in feuchten Umgebungen wie K\u00fcchen und B\u00e4dern eignet.<br><\/li>\n\n<li><strong>Kosteneffiziente Versorgung:<\/strong> Als professioneller Hersteller von M\u00f6belscharnieren mit Sitz in China liefern wir direkt an Kunden in der ganzen Welt zu wettbewerbsf\u00e4higen Preisen, was sie zu einer erschwinglichen Option f\u00fcr Gro\u00dfprojekte wie Wohnanlagen, Hotelanlagen oder M\u00f6belproduktionslinien macht.<\/li><\/ul>","protected":false},"excerpt":{"rendered":"<p><strong>Preis: US $0.123\/Stk<\/strong><\/p>\n<p>Diese gro\u00dfformatigen, vollfl\u00e4chigen Scharniere mit verlangsamtem Design sind hochwertige Scharniere, die f\u00fcr vollfl\u00e4chige Schrankt\u00fcren entwickelt wurden und ein elegantes, modernes Aussehen bieten. Erh\u00e4ltlich in kaltgewalztem Stahl oder Edelstahl, um Ihren gesch\u00e4ftlichen Anforderungen gerecht zu werden. Kontaktieren Sie uns f\u00fcr Gro\u00dfeink\u00e4ufe direkt von einem zuverl\u00e4ssigen Scharnierhersteller.<\/p>\n<p><strong><a href=\"https:\/\/www.mrhardwares.com\/de\/custom-solution\/\" target=\"_blank\" rel=\"noopener\">Erfahren Sie mehr \u00fcber kundenspezifische M\u00f6belscharnierl\u00f6sungen (OEM &amp; ODM) \u2192<\/a><\/strong><\/p>\n<h2>Spezifikationen des Soft-Close-Scharniers f\u00fcr Schr\u00e4nke<\/h2>\n<table border=\"0\" cellspacing=\"0\" cellpadding=\"0\">\n<tbody style=\"font-size: 12px; border: 1px solid #ccc; overflow: hidden;\">\n<tr style=\"line-height: 1.4;\">\n<td style=\"width: 33%;\" width=\"36\" height=\"30\"><strong>Spezifikation<\/strong><\/td>\n<td style=\"width: 67%;\" width=\"72\"><strong>Einzelheiten<\/strong><\/td>\n<\/tr>\n<tr style=\"line-height: 1.4;\">\n<td style=\"width: 33%;\" width=\"36\" height=\"30\"><strong>Modellnummer<\/strong><\/td>\n<td style=\"width: 67%;\" width=\"72\">MR-F2B1<\/td>\n<\/tr>\n<tr style=\"line-height: 1.4;\">\n<td style=\"width: 33%;\" width=\"36\" height=\"30\"><strong>Scharnier Material<\/strong><\/td>\n<td style=\"width: 67%;\" width=\"72\">Rostfreier Stahl oder kaltgewalzter Stahl<\/td>\n<\/tr>\n<tr style=\"line-height: 1.4;\">\n<td style=\"width: 33%;\" width=\"36\" height=\"30\"><strong>Scharnier Typ<\/strong><\/td>\n<td style=\"width: 67%;\" width=\"72\">Vollfl\u00e4chige Scharniere f\u00fcr Schr\u00e4nke<\/td>\n<\/tr>\n<tr style=\"line-height: 1.4;\">\n<td style=\"width: 33%;\" width=\"36\" height=\"60\"><strong>Anwendbare Szenarien<\/strong><\/td>\n<td style=\"width: 67%;\" width=\"72\">Kleiderschrank, Schrank, B\u00fccherregal, Badezimmerschrank, und mehr<\/td>\n<\/tr>\n<tr style=\"line-height: 1.4;\">\n<td style=\"width: 33%;\" width=\"36\" height=\"50\"><strong>OEM- und ODM-Dienstleistungen<\/strong><\/td>\n<td style=\"width: 67%;\" width=\"72\">Unterst\u00fctzt einfache und tiefgreifende Anpassungen<\/td>\n<\/tr>\n<\/tbody>\n<\/table>\n<p><script src=\"chrome-extension:\/\/fpelahbljekknahkcaegamhcndkfpfnc\/iFrame.js\" type=\"text\/javascript\"><\/script><\/p>\n<p><script src=\"chrome-extension:\/\/fpelahbljekknahkcaegamhcndkfpfnc\/iFrame.js\" type=\"text\/javascript\"><\/script><\/p>","protected":false},"featured_media":1415,"comment_status":"closed","ping_status":"closed","template":"","meta":{"_acf_changed":false},"product_brand":[],"product_cat":[26],"product_tag":[],"class_list":{"0":"post-1414","1":"product","2":"type-product","3":"status-publish","4":"has-post-thumbnail","6":"product_cat-wholesale-full-overlay-cabinet-hinges","8":"first","9":"instock","10":"shipping-taxable","11":"product-type-simple"},"acf":[],"_links":{"self":[{"href":"https:\/\/www.mrhardwares.com\/de\/wp-json\/wp\/v2\/product\/1414","targetHints":{"allow":["GET"]}}],"collection":[{"href":"https:\/\/www.mrhardwares.com\/de\/wp-json\/wp\/v2\/product"}],"about":[{"href":"https:\/\/www.mrhardwares.com\/de\/wp-json\/wp\/v2\/types\/product"}],"replies":[{"embeddable":true,"href":"https:\/\/www.mrhardwares.com\/de\/wp-json\/wp\/v2\/comments?post=1414"}],"wp:featuredmedia":[{"embeddable":true,"href":"https:\/\/www.mrhardwares.com\/de\/wp-json\/wp\/v2\/media\/1415"}],"wp:attachment":[{"href":"https:\/\/www.mrhardwares.com\/de\/wp-json\/wp\/v2\/media?parent=1414"}],"wp:term":[{"taxonomy":"product_brand","embeddable":true,"href":"https:\/\/www.mrhardwares.com\/de\/wp-json\/wp\/v2\/product_brand?post=1414"},{"taxonomy":"product_cat","embeddable":true,"href":"https:\/\/www.mrhardwares.com\/de\/wp-json\/wp\/v2\/product_cat?post=1414"},{"taxonomy":"product_tag","embeddable":true,"href":"https:\/\/www.mrhardwares.com\/de\/wp-json\/wp\/v2\/product_tag?post=1414"}],"curies":[{"name":"wp","href":"https:\/\/api.w.org\/{rel}","templated":true}]}}