{"id":1416,"date":"2025-08-24T07:36:49","date_gmt":"2025-08-24T07:36:49","guid":{"rendered":"https:\/\/www.mrhardwares.com\/?post_type=product&#038;p=1416"},"modified":"2025-12-31T02:10:32","modified_gmt":"2025-12-31T02:10:32","slug":"wholesale-full-overlay-soft-close-hinges","status":"publish","type":"product","link":"https:\/\/www.mrhardwares.com\/de\/product\/wholesale-full-overlay-soft-close-hinges\/","title":{"rendered":"Gro\u00dfhandel Full Overlay Soft Close Scharniere f\u00fcr K\u00fcche, Bad, und M\u00f6bel T\u00fcren MR-DB1"},"content":{"rendered":"<h3 class=\"wp-block-heading\">Merkmale des Full Overlay Soft Close Scharniers<\/h3><ul class=\"wp-block-list\"><li><strong>Verbesserte einfache \u00c4sthetik: <\/strong>Durch das vollfl\u00e4chige Design des Scharniers kann die Schrankt\u00fcr den Schrankrahmen in geschlossenem Zustand vollst\u00e4ndig bedecken, was das Gesamtbild wirkungsvoll aufwertet.<\/li>\n\n<li><strong>Leiser Soft-Close-Mechanismus:<\/strong> Ausgestattet mit einem zuverl\u00e4ssigen Soft-Close-System verhindern unsere vollfl\u00e4chigen Scharniere, dass die T\u00fcr zuschl\u00e4gt, und sorgen so f\u00fcr eine komfortable und ruhige Umgebung.<\/li>\n\n<li><strong>Erh\u00f6hte Sicherheit und Schutz:<\/strong> Der Soft-Close-Mechanismus erh\u00f6ht nicht nur die Funktionalit\u00e4t, sondern verbessert auch die Sicherheit, indem er das Risiko von Fingerverletzungen beim Schlie\u00dfen der T\u00fcr verringert. Diese Konstruktion ist besonders n\u00fctzlich f\u00fcr Haushalte mit Kindern oder stark frequentierte Gesch\u00e4ftsr\u00e4ume.<\/li>\n\n<li><strong>Weitgehend kompatibel:<\/strong> Gro\u00dfhandelsscharniere mit voller Auflage sind mit einer Vielzahl von Schranktypen kompatibel, darunter K\u00fcchenschr\u00e4nke, Badezimmerschr\u00e4nke, Schrankt\u00fcren und andere M\u00f6bel, was sie zu einer praktischen Wahl f\u00fcr private und gewerbliche Projekte macht.<\/li><\/ul>","protected":false},"excerpt":{"rendered":"<p><strong>Preis: US $0.14\/Stk<\/strong><\/p>\n<p>Gro\u00dfhandel f\u00fcr Scharniere mit vollfl\u00e4chiger, sanft schlie\u00dfender Auflage. Diese Scharniere vereinen Stil, Haltbarkeit und Funktionalit\u00e4t. Das Full-Overlay-Design sorgt daf\u00fcr, dass die Schrankt\u00fcr den Rahmen vollst\u00e4ndig bedeckt, was einen sauberen, modernen Look f\u00fcr K\u00fcchen, B\u00e4der und M\u00f6bel schafft. Als professioneller Scharnierhersteller bieten wir Werksangebote an und sind f\u00fcr eine Vielzahl von Gro\u00dfprojekten geeignet. Kontaktieren Sie uns.<\/p>\n<p><strong><a href=\"https:\/\/www.mrhardwares.com\/de\/custom-solution\/\" target=\"_blank\" rel=\"noopener\">Erfahren Sie mehr \u00fcber kundenspezifische M\u00f6belscharnierl\u00f6sungen (OEM &amp; ODM) \u2192<\/a><\/strong><\/p>\n<h2>Spezifikationen des Full Overlay Soft Close Scharniers<\/h2>\n<table border=\"0\" cellspacing=\"0\" cellpadding=\"0\">\n<tbody style=\"font-size: 12px; border: 1px solid #ccc; overflow: hidden;\">\n<tr style=\"line-height: 1.4;\">\n<td style=\"width: 33%;\" width=\"36\" height=\"30\"><strong>Spezifikation<\/strong><\/td>\n<td style=\"width: 67%;\" width=\"72\"><strong>Einzelheiten<\/strong><\/td>\n<\/tr>\n<tr style=\"line-height: 1.4;\">\n<td style=\"width: 33%;\" width=\"36\" height=\"30\"><strong>Modellnummer<\/strong><\/td>\n<td style=\"width: 67%;\" width=\"72\">MR-DB1<\/td>\n<\/tr>\n<tr style=\"line-height: 1.4;\">\n<td style=\"width: 33%;\" width=\"36\" height=\"30\"><strong>Scharnier Material<\/strong><\/td>\n<td style=\"width: 67%;\" width=\"72\">Rostfreier Stahl oder kaltgewalzter Stahl<\/td>\n<\/tr>\n<tr style=\"line-height: 1.4;\">\n<td style=\"width: 33%;\" width=\"36\" height=\"30\"><strong>Scharnier Typ<\/strong><\/td>\n<td style=\"width: 67%;\" width=\"72\">Full Overlay Soft Close Scharnier<\/td>\n<\/tr>\n<tr style=\"line-height: 1.4;\">\n<td style=\"width: 33%;\" width=\"36\" height=\"60\"><strong>Anwendbare Szenarien<\/strong><\/td>\n<td style=\"width: 67%;\" width=\"72\">Kleiderschrank, Schrank, B\u00fccherregal, Badezimmerschrank, und mehr<\/td>\n<\/tr>\n<tr style=\"line-height: 1.4;\">\n<td style=\"width: 33%;\" width=\"36\" height=\"50\"><strong>OEM- und ODM-Dienstleistungen<\/strong><\/td>\n<td style=\"width: 67%;\" width=\"72\">Unterst\u00fctzt einfache und tiefgreifende Anpassungen<\/td>\n<\/tr>\n<\/tbody>\n<\/table>\n<p><script src=\"chrome-extension:\/\/fpelahbljekknahkcaegamhcndkfpfnc\/iFrame.js\" type=\"text\/javascript\"><\/script><\/p>\n<p>\n<script src=\"chrome-extension:\/\/fpelahbljekknahkcaegamhcndkfpfnc\/iFrame.js\" type=\"text\/javascript\"><\/script><\/p>","protected":false},"featured_media":1417,"comment_status":"closed","ping_status":"closed","template":"","meta":{"_acf_changed":false},"product_brand":[],"product_cat":[26],"product_tag":[],"class_list":{"0":"post-1416","1":"product","2":"type-product","3":"status-publish","4":"has-post-thumbnail","6":"product_cat-wholesale-full-overlay-cabinet-hinges","8":"first","9":"instock","10":"shipping-taxable","11":"product-type-simple"},"acf":[],"_links":{"self":[{"href":"https:\/\/www.mrhardwares.com\/de\/wp-json\/wp\/v2\/product\/1416","targetHints":{"allow":["GET"]}}],"collection":[{"href":"https:\/\/www.mrhardwares.com\/de\/wp-json\/wp\/v2\/product"}],"about":[{"href":"https:\/\/www.mrhardwares.com\/de\/wp-json\/wp\/v2\/types\/product"}],"replies":[{"embeddable":true,"href":"https:\/\/www.mrhardwares.com\/de\/wp-json\/wp\/v2\/comments?post=1416"}],"wp:featuredmedia":[{"embeddable":true,"href":"https:\/\/www.mrhardwares.com\/de\/wp-json\/wp\/v2\/media\/1417"}],"wp:attachment":[{"href":"https:\/\/www.mrhardwares.com\/de\/wp-json\/wp\/v2\/media?parent=1416"}],"wp:term":[{"taxonomy":"product_brand","embeddable":true,"href":"https:\/\/www.mrhardwares.com\/de\/wp-json\/wp\/v2\/product_brand?post=1416"},{"taxonomy":"product_cat","embeddable":true,"href":"https:\/\/www.mrhardwares.com\/de\/wp-json\/wp\/v2\/product_cat?post=1416"},{"taxonomy":"product_tag","embeddable":true,"href":"https:\/\/www.mrhardwares.com\/de\/wp-json\/wp\/v2\/product_tag?post=1416"}],"curies":[{"name":"wp","href":"https:\/\/api.w.org\/{rel}","templated":true}]}}