{"id":1418,"date":"2025-08-24T08:03:22","date_gmt":"2025-08-24T08:03:22","guid":{"rendered":"https:\/\/www.mrhardwares.com\/?post_type=product&#038;p=1418"},"modified":"2025-12-31T02:38:26","modified_gmt":"2025-12-31T02:38:26","slug":"wholesale-full-overlay-cabinet-door-hinges","status":"publish","type":"product","link":"https:\/\/www.mrhardwares.com\/de\/product\/wholesale-full-overlay-cabinet-door-hinges\/","title":{"rendered":"Gro\u00dfhandel voll Overlay Kabinett T\u00fcrscharniere MR-DTZ1"},"content":{"rendered":"<h3 class=\"wp-block-heading\">Merkmale von Scharnieren f\u00fcr vollfl\u00e4chige Schrankt\u00fcren<\/h3><ul class=\"wp-block-list\"><li><strong>Full Overlay Design: <\/strong>Die Scharniere f\u00fcr die Schrankt\u00fcren, die vollfl\u00e4chig aufliegen, erm\u00f6glichen es, dass die Schrankt\u00fcr die gesamte Vorderseite des Schranks abdeckt und nur ein kleiner, gleichm\u00e4\u00dfiger Spalt zwischen den T\u00fcren verbleibt, wodurch ein verdecktes Design entsteht und der minimalistische Stil unterstrichen wird.<\/li>\n\n<li><strong>Einfache Installation: <\/strong>Unsere Full-Overlay-Scharniere sind mit einem Schnappsystem ausgestattet, das die Installation erheblich beschleunigt.<\/li>\n\n<li><strong>Einstellbarkeit: <\/strong>Die vollfl\u00e4chigen Scharniere sind in drei Dimensionen verstellbar: in der Tiefe, seitlich und vertikal. Diese umfassende Verstellbarkeit gew\u00e4hrleistet einen passgenauen Sitz ohne Demontage, selbst wenn der Schrankkasten leicht schief oder nicht perfekt installiert ist.<\/li>\n\n<li><strong>Konkurrenzf\u00e4hige Preisgestaltung: <\/strong>Scharniere von Mingrun Hinge Factory k\u00f6nnen Ihrem Unternehmen helfen, die Kosten pro Scharnier deutlich zu senken und die Produktkonsistenz zu gew\u00e4hrleisten.<\/li><\/ul>","protected":false},"excerpt":{"rendered":"<p><strong>Preis: US $0.15\/Stk<\/strong><\/p>\n<p>Vollfl\u00e4chige Scharniere verdecken den Schrankrahmen und verleihen Ihren Schrankt\u00fcren ein nahtloses, b\u00fcndiges Aussehen. Und ihr integrierter Soft-Close-Mechanismus sorgt f\u00fcr eine sanfte Schlie\u00dfbewegung. Wir liefern in gro\u00dfen Mengen, um Produktkonsistenz und wettbewerbsf\u00e4hige Preise zu gew\u00e4hrleisten. Kontaktieren Sie uns noch heute!<\/p>\n<h2>Spezifikationen f\u00fcr vollfl\u00e4chige Scharniere f\u00fcr Schrankt\u00fcren<\/h2>\n<table border=\"0\" cellspacing=\"0\" cellpadding=\"0\">\n<tbody style=\"font-size: 12px; border: 1px solid #ccc; overflow: hidden;\">\n<tr style=\"line-height: 1.4;\">\n<td style=\"width: 33%;\" width=\"36\" height=\"30\"><strong>Spezifikation<\/strong><\/td>\n<td style=\"width: 67%;\" width=\"72\"><strong>Einzelheiten<\/strong><\/td>\n<\/tr>\n<tr style=\"line-height: 1.4;\">\n<td style=\"width: 33%;\" width=\"36\" height=\"30\"><strong>Modellnummer<\/strong><\/td>\n<td style=\"width: 67%;\" width=\"72\">MR-DTZ1<\/td>\n<\/tr>\n<tr style=\"line-height: 1.4;\">\n<td style=\"width: 33%;\" width=\"36\" height=\"30\"><strong>Scharnier Material<\/strong><\/td>\n<td style=\"width: 67%;\" width=\"72\">Rostfreier Stahl oder kaltgewalzter Stahl<\/td>\n<\/tr>\n<tr style=\"line-height: 1.4;\">\n<td style=\"width: 33%;\" width=\"36\" height=\"30\"><strong>Scharnier Typ<\/strong><\/td>\n<td style=\"width: 67%;\" width=\"72\">Vollfl\u00e4chiges Scharnier f\u00fcr Schrankt\u00fcren<\/td>\n<\/tr>\n<tr style=\"line-height: 1.4;\">\n<td style=\"width: 33%;\" width=\"36\" height=\"60\"><strong>Anwendbare Szenarien<\/strong><\/td>\n<td style=\"width: 67%;\" width=\"72\">Kleiderschrank, Schrank, B\u00fccherregal, Badezimmerschrank, und mehr<\/td>\n<\/tr>\n<tr style=\"line-height: 1.4;\">\n<td style=\"width: 33%;\" width=\"36\" height=\"50\"><strong>OEM- und ODM-Dienstleistungen<\/strong><\/td>\n<td style=\"width: 67%;\" width=\"72\">Unterst\u00fctzt einfache und tiefgreifende Anpassungen<\/td>\n<\/tr>\n<\/tbody>\n<\/table>\n<p>&nbsp;<\/p>\n<p><script src=\"chrome-extension:\/\/fpelahbljekknahkcaegamhcndkfpfnc\/iFrame.js\" type=\"text\/javascript\"><\/script><\/p>\n<p>\n<script src=\"chrome-extension:\/\/fpelahbljekknahkcaegamhcndkfpfnc\/iFrame.js\" type=\"text\/javascript\"><\/script><\/p>","protected":false},"featured_media":1420,"comment_status":"closed","ping_status":"closed","template":"","meta":{"_acf_changed":false},"product_brand":[],"product_cat":[26],"product_tag":[],"class_list":{"0":"post-1418","1":"product","2":"type-product","3":"status-publish","4":"has-post-thumbnail","6":"product_cat-wholesale-full-overlay-cabinet-hinges","8":"first","9":"instock","10":"shipping-taxable","11":"product-type-simple"},"acf":[],"_links":{"self":[{"href":"https:\/\/www.mrhardwares.com\/de\/wp-json\/wp\/v2\/product\/1418","targetHints":{"allow":["GET"]}}],"collection":[{"href":"https:\/\/www.mrhardwares.com\/de\/wp-json\/wp\/v2\/product"}],"about":[{"href":"https:\/\/www.mrhardwares.com\/de\/wp-json\/wp\/v2\/types\/product"}],"replies":[{"embeddable":true,"href":"https:\/\/www.mrhardwares.com\/de\/wp-json\/wp\/v2\/comments?post=1418"}],"wp:featuredmedia":[{"embeddable":true,"href":"https:\/\/www.mrhardwares.com\/de\/wp-json\/wp\/v2\/media\/1420"}],"wp:attachment":[{"href":"https:\/\/www.mrhardwares.com\/de\/wp-json\/wp\/v2\/media?parent=1418"}],"wp:term":[{"taxonomy":"product_brand","embeddable":true,"href":"https:\/\/www.mrhardwares.com\/de\/wp-json\/wp\/v2\/product_brand?post=1418"},{"taxonomy":"product_cat","embeddable":true,"href":"https:\/\/www.mrhardwares.com\/de\/wp-json\/wp\/v2\/product_cat?post=1418"},{"taxonomy":"product_tag","embeddable":true,"href":"https:\/\/www.mrhardwares.com\/de\/wp-json\/wp\/v2\/product_tag?post=1418"}],"curies":[{"name":"wp","href":"https:\/\/api.w.org\/{rel}","templated":true}]}}