{"id":1421,"date":"2025-08-24T08:42:14","date_gmt":"2025-08-24T08:42:14","guid":{"rendered":"https:\/\/www.mrhardwares.com\/?post_type=product&#038;p=1421"},"modified":"2025-12-31T01:51:47","modified_gmt":"2025-12-31T01:51:47","slug":"wholesale-half-overlay-soft-close-cabinet-hinges","status":"publish","type":"product","link":"https:\/\/www.mrhardwares.com\/de\/product\/wholesale-half-overlay-soft-close-cabinet-hinges\/","title":{"rendered":"Gro\u00dfhandel H\u00e4lfte Overlay Schrank Scharniere mit Soft Close Design MR-ZB2"},"content":{"rendered":"<h3 class=\"wp-block-heading\">Merkmale von Half Overlay Cabinet Scharnieren<\/h3><ul class=\"wp-block-list\"><li><strong>Ideal f\u00fcr Reihen von Schr\u00e4nken: <\/strong>Halb \u00fcberlappende Scharniere sind ideal f\u00fcr Schrankreihen, vor allem, wenn sich mehrere T\u00fcren eine zentrale Trennwand teilen.<\/li>\n\n<li><strong>Flexiblere Installation: <\/strong>Halb \u00fcberlappende Scharniere bieten mehr Flexibilit\u00e4t bei der Montage als voll \u00fcberlappende Scharniere. Da die T\u00fcr nur die H\u00e4lfte des Schrankrahmens abdeckt, sind leichte Ausrichtungs- oder Messfehler weniger auff\u00e4llig.<\/li>\n\n<li><strong>Klassische \u00c4sthetik: <\/strong>Halb \u00fcberlappende Scharniere sorgen f\u00fcr ein plastischeres Aussehen, da sie im Gegensatz zu voll \u00fcberlappenden Scharnieren einen Teil des Schrankrahmens frei lassen.<\/li>\n\n<li><strong>Vielseitiger Stil: <\/strong>Halb\u00fcberlappende Scharniere bieten die Kombination aus dem verdeckten Aussehen moderner rahmenloser Schr\u00e4nke und dem sichtbaren Rahmen traditioneller Einbauschr\u00e4nke und sind damit ideal f\u00fcr eine Vielzahl von K\u00fcchenstilen.<\/li><\/ul><div class=\"wp-block-columns is-layout-flex wp-container-core-columns-is-layout-9d6595d7 wp-block-columns-is-layout-flex\"><div class=\"wp-block-column is-layout-flow wp-block-column-is-layout-flow\"><\/div>\n\n<div class=\"wp-block-column is-layout-flow wp-block-column-is-layout-flow\"><\/div><\/div>","protected":false},"excerpt":{"rendered":"<p data-pm-slice=\"1 1 []\"><strong>Preis: US $0.12\/St.<\/strong><\/p>\n<p>Gro\u00dfhandel f\u00fcr halb \u00fcberlappende Scharniere. Dieses Design ist ideal f\u00fcr Schr\u00e4nke mit durchgehenden T\u00fcren, wie z. B. K\u00fcchenschr\u00e4nke oder Kleiderschr\u00e4nke, bei denen zwei nebeneinander liegende T\u00fcren auf gegen\u00fcberliegenden Seiten einer gemeinsamen Mitteltrennwand angebracht sind. Diese halb \u00fcberlappenden Scharniere verf\u00fcgen au\u00dferdem \u00fcber einen Soft-Close-Mechanismus, der ein sanftes \u00d6ffnen und Schlie\u00dfen erm\u00f6glicht.<\/p>\n<p>Als <a href=\"https:\/\/www.mrhardwares.com\/de\/\" target=\"_blank\" rel=\"noopener\"><strong>professioneller Scharnierhersteller<\/strong><\/a>Mingrun bietet eine breite Palette von Schrankscharnieren in gro\u00dfen Mengen zu wettbewerbsf\u00e4higen Fabrikpreisen. Wir unterst\u00fctzen Gro\u00dfauftr\u00e4ge, also kontaktieren Sie uns bitte.<\/p>\n<h2>Spezifikationen des Half Overlay Cabinet Scharniers<\/h2>\n<table border=\"0\" cellspacing=\"0\" cellpadding=\"0\">\n<tbody style=\"font-size: 12px; border: 1px solid #ccc; overflow: hidden;\">\n<tr style=\"line-height: 1.4;\">\n<td style=\"width: 33%;\" width=\"36\" height=\"30\"><strong>Spezifikation<\/strong><\/td>\n<td style=\"width: 67%;\" width=\"72\"><strong>Einzelheiten<\/strong><\/td>\n<\/tr>\n<tr style=\"line-height: 1.4;\">\n<td style=\"width: 33%;\" width=\"36\" height=\"30\"><strong>Modellnummer<\/strong><\/td>\n<td style=\"width: 67%;\" width=\"72\">MR-ZB2<\/td>\n<\/tr>\n<tr style=\"line-height: 1.4;\">\n<td style=\"width: 33%;\" width=\"36\" height=\"30\"><strong>Scharnier Material<\/strong><\/td>\n<td style=\"width: 67%;\" width=\"72\">Kaltgewalzter Stahl<\/td>\n<\/tr>\n<tr style=\"line-height: 1.4;\">\n<td style=\"width: 33%;\" width=\"36\" height=\"30\"><strong>Scharnier Typ<\/strong><\/td>\n<td style=\"width: 67%;\" width=\"72\">Half Overlay Soft Close Schrankscharnier<\/td>\n<\/tr>\n<tr style=\"line-height: 1.4;\">\n<td style=\"width: 33%;\" width=\"36\" height=\"60\"><strong>Anwendbare Szenarien<\/strong><\/td>\n<td style=\"width: 67%;\" width=\"72\">Kleiderschrank, Schrank, B\u00fccherregal, Badezimmerschrank, und mehr<\/td>\n<\/tr>\n<tr style=\"line-height: 1.4;\">\n<td style=\"width: 33%;\" width=\"36\" height=\"50\"><strong>OEM- und ODM-Dienstleistungen<\/strong><\/td>\n<td style=\"width: 67%;\" width=\"72\">Unterst\u00fctzt einfache und tiefgreifende Anpassungen<\/td>\n<\/tr>\n<\/tbody>\n<\/table>\n<p>&nbsp;<\/p>\n<p><script src=\"chrome-extension:\/\/fpelahbljekknahkcaegamhcndkfpfnc\/iFrame.js\" type=\"text\/javascript\"><\/script><\/p>\n<p>\n<script src=\"chrome-extension:\/\/fpelahbljekknahkcaegamhcndkfpfnc\/iFrame.js\" type=\"text\/javascript\"><\/script><\/p>","protected":false},"featured_media":1410,"comment_status":"closed","ping_status":"closed","template":"","meta":{"_acf_changed":false},"product_brand":[],"product_cat":[28],"product_tag":[],"class_list":{"0":"post-1421","1":"product","2":"type-product","3":"status-publish","4":"has-post-thumbnail","6":"product_cat-wholesale-half-overlay-cabinet-hinges","8":"first","9":"instock","10":"shipping-taxable","11":"product-type-simple"},"acf":[],"_links":{"self":[{"href":"https:\/\/www.mrhardwares.com\/de\/wp-json\/wp\/v2\/product\/1421","targetHints":{"allow":["GET"]}}],"collection":[{"href":"https:\/\/www.mrhardwares.com\/de\/wp-json\/wp\/v2\/product"}],"about":[{"href":"https:\/\/www.mrhardwares.com\/de\/wp-json\/wp\/v2\/types\/product"}],"replies":[{"embeddable":true,"href":"https:\/\/www.mrhardwares.com\/de\/wp-json\/wp\/v2\/comments?post=1421"}],"wp:featuredmedia":[{"embeddable":true,"href":"https:\/\/www.mrhardwares.com\/de\/wp-json\/wp\/v2\/media\/1410"}],"wp:attachment":[{"href":"https:\/\/www.mrhardwares.com\/de\/wp-json\/wp\/v2\/media?parent=1421"}],"wp:term":[{"taxonomy":"product_brand","embeddable":true,"href":"https:\/\/www.mrhardwares.com\/de\/wp-json\/wp\/v2\/product_brand?post=1421"},{"taxonomy":"product_cat","embeddable":true,"href":"https:\/\/www.mrhardwares.com\/de\/wp-json\/wp\/v2\/product_cat?post=1421"},{"taxonomy":"product_tag","embeddable":true,"href":"https:\/\/www.mrhardwares.com\/de\/wp-json\/wp\/v2\/product_tag?post=1421"}],"curies":[{"name":"wp","href":"https:\/\/api.w.org\/{rel}","templated":true}]}}