{"id":1423,"date":"2025-08-26T07:25:57","date_gmt":"2025-08-26T07:25:57","guid":{"rendered":"https:\/\/www.mrhardwares.com\/?post_type=product&#038;p=1423"},"modified":"2025-12-31T02:00:06","modified_gmt":"2025-12-31T02:00:06","slug":"wholesale-half-overlay-hinges","status":"publish","type":"product","link":"https:\/\/www.mrhardwares.com\/de\/product\/wholesale-half-overlay-hinges\/","title":{"rendered":"Gro\u00dfhandel H\u00e4lfte Overlay Scharniere f\u00fcr K\u00fcchenschr\u00e4nke, Schr\u00e4nke, und M\u00f6bel T\u00fcren MR-F2A2"},"content":{"rendered":"<h3 class=\"wp-block-heading\">Merkmale von Half Overlay Scharnieren<\/h3><ul class=\"wp-block-list\"><li><strong>Halb-Overlay-Design: <\/strong>Das Scharnier mit halber Auflage ist speziell f\u00fcr die Aufnahme von zwei Schrankt\u00fcren auf beiden Seiten der gleichen Trennwand konzipiert. Jede T\u00fcr deckt nur die H\u00e4lfte der Schrankseitenwand ab, was es perfekt f\u00fcr Schr\u00e4nke macht, die sich eine Trennwand teilen.<\/li>\n\n<li><strong>Effiziente Raumnutzung: <\/strong>Dank des halb \u00fcbereinander liegenden Designs k\u00f6nnen sich zwei T\u00fcren eine Seitenwand teilen, wodurch der Platz im Schrank optimal genutzt wird.<\/li>\n\n<li><strong>Drei-Wege-Einstellungsfunktion:<\/strong> Das Halbauflagescharnier verf\u00fcgt \u00fcber ein dreidimensionales Justiersystem, das daf\u00fcr sorgt, dass die Schrankt\u00fcr auch nach dem Einbau perfekt ausgerichtet werden kann und eventuelle Ma\u00df- oder Bohrabweichungen kompensiert.<\/li>\n\n<li><strong>Weicher Schlie\u00dfmechanismus:<\/strong> Halbaufliegende Scharniere sind mit integrierten Schlie\u00dfd\u00e4mpfern ausgestattet, die die Geschwindigkeit beim Schlie\u00dfen der T\u00fcr sanft abbremsen k\u00f6nnen, um ein gewaltsames Schlie\u00dfen zu verhindern.<\/li><\/ul>","protected":false},"excerpt":{"rendered":"<p><strong>Preis: US $0.123\/Stk<\/strong><\/p>\n<p>Gro\u00dfhandel f\u00fcr halb \u00fcberlappende Scharniere. Halb \u00fcberlappende Scharniere sorgen f\u00fcr ein sauberes Aussehen des Schranks. Ausgestattet mit der Soft-Close-Technologie \u00f6ffnen und schlie\u00dfen sie sanft und reduzieren dabei effektiv den L\u00e4rm. Ideal f\u00fcr Schr\u00e4nke mit geteilten Trennw\u00e4nden, maximieren Half-Overlay-Scharniere den Platz und sorgen gleichzeitig f\u00fcr ein modernes, ausgewogenes Aussehen.Willkommen M\u00f6belhersteller, Gro\u00dfh\u00e4ndler und Distributoren kontaktieren Sie uns f\u00fcr ein Angebot.<\/p>\n<p><strong><a href=\"https:\/\/www.mrhardwares.com\/de\/custom-solution\/\" target=\"_blank\" rel=\"noopener\">Erfahren Sie mehr \u00fcber kundenspezifische M\u00f6belscharnierl\u00f6sungen (OEM &amp; ODM) \u2192 <\/a><\/strong><\/p>\n<h2>Spezifikationen von Half-Overlay-Scharnieren<\/h2>\n<table border=\"0\" cellspacing=\"0\" cellpadding=\"0\">\n<tbody style=\"font-size: 12px; border: 1px solid #ccc; overflow: hidden;\">\n<tr style=\"line-height: 1.4;\">\n<td style=\"width: 33%;\" width=\"36\" height=\"30\"><span style=\"font-size: 16px;\">Spezifikation<\/span><\/td>\n<td style=\"width: 67%;\" width=\"72\"><span style=\"font-size: 16px;\">Einzelheiten<\/span><\/td>\n<\/tr>\n<tr style=\"line-height: 1.4;\">\n<td style=\"width: 33%;\" width=\"36\" height=\"30\"><span style=\"font-size: 16px;\">Modellnummer<\/span><\/td>\n<td style=\"width: 67%;\" width=\"72\"><span style=\"font-size: 16px;\">MR-F2A2<\/span><\/td>\n<\/tr>\n<tr style=\"line-height: 1.4;\">\n<td style=\"width: 33%;\" width=\"36\" height=\"30\"><span style=\"font-size: 16px;\">Scharnier Material<\/span><\/td>\n<td style=\"width: 67%;\" width=\"72\"><span style=\"font-size: 16px;\">Rostfreier Stahl oder kaltgewalzter Stahl<\/span><\/td>\n<\/tr>\n<tr style=\"line-height: 1.4;\">\n<td style=\"width: 33%;\" width=\"36\" height=\"30\"><span style=\"font-size: 16px;\">Scharnier TypHalbe\u00a0<\/span><\/td>\n<td style=\"width: 67%;\" width=\"72\">\u00a0Half Overlay Soft Close Schrankscharnier<\/td>\n<\/tr>\n<tr style=\"line-height: 1.4;\">\n<td style=\"width: 33%;\" width=\"36\" height=\"60\"><span style=\"font-size: 16px;\">Anwendbare Szenarien<\/span><\/td>\n<td style=\"width: 67%;\" width=\"72\"><span style=\"font-size: 16px;\">Kleiderschrank, Schrank, B\u00fccherregal, Badezimmerschrank, und mehr<\/span><\/td>\n<\/tr>\n<tr style=\"line-height: 1.4;\">\n<td style=\"width: 33%;\" width=\"36\" height=\"50\"><span style=\"font-size: 16px;\">OEM- und ODM-Dienstleistungen<\/span><\/td>\n<td style=\"width: 67%;\" width=\"72\"><span style=\"font-size: 16px;\">Unterst\u00fctzt einfache und tiefgreifende Anpassungen<\/span><\/td>\n<\/tr>\n<\/tbody>\n<\/table>\n<p>&nbsp;<\/p>\n<p><script src=\"chrome-extension:\/\/fpelahbljekknahkcaegamhcndkfpfnc\/iFrame.js\" type=\"text\/javascript\"><\/script><\/p>\n<p>\n<script src=\"chrome-extension:\/\/fpelahbljekknahkcaegamhcndkfpfnc\/iFrame.js\" type=\"text\/javascript\"><\/script><\/p>","protected":false},"featured_media":1424,"comment_status":"closed","ping_status":"closed","template":"","meta":{"_acf_changed":false},"product_brand":[],"product_cat":[28],"product_tag":[],"class_list":{"0":"post-1423","1":"product","2":"type-product","3":"status-publish","4":"has-post-thumbnail","6":"product_cat-wholesale-half-overlay-cabinet-hinges","8":"first","9":"instock","10":"shipping-taxable","11":"product-type-simple"},"acf":[],"_links":{"self":[{"href":"https:\/\/www.mrhardwares.com\/de\/wp-json\/wp\/v2\/product\/1423","targetHints":{"allow":["GET"]}}],"collection":[{"href":"https:\/\/www.mrhardwares.com\/de\/wp-json\/wp\/v2\/product"}],"about":[{"href":"https:\/\/www.mrhardwares.com\/de\/wp-json\/wp\/v2\/types\/product"}],"replies":[{"embeddable":true,"href":"https:\/\/www.mrhardwares.com\/de\/wp-json\/wp\/v2\/comments?post=1423"}],"wp:featuredmedia":[{"embeddable":true,"href":"https:\/\/www.mrhardwares.com\/de\/wp-json\/wp\/v2\/media\/1424"}],"wp:attachment":[{"href":"https:\/\/www.mrhardwares.com\/de\/wp-json\/wp\/v2\/media?parent=1423"}],"wp:term":[{"taxonomy":"product_brand","embeddable":true,"href":"https:\/\/www.mrhardwares.com\/de\/wp-json\/wp\/v2\/product_brand?post=1423"},{"taxonomy":"product_cat","embeddable":true,"href":"https:\/\/www.mrhardwares.com\/de\/wp-json\/wp\/v2\/product_cat?post=1423"},{"taxonomy":"product_tag","embeddable":true,"href":"https:\/\/www.mrhardwares.com\/de\/wp-json\/wp\/v2\/product_tag?post=1423"}],"curies":[{"name":"wp","href":"https:\/\/api.w.org\/{rel}","templated":true}]}}