{"id":1425,"date":"2025-08-26T07:36:40","date_gmt":"2025-08-26T07:36:40","guid":{"rendered":"https:\/\/www.mrhardwares.com\/?post_type=product&#038;p=1425"},"modified":"2025-12-31T02:05:11","modified_gmt":"2025-12-31T02:05:11","slug":"wholesale-half-overlay-soft-close-hinges","status":"publish","type":"product","link":"https:\/\/www.mrhardwares.com\/de\/product\/wholesale-half-overlay-soft-close-hinges\/","title":{"rendered":"Gro\u00dfhandel Half Overlay Soft Close Scharniere MR-F2B2"},"content":{"rendered":"<h3 class=\"wp-block-heading\">Merkmale von Half Overlay Soft Close Scharnieren<\/h3><ul class=\"wp-block-list\"><li><strong>Halb \u00fcberlagertes Design: <\/strong>Das Scharnier mit halber Auflage ist speziell f\u00fcr den Einbau von zwei Schrankt\u00fcren auf beiden Seiten der gleichen Trennwand konzipiert und wird h\u00e4ufig in verschiedenen M\u00f6beln verwendet, die eine Doppelt\u00fcrfunktion erfordern.<\/li>\n\n<li><strong>Multifunktionalit\u00e4t: <\/strong>Halbaufliegende Scharniere haben ein breites Anwendungsspektrum und eignen sich f\u00fcr verschiedene Arten von M\u00f6beln. Von K\u00fcchen- und Badezimmerschr\u00e4nken bis hin zu Kleiderschr\u00e4nken, B\u00fcrom\u00f6beln und Lagerschr\u00e4nken bieten sie Flexibilit\u00e4t f\u00fcr verschiedene Projekte.<\/li>\n\n<li><strong>Ausgewogenes Erscheinungsbild:<\/strong> Die halb aufliegenden Scharniere sorgen f\u00fcr eine symmetrische und ausgewogene Optik, da jede T\u00fcr nur einen Teil der Schrankseite bedeckt. In geschlossenem Zustand sind die T\u00fcrbl\u00e4tter an der gemeinsamen Trennwand sauber miteinander verbunden und bieten ein modernes und glattes Erscheinungsbild.<\/li>\n\n<li><strong>Wirtschaftliche Effizienz: <\/strong>Bei der Dekoration von K\u00fcchen oder bei der Herstellung von B\u00fcrom\u00f6beln kann die Wahl von Half Overlay eine Menge Kosten sparen, ohne dass die Qualit\u00e4t oder \u00c4sthetik darunter leidet.<\/li><\/ul>","protected":false},"excerpt":{"rendered":"<p><strong>Preis: US $0.13\/Stk<\/strong><\/p>\n<p>Gro\u00dfhandel mit halb aufliegenden Soft-Close-Scharnieren. Wir w\u00e4hlen aus zwei Materialien: Edelstahl und hochwertiger kaltgewalzter Stahl. Ausgestattet mit einem sanften und leisen Schlie\u00dfmechanismus, kann es wirksam verhindern, dass die T\u00fcr gewaltsam zusammenst\u00f6\u00dft. Er eignet sich sehr gut f\u00fcr Schr\u00e4nke mit gemeinsamen Trennw\u00e4nden und verbindet moderne Funktionalit\u00e4t mit einem schlichten und ausgewogenen Erscheinungsbild. Kontaktieren Sie uns f\u00fcr ein Angebot.<\/p>\n<h2>Spezifikationen f\u00fcr halb aufliegende Soft-Close-Scharniere<\/h2>\n<table border=\"0\" cellspacing=\"0\" cellpadding=\"0\">\n<tbody style=\"font-size: 12px; border: 1px solid #ccc; overflow: hidden;\">\n<tr style=\"line-height: 1.4;\">\n<td style=\"width: 33%;\" width=\"36\" height=\"30\"><strong>Spezifikation<\/strong><\/td>\n<td style=\"width: 67%;\" width=\"72\"><strong>Einzelheiten<\/strong><\/td>\n<\/tr>\n<tr style=\"line-height: 1.4;\">\n<td style=\"width: 33%;\" width=\"36\" height=\"30\"><strong>Modellnummer<\/strong><\/td>\n<td style=\"width: 67%;\" width=\"72\">MR-F2B2<\/td>\n<\/tr>\n<tr style=\"line-height: 1.4;\">\n<td style=\"width: 33%;\" width=\"36\" height=\"30\"><strong>Scharnier Material<\/strong><\/td>\n<td style=\"width: 67%;\" width=\"72\">Rostfreier Stahl oder kaltgewalzter Stahl<\/td>\n<\/tr>\n<tr style=\"line-height: 1.4;\">\n<td style=\"width: 33%;\" width=\"36\" height=\"30\"><strong>Scharnier Typ<\/strong><\/td>\n<td style=\"width: 67%;\" width=\"72\">Half Overlay Soft Close Scharnier<\/td>\n<\/tr>\n<tr style=\"line-height: 1.4;\">\n<td style=\"width: 33%;\" width=\"36\" height=\"60\"><strong>Anwendbare Szenarien<\/strong><\/td>\n<td style=\"width: 67%;\" width=\"72\">Kleiderschrank, Schrank, B\u00fccherregal, Badezimmerschrank, und mehr<\/td>\n<\/tr>\n<tr style=\"line-height: 1.4;\">\n<td style=\"width: 33%;\" width=\"36\" height=\"50\"><strong>OEM- und ODM-Dienstleistungen<\/strong><\/td>\n<td style=\"width: 67%;\" width=\"72\">Unterst\u00fctzt einfache und tiefgreifende Anpassungen<\/td>\n<\/tr>\n<\/tbody>\n<\/table>\n<p>&nbsp;<\/p>\n<p>\n<script src=\"chrome-extension:\/\/fpelahbljekknahkcaegamhcndkfpfnc\/iFrame.js\" type=\"text\/javascript\"><\/script><\/p>","protected":false},"featured_media":1426,"comment_status":"closed","ping_status":"closed","template":"","meta":{"_acf_changed":false},"product_brand":[],"product_cat":[28],"product_tag":[],"class_list":{"0":"post-1425","1":"product","2":"type-product","3":"status-publish","4":"has-post-thumbnail","6":"product_cat-wholesale-half-overlay-cabinet-hinges","8":"first","9":"instock","10":"shipping-taxable","11":"product-type-simple"},"acf":[],"_links":{"self":[{"href":"https:\/\/www.mrhardwares.com\/de\/wp-json\/wp\/v2\/product\/1425","targetHints":{"allow":["GET"]}}],"collection":[{"href":"https:\/\/www.mrhardwares.com\/de\/wp-json\/wp\/v2\/product"}],"about":[{"href":"https:\/\/www.mrhardwares.com\/de\/wp-json\/wp\/v2\/types\/product"}],"replies":[{"embeddable":true,"href":"https:\/\/www.mrhardwares.com\/de\/wp-json\/wp\/v2\/comments?post=1425"}],"wp:featuredmedia":[{"embeddable":true,"href":"https:\/\/www.mrhardwares.com\/de\/wp-json\/wp\/v2\/media\/1426"}],"wp:attachment":[{"href":"https:\/\/www.mrhardwares.com\/de\/wp-json\/wp\/v2\/media?parent=1425"}],"wp:term":[{"taxonomy":"product_brand","embeddable":true,"href":"https:\/\/www.mrhardwares.com\/de\/wp-json\/wp\/v2\/product_brand?post=1425"},{"taxonomy":"product_cat","embeddable":true,"href":"https:\/\/www.mrhardwares.com\/de\/wp-json\/wp\/v2\/product_cat?post=1425"},{"taxonomy":"product_tag","embeddable":true,"href":"https:\/\/www.mrhardwares.com\/de\/wp-json\/wp\/v2\/product_tag?post=1425"}],"curies":[{"name":"wp","href":"https:\/\/api.w.org\/{rel}","templated":true}]}}