{"id":1427,"date":"2025-08-26T10:17:17","date_gmt":"2025-08-26T10:17:17","guid":{"rendered":"https:\/\/www.mrhardwares.com\/?post_type=product&#038;p=1427"},"modified":"2025-12-31T02:11:02","modified_gmt":"2025-12-31T02:11:02","slug":"bulk-half-overlay-cabinet-hinges","status":"publish","type":"product","link":"https:\/\/www.mrhardwares.com\/de\/product\/bulk-half-overlay-cabinet-hinges\/","title":{"rendered":"Bulk Half Overlay Cabinet Scharniere mit Soft Closing Funktion"},"content":{"rendered":"<h3 class=\"wp-block-heading\">Merkmale von Half Overlay Cabinet Scharnieren<\/h3><ul class=\"wp-block-list\"><li><strong>Gemeinsame Partition:<\/strong> Half Overlay Cabinet Scharniere sind effiziente Scharniere, die f\u00fcr g\u00e4ngige Schrankkonfigurationen entwickelt wurden. Die Scharniere f\u00fcr halb \u00fcbereinanderliegende Schr\u00e4nke erm\u00f6glichen es, zwei nebeneinander liegende T\u00fcren direkt an dieser gemeinsamen Mitteltrennwand zu montieren.<\/li>\n\n<li><strong>Kosteneffizienz: <\/strong>Scharniere f\u00fcr halb aufliegende Schr\u00e4nke sind standardisierte und weit verbreitete Produkte. Au\u00dferdem k\u00f6nnen sich zwei T\u00fcren eine zentrale Trennwand teilen, so dass auf der \u00d6ffnungsseite keine zus\u00e4tzlichen T\u00fcrrahmen in voller Breite eingebaut werden m\u00fcssen, was den Material- und Konstruktionsaufwand reduziert und damit die Kosten senkt.<\/li>\n\n<li><strong>Einfach zu installieren und einzustellen:<\/strong> Unsere halb aufliegenden Scharniere verf\u00fcgen \u00fcber ein standardisiertes Montageverfahren, das eine umfassende Dreiwege-Einstellung erm\u00f6glicht.<\/li>\n\n<li><strong>Werksangebot: <\/strong>Als Hersteller von M\u00f6belscharnieren liefern wir in gro\u00dfem Umfang qualitativ hochwertige Halbscharniere, unterst\u00fctzen OEM\/ODM-Anpassungen und bieten g\u00fcnstige Preise und p\u00fcnktliche Lieferung.<\/li><\/ul>","protected":false},"excerpt":{"rendered":"<p><strong>Preis: US $0.14\/Stk<\/strong><\/p>\n<p>Wir bieten ein gro\u00dfes Angebot an langlebigen, halb \u00fcbereinanderliegenden Scharnieren f\u00fcr K\u00fcchenschr\u00e4nke, Kleiderschr\u00e4nke und M\u00f6belprojekte. Diese Scharniere verf\u00fcgen \u00fcber eine Soft-Close-Funktion und bieten OEM-Services, einschlie\u00dflich kundenspezifischer Materialien. Wir bieten Fabrikpreise und sind ideal f\u00fcr M\u00f6belhersteller, Schreinereien, Gro\u00dfh\u00e4ndler und Distributoren. Bitte nehmen Sie Kontakt mit uns auf.<\/p>\n<h2>Spezifikationen f\u00fcr Scharniere f\u00fcr halb aufliegende Schr\u00e4nke<\/h2>\n<table border=\"0\" cellspacing=\"0\" cellpadding=\"0\">\n<tbody style=\"font-size: 12px; border: 1px solid #ccc; overflow: hidden;\">\n<tr style=\"line-height: 1.4;\">\n<td style=\"width: 33%;\" width=\"36\" height=\"30\"><strong>Spezifikation<\/strong><\/td>\n<td style=\"width: 67%;\" width=\"72\"><strong>Einzelheiten<\/strong><\/td>\n<\/tr>\n<tr style=\"line-height: 1.4;\">\n<td style=\"width: 33%;\" width=\"36\" height=\"30\"><strong>Modellnummer<\/strong><\/td>\n<td style=\"width: 67%;\" width=\"72\">MR-DB2<\/td>\n<\/tr>\n<tr style=\"line-height: 1.4;\">\n<td style=\"width: 33%;\" width=\"36\" height=\"30\"><strong>Scharnier Material<\/strong><\/td>\n<td style=\"width: 67%;\" width=\"72\">Rostfreier Stahl oder kaltgewalzter Stahl<\/td>\n<\/tr>\n<tr style=\"line-height: 1.4;\">\n<td style=\"width: 33%;\" width=\"36\" height=\"30\"><strong>Scharnier Typ<\/strong><\/td>\n<td style=\"width: 67%;\" width=\"72\">Half Overlay Soft Close Scharnier<\/td>\n<\/tr>\n<tr style=\"line-height: 1.4;\">\n<td style=\"width: 33%;\" width=\"36\" height=\"60\"><strong>Anwendbare Szenarien<\/strong><\/td>\n<td style=\"width: 67%;\" width=\"72\">Kleiderschrank, Schrank, B\u00fccherregal, Badezimmerschrank, und mehr<\/td>\n<\/tr>\n<tr style=\"line-height: 1.4;\">\n<td style=\"width: 33%;\" width=\"36\" height=\"50\"><strong>OEM- und ODM-Dienstleistungen<\/strong><\/td>\n<td style=\"width: 67%;\" width=\"72\">Unterst\u00fctzt einfache und tiefgreifende Anpassungen<\/td>\n<\/tr>\n<\/tbody>\n<\/table>\n<p>&nbsp;<\/p>\n<p><script src=\"chrome-extension:\/\/fpelahbljekknahkcaegamhcndkfpfnc\/iFrame.js\" type=\"text\/javascript\"><\/script><\/p>\n<p>\n<script src=\"chrome-extension:\/\/fpelahbljekknahkcaegamhcndkfpfnc\/iFrame.js\" type=\"text\/javascript\"><\/script><\/p>","protected":false},"featured_media":1428,"comment_status":"closed","ping_status":"closed","template":"","meta":{"_acf_changed":false},"product_brand":[],"product_cat":[28],"product_tag":[],"class_list":{"0":"post-1427","1":"product","2":"type-product","3":"status-publish","4":"has-post-thumbnail","6":"product_cat-wholesale-half-overlay-cabinet-hinges","8":"first","9":"instock","10":"shipping-taxable","11":"product-type-simple"},"acf":[],"_links":{"self":[{"href":"https:\/\/www.mrhardwares.com\/de\/wp-json\/wp\/v2\/product\/1427","targetHints":{"allow":["GET"]}}],"collection":[{"href":"https:\/\/www.mrhardwares.com\/de\/wp-json\/wp\/v2\/product"}],"about":[{"href":"https:\/\/www.mrhardwares.com\/de\/wp-json\/wp\/v2\/types\/product"}],"replies":[{"embeddable":true,"href":"https:\/\/www.mrhardwares.com\/de\/wp-json\/wp\/v2\/comments?post=1427"}],"wp:featuredmedia":[{"embeddable":true,"href":"https:\/\/www.mrhardwares.com\/de\/wp-json\/wp\/v2\/media\/1428"}],"wp:attachment":[{"href":"https:\/\/www.mrhardwares.com\/de\/wp-json\/wp\/v2\/media?parent=1427"}],"wp:term":[{"taxonomy":"product_brand","embeddable":true,"href":"https:\/\/www.mrhardwares.com\/de\/wp-json\/wp\/v2\/product_brand?post=1427"},{"taxonomy":"product_cat","embeddable":true,"href":"https:\/\/www.mrhardwares.com\/de\/wp-json\/wp\/v2\/product_cat?post=1427"},{"taxonomy":"product_tag","embeddable":true,"href":"https:\/\/www.mrhardwares.com\/de\/wp-json\/wp\/v2\/product_tag?post=1427"}],"curies":[{"name":"wp","href":"https:\/\/api.w.org\/{rel}","templated":true}]}}