{"id":1431,"date":"2025-08-27T01:44:52","date_gmt":"2025-08-27T01:44:52","guid":{"rendered":"https:\/\/www.mrhardwares.com\/?post_type=product&#038;p=1431"},"modified":"2025-12-31T02:39:21","modified_gmt":"2025-12-31T02:39:21","slug":"wholesale-half-overlay-cabinet-hinges-for-kitchen-cabinet-makers","status":"publish","type":"product","link":"https:\/\/www.mrhardwares.com\/de\/product\/wholesale-half-overlay-cabinet-hinges-for-kitchen-cabinet-makers\/","title":{"rendered":"Gro\u00dfhandel H\u00e4lfte Overlay Schrank Scharniere f\u00fcr K\u00fcchenschrank Makers"},"content":{"rendered":"<h3 class=\"wp-block-heading\">Merkmale von Half Overlay Cabinet Scharnieren<\/h3><ul class=\"wp-block-list\"><li><strong>Platzsparendes Design: <\/strong>Dank der halb \u00fcberlappenden Scharniere k\u00f6nnen sich zwei Schrankt\u00fcren einen einzigen Schrankteil teilen, was sie ideal f\u00fcr die Maximierung des Stauraums in kompakten K\u00fcchenlayouts macht.<\/li>\n\n<li><strong>Einfache Installation: <\/strong>Unsere Gro\u00dfhandelsscharniere mit halber Auflage sind mit einer benutzerfreundlichen Montageplatte und verstellbaren Schrauben ausgestattet, was den Installationsprozess vereinfacht und bei der Produktion gro\u00dfer Schr\u00e4nke Zeit spart.<\/li>\n\n<li><strong>Soft-Close-Mechanismus: <\/strong>Das MR-DTZ2 Scharnier ist mit einer Soft-Close-Funktion ausgestattet, die das Zuschlagen von T\u00fcren verhindert und den Komfort f\u00fcr den Endbenutzer erh\u00f6ht.<\/li>\n\n<li><strong>Vielseitigkeit: <\/strong>Es eignet sich f\u00fcr eine Vielzahl von Schr\u00e4nken, die nicht nur in der K\u00fcche verwendet werden, wie Kleiderschr\u00e4nke, Badezimmerschr\u00e4nke und B\u00fcrom\u00f6bel.<\/li><\/ul>","protected":false},"excerpt":{"rendered":"<p><strong>Preis: US $0.15\/Stk<\/strong><\/p>\n<p>Unsere Gro\u00dfhandelsscharniere f\u00fcr halb \u00fcbereinanderliegende Schr\u00e4nke wurden f\u00fcr K\u00fcchenschrankhersteller entwickelt, die Haltbarkeit, Effizienz und Kosteneinsparungen suchen. Sie bieten eine einstellbare Ausrichtung und eine optionale Soft-Close-Funktion. Sie sind in gro\u00dfen Mengen zu wettbewerbsf\u00e4higen Preisen erh\u00e4ltlich und eignen sich ideal f\u00fcr gro\u00dfe Projekte.<\/p>\n<h2>Spezifikationen f\u00fcr Scharniere f\u00fcr halb aufliegende Schr\u00e4nke<\/h2>\n<table border=\"0\" cellspacing=\"0\" cellpadding=\"0\">\n<tbody style=\"font-size: 12px; border: 1px solid #ccc; overflow: hidden;\">\n<tr style=\"line-height: 1.4;\">\n<td style=\"width: 33%;\" width=\"36\" height=\"30\"><strong>Spezifikation<\/strong><\/td>\n<td style=\"width: 67%;\" width=\"72\"><strong>Einzelheiten<\/strong><\/td>\n<\/tr>\n<tr style=\"line-height: 1.4;\">\n<td style=\"width: 33%;\" width=\"36\" height=\"30\"><strong>Modellnummer<\/strong><\/td>\n<td style=\"width: 67%;\" width=\"72\">MR-DTZ2<\/td>\n<\/tr>\n<tr style=\"line-height: 1.4;\">\n<td style=\"width: 33%;\" width=\"36\" height=\"30\"><strong>Scharnier Material<\/strong><\/td>\n<td style=\"width: 67%;\" width=\"72\">Rostfreier Stahl oder kaltgewalzter Stahl<\/td>\n<\/tr>\n<tr style=\"line-height: 1.4;\">\n<td style=\"width: 33%;\" width=\"36\" height=\"30\"><strong>Scharnier Typ<\/strong><\/td>\n<td style=\"width: 67%;\" width=\"72\">Half Overlay Cabinet Scharnier<\/td>\n<\/tr>\n<tr style=\"line-height: 1.4;\">\n<td style=\"width: 33%;\" width=\"36\" height=\"60\"><strong>Anwendbare Szenarien<\/strong><\/td>\n<td style=\"width: 67%;\" width=\"72\">Kleiderschrank, Schrank, B\u00fccherregal, Badezimmerschrank, und mehr<\/td>\n<\/tr>\n<tr style=\"line-height: 1.4;\">\n<td style=\"width: 33%;\" width=\"36\" height=\"50\"><strong>OEM- und ODM-Dienstleistungen<\/strong><\/td>\n<td style=\"width: 67%;\" width=\"72\">Unterst\u00fctzt einfache und tiefgreifende Anpassungen<\/td>\n<\/tr>\n<\/tbody>\n<\/table>\n<p>&nbsp;<\/p>\n<p>\n<script src=\"chrome-extension:\/\/fpelahbljekknahkcaegamhcndkfpfnc\/iFrame.js\" type=\"text\/javascript\"><\/script><\/p>","protected":false},"featured_media":1432,"comment_status":"closed","ping_status":"closed","template":"","meta":{"_acf_changed":false},"product_brand":[],"product_cat":[28],"product_tag":[],"class_list":{"0":"post-1431","1":"product","2":"type-product","3":"status-publish","4":"has-post-thumbnail","6":"product_cat-wholesale-half-overlay-cabinet-hinges","8":"first","9":"instock","10":"shipping-taxable","11":"product-type-simple"},"acf":[],"_links":{"self":[{"href":"https:\/\/www.mrhardwares.com\/de\/wp-json\/wp\/v2\/product\/1431","targetHints":{"allow":["GET"]}}],"collection":[{"href":"https:\/\/www.mrhardwares.com\/de\/wp-json\/wp\/v2\/product"}],"about":[{"href":"https:\/\/www.mrhardwares.com\/de\/wp-json\/wp\/v2\/types\/product"}],"replies":[{"embeddable":true,"href":"https:\/\/www.mrhardwares.com\/de\/wp-json\/wp\/v2\/comments?post=1431"}],"wp:featuredmedia":[{"embeddable":true,"href":"https:\/\/www.mrhardwares.com\/de\/wp-json\/wp\/v2\/media\/1432"}],"wp:attachment":[{"href":"https:\/\/www.mrhardwares.com\/de\/wp-json\/wp\/v2\/media?parent=1431"}],"wp:term":[{"taxonomy":"product_brand","embeddable":true,"href":"https:\/\/www.mrhardwares.com\/de\/wp-json\/wp\/v2\/product_brand?post=1431"},{"taxonomy":"product_cat","embeddable":true,"href":"https:\/\/www.mrhardwares.com\/de\/wp-json\/wp\/v2\/product_cat?post=1431"},{"taxonomy":"product_tag","embeddable":true,"href":"https:\/\/www.mrhardwares.com\/de\/wp-json\/wp\/v2\/product_tag?post=1431"}],"curies":[{"name":"wp","href":"https:\/\/api.w.org\/{rel}","templated":true}]}}