{"id":1433,"date":"2025-08-27T01:56:49","date_gmt":"2025-08-27T01:56:49","guid":{"rendered":"https:\/\/www.mrhardwares.com\/?post_type=product&#038;p=1433"},"modified":"2025-12-31T01:52:24","modified_gmt":"2025-12-31T01:52:24","slug":"wholesale-inset-cabinet-hinges","status":"publish","type":"product","link":"https:\/\/www.mrhardwares.com\/de\/product\/wholesale-inset-cabinet-hinges\/","title":{"rendered":"Gro\u00dfhandelseinsatz-Scharniere f\u00fcr M\u00f6belhersteller, Schreinereien und Gro\u00dfh\u00e4ndler"},"content":{"rendered":"<h3 class=\"wp-block-heading\">Merkmale der Scharniere f\u00fcr Einbauschr\u00e4nke<\/h3><ul class=\"wp-block-list\"><li><strong>Nahtloses Erscheinungsbild: <\/strong>Die Scharniere f\u00fcr Einbauschr\u00e4nke betten die Schrankt\u00fcren vollst\u00e4ndig in den Schrankrahmen ein, wodurch ein perfekt flacher Abschluss entsteht, der den optischen Gesamteindruck der M\u00f6bel erh\u00f6ht und ihnen ein modernes, hochwertiges Aussehen verleiht.<\/li>\n\n<li><strong>Einstellbare Ausrichtung: <\/strong>Unsere Gro\u00dfhandelsscharniere f\u00fcr Einbauschr\u00e4nke sind in drei Richtungen verstellbar. Diese Flexibilit\u00e4t gew\u00e4hrleistet eine perfekte Ausrichtung, reduziert Installationsfehler und hilft den Herstellern, eine gleichbleibende Qualit\u00e4t f\u00fcr alle Schr\u00e4nke zu gew\u00e4hrleisten.<\/li>\n\n<li><strong>Soft Loss Optionen: <\/strong>Unsere eingebetteten Scharniere f\u00fcr den Gro\u00dfhandel sind mit einer Vorrichtung zum langsamen Schlie\u00dfen ausgestattet, die die Geschwindigkeit beim Schlie\u00dfen der T\u00fcr langsam verlangsamt, einen heftigen Aufprall verhindert und den Verschlei\u00df von Schr\u00e4nken und Scharnieren verringert.<\/li>\n\n<li><strong>Vielf\u00e4ltig einsetzbar: <\/strong>Unsere eingebetteten Scharniere eignen sich f\u00fcr verschiedene Arten von M\u00f6beln, darunter K\u00fcchenschr\u00e4nke, Kleiderschr\u00e4nke, Badezimmerschr\u00e4nke, B\u00fcroschr\u00e4nke und hochwertige M\u00f6bel nach Ma\u00df.<\/li><\/ul>","protected":false},"excerpt":{"rendered":"<p data-pm-slice=\"1 1 []\"><strong>Preis: US $0.12\/St.<\/strong><\/p>\n<p>Gro\u00dfhandelseinbauscharniere, die speziell f\u00fcr M\u00f6bel- und Schrankhersteller entwickelt wurden. MR-ZB3 ist langlebig, einstellbar, mit einem versteckten Design, das nahtlose Oberfl\u00e4che bietet und kommt mit einem Puffer Schlie\u00dfung Option. Fabrik Direktvertrieb, Bulk-Versorgung, willkommen Anfragen.<\/p>\n<h2>Spezifikationen f\u00fcr Scharniere f\u00fcr Einbauschr\u00e4nke<\/h2>\n<table border=\"0\" cellspacing=\"0\" cellpadding=\"0\">\n<tbody style=\"font-size: 12px; border: 1px solid #ccc; overflow: hidden;\">\n<tr style=\"line-height: 1.4;\">\n<td style=\"width: 33%;\" width=\"36\" height=\"30\"><strong>Spezifikation<\/strong><\/td>\n<td style=\"width: 67%;\" width=\"72\"><strong>Einzelheiten<\/strong><\/td>\n<\/tr>\n<tr style=\"line-height: 1.4;\">\n<td style=\"width: 33%;\" width=\"36\" height=\"30\"><strong>Modellnummer<\/strong><\/td>\n<td style=\"width: 67%;\" width=\"72\">MR-ZB3<\/td>\n<\/tr>\n<tr style=\"line-height: 1.4;\">\n<td style=\"width: 33%;\" width=\"36\" height=\"30\"><strong>Scharnier Material<\/strong><\/td>\n<td style=\"width: 67%;\" width=\"72\">Kaltgewalzter Stahl<\/td>\n<\/tr>\n<tr style=\"line-height: 1.4;\">\n<td style=\"width: 33%;\" width=\"36\" height=\"30\"><strong>Scharnier Typ<\/strong><\/td>\n<td style=\"width: 67%;\" width=\"72\">Soft-Close-Scharnier f\u00fcr Einbauschr\u00e4nke<\/td>\n<\/tr>\n<tr style=\"line-height: 1.4;\">\n<td style=\"width: 33%;\" width=\"36\" height=\"60\"><strong>Anwendbare Szenarien<\/strong><\/td>\n<td style=\"width: 67%;\" width=\"72\">Kleiderschrank, Schrank, B\u00fccherregal, Badezimmerschrank, und mehr<\/td>\n<\/tr>\n<tr style=\"line-height: 1.4;\">\n<td style=\"width: 33%;\" width=\"36\" height=\"50\"><strong>OEM- und ODM-Dienstleistungen<\/strong><\/td>\n<td style=\"width: 67%;\" width=\"72\">Unterst\u00fctzt einfache und tiefgreifende Anpassungen<\/td>\n<\/tr>\n<\/tbody>\n<\/table>\n<p>&nbsp;<\/p>\n<p>\n<script src=\"chrome-extension:\/\/fpelahbljekknahkcaegamhcndkfpfnc\/iFrame.js\" type=\"text\/javascript\"><\/script><\/p>","protected":false},"featured_media":1434,"comment_status":"closed","ping_status":"closed","template":"","meta":{"_acf_changed":false},"product_brand":[],"product_cat":[27],"product_tag":[],"class_list":{"0":"post-1433","1":"product","2":"type-product","3":"status-publish","4":"has-post-thumbnail","6":"product_cat-wholesale-inset-cabinet-hinges","8":"first","9":"instock","10":"shipping-taxable","11":"product-type-simple"},"acf":[],"_links":{"self":[{"href":"https:\/\/www.mrhardwares.com\/de\/wp-json\/wp\/v2\/product\/1433","targetHints":{"allow":["GET"]}}],"collection":[{"href":"https:\/\/www.mrhardwares.com\/de\/wp-json\/wp\/v2\/product"}],"about":[{"href":"https:\/\/www.mrhardwares.com\/de\/wp-json\/wp\/v2\/types\/product"}],"replies":[{"embeddable":true,"href":"https:\/\/www.mrhardwares.com\/de\/wp-json\/wp\/v2\/comments?post=1433"}],"wp:featuredmedia":[{"embeddable":true,"href":"https:\/\/www.mrhardwares.com\/de\/wp-json\/wp\/v2\/media\/1434"}],"wp:attachment":[{"href":"https:\/\/www.mrhardwares.com\/de\/wp-json\/wp\/v2\/media?parent=1433"}],"wp:term":[{"taxonomy":"product_brand","embeddable":true,"href":"https:\/\/www.mrhardwares.com\/de\/wp-json\/wp\/v2\/product_brand?post=1433"},{"taxonomy":"product_cat","embeddable":true,"href":"https:\/\/www.mrhardwares.com\/de\/wp-json\/wp\/v2\/product_cat?post=1433"},{"taxonomy":"product_tag","embeddable":true,"href":"https:\/\/www.mrhardwares.com\/de\/wp-json\/wp\/v2\/product_tag?post=1433"}],"curies":[{"name":"wp","href":"https:\/\/api.w.org\/{rel}","templated":true}]}}