{"id":1435,"date":"2025-08-27T02:30:06","date_gmt":"2025-08-27T02:30:06","guid":{"rendered":"https:\/\/www.mrhardwares.com\/?post_type=product&#038;p=1435"},"modified":"2025-12-31T02:00:44","modified_gmt":"2025-12-31T02:00:44","slug":"wholesale-inset-kitchen-cabinet-hinges","status":"publish","type":"product","link":"https:\/\/www.mrhardwares.com\/de\/product\/wholesale-inset-kitchen-cabinet-hinges\/","title":{"rendered":"Gro\u00dfhandel Inset K\u00fcchenschrank Scharniere - langlebig, einstellbar, Soft-Close Scharniere"},"content":{"rendered":"<h3 class=\"wp-block-heading\">Merkmale der Scharniere f\u00fcr K\u00fcchenschr\u00e4nke mit Einlage<\/h3><ul class=\"wp-block-list\"><li><strong>\u00c4sthetisch ansprechend: <\/strong>Indem sie die Schrankt\u00fcr b\u00fcndig mit dem Schrankrahmen abschlie\u00dfen, verleihen sie dem K\u00fcchenschrank einen sauberen, stromlinienf\u00f6rmigen und raffinierten Look.<\/li>\n\n<li><strong>Raum\u00f6konomie: <\/strong>Einschubt\u00fcren ragen nicht aus dem Schrankrahmen heraus, was sie besonders f\u00fcr stark frequentierte oder kleinere K\u00fcchengrundrisse geeignet macht.<\/li>\n\n<li><strong>Verdeckter Einbau: <\/strong>Wenn die Schrankt\u00fcr geschlossen ist, sind die Scharniere vollst\u00e4ndig verdeckt, und alle Beschl\u00e4ge sind nicht sichtbar. Dieses verdeckte Design sorgt f\u00fcr ein sauberes, stromlinienf\u00f6rmiges Aussehen des Schranks.<\/li>\n\n<li><strong>Volumenvorteil: <\/strong>Als professioneller Scharnierhersteller bieten wir wettbewerbsf\u00e4hige Direktpreise, zuverl\u00e4ssige Lieferung und p\u00fcnktliche Lieferung f\u00fcr Scharniere f\u00fcr K\u00fcchenschr\u00e4nke mit Einsatz.<\/li><\/ul>","protected":false},"excerpt":{"rendered":"<p><strong>Preis: US $0.123\/Stk<\/strong><\/p>\n<p>Willkommen in unserem Gro\u00dfhandel einf\u00fcgen K\u00fcchenschrank Scharniere kaufen. Eingelassene Scharniere f\u00fcr K\u00fcchenschr\u00e4nke sorgen f\u00fcr eine perfekte Ausrichtung zwischen T\u00fcrpaneelen und Schr\u00e4nken, wodurch ein b\u00fcndiges Erscheinungsbild entsteht. Geeignet f\u00fcr K\u00fcchenschr\u00e4nke, Kleiderschr\u00e4nke, Badezimmerschr\u00e4nke und verschiedene M\u00f6belherstellungsprojekte. Willkommen, uns zu kontaktieren.<\/p>\n<h2>Spezifikationen von Half-Overlay-Scharnieren<\/h2>\n<table border=\"0\" cellspacing=\"0\" cellpadding=\"0\">\n<tbody style=\"font-size: 12px; border: 1px solid #ccc; overflow: hidden;\">\n<tr style=\"line-height: 1.4;\">\n<td style=\"width: 33%;\" width=\"36\" height=\"30\"><span style=\"font-size: 16px;\">Spezifikation<\/span><\/td>\n<td style=\"width: 67%;\" width=\"72\"><span style=\"font-size: 16px;\">Einzelheiten<\/span><\/td>\n<\/tr>\n<tr style=\"line-height: 1.4;\">\n<td style=\"width: 33%;\" width=\"36\" height=\"30\"><span style=\"font-size: 16px;\">Modellnummer<\/span><\/td>\n<td style=\"width: 67%;\" width=\"72\"><span style=\"font-size: 16px;\">MR-F2A3<\/span><\/td>\n<\/tr>\n<tr style=\"line-height: 1.4;\">\n<td style=\"width: 33%;\" width=\"36\" height=\"30\"><span style=\"font-size: 16px;\">Scharnier Material<\/span><\/td>\n<td style=\"width: 67%;\" width=\"72\"><span style=\"font-size: 16px;\">Rostfreier Stahl oder kaltgewalzter Stahl<\/span><\/td>\n<\/tr>\n<tr style=\"line-height: 1.4;\">\n<td style=\"width: 33%;\" width=\"36\" height=\"30\"><span style=\"font-size: 16px;\">Scharnier Typ<\/span><\/td>\n<td style=\"width: 67%;\" width=\"72\">Soft-Close-Scharnier f\u00fcr Einbauschr\u00e4nke<\/td>\n<\/tr>\n<tr style=\"line-height: 1.4;\">\n<td style=\"width: 33%;\" width=\"36\" height=\"60\"><span style=\"font-size: 16px;\">Anwendbare Szenarien<\/span><\/td>\n<td style=\"width: 67%;\" width=\"72\"><span style=\"font-size: 16px;\">Kleiderschrank, Schrank, B\u00fccherregal, Badezimmerschrank, und mehr<\/span><\/td>\n<\/tr>\n<tr style=\"line-height: 1.4;\">\n<td style=\"width: 33%;\" width=\"36\" height=\"50\"><span style=\"font-size: 16px;\">OEM- und ODM-Dienstleistungen<\/span><\/td>\n<td style=\"width: 67%;\" width=\"72\"><span style=\"font-size: 16px;\">Unterst\u00fctzt einfache und tiefgreifende Anpassungen<\/span><\/td>\n<\/tr>\n<\/tbody>\n<\/table>\n<p>&nbsp;<\/p>\n<p><script src=\"chrome-extension:\/\/fpelahbljekknahkcaegamhcndkfpfnc\/iFrame.js\" type=\"text\/javascript\"><\/script><\/p>\n<p>\n<script src=\"chrome-extension:\/\/fpelahbljekknahkcaegamhcndkfpfnc\/iFrame.js\" type=\"text\/javascript\"><\/script><\/p>","protected":false},"featured_media":1424,"comment_status":"closed","ping_status":"closed","template":"","meta":{"_acf_changed":false},"product_brand":[],"product_cat":[27],"product_tag":[],"class_list":{"0":"post-1435","1":"product","2":"type-product","3":"status-publish","4":"has-post-thumbnail","6":"product_cat-wholesale-inset-cabinet-hinges","8":"first","9":"instock","10":"shipping-taxable","11":"product-type-simple"},"acf":[],"_links":{"self":[{"href":"https:\/\/www.mrhardwares.com\/de\/wp-json\/wp\/v2\/product\/1435","targetHints":{"allow":["GET"]}}],"collection":[{"href":"https:\/\/www.mrhardwares.com\/de\/wp-json\/wp\/v2\/product"}],"about":[{"href":"https:\/\/www.mrhardwares.com\/de\/wp-json\/wp\/v2\/types\/product"}],"replies":[{"embeddable":true,"href":"https:\/\/www.mrhardwares.com\/de\/wp-json\/wp\/v2\/comments?post=1435"}],"wp:featuredmedia":[{"embeddable":true,"href":"https:\/\/www.mrhardwares.com\/de\/wp-json\/wp\/v2\/media\/1424"}],"wp:attachment":[{"href":"https:\/\/www.mrhardwares.com\/de\/wp-json\/wp\/v2\/media?parent=1435"}],"wp:term":[{"taxonomy":"product_brand","embeddable":true,"href":"https:\/\/www.mrhardwares.com\/de\/wp-json\/wp\/v2\/product_brand?post=1435"},{"taxonomy":"product_cat","embeddable":true,"href":"https:\/\/www.mrhardwares.com\/de\/wp-json\/wp\/v2\/product_cat?post=1435"},{"taxonomy":"product_tag","embeddable":true,"href":"https:\/\/www.mrhardwares.com\/de\/wp-json\/wp\/v2\/product_tag?post=1435"}],"curies":[{"name":"wp","href":"https:\/\/api.w.org\/{rel}","templated":true}]}}