{"id":1436,"date":"2025-08-27T02:46:57","date_gmt":"2025-08-27T02:46:57","guid":{"rendered":"https:\/\/www.mrhardwares.com\/?post_type=product&#038;p=1436"},"modified":"2025-12-31T02:05:35","modified_gmt":"2025-12-31T02:05:35","slug":"wholesale-inset-cabinet-door-hinges","status":"publish","type":"product","link":"https:\/\/www.mrhardwares.com\/de\/product\/wholesale-inset-cabinet-door-hinges\/","title":{"rendered":"Gro\u00dfhandel Inset Cabinet T\u00fcrscharniere f\u00fcr die M\u00f6belherstellung Projekte, Gro\u00dfh\u00e4ndler"},"content":{"rendered":"<h3 class=\"wp-block-heading\">Merkmale von Scharnieren f\u00fcr Einbauschrankt\u00fcren<\/h3><ul class=\"wp-block-list\"><li><strong>Pr\u00e4zise T\u00fcrausrichtung: <\/strong>Eingelassene Scharniere f\u00fcr Schrankt\u00fcren sorgen daf\u00fcr, dass die Schrankt\u00fcren b\u00fcndig mit den Schrankrahmen abschlie\u00dfen, so dass ein nahtloses und professionelles Erscheinungsbild entsteht, das die Gesamterscheinung der M\u00f6bel aufwertet.<\/li>\n\n<li><strong>Langlebige Struktur: <\/strong>Unsere eingebetteten Scharniere f\u00fcr Schrankt\u00fcren k\u00f6nnen aus rostfreiem Stahl oder kaltgewalztem Stahl hergestellt werden, die auch bei h\u00e4ufigem Gebrauch haltbar sind.<\/li>\n\n<li><strong>Reibungsloser Betrieb: <\/strong>Unsere Gro\u00dfhandelsscharniere f\u00fcr Schrankt\u00fcren sind so konzipiert, dass sie sich leicht \u00f6ffnen und schlie\u00dfen lassen. Sie verf\u00fcgen \u00fcber einen sanften Schlie\u00dfmechanismus, der Ger\u00e4usche reduziert und verhindert, dass die T\u00fcr gewaltsam zuschl\u00e4gt.<\/li>\n\n<li><strong>Kosteneffizienz: <\/strong>Die Scharnierhersteller von Mingrun bieten Scharnierprodukte zu Gro\u00dfhandelspreisen an, was Herstellern, die gro\u00dfe Mengen f\u00fcr Projekte oder den Wiederverkauf einkaufen, ein ausgezeichnetes Preis-Leistungs-Verh\u00e4ltnis bietet.<\/li><\/ul>","protected":false},"excerpt":{"rendered":"<p><strong>Preis: US $0.13\/Stk<\/strong><\/p>\n<p>Willkommen im Gro\u00dfhandel einf\u00fcgen Schrank T\u00fcrscharniere kaufen. Unsere Gro\u00dfhandels-M\u00f6belscharniere sind langlebig, einfach zu bedienen und entsprechen den internationalen Qualit\u00e4ts- und Sicherheitsstandards, einschlie\u00dflich CE- und ISO-Zertifizierungen. Kontaktieren Sie uns f\u00fcr ein Angebot.<\/p>\n<h2>Spezifikationen f\u00fcr Scharniere f\u00fcr Einbauschrankt\u00fcren<\/h2>\n<table border=\"0\" cellspacing=\"0\" cellpadding=\"0\">\n<tbody style=\"font-size: 12px; border: 1px solid #ccc; overflow: hidden;\">\n<tr style=\"line-height: 1.4;\">\n<td style=\"width: 33%;\" width=\"36\" height=\"30\"><strong>Spezifikation<\/strong><\/td>\n<td style=\"width: 67%;\" width=\"72\"><strong>Einzelheiten<\/strong><\/td>\n<\/tr>\n<tr style=\"line-height: 1.4;\">\n<td style=\"width: 33%;\" width=\"36\" height=\"30\"><strong>Modellnummer<\/strong><\/td>\n<td style=\"width: 67%;\" width=\"72\">MR-F2B3<\/td>\n<\/tr>\n<tr style=\"line-height: 1.4;\">\n<td style=\"width: 33%;\" width=\"36\" height=\"30\"><strong>Scharnier Material<\/strong><\/td>\n<td style=\"width: 67%;\" width=\"72\">Rostfreier Stahl oder kaltgewalzter Stahl<\/td>\n<\/tr>\n<tr style=\"line-height: 1.4;\">\n<td style=\"width: 33%;\" width=\"36\" height=\"30\"><strong>Scharnier Typ<\/strong><\/td>\n<td style=\"width: 67%;\" width=\"72\">Scharnier f\u00fcr Einbauschrankt\u00fcren<\/td>\n<\/tr>\n<tr style=\"line-height: 1.4;\">\n<td style=\"width: 33%;\" width=\"36\" height=\"60\"><strong>Anwendbare Szenarien<\/strong><\/td>\n<td style=\"width: 67%;\" width=\"72\">Kleiderschrank, Schrank, B\u00fccherregal, Badezimmerschrank, und mehr<\/td>\n<\/tr>\n<tr style=\"line-height: 1.4;\">\n<td style=\"width: 33%;\" width=\"36\" height=\"50\"><strong>OEM- und ODM-Dienstleistungen<\/strong><\/td>\n<td style=\"width: 67%;\" width=\"72\">Unterst\u00fctzt einfache und tiefgreifende Anpassungen<\/td>\n<\/tr>\n<\/tbody>\n<\/table>\n<p>&nbsp;<\/p>\n<p>\n<script src=\"chrome-extension:\/\/fpelahbljekknahkcaegamhcndkfpfnc\/iFrame.js\" type=\"text\/javascript\"><\/script><\/p>","protected":false},"featured_media":1437,"comment_status":"closed","ping_status":"closed","template":"","meta":{"_acf_changed":false},"product_brand":[],"product_cat":[27],"product_tag":[],"class_list":{"0":"post-1436","1":"product","2":"type-product","3":"status-publish","4":"has-post-thumbnail","6":"product_cat-wholesale-inset-cabinet-hinges","8":"first","9":"instock","10":"shipping-taxable","11":"product-type-simple"},"acf":[],"_links":{"self":[{"href":"https:\/\/www.mrhardwares.com\/de\/wp-json\/wp\/v2\/product\/1436","targetHints":{"allow":["GET"]}}],"collection":[{"href":"https:\/\/www.mrhardwares.com\/de\/wp-json\/wp\/v2\/product"}],"about":[{"href":"https:\/\/www.mrhardwares.com\/de\/wp-json\/wp\/v2\/types\/product"}],"replies":[{"embeddable":true,"href":"https:\/\/www.mrhardwares.com\/de\/wp-json\/wp\/v2\/comments?post=1436"}],"wp:featuredmedia":[{"embeddable":true,"href":"https:\/\/www.mrhardwares.com\/de\/wp-json\/wp\/v2\/media\/1437"}],"wp:attachment":[{"href":"https:\/\/www.mrhardwares.com\/de\/wp-json\/wp\/v2\/media?parent=1436"}],"wp:term":[{"taxonomy":"product_brand","embeddable":true,"href":"https:\/\/www.mrhardwares.com\/de\/wp-json\/wp\/v2\/product_brand?post=1436"},{"taxonomy":"product_cat","embeddable":true,"href":"https:\/\/www.mrhardwares.com\/de\/wp-json\/wp\/v2\/product_cat?post=1436"},{"taxonomy":"product_tag","embeddable":true,"href":"https:\/\/www.mrhardwares.com\/de\/wp-json\/wp\/v2\/product_tag?post=1436"}],"curies":[{"name":"wp","href":"https:\/\/api.w.org\/{rel}","templated":true}]}}