{"id":1438,"date":"2025-08-27T03:05:13","date_gmt":"2025-08-27T03:05:13","guid":{"rendered":"https:\/\/www.mrhardwares.com\/?post_type=product&#038;p=1438"},"modified":"2025-12-31T02:27:03","modified_gmt":"2025-12-31T02:27:03","slug":"wholesale-inset-hinges-for-cabinet-doors","status":"publish","type":"product","link":"https:\/\/www.mrhardwares.com\/de\/product\/wholesale-inset-hinges-for-cabinet-doors\/","title":{"rendered":"Gro\u00dfhandelseinsatzscharniere f\u00fcr Schrankt\u00fcren, Kleiderschrankt\u00fcren, etc."},"content":{"rendered":"<h3 class=\"wp-block-heading\">Merkmale der Einlegescharniere f\u00fcr Schrankt\u00fcren<\/h3><ul class=\"wp-block-list\"><li><strong>Genaue Ausrichtung der eingebetteten T\u00fcren:<\/strong> Unsere Gro\u00dfhandels-Schrankscharniere sorgen f\u00fcr ein nahtloses, sauberes und professionelles Erscheinungsbild, das die \u00c4sthetik von hochwertigen Schr\u00e4nken unterstreicht.<\/li>\n\n<li><strong>Reibungsloser und leiser Betrieb: <\/strong>Unsere Schrankscharniere f\u00fcr den Gro\u00dfhandel sind mit einem Soft-Close-Mechanismus ausgestattet, der eine hervorragende Benutzerfreundlichkeit f\u00fcr Haushalte, B\u00fcros und Hotels bietet.<\/li>\n\n<li><strong>Vollst\u00e4ndig einstellbares Design:<\/strong> Diese Flexibilit\u00e4t erm\u00f6glicht es Herstellern und Installateuren, T\u00fcren verschiedener Gr\u00f6\u00dfen und St\u00e4rken perfekt auszurichten, kleinere Unregelm\u00e4\u00dfigkeiten im Rahmen auszugleichen und eine pr\u00e4zise Passform zu gew\u00e4hrleisten, die den hohen Qualit\u00e4tsstandards entspricht.<\/li>\n\n<li><strong>Breite Kompatibilit\u00e4t: <\/strong>Diese eingebetteten Scharniere eignen sich f\u00fcr verschiedene M\u00f6bel, darunter K\u00fcchenschr\u00e4nke, Badezimmerschr\u00e4nke, Kleiderschr\u00e4nke und B\u00fcroschr\u00e4nke, mit mehreren Funktionen. Sie k\u00f6nnen an unterschiedliche T\u00fcrmaterialien und -dicken angepasst werden und sind somit eine zuverl\u00e4ssige Wahl f\u00fcr die Herstellung von M\u00f6beln in gro\u00dfem Ma\u00dfstab, f\u00fcr die Dekoration oder f\u00fcr individuelle Innenausstattungsprojekte.<\/li><\/ul>","protected":false},"excerpt":{"rendered":"<p><strong>Preis: US $0.14\/Stk<\/strong><\/p>\n<p>Willkommen beim Kauf von Einbauscharnieren f\u00fcr Schrankt\u00fcren. Diese Scharniere sind zertifiziert und entsprechen internationalen Standards wie SGS und CE, was eine zuverl\u00e4ssige Leistung und dauerhafte Qualit\u00e4t gew\u00e4hrleistet. Die verstellbare Konstruktion erm\u00f6glicht eine einfache Feinabstimmung und eine schnelle Installation, wodurch M\u00f6belhersteller und B2B-Kunden Zeit und Arbeit sparen.<\/p>\n<h2>Spezifikationen f\u00fcr Einlegescharniere f\u00fcr Schrankt\u00fcren<\/h2>\n<table border=\"0\" cellspacing=\"0\" cellpadding=\"0\">\n<tbody style=\"font-size: 12px; border: 1px solid #ccc; overflow: hidden;\">\n<tr style=\"line-height: 1.4;\">\n<td style=\"width: 33%;\" width=\"36\" height=\"30\"><strong>Spezifikation<\/strong><\/td>\n<td style=\"width: 67%;\" width=\"72\"><strong>Einzelheiten<\/strong><\/td>\n<\/tr>\n<tr style=\"line-height: 1.4;\">\n<td style=\"width: 33%;\" width=\"36\" height=\"30\"><strong>Modellnummer<\/strong><\/td>\n<td style=\"width: 67%;\" width=\"72\">MR-DB3<\/td>\n<\/tr>\n<tr style=\"line-height: 1.4;\">\n<td style=\"width: 33%;\" width=\"36\" height=\"30\"><strong>Scharnier Material<\/strong><\/td>\n<td style=\"width: 67%;\" width=\"72\">Rostfreier Stahl oder kaltgewalzter Stahl<\/td>\n<\/tr>\n<tr style=\"line-height: 1.4;\">\n<td style=\"width: 33%;\" width=\"36\" height=\"30\"><strong>Scharnier Typ<\/strong><\/td>\n<td style=\"width: 67%;\" width=\"72\">Soft-Close-Scharniere f\u00fcr Einbauschr\u00e4nke<\/td>\n<\/tr>\n<tr style=\"line-height: 1.4;\">\n<td style=\"width: 33%;\" width=\"36\" height=\"60\"><strong>Anwendbare Szenarien<\/strong><\/td>\n<td style=\"width: 67%;\" width=\"72\">Kleiderschrank, Schrank, B\u00fccherregal, Badezimmerschrank, und mehr<\/td>\n<\/tr>\n<tr style=\"line-height: 1.4;\">\n<td style=\"width: 33%;\" width=\"36\" height=\"50\"><strong>OEM- und ODM-Dienstleistungen<\/strong><\/td>\n<td style=\"width: 67%;\" width=\"72\">Unterst\u00fctzt einfache und tiefgreifende Anpassungen<\/td>\n<\/tr>\n<\/tbody>\n<\/table>\n<p>&nbsp;<\/p>\n<p><script src=\"chrome-extension:\/\/fpelahbljekknahkcaegamhcndkfpfnc\/iFrame.js\" type=\"text\/javascript\"><\/script><\/p>\n<p>\n<script src=\"chrome-extension:\/\/fpelahbljekknahkcaegamhcndkfpfnc\/iFrame.js\" type=\"text\/javascript\"><\/script><\/p>","protected":false},"featured_media":1439,"comment_status":"closed","ping_status":"closed","template":"","meta":{"_acf_changed":false},"product_brand":[],"product_cat":[27],"product_tag":[],"class_list":{"0":"post-1438","1":"product","2":"type-product","3":"status-publish","4":"has-post-thumbnail","6":"product_cat-wholesale-inset-cabinet-hinges","8":"first","9":"instock","10":"shipping-taxable","11":"product-type-simple"},"acf":[],"_links":{"self":[{"href":"https:\/\/www.mrhardwares.com\/de\/wp-json\/wp\/v2\/product\/1438","targetHints":{"allow":["GET"]}}],"collection":[{"href":"https:\/\/www.mrhardwares.com\/de\/wp-json\/wp\/v2\/product"}],"about":[{"href":"https:\/\/www.mrhardwares.com\/de\/wp-json\/wp\/v2\/types\/product"}],"replies":[{"embeddable":true,"href":"https:\/\/www.mrhardwares.com\/de\/wp-json\/wp\/v2\/comments?post=1438"}],"wp:featuredmedia":[{"embeddable":true,"href":"https:\/\/www.mrhardwares.com\/de\/wp-json\/wp\/v2\/media\/1439"}],"wp:attachment":[{"href":"https:\/\/www.mrhardwares.com\/de\/wp-json\/wp\/v2\/media?parent=1438"}],"wp:term":[{"taxonomy":"product_brand","embeddable":true,"href":"https:\/\/www.mrhardwares.com\/de\/wp-json\/wp\/v2\/product_brand?post=1438"},{"taxonomy":"product_cat","embeddable":true,"href":"https:\/\/www.mrhardwares.com\/de\/wp-json\/wp\/v2\/product_cat?post=1438"},{"taxonomy":"product_tag","embeddable":true,"href":"https:\/\/www.mrhardwares.com\/de\/wp-json\/wp\/v2\/product_tag?post=1438"}],"curies":[{"name":"wp","href":"https:\/\/api.w.org\/{rel}","templated":true}]}}