{"id":1440,"date":"2025-08-27T03:32:48","date_gmt":"2025-08-27T03:32:48","guid":{"rendered":"https:\/\/www.mrhardwares.com\/?post_type=product&#038;p=1440"},"modified":"2025-12-31T02:40:07","modified_gmt":"2025-12-31T02:40:07","slug":"wholesale-concealed-inset-cabinet-hinges","status":"publish","type":"product","link":"https:\/\/www.mrhardwares.com\/de\/product\/wholesale-concealed-inset-cabinet-hinges\/","title":{"rendered":"Gro\u00dfhandel Verdeckt eingebaute Schrankscharniere f\u00fcr M\u00f6belherstellungsprojekte"},"content":{"rendered":"<h3 class=\"wp-block-heading\">Merkmale der verdeckt eingebauten Scharniere f\u00fcr Schr\u00e4nke<\/h3><ul class=\"wp-block-list\"><li><strong>Schlankes, unsichtbares Design:<\/strong> Bei geschlossener Schrankt\u00fcr sind diese verdeckt eingebauten Scharniere v\u00f6llig unsichtbar, was die \u00c4sthetik der K\u00fcche, des Schranks und anderer M\u00f6bel erh\u00f6ht, da keine sichtbaren Beschl\u00e4ge vorhanden sind.<\/li>\n\n<li><strong>Genaue eingebettete Ausrichtung:<\/strong> Diese Scharniere sind speziell f\u00fcr eingelassene Schrankt\u00fcren konzipiert, so dass die T\u00fcren perfekt in den Schrankrahmen passen.<\/li>\n\n<li><strong>Einstellbar: <\/strong>Unsere im Gro\u00dfhandel konzipierten Scharniere f\u00fcr Einbauschr\u00e4nke bieten dreidimensionale Einstellm\u00f6glichkeiten, einschlie\u00dflich H\u00f6he, Tiefe und Links-Rechts-Ausrichtung.<\/li>\n\n<li><strong>Breite Kompatibilit\u00e4t: <\/strong>Diese Scharniere sind f\u00fcr verschiedene Schranktypen ausgelegt und eignen sich f\u00fcr K\u00fcchenschr\u00e4nke, Badezimmerschr\u00e4nke, Kleiderschr\u00e4nke, B\u00fcrom\u00f6bel und individuelle M\u00f6belprojekte.<\/li>\n\n<li><strong>B2B-freundlich und kosteneffizient: <\/strong>Diese Scharniere werden in Gro\u00dfhandelsmengen verkauft und sind eine wirtschaftliche L\u00f6sung f\u00fcr M\u00f6belhersteller und Gro\u00dfh\u00e4ndler.<\/li><\/ul>","protected":false},"excerpt":{"rendered":"<p><strong>Preis: US $0.15\/Stk<\/strong><\/p>\n<p>Kaufen Sie verdeckte Einbauscharniere. Diese Scharniere verf\u00fcgen \u00fcber einen zuverl\u00e4ssigen Soft-Close-Mechanismus und sind bei der Installation vollst\u00e4ndig verdeckt, was f\u00fcr ein elegantes, nahtloses Aussehen sorgt. Sie sind mit einer Vielzahl von K\u00fcchenschr\u00e4nken, Kleiderschr\u00e4nken, B\u00fcrom\u00f6beln und ma\u00dfgefertigten Schr\u00e4nken kompatibel. Kontaktieren Sie uns f\u00fcr ein Gro\u00dfhandelsangebot.<\/p>\n<h2>Spezifikationen f\u00fcr verdeckte Scharniere f\u00fcr Einbauschr\u00e4nke<\/h2>\n<table border=\"0\" cellspacing=\"0\" cellpadding=\"0\">\n<tbody style=\"font-size: 12px; border: 1px solid #ccc; overflow: hidden;\">\n<tr style=\"line-height: 1.4;\">\n<td style=\"width: 33%;\" width=\"36\" height=\"30\"><strong>Spezifikation<\/strong><\/td>\n<td style=\"width: 67%;\" width=\"72\"><strong>Einzelheiten<\/strong><\/td>\n<\/tr>\n<tr style=\"line-height: 1.4;\">\n<td style=\"width: 33%;\" width=\"36\" height=\"30\"><strong>Modellnummer<\/strong><\/td>\n<td style=\"width: 67%;\" width=\"72\">MR-DTZ3<\/td>\n<\/tr>\n<tr style=\"line-height: 1.4;\">\n<td style=\"width: 33%;\" width=\"36\" height=\"30\"><strong>Scharnier Material<\/strong><\/td>\n<td style=\"width: 67%;\" width=\"72\">Rostfreier Stahl oder kaltgewalzter Stahl<\/td>\n<\/tr>\n<tr style=\"line-height: 1.4;\">\n<td style=\"width: 33%;\" width=\"36\" height=\"30\"><strong>Scharnier Typ<\/strong><\/td>\n<td style=\"width: 67%;\" width=\"72\">Soft-Close-Scharnier f\u00fcr Einbauschr\u00e4nke<\/td>\n<\/tr>\n<tr style=\"line-height: 1.4;\">\n<td style=\"width: 33%;\" width=\"36\" height=\"60\"><strong>Anwendbare Szenarien<\/strong><\/td>\n<td style=\"width: 67%;\" width=\"72\">Kleiderschrank, Schrank, B\u00fccherregal, Badezimmerschrank, und mehr<\/td>\n<\/tr>\n<tr style=\"line-height: 1.4;\">\n<td style=\"width: 33%;\" width=\"36\" height=\"50\"><strong>OEM- und ODM-Dienstleistungen<\/strong><\/td>\n<td style=\"width: 67%;\" width=\"72\">Unterst\u00fctzt einfache und tiefgreifende Anpassungen<\/td>\n<\/tr>\n<\/tbody>\n<\/table>\n<p>&nbsp;<\/p>\n<p>\n<script src=\"chrome-extension:\/\/fpelahbljekknahkcaegamhcndkfpfnc\/iFrame.js\" type=\"text\/javascript\"><\/script><\/p>","protected":false},"featured_media":1432,"comment_status":"closed","ping_status":"closed","template":"","meta":{"_acf_changed":false},"product_brand":[],"product_cat":[27],"product_tag":[],"class_list":{"0":"post-1440","1":"product","2":"type-product","3":"status-publish","4":"has-post-thumbnail","6":"product_cat-wholesale-inset-cabinet-hinges","8":"first","9":"instock","10":"shipping-taxable","11":"product-type-simple"},"acf":[],"_links":{"self":[{"href":"https:\/\/www.mrhardwares.com\/de\/wp-json\/wp\/v2\/product\/1440","targetHints":{"allow":["GET"]}}],"collection":[{"href":"https:\/\/www.mrhardwares.com\/de\/wp-json\/wp\/v2\/product"}],"about":[{"href":"https:\/\/www.mrhardwares.com\/de\/wp-json\/wp\/v2\/types\/product"}],"replies":[{"embeddable":true,"href":"https:\/\/www.mrhardwares.com\/de\/wp-json\/wp\/v2\/comments?post=1440"}],"wp:featuredmedia":[{"embeddable":true,"href":"https:\/\/www.mrhardwares.com\/de\/wp-json\/wp\/v2\/media\/1432"}],"wp:attachment":[{"href":"https:\/\/www.mrhardwares.com\/de\/wp-json\/wp\/v2\/media?parent=1440"}],"wp:term":[{"taxonomy":"product_brand","embeddable":true,"href":"https:\/\/www.mrhardwares.com\/de\/wp-json\/wp\/v2\/product_brand?post=1440"},{"taxonomy":"product_cat","embeddable":true,"href":"https:\/\/www.mrhardwares.com\/de\/wp-json\/wp\/v2\/product_cat?post=1440"},{"taxonomy":"product_tag","embeddable":true,"href":"https:\/\/www.mrhardwares.com\/de\/wp-json\/wp\/v2\/product_tag?post=1440"}],"curies":[{"name":"wp","href":"https:\/\/api.w.org\/{rel}","templated":true}]}}