{"id":1496,"date":"2025-09-08T07:46:15","date_gmt":"2025-09-08T07:46:15","guid":{"rendered":"https:\/\/www.mrhardwares.com\/?post_type=product&#038;p=1496"},"modified":"2025-09-08T08:08:57","modified_gmt":"2025-09-08T08:08:57","slug":"wholesale-furniture-fixed-hinges-suitable-for-cabinets-wardrobes-bathroom-cabinets","status":"publish","type":"product","link":"https:\/\/www.mrhardwares.com\/de\/product\/wholesale-furniture-fixed-hinges-suitable-for-cabinets-wardrobes-bathroom-cabinets\/","title":{"rendered":"Gro\u00dfhandel M\u00f6bel feste Scharniere - geeignet f\u00fcr Schr\u00e4nke, Kleiderschr\u00e4nke, Bad Schr\u00e4nke"},"content":{"rendered":"<h3 class=\"wp-block-heading\">Merkmale von feststehenden Scharnieren f\u00fcr M\u00f6bel<\/h3><ul class=\"wp-block-list\"><li><strong>Stabilit\u00e4t und Sicherheit: <\/strong>Im Gegensatz zu aufsteckbaren Scharnieren bieten feste Scharniere eine sichere, dauerhafte Verbindung. Dies gew\u00e4hrleistet, dass die T\u00fcren ausgerichtet bleiben und im Laufe der Zeit nicht durchh\u00e4ngen.<\/li>\n\n<li><strong>Kosten-Nutzen-Verh\u00e4ltnis: <\/strong>Feste Scharniere bieten in der Regel ein einfacheres Design und einen wettbewerbsf\u00e4higeren Preis, was sie f\u00fcr die Massenproduktion von M\u00f6beln oder gro\u00dfe Projekte wirtschaftlicher macht.<\/li>\n\n<li><strong>Breite Kompatibilit\u00e4t: <\/strong>Unsere festen Scharniere f\u00fcr den Gro\u00dfhandel k\u00f6nnen f\u00fcr eine Vielzahl von M\u00f6beltypen verwendet werden, darunter Schr\u00e4nke, Garderoben, Truhen, B\u00fcrom\u00f6bel und vieles mehr.<\/li>\n\n<li><strong>Reibungsloser Betrieb: <\/strong>Unsere hochwertigen, feststehenden Scharniere lassen sich leichtg\u00e4ngig drehen, so dass sich die T\u00fcren m\u00fchelos und ohne Wackeln \u00f6ffnen und schlie\u00dfen lassen.<\/li>\n\n<li><strong>Hohe Produktionskapazit\u00e4t:<\/strong> Als professioneller Scharnierhersteller ist unser Werk mit automatisierten Produktionslinien ausgestattet, die es uns erm\u00f6glichen, gro\u00dfe Auftr\u00e4ge schnell zu bearbeiten.<\/li><\/ul><h3 class=\"wp-block-heading\">Anwendungs- und Installationsparameter des \u042435mm-Scharniers<\/h3><p><strong>H = <\/strong>H\u00f6he der Scharnierbasis<br><strong>D = <\/strong>Erforderliches Overlay auf der Seitenwand<br><strong>K = <\/strong>Abstand zwischen der T\u00fcrkante und den Bohrungen am Scharniertopf<br><strong>A = <\/strong>Spalt zwischen der T\u00fcr und der Seitenwand<\/p><figure class=\"wp-block-image size-full\"><img decoding=\"async\" width=\"1600\" height=\"1200\" src=\"https:\/\/www.mrhardwares.com\/wp-content\/uploads\/2025\/09\/details-of-fixed-hinges.webp\" alt=\"Details der festen Scharniere\" class=\"wp-image-1497\" srcset=\"https:\/\/www.mrhardwares.com\/wp-content\/uploads\/2025\/09\/details-of-fixed-hinges.webp 1600w, https:\/\/www.mrhardwares.com\/wp-content\/uploads\/2025\/09\/details-of-fixed-hinges-300x225.webp 300w, https:\/\/www.mrhardwares.com\/wp-content\/uploads\/2025\/09\/details-of-fixed-hinges-768x576.webp 768w, https:\/\/www.mrhardwares.com\/wp-content\/uploads\/2025\/09\/details-of-fixed-hinges-16x12.webp 16w, https:\/\/www.mrhardwares.com\/wp-content\/uploads\/2025\/09\/details-of-fixed-hinges-1200x900.webp 1200w, https:\/\/www.mrhardwares.com\/wp-content\/uploads\/2025\/09\/details-of-fixed-hinges-600x450.webp 600w\" sizes=\"(max-width: 1600px) 100vw, 1600px\" \/><\/figure>","protected":false},"excerpt":{"rendered":"<p>Feststehende Scharniere im Gro\u00dfhandel, langlebig und leichtg\u00e4ngig. Diese wirtschaftlichen und vielseitigen Scharniere sind f\u00fcr Schr\u00e4nke, Garderoben, Schr\u00e4nke, B\u00fcrom\u00f6bel und vieles mehr geeignet. Unser Werk, das mit automatisierten Produktionslinien ausgestattet ist, erm\u00f6glicht es uns, gro\u00dfe Auftr\u00e4ge schnell zu erf\u00fcllen. Kontaktieren Sie uns f\u00fcr ein Angebot.<\/p>\n<h2>Spezifikationen f\u00fcr feste Scharniere<\/h2>\n<table border=\"0\" cellspacing=\"0\" cellpadding=\"0\">\n<tbody style=\"font-size: 14px; border: 1px solid #ccc; overflow: hidden;\">\n<tr style=\"line-height: 1.4;\">\n<td style=\"width: 33%;\" width=\"36\" height=\"30\"><strong>Spezifikation<\/strong><\/td>\n<td style=\"width: 67%;\" width=\"72\"><strong>Einzelheiten<\/strong><\/td>\n<\/tr>\n<tr style=\"line-height: 1.4;\">\n<td style=\"width: 33%;\" width=\"36\" height=\"30\"><strong>Modellnummer<\/strong><\/td>\n<td style=\"width: 67%;\" width=\"72\">816 - A\uff0c 816 - B\uff0c 816 - C<\/td>\n<\/tr>\n<tr style=\"line-height: 1.4;\">\n<td style=\"width: 33%;\" width=\"36\" height=\"30\"><strong>Scharnier Material<\/strong><\/td>\n<td style=\"width: 67%;\" width=\"72\">Rostfreier Stahl<\/td>\n<\/tr>\n<tr style=\"line-height: 1.4;\">\n<td style=\"width: 33%;\" width=\"36\" height=\"30\"><strong>Scharnier Typ<\/strong><\/td>\n<td style=\"width: 67%;\" width=\"72\">D\u00e4mpfendes Scharnier<\/td>\n<\/tr>\n<tr style=\"line-height: 1.4;\">\n<td style=\"width: 33%;\" width=\"36\" height=\"30\"><strong>\u00d6ffnungswinkel<\/strong><\/td>\n<td style=\"width: 67%;\" width=\"72\">105\u00b0<\/td>\n<\/tr>\n<tr style=\"line-height: 1.4;\">\n<td style=\"width: 33%;\" width=\"36\" height=\"40\"><strong>Durchmesser der Scharnierpfanne<\/strong><\/td>\n<td style=\"width: 67%;\" width=\"72\">35mm<\/td>\n<\/tr>\n<tr style=\"line-height: 1.4;\">\n<td style=\"width: 33%;\" width=\"36\" height=\"40\"><strong>Tiefe der Scharnierschale<\/strong><\/td>\n<td style=\"width: 67%;\" width=\"72\">11,3 mm<\/td>\n<\/tr>\n<tr style=\"line-height: 1.4;\">\n<td style=\"width: 33%;\" width=\"36\" height=\"30\"><strong>Dicke der T\u00fcr<\/strong><\/td>\n<td style=\"width: 67%;\" width=\"72\">13-23mm<\/td>\n<\/tr>\n<tr style=\"line-height: 1.4;\">\n<td style=\"width: 33%;\" width=\"36\" height=\"60\"><strong>Anwendbare Szenarien<\/strong><\/td>\n<td style=\"width: 67%;\" width=\"72\">Kleiderschrank, Schrank, B\u00fccherregal, Badezimmerschrank, und mehr<\/td>\n<\/tr>\n<tr style=\"line-height: 1.4;\">\n<td style=\"width: 33%;\" width=\"36\" height=\"50\"><strong>OEM- und ODM-Dienstleistungen<\/strong><\/td>\n<td style=\"width: 67%;\" width=\"72\">Unterst\u00fctzt einfache und tiefgreifende Anpassungen<\/td>\n<\/tr>\n<\/tbody>\n<\/table>\n<p>\n<script src=\"chrome-extension:\/\/fpelahbljekknahkcaegamhcndkfpfnc\/iFrame.js\" type=\"text\/javascript\"><\/script><\/p>","protected":false},"featured_media":1498,"comment_status":"closed","ping_status":"closed","template":"","meta":{"_acf_changed":false},"product_brand":[],"product_cat":[30],"product_tag":[],"class_list":{"0":"post-1496","1":"product","2":"type-product","3":"status-publish","4":"has-post-thumbnail","6":"product_cat-wholesale-fixed-hinges","8":"first","9":"instock","10":"shipping-taxable","11":"product-type-simple"},"acf":[],"_links":{"self":[{"href":"https:\/\/www.mrhardwares.com\/de\/wp-json\/wp\/v2\/product\/1496","targetHints":{"allow":["GET"]}}],"collection":[{"href":"https:\/\/www.mrhardwares.com\/de\/wp-json\/wp\/v2\/product"}],"about":[{"href":"https:\/\/www.mrhardwares.com\/de\/wp-json\/wp\/v2\/types\/product"}],"replies":[{"embeddable":true,"href":"https:\/\/www.mrhardwares.com\/de\/wp-json\/wp\/v2\/comments?post=1496"}],"wp:featuredmedia":[{"embeddable":true,"href":"https:\/\/www.mrhardwares.com\/de\/wp-json\/wp\/v2\/media\/1498"}],"wp:attachment":[{"href":"https:\/\/www.mrhardwares.com\/de\/wp-json\/wp\/v2\/media?parent=1496"}],"wp:term":[{"taxonomy":"product_brand","embeddable":true,"href":"https:\/\/www.mrhardwares.com\/de\/wp-json\/wp\/v2\/product_brand?post=1496"},{"taxonomy":"product_cat","embeddable":true,"href":"https:\/\/www.mrhardwares.com\/de\/wp-json\/wp\/v2\/product_cat?post=1496"},{"taxonomy":"product_tag","embeddable":true,"href":"https:\/\/www.mrhardwares.com\/de\/wp-json\/wp\/v2\/product_tag?post=1496"}],"curies":[{"name":"wp","href":"https:\/\/api.w.org\/{rel}","templated":true}]}}