{"id":1499,"date":"2025-09-08T08:11:40","date_gmt":"2025-09-08T08:11:40","guid":{"rendered":"https:\/\/www.mrhardwares.com\/?post_type=product&#038;p=1499"},"modified":"2025-09-08T08:26:57","modified_gmt":"2025-09-08T08:26:57","slug":"wholesale-clip-on-hinges-for-furniture-manufacturer","status":"publish","type":"product","link":"https:\/\/www.mrhardwares.com\/de\/product\/wholesale-clip-on-hinges-for-furniture-manufacturer\/","title":{"rendered":"Gro\u00dfhandel Clip auf Scharniere - Geeignet f\u00fcr M\u00f6belunternehmen in Batches zu verwenden"},"content":{"rendered":"<h3 class=\"wp-block-heading\">Merkmale der Clip-on-Scharniere<\/h3><ul class=\"wp-block-list\"><li><strong>Werkzeuglose Montage und Demontage:<\/strong> Clip-on-Scharniere erm\u00f6glichen eine schnelle Montage und Demontage von Schrankt\u00fcren ohne Schrauben oder Werkzeug, was die Montage und Wartung schneller und bequemer macht.<\/li>\n\n<li><strong>Einstellbare Ausrichtung: <\/strong>Aufsteckbare Scharniere bieten eine multidirektionale Einstellung und gew\u00e4hrleisten eine pr\u00e4zise T\u00fcrausrichtung und gleichbleibende Abst\u00e4nde zwischen den T\u00fcren.<\/li>\n\n<li>Einfache Demontage: Aufsteckbare Scharniere erm\u00f6glichen ein einfaches Abnehmen und Wiederanbringen der T\u00fcren und vereinfachen die Wartung oder den Umbau des Schranks.<\/li>\n\n<li><strong>Kosteng\u00fcnstig:<\/strong> Clip-on-Scharniere reduzieren die Arbeitszeit bei der M\u00f6belmontage und sind damit eine wirtschaftliche Wahl f\u00fcr Hersteller.<\/li>\n\n<li><strong>Qualit\u00e4tsstandards und Zertifizierungen: <\/strong>Unsere Scharnierprodukte entsprechen streng den internationalen Normen und Zertifizierungen, einschlie\u00dflich ISO-, CE- und SGS-Pr\u00fcfungen, um die Anforderungen des globalen Marktes zu erf\u00fcllen.<\/li><\/ul><h3 class=\"wp-block-heading\">Anwendungs- und Installationsparameter des \u042435mm-Scharniers<\/h3><p><strong>H = <\/strong>H\u00f6he der Scharnierbasis<br><strong>D = <\/strong>Erforderliches Overlay auf der Seitenwand<br><strong>K = <\/strong>Abstand zwischen der T\u00fcrkante und den Bohrungen am Scharniertopf<br><strong>A = <\/strong>Spalt zwischen der T\u00fcr und der Seitenwand<\/p><figure class=\"wp-block-image size-full\"><img decoding=\"async\" width=\"1600\" height=\"1200\" src=\"https:\/\/www.mrhardwares.com\/wp-content\/uploads\/2025\/09\/details-of-clip-on-hinges.webp\" alt=\"Details der Clipscharniere\" class=\"wp-image-1502\" srcset=\"https:\/\/www.mrhardwares.com\/wp-content\/uploads\/2025\/09\/details-of-clip-on-hinges.webp 1600w, https:\/\/www.mrhardwares.com\/wp-content\/uploads\/2025\/09\/details-of-clip-on-hinges-300x225.webp 300w, https:\/\/www.mrhardwares.com\/wp-content\/uploads\/2025\/09\/details-of-clip-on-hinges-768x576.webp 768w, https:\/\/www.mrhardwares.com\/wp-content\/uploads\/2025\/09\/details-of-clip-on-hinges-16x12.webp 16w, https:\/\/www.mrhardwares.com\/wp-content\/uploads\/2025\/09\/details-of-clip-on-hinges-1200x900.webp 1200w, https:\/\/www.mrhardwares.com\/wp-content\/uploads\/2025\/09\/details-of-clip-on-hinges-600x450.webp 600w\" sizes=\"(max-width: 1600px) 100vw, 1600px\" \/><\/figure>","protected":false},"excerpt":{"rendered":"<p>Unsere Clip-on-Scharniere bieten die perfekte Mischung aus Komfort, Pr\u00e4zision und Qualit\u00e4t. Ihr werkzeugloser Ein- und Ausbau macht die Montage und Wartung von Schr\u00e4nken schnell und einfach, spart Arbeitszeit und macht sie ideal f\u00fcr die M\u00f6belproduktion in gro\u00dfen Mengen. Kontaktieren Sie uns f\u00fcr ein Angebot.<\/p>\n<h2>Spezifikationen f\u00fcr Clip-on-Scharniere<\/h2>\n<table border=\"0\" cellspacing=\"0\" cellpadding=\"0\">\n<tbody style=\"font-size: 14px; border: 1px solid #ccc; overflow: hidden;\">\n<tr style=\"line-height: 1.4;\">\n<td style=\"width: 33%;\" width=\"36\" height=\"30\"><strong>Spezifikation<\/strong><\/td>\n<td style=\"width: 67%;\" width=\"72\"><strong>Einzelheiten<\/strong><\/td>\n<\/tr>\n<tr style=\"line-height: 1.4;\">\n<td style=\"width: 33%;\" width=\"36\" height=\"30\"><strong>Modellnummer<\/strong><\/td>\n<td style=\"width: 67%;\" width=\"72\">818-A\uff0c 818-B\uff0c 818-C<\/td>\n<\/tr>\n<tr style=\"line-height: 1.4;\">\n<td style=\"width: 33%;\" width=\"36\" height=\"30\"><strong>Scharnier Material<\/strong><\/td>\n<td style=\"width: 67%;\" width=\"72\">Rostfreier Stahl<\/td>\n<\/tr>\n<tr style=\"line-height: 1.4;\">\n<td style=\"width: 33%;\" width=\"36\" height=\"30\"><strong>Scharnier Typ<\/strong><\/td>\n<td style=\"width: 67%;\" width=\"72\">D\u00e4mpfendes Scharnier<\/td>\n<\/tr>\n<tr style=\"line-height: 1.4;\">\n<td style=\"width: 33%;\" width=\"36\" height=\"30\"><strong>\u00d6ffnungswinkel<\/strong><\/td>\n<td style=\"width: 67%;\" width=\"72\">105\u00b0<\/td>\n<\/tr>\n<tr style=\"line-height: 1.4;\">\n<td style=\"width: 33%;\" width=\"36\" height=\"40\"><strong>Durchmesser der Scharnierpfanne<\/strong><\/td>\n<td style=\"width: 67%;\" width=\"72\">35mm<\/td>\n<\/tr>\n<tr style=\"line-height: 1.4;\">\n<td style=\"width: 33%;\" width=\"36\" height=\"40\"><strong>Tiefe der Scharnierschale<\/strong><\/td>\n<td style=\"width: 67%;\" width=\"72\">11,3 mm<\/td>\n<\/tr>\n<tr style=\"line-height: 1.4;\">\n<td style=\"width: 33%;\" width=\"36\" height=\"30\"><strong>Dicke der T\u00fcr<\/strong><\/td>\n<td style=\"width: 67%;\" width=\"72\">13-23mm<\/td>\n<\/tr>\n<tr style=\"line-height: 1.4;\">\n<td style=\"width: 33%;\" width=\"36\" height=\"60\"><strong>Anwendbare Szenarien<\/strong><\/td>\n<td style=\"width: 67%;\" width=\"72\">Kleiderschrank, Schrank, B\u00fccherregal, Badezimmerschrank, und mehr<\/td>\n<\/tr>\n<tr style=\"line-height: 1.4;\">\n<td style=\"width: 33%;\" width=\"36\" height=\"50\"><strong>OEM- und ODM-Dienstleistungen<\/strong><\/td>\n<td style=\"width: 67%;\" width=\"72\">Unterst\u00fctzt einfache und tiefgreifende Anpassungen<\/td>\n<\/tr>\n<\/tbody>\n<\/table>\n<p>\n<script src=\"chrome-extension:\/\/fpelahbljekknahkcaegamhcndkfpfnc\/iFrame.js\" type=\"text\/javascript\"><\/script><\/p>","protected":false},"featured_media":1501,"comment_status":"closed","ping_status":"closed","template":"","meta":{"_acf_changed":false},"product_brand":[],"product_cat":[29],"product_tag":[],"class_list":{"0":"post-1499","1":"product","2":"type-product","3":"status-publish","4":"has-post-thumbnail","6":"product_cat-wholesale-clip-on-hinges","8":"first","9":"instock","10":"shipping-taxable","11":"product-type-simple"},"acf":[],"_links":{"self":[{"href":"https:\/\/www.mrhardwares.com\/de\/wp-json\/wp\/v2\/product\/1499","targetHints":{"allow":["GET"]}}],"collection":[{"href":"https:\/\/www.mrhardwares.com\/de\/wp-json\/wp\/v2\/product"}],"about":[{"href":"https:\/\/www.mrhardwares.com\/de\/wp-json\/wp\/v2\/types\/product"}],"replies":[{"embeddable":true,"href":"https:\/\/www.mrhardwares.com\/de\/wp-json\/wp\/v2\/comments?post=1499"}],"wp:featuredmedia":[{"embeddable":true,"href":"https:\/\/www.mrhardwares.com\/de\/wp-json\/wp\/v2\/media\/1501"}],"wp:attachment":[{"href":"https:\/\/www.mrhardwares.com\/de\/wp-json\/wp\/v2\/media?parent=1499"}],"wp:term":[{"taxonomy":"product_brand","embeddable":true,"href":"https:\/\/www.mrhardwares.com\/de\/wp-json\/wp\/v2\/product_brand?post=1499"},{"taxonomy":"product_cat","embeddable":true,"href":"https:\/\/www.mrhardwares.com\/de\/wp-json\/wp\/v2\/product_cat?post=1499"},{"taxonomy":"product_tag","embeddable":true,"href":"https:\/\/www.mrhardwares.com\/de\/wp-json\/wp\/v2\/product_tag?post=1499"}],"curies":[{"name":"wp","href":"https:\/\/api.w.org\/{rel}","templated":true}]}}