{"id":1674,"date":"2025-11-24T02:03:59","date_gmt":"2025-11-24T02:03:59","guid":{"rendered":"https:\/\/www.mrhardwares.com\/?post_type=product&#038;p=1674"},"modified":"2025-12-31T02:51:31","modified_gmt":"2025-12-31T02:51:31","slug":"wholesale-full-overlay-cabinet-hinges","status":"publish","type":"product","link":"https:\/\/www.mrhardwares.com\/de\/product\/wholesale-full-overlay-cabinet-hinges\/","title":{"rendered":"Gro\u00dfhandel Full Overlay Schrank Scharniere - MR-F4A1, geeignet f\u00fcr Kleiderschrank, Bad Schr\u00e4nke, und K\u00fcchenschr\u00e4nke"},"content":{"rendered":"<h3 class=\"wp-block-heading\">Merkmale von Full Overlay Cabinet Scharnieren<\/h3><p><strong>Langlebig und korrosionsbest\u00e4ndig<\/strong>:<strong> <\/strong>Das vollfl\u00e4chige Scharnier f\u00fcr Schrankt\u00fcren ist aus Edelstahl gefertigt und bietet eine hohe Best\u00e4ndigkeit gegen Feuchtigkeit, Rost und Korrosion.<\/p><p><strong>Nahtloses Aussehen:<\/strong> Dank des Full-Overlay-Designs kann die T\u00fcrverkleidung die Seitenwand des Schranks vollst\u00e4ndig abdecken, wodurch ein sauberes, b\u00fcndiges Erscheinungsbild entsteht. Ideal f\u00fcr moderne, minimalistische Innenr\u00e4ume und kleine Fl\u00e4chen.<\/p><p><strong>Weit verbreitet: <\/strong>Weit verbreitet in Schlafzimmerschr\u00e4nken, Badezimmerschr\u00e4nken, K\u00fcchenschr\u00e4nken, B\u00fcroschr\u00e4nken, Hotelm\u00f6beln und anderen Anwendungen.<\/p><p><strong>Direktverkauf ab Werk: <\/strong>Wir sind ein <strong><a href=\"https:\/\/www.mrhardwares.com\/de\/\" target=\"_blank\" rel=\"noreferrer noopener\">professionelle M\u00f6belscharnierfabrik<\/a><\/strong>Wir bieten Direktverkaufspreise, unterst\u00fctzen OEM- und ODM-Services und bieten exklusive L\u00f6sungen.<\/p>","protected":false},"excerpt":{"rendered":"<p><!-- wp:heading {\"level\":3} --><\/p>\n<p><strong>Preis: US $0.12\/St.<\/strong><\/p>\n<p>Gro\u00dfhandel f\u00fcr vollfl\u00e4chige Scharniere. Dieses Scharnier wurde f\u00fcr moderne rahmenlose Schr\u00e4nke entwickelt und bietet eine nahtlose Oberfl\u00e4che sowie eine sanft schlie\u00dfende Leistung. Mit Fabrikpreisen und Massenlieferung ist es eine ideale Wahl f\u00fcr M\u00f6belhersteller, Gro\u00dfh\u00e4ndler und gro\u00dfe Projekte. Willkommen bei uns.<\/p>\n<p><!-- \/wp:paragraph --><\/p>\n<h2>Spezifikationen f\u00fcr vollfl\u00e4chige Scharniere f\u00fcr Schr\u00e4nke<\/h2>\n<table border=\"0\" cellspacing=\"0\" cellpadding=\"0\">\n<tbody style=\"font-size: 12px; border: 1px solid #ccc; overflow: hidden;\">\n<tr style=\"line-height: 1.4;\">\n<td style=\"width: 33%;\" width=\"36\" height=\"30\"><strong>Spezifikation<\/strong><\/td>\n<td style=\"width: 67%;\" width=\"72\"><strong>Einzelheiten<\/strong><\/td>\n<\/tr>\n<tr style=\"line-height: 1.4;\">\n<td style=\"width: 33%;\" width=\"36\" height=\"30\"><strong>Modellnummer<\/strong><\/td>\n<td style=\"width: 67%;\" width=\"72\">MR-F4A<\/td>\n<\/tr>\n<tr style=\"line-height: 1.4;\">\n<td style=\"width: 33%;\" width=\"36\" height=\"30\"><strong>Scharnier Material<\/strong><\/td>\n<td style=\"width: 67%;\" width=\"72\">Rostfreier Stahl oder kaltgewalzter Stahl<\/td>\n<\/tr>\n<tr style=\"line-height: 1.4;\">\n<td style=\"width: 33%;\" width=\"36\" height=\"30\"><strong>Scharnier Typ<\/strong><\/td>\n<td style=\"width: 67%;\" width=\"72\">Voll-Overlay-Scharnier<\/td>\n<\/tr>\n<tr style=\"line-height: 1.4;\">\n<td style=\"width: 33%;\" width=\"36\" height=\"60\"><strong>Anwendbare Szenarien<\/strong><\/td>\n<td style=\"width: 67%;\" width=\"72\">Kleiderschrank, Schrank, B\u00fccherregal, Badezimmerschrank, und mehr<\/td>\n<\/tr>\n<tr style=\"line-height: 1.4;\">\n<td style=\"width: 33%;\" width=\"36\" height=\"50\"><strong>OEM- und ODM-Dienstleistungen<\/strong><\/td>\n<td style=\"width: 67%;\" width=\"72\">Unterst\u00fctzt einfache und tiefgreifende Anpassungen<\/td>\n<\/tr>\n<\/tbody>\n<\/table>\n<p>&nbsp;<\/p>\n<p><script src=\"chrome-extension:\/\/fpelahbljekknahkcaegamhcndkfpfnc\/iFrame.js\" type=\"text\/javascript\"><\/script><\/p>\n<p><script src=\"chrome-extension:\/\/fpelahbljekknahkcaegamhcndkfpfnc\/iFrame.js\" type=\"text\/javascript\"><\/script><\/p>\n<p><script src=\"chrome-extension:\/\/fpelahbljekknahkcaegamhcndkfpfnc\/iFrame.js\" type=\"text\/javascript\"><\/script><\/p>\n<p>\n<script src=\"chrome-extension:\/\/fpelahbljekknahkcaegamhcndkfpfnc\/iFrame.js\" type=\"text\/javascript\"><\/script><\/p>","protected":false},"featured_media":1675,"comment_status":"closed","ping_status":"closed","template":"","meta":{"_acf_changed":false},"product_brand":[],"product_cat":[26],"product_tag":[],"class_list":{"0":"post-1674","1":"product","2":"type-product","3":"status-publish","4":"has-post-thumbnail","6":"product_cat-wholesale-full-overlay-cabinet-hinges","8":"first","9":"instock","10":"shipping-taxable","11":"product-type-simple"},"acf":[],"_links":{"self":[{"href":"https:\/\/www.mrhardwares.com\/de\/wp-json\/wp\/v2\/product\/1674","targetHints":{"allow":["GET"]}}],"collection":[{"href":"https:\/\/www.mrhardwares.com\/de\/wp-json\/wp\/v2\/product"}],"about":[{"href":"https:\/\/www.mrhardwares.com\/de\/wp-json\/wp\/v2\/types\/product"}],"replies":[{"embeddable":true,"href":"https:\/\/www.mrhardwares.com\/de\/wp-json\/wp\/v2\/comments?post=1674"}],"wp:featuredmedia":[{"embeddable":true,"href":"https:\/\/www.mrhardwares.com\/de\/wp-json\/wp\/v2\/media\/1675"}],"wp:attachment":[{"href":"https:\/\/www.mrhardwares.com\/de\/wp-json\/wp\/v2\/media?parent=1674"}],"wp:term":[{"taxonomy":"product_brand","embeddable":true,"href":"https:\/\/www.mrhardwares.com\/de\/wp-json\/wp\/v2\/product_brand?post=1674"},{"taxonomy":"product_cat","embeddable":true,"href":"https:\/\/www.mrhardwares.com\/de\/wp-json\/wp\/v2\/product_cat?post=1674"},{"taxonomy":"product_tag","embeddable":true,"href":"https:\/\/www.mrhardwares.com\/de\/wp-json\/wp\/v2\/product_tag?post=1674"}],"curies":[{"name":"wp","href":"https:\/\/api.w.org\/{rel}","templated":true}]}}