{"id":1676,"date":"2025-11-24T02:01:45","date_gmt":"2025-11-24T02:01:45","guid":{"rendered":"https:\/\/www.mrhardwares.com\/?post_type=product&#038;p=1676"},"modified":"2025-12-31T02:51:58","modified_gmt":"2025-12-31T02:51:58","slug":"wholesale-half-overlay-cabinet-hinges","status":"publish","type":"product","link":"https:\/\/www.mrhardwares.com\/de\/product\/wholesale-half-overlay-cabinet-hinges\/","title":{"rendered":"Gro\u00dfhandel H\u00e4lfte Overlay Schrank Scharniere - MR-F4A2, geeignet f\u00fcr Garderobe, Bad Schr\u00e4nke, und K\u00fcchenschr\u00e4nke"},"content":{"rendered":"<h3 class=\"wp-block-heading\">Merkmale von Half Overlay Cabinet Scharnieren<\/h3><p><strong>Flexible Installationskompatibilit\u00e4t: <\/strong>Dieses Scharnier wurde speziell f\u00fcr Halbschalenanwendungen entwickelt und bietet gro\u00dfz\u00fcgige Einbautoleranzen und eine hervorragende Kompatibilit\u00e4t mit verschiedenen Plattentypen.<\/p><p><strong>Platzsparende T\u00fcrbewegung:<\/strong> Da die T\u00fcr nur die H\u00e4lfte der Schrankseitenwand bedeckt, ben\u00f6tigt sie beim \u00d6ffnen weniger Freiraum. Dies verhindert eine Kollision mit W\u00e4nden oder angrenzenden M\u00f6beln.<\/p><p><strong>Weit verbreitet: <\/strong>Weit verbreitet in Schlafzimmerschr\u00e4nken, Badezimmerschr\u00e4nken, K\u00fcchenschr\u00e4nken, B\u00fcroschr\u00e4nken, Hotelm\u00f6beln und anderen Anwendungen.<\/p><p><strong>Direktverkauf ab Werk: <\/strong>Wir sind ein <strong><a href=\"https:\/\/www.mrhardwares.com\/de\/\" target=\"_blank\" rel=\"noreferrer noopener\">professionelle M\u00f6belscharnierfabrik<\/a><\/strong>Wir bieten Direktverkaufspreise, unterst\u00fctzen OEM- und ODM-Services und bieten exklusive L\u00f6sungen.<\/p>","protected":false},"excerpt":{"rendered":"<p><!-- wp:heading {\"level\":3} --><\/p>\n<p><strong>Preis: US $0.12\/St.<\/strong><\/p>\n<p>Gro\u00dfhandelsscharniere f\u00fcr halb aufliegende Schr\u00e4nke mit einstellbarer Positionierungsfunktion. Es verf\u00fcgt \u00fcber flexible Installationstoleranz, starke Belastbarkeit und reibungslose einstellbare Leistung. Mit Fabrikpreisen und Bulk-Lieferung, ist es eine ideale Wahl f\u00fcr M\u00f6belhersteller, Gro\u00dfh\u00e4ndler und gro\u00dfe Projekte. Willkommen bei uns.<\/p>\n<h2>Spezifikationen f\u00fcr Scharniere f\u00fcr halb aufliegende Schr\u00e4nke<\/h2>\n<table border=\"0\" cellspacing=\"0\" cellpadding=\"0\">\n<tbody style=\"font-size: 12px; border: 1px solid #ccc; overflow: hidden;\">\n<tr style=\"line-height: 1.4;\">\n<td style=\"width: 33%;\" width=\"36\" height=\"30\"><strong>Spezifikation<\/strong><\/td>\n<td style=\"width: 67%;\" width=\"72\"><strong>Einzelheiten<\/strong><\/td>\n<\/tr>\n<tr style=\"line-height: 1.4;\">\n<td style=\"width: 33%;\" width=\"36\" height=\"30\"><strong>Modellnummer<\/strong><\/td>\n<td style=\"width: 67%;\" width=\"72\">MR-F4A2<\/td>\n<\/tr>\n<tr style=\"line-height: 1.4;\">\n<td style=\"width: 33%;\" width=\"36\" height=\"30\"><strong>Scharnier Material<\/strong><\/td>\n<td style=\"width: 67%;\" width=\"72\">Rostfreier Stahl oder kaltgewalzter Stahl<\/td>\n<\/tr>\n<tr style=\"line-height: 1.4;\">\n<td style=\"width: 33%;\" width=\"36\" height=\"30\"><strong>Scharnier Typ<\/strong><\/td>\n<td style=\"width: 67%;\" width=\"72\">Half Overlay Scharnier<\/td>\n<\/tr>\n<tr style=\"line-height: 1.4;\">\n<td style=\"width: 33%;\" width=\"36\" height=\"60\"><strong>Anwendbare Szenarien<\/strong><\/td>\n<td style=\"width: 67%;\" width=\"72\">Kleiderschrank, Schrank, B\u00fccherregal, Badezimmerschrank, und mehr<\/td>\n<\/tr>\n<tr style=\"line-height: 1.4;\">\n<td style=\"width: 33%;\" width=\"36\" height=\"50\"><strong>OEM- und ODM-Dienstleistungen<\/strong><\/td>\n<td style=\"width: 67%;\" width=\"72\">Unterst\u00fctzt einfache und tiefgreifende Anpassungen<\/td>\n<\/tr>\n<\/tbody>\n<\/table>\n<p>&nbsp;<\/p>\n<p><script src=\"chrome-extension:\/\/fpelahbljekknahkcaegamhcndkfpfnc\/iFrame.js\" type=\"text\/javascript\"><\/script><\/p>\n<p><script src=\"chrome-extension:\/\/fpelahbljekknahkcaegamhcndkfpfnc\/iFrame.js\" type=\"text\/javascript\"><\/script><\/p>\n<p>\n<script src=\"chrome-extension:\/\/fpelahbljekknahkcaegamhcndkfpfnc\/iFrame.js\" type=\"text\/javascript\"><\/script><\/p>","protected":false},"featured_media":1677,"comment_status":"closed","ping_status":"closed","template":"","meta":{"_acf_changed":false},"product_brand":[],"product_cat":[28],"product_tag":[],"class_list":{"0":"post-1676","1":"product","2":"type-product","3":"status-publish","4":"has-post-thumbnail","6":"product_cat-wholesale-half-overlay-cabinet-hinges","8":"first","9":"instock","10":"shipping-taxable","11":"product-type-simple"},"acf":[],"_links":{"self":[{"href":"https:\/\/www.mrhardwares.com\/de\/wp-json\/wp\/v2\/product\/1676","targetHints":{"allow":["GET"]}}],"collection":[{"href":"https:\/\/www.mrhardwares.com\/de\/wp-json\/wp\/v2\/product"}],"about":[{"href":"https:\/\/www.mrhardwares.com\/de\/wp-json\/wp\/v2\/types\/product"}],"replies":[{"embeddable":true,"href":"https:\/\/www.mrhardwares.com\/de\/wp-json\/wp\/v2\/comments?post=1676"}],"wp:featuredmedia":[{"embeddable":true,"href":"https:\/\/www.mrhardwares.com\/de\/wp-json\/wp\/v2\/media\/1677"}],"wp:attachment":[{"href":"https:\/\/www.mrhardwares.com\/de\/wp-json\/wp\/v2\/media?parent=1676"}],"wp:term":[{"taxonomy":"product_brand","embeddable":true,"href":"https:\/\/www.mrhardwares.com\/de\/wp-json\/wp\/v2\/product_brand?post=1676"},{"taxonomy":"product_cat","embeddable":true,"href":"https:\/\/www.mrhardwares.com\/de\/wp-json\/wp\/v2\/product_cat?post=1676"},{"taxonomy":"product_tag","embeddable":true,"href":"https:\/\/www.mrhardwares.com\/de\/wp-json\/wp\/v2\/product_tag?post=1676"}],"curies":[{"name":"wp","href":"https:\/\/api.w.org\/{rel}","templated":true}]}}