{"id":1679,"date":"2025-11-24T01:54:59","date_gmt":"2025-11-24T01:54:59","guid":{"rendered":"https:\/\/www.mrhardwares.com\/?post_type=product&#038;p=1679"},"modified":"2025-12-31T02:52:34","modified_gmt":"2025-12-31T02:52:34","slug":"wholesale-inset-cabinet-hinge","status":"publish","type":"product","link":"https:\/\/www.mrhardwares.com\/de\/product\/wholesale-inset-cabinet-hinge\/","title":{"rendered":"Gro\u00dfhandel Inset Cabinet Scharniere - MR-F4A3, geeignet f\u00fcr Garderobe, Bad Schr\u00e4nke, und K\u00fcchenschr\u00e4nke"},"content":{"rendered":"<h3 class=\"wp-block-heading\">Merkmale der Scharniere f\u00fcr Einbauschr\u00e4nke<\/h3><p><strong>Ultrareine \u00c4sthetik:<\/strong> Das eingelassene Scharnier sitzt vollst\u00e4ndig im Schrankrahmen, wodurch eine glatte, ununterbrochene Schrankoberfl\u00e4che entsteht, die perfekt zu minimalistischen, skandinavischen und modernen, luxuri\u00f6sen Einrichtungsstilen passt.<\/p><p><strong>Optimierte Raumnutzung:<\/strong> Die eingebettete Struktur des Einbauscharniers eliminiert \u00e4u\u00dfere Vorspr\u00fcnge und reduziert so das Risiko von versehentlichen St\u00f6\u00dfen - besonders n\u00fctzlich in kompakten K\u00fcchen oder engen Fluren.<\/p><p><strong>Weit verbreitet: <\/strong>Weit verbreitet in Schlafzimmerschr\u00e4nken, Badezimmerschr\u00e4nken, K\u00fcchenschr\u00e4nken, B\u00fcroschr\u00e4nken, Hotelm\u00f6beln und anderen Anwendungen.<\/p><p><strong>Direktverkauf ab Werk: <\/strong>Wir sind ein professionelles <strong><a href=\"https:\/\/www.mrhardwares.com\/de\/\" target=\"_blank\" rel=\"noreferrer noopener\">M\u00f6belscharnierfabrik<\/a><\/strong>Wir bieten Direktverkaufspreise, unterst\u00fctzen OEM- und ODM-Services und bieten exklusive L\u00f6sungen.<\/p>","protected":false},"excerpt":{"rendered":"<p><!-- wp:heading {\"level\":3} --><\/p>\n<p><strong>Preis: US $0.12\/St.<\/strong><\/p>\n<p>Gro\u00dfhandel einf\u00fcgen Schrank Scharniere. Mit einer vollst\u00e4ndig verborgenen Struktur, starker Haltbarkeit, liefert es eine saubere, hochwertige \u00c4sthetik. Mit Fabrikpreisen und Massenlieferung ist es eine ideale Wahl f\u00fcr M\u00f6belhersteller, Gro\u00dfh\u00e4ndler und gro\u00dfe Projekte. Willkommen, uns zu kontaktieren.<\/p>\n<h2>Spezifikationen f\u00fcr Scharniere f\u00fcr Einbauschr\u00e4nke<\/h2>\n<table border=\"0\" cellspacing=\"0\" cellpadding=\"0\">\n<tbody style=\"font-size: 12px; border: 1px solid #ccc; overflow: hidden;\">\n<tr style=\"line-height: 1.4;\">\n<td style=\"width: 33%;\" width=\"36\" height=\"30\"><strong>Spezifikation<\/strong><\/td>\n<td style=\"width: 67%;\" width=\"72\"><strong>Einzelheiten<\/strong><\/td>\n<\/tr>\n<tr style=\"line-height: 1.4;\">\n<td style=\"width: 33%;\" width=\"36\" height=\"30\"><strong>Modellnummer<\/strong><\/td>\n<td style=\"width: 67%;\" width=\"72\">MR-F4A3<\/td>\n<\/tr>\n<tr style=\"line-height: 1.4;\">\n<td style=\"width: 33%;\" width=\"36\" height=\"30\"><strong>Scharnier Material<\/strong><\/td>\n<td style=\"width: 67%;\" width=\"72\">Rostfreier Stahl oder kaltgewalzter Stahl<\/td>\n<\/tr>\n<tr style=\"line-height: 1.4;\">\n<td style=\"width: 33%;\" width=\"36\" height=\"30\"><strong>Scharnier Typ<\/strong><\/td>\n<td style=\"width: 67%;\" width=\"72\">Eingelassenes Scharnier<\/td>\n<\/tr>\n<tr style=\"line-height: 1.4;\">\n<td style=\"width: 33%;\" width=\"36\" height=\"60\"><strong>Anwendbare Szenarien<\/strong><\/td>\n<td style=\"width: 67%;\" width=\"72\">Kleiderschrank, Schrank, B\u00fccherregal, Badezimmerschrank, und mehr<\/td>\n<\/tr>\n<tr style=\"line-height: 1.4;\">\n<td style=\"width: 33%;\" width=\"36\" height=\"50\"><strong>OEM- und ODM-Dienstleistungen<\/strong><\/td>\n<td style=\"width: 67%;\" width=\"72\">Unterst\u00fctzt einfache und tiefgreifende Anpassungen<\/td>\n<\/tr>\n<\/tbody>\n<\/table>\n<p>&nbsp;<\/p>\n<p><script src=\"chrome-extension:\/\/fpelahbljekknahkcaegamhcndkfpfnc\/iFrame.js\" type=\"text\/javascript\"><\/script><\/p>\n<p><script src=\"chrome-extension:\/\/fpelahbljekknahkcaegamhcndkfpfnc\/iFrame.js\" type=\"text\/javascript\"><\/script><\/p>\n<p>\n<script src=\"chrome-extension:\/\/fpelahbljekknahkcaegamhcndkfpfnc\/iFrame.js\" type=\"text\/javascript\"><\/script><\/p>","protected":false},"featured_media":1680,"comment_status":"closed","ping_status":"closed","template":"","meta":{"_acf_changed":false},"product_brand":[],"product_cat":[27],"product_tag":[],"class_list":{"0":"post-1679","1":"product","2":"type-product","3":"status-publish","4":"has-post-thumbnail","6":"product_cat-wholesale-inset-cabinet-hinges","8":"first","9":"instock","10":"shipping-taxable","11":"product-type-simple"},"acf":[],"_links":{"self":[{"href":"https:\/\/www.mrhardwares.com\/de\/wp-json\/wp\/v2\/product\/1679","targetHints":{"allow":["GET"]}}],"collection":[{"href":"https:\/\/www.mrhardwares.com\/de\/wp-json\/wp\/v2\/product"}],"about":[{"href":"https:\/\/www.mrhardwares.com\/de\/wp-json\/wp\/v2\/types\/product"}],"replies":[{"embeddable":true,"href":"https:\/\/www.mrhardwares.com\/de\/wp-json\/wp\/v2\/comments?post=1679"}],"wp:featuredmedia":[{"embeddable":true,"href":"https:\/\/www.mrhardwares.com\/de\/wp-json\/wp\/v2\/media\/1680"}],"wp:attachment":[{"href":"https:\/\/www.mrhardwares.com\/de\/wp-json\/wp\/v2\/media?parent=1679"}],"wp:term":[{"taxonomy":"product_brand","embeddable":true,"href":"https:\/\/www.mrhardwares.com\/de\/wp-json\/wp\/v2\/product_brand?post=1679"},{"taxonomy":"product_cat","embeddable":true,"href":"https:\/\/www.mrhardwares.com\/de\/wp-json\/wp\/v2\/product_cat?post=1679"},{"taxonomy":"product_tag","embeddable":true,"href":"https:\/\/www.mrhardwares.com\/de\/wp-json\/wp\/v2\/product_tag?post=1679"}],"curies":[{"name":"wp","href":"https:\/\/api.w.org\/{rel}","templated":true}]}}