{"id":1682,"date":"2025-11-24T01:47:01","date_gmt":"2025-11-24T01:47:01","guid":{"rendered":"https:\/\/www.mrhardwares.com\/?post_type=product&#038;p=1682"},"modified":"2025-11-24T01:47:02","modified_gmt":"2025-11-24T01:47:02","slug":"wholesale-stainless-steel-fixed-furniture-hinges","status":"publish","type":"product","link":"https:\/\/www.mrhardwares.com\/de\/product\/wholesale-stainless-steel-fixed-furniture-hinges\/","title":{"rendered":"Gro\u00dfhandel Edelstahl feste M\u00f6belscharniere, Soft-close Design (876A-C)"},"content":{"rendered":"<h3 class=\"wp-block-heading\">Merkmale der festen M\u00f6belscharniere<\/h3><p><strong>Korrosionsbest\u00e4ndiges und langlebiges Material:<\/strong> Das Fix-M\u00f6belscharnier ist aus hochwertigem Edelstahl 304 gefertigt und bietet au\u00dfergew\u00f6hnliche Best\u00e4ndigkeit gegen Korrosion, Oxidation und Feuchtigkeit. Es funktioniert zuverl\u00e4ssig in anspruchsvollen Bereichen wie K\u00fcchen und B\u00e4dern, ohne zu rosten, sich zu verformen oder mit der Zeit an Festigkeit zu verlieren.<\/p><p><strong>Pr\u00e4zise Installation:<\/strong> Dank der genau positionierten Befestigungsl\u00f6cher passt unser festes M\u00f6belscharnier nahtlos zu verschiedenen Plattenmaterialien wie Spanplatten, MDF und Massivholz. Die feste Struktur sorgt f\u00fcr eine feste Verbindung mit dem Schrankkorpus und reduziert so Wackeln und L\u00e4rm.<\/p><p><strong>Fabrikpreis: <\/strong>Wir bieten wettbewerbsf\u00e4hige Preise, die sowohl f\u00fcr Gro\u00dfeink\u00e4ufe als auch f\u00fcr kundenspezifische Anforderungen geeignet sind, um die Bed\u00fcrfnisse verschiedener M\u00f6belhersteller und Gro\u00dfh\u00e4ndler zu erf\u00fcllen.<\/p><p><strong>Starke Anpassungsm\u00f6glichkeiten:<\/strong> Als Hersteller von M\u00f6belscharnieren k\u00f6nnen wir neben den Standardscharnieren f\u00fcr M\u00f6belbeschl\u00e4ge auch unsere festen M\u00f6belscharniere in Gr\u00f6\u00dfe, Funktion und Aussehen nach Kundenwunsch anpassen, um den Anforderungen verschiedener M\u00f6belmarken und M\u00e4rkte gerecht zu werden.<\/p><h3 class=\"wp-block-heading\">Anwendungs- und Installationsparameter des \u042435mm-Scharniers<\/h3><p><strong>H = <\/strong>H\u00f6he der Scharnierbasis<br><strong>D = <\/strong>Erforderliches Overlay auf der Seitenwand<br><strong>K = <\/strong>Abstand zwischen der T\u00fcrkante und den Bohrungen am Scharniertopf<br><strong>A = <\/strong>Spalt zwischen der T\u00fcr und der Seitenwand<\/p><figure class=\"wp-block-image size-full\"><img decoding=\"async\" width=\"1600\" height=\"1200\" src=\"https:\/\/www.mrhardwares.com\/wp-content\/uploads\/2024\/12\/The-Detail-of-Furniture-Hardware-Hinges.webp\" alt=\"Das Detail der Scharniere f\u00fcr M\u00f6belbeschl\u00e4ge\" class=\"wp-image-445\" srcset=\"https:\/\/www.mrhardwares.com\/wp-content\/uploads\/2024\/12\/The-Detail-of-Furniture-Hardware-Hinges.webp 1600w, https:\/\/www.mrhardwares.com\/wp-content\/uploads\/2024\/12\/The-Detail-of-Furniture-Hardware-Hinges-300x225.webp 300w, https:\/\/www.mrhardwares.com\/wp-content\/uploads\/2024\/12\/The-Detail-of-Furniture-Hardware-Hinges-768x576.webp 768w, https:\/\/www.mrhardwares.com\/wp-content\/uploads\/2024\/12\/The-Detail-of-Furniture-Hardware-Hinges-1200x900.webp 1200w, https:\/\/www.mrhardwares.com\/wp-content\/uploads\/2024\/12\/The-Detail-of-Furniture-Hardware-Hinges-600x450.webp 600w\" sizes=\"(max-width: 1600px) 100vw, 1600px\" \/><\/figure>","protected":false},"excerpt":{"rendered":"<p>Gro\u00dfhandel feste M\u00f6bel Scharniere, geeignet f\u00fcr verschiedene M\u00f6bel-Anwendungen, wie K\u00fcchenschr\u00e4nke, Schr\u00e4nke, Bad Schr\u00e4nke, etc. Unser festes M\u00f6belscharnier ist f\u00fcr langfristige Haltbarkeit, starke Belastbarkeit und reibungslosen t\u00e4glichen Betrieb gebaut. Mit einer weichen Schlie\u00dffunktion, ist es f\u00fcr die Sicherheit der Familie geeignet. <strong>Unterst\u00fctzung von OEM- und ODM-Anpassungen.<br \/><\/strong><br \/>Als <a href=\"https:\/\/www.mrhardwares.com\/de\/\" target=\"_blank\" rel=\"noopener\"><strong>Professioneller Scharnierhersteller in China<\/strong><\/a>bieten wir wettbewerbsf\u00e4hige Preise. Kontaktieren Sie uns jetzt!<\/p>\n<h2>Spezifikationen f\u00fcr feststehende M\u00f6belscharniere<\/h2>\n<table border=\"0\" cellspacing=\"0\" cellpadding=\"0\">\n<tbody style=\"font-size: 14px; border: 1px solid #ccc; overflow: hidden;\">\n<tr style=\"line-height: 1.4;\">\n<td style=\"width: 33%;\" width=\"36\" height=\"30\"><strong>Spezifikation<\/strong><\/td>\n<td style=\"width: 67%;\" width=\"72\"><strong>Einzelheiten<\/strong><\/td>\n<\/tr>\n<tr style=\"line-height: 1.4;\">\n<td style=\"width: 33%;\" width=\"36\" height=\"30\"><strong>Modellnummer<\/strong><\/td>\n<td style=\"width: 67%;\" width=\"72\">876 - A\uff0c 876 - B\uff0c 876 - C<\/td>\n<\/tr>\n<tr style=\"line-height: 1.4;\">\n<td style=\"width: 33%;\" width=\"36\" height=\"30\"><strong>Scharnier Material<\/strong><\/td>\n<td style=\"width: 67%;\" width=\"72\">Rostfreier Stahl<\/td>\n<\/tr>\n<tr style=\"line-height: 1.4;\">\n<td style=\"width: 33%;\" width=\"36\" height=\"30\"><strong>Scharnier Typ<\/strong><\/td>\n<td style=\"width: 67%;\" width=\"72\">D\u00e4mpfendes Scharnier, Festes Scharnier<\/td>\n<\/tr>\n<tr style=\"line-height: 1.4;\">\n<td style=\"width: 33%;\" width=\"36\" height=\"30\"><strong>\u00d6ffnungswinkel<\/strong><\/td>\n<td style=\"width: 67%;\" width=\"72\">105\u00b0<\/td>\n<\/tr>\n<tr style=\"line-height: 1.4;\">\n<td style=\"width: 33%;\" width=\"36\" height=\"40\"><strong>Durchmesser der Scharnierpfanne<\/strong><\/td>\n<td style=\"width: 67%;\" width=\"72\">35mm<\/td>\n<\/tr>\n<tr style=\"line-height: 1.4;\">\n<td style=\"width: 33%;\" width=\"36\" height=\"40\"><strong>Tiefe der Scharnierschale<\/strong><\/td>\n<td style=\"width: 67%;\" width=\"72\">11,3 mm<\/td>\n<\/tr>\n<tr style=\"line-height: 1.4;\">\n<td style=\"width: 33%;\" width=\"36\" height=\"30\"><strong>Dicke der T\u00fcr<\/strong><\/td>\n<td style=\"width: 67%;\" width=\"72\">13-23mm<\/td>\n<\/tr>\n<tr style=\"line-height: 1.4;\">\n<td style=\"width: 33%;\" width=\"36\" height=\"60\"><strong>Anwendbare Szenarien<\/strong><\/td>\n<td style=\"width: 67%;\" width=\"72\">Kleiderschrank, Schrank, B\u00fccherregal, Badezimmerschrank, und mehr<\/td>\n<\/tr>\n<tr style=\"line-height: 1.4;\">\n<td style=\"width: 33%;\" width=\"36\" height=\"50\"><strong>OEM- und ODM-Dienstleistungen<\/strong><\/td>\n<td style=\"width: 67%;\" width=\"72\">Unterst\u00fctzt einfache und tiefgreifende Anpassungen<\/td>\n<\/tr>\n<\/tbody>\n<\/table>\n<p>\n<script src=\"chrome-extension:\/\/fpelahbljekknahkcaegamhcndkfpfnc\/iFrame.js\" type=\"text\/javascript\"><\/script><\/p>","protected":false},"featured_media":1683,"comment_status":"closed","ping_status":"closed","template":"","meta":{"_acf_changed":false},"product_brand":[],"product_cat":[16,30],"product_tag":[],"class_list":{"0":"post-1682","1":"product","2":"type-product","3":"status-publish","4":"has-post-thumbnail","6":"product_cat-wholesale-soft-closing-hinges","7":"product_cat-wholesale-fixed-hinges","9":"first","10":"instock","11":"shipping-taxable","12":"product-type-simple"},"acf":[],"_links":{"self":[{"href":"https:\/\/www.mrhardwares.com\/de\/wp-json\/wp\/v2\/product\/1682","targetHints":{"allow":["GET"]}}],"collection":[{"href":"https:\/\/www.mrhardwares.com\/de\/wp-json\/wp\/v2\/product"}],"about":[{"href":"https:\/\/www.mrhardwares.com\/de\/wp-json\/wp\/v2\/types\/product"}],"replies":[{"embeddable":true,"href":"https:\/\/www.mrhardwares.com\/de\/wp-json\/wp\/v2\/comments?post=1682"}],"wp:featuredmedia":[{"embeddable":true,"href":"https:\/\/www.mrhardwares.com\/de\/wp-json\/wp\/v2\/media\/1683"}],"wp:attachment":[{"href":"https:\/\/www.mrhardwares.com\/de\/wp-json\/wp\/v2\/media?parent=1682"}],"wp:term":[{"taxonomy":"product_brand","embeddable":true,"href":"https:\/\/www.mrhardwares.com\/de\/wp-json\/wp\/v2\/product_brand?post=1682"},{"taxonomy":"product_cat","embeddable":true,"href":"https:\/\/www.mrhardwares.com\/de\/wp-json\/wp\/v2\/product_cat?post=1682"},{"taxonomy":"product_tag","embeddable":true,"href":"https:\/\/www.mrhardwares.com\/de\/wp-json\/wp\/v2\/product_tag?post=1682"}],"curies":[{"name":"wp","href":"https:\/\/api.w.org\/{rel}","templated":true}]}}