{"id":1684,"date":"2025-11-24T01:40:18","date_gmt":"2025-11-24T01:40:18","guid":{"rendered":"https:\/\/www.mrhardwares.com\/?post_type=product&#038;p=1684"},"modified":"2025-11-24T01:40:19","modified_gmt":"2025-11-24T01:40:19","slug":"ulk-clip-on-cabinet-hinges-wholesale","status":"publish","type":"product","link":"https:\/\/www.mrhardwares.com\/de\/product\/ulk-clip-on-cabinet-hinges-wholesale\/","title":{"rendered":"Bulk Clip-on Cabinet Scharniere Gro\u00dfhandel, abnehmbare Scharniere Fabrik Direktverkauf (878A-C)"},"content":{"rendered":"<h3 class=\"wp-block-heading\">Merkmale der Clip-on-Schrankscharniere<\/h3><p><strong>Schnelle und besch\u00e4digungsfreie Installation: <\/strong>Dieses aufsteckbare Schrankscharnier wird direkt zwischen Schrankrahmen und T\u00fcrpaneel befestigt, ohne die urspr\u00fcngliche Brettstruktur zu ver\u00e4ndern. Es erm\u00f6glicht auch Anf\u00e4ngern oder Heimwerkern, die Installation schnell und sicher durchzuf\u00fchren.<\/p><p><strong>Einstellbar f\u00fcr perfekte Ausrichtung: <\/strong>Das aufsteckbare Schrankscharnier unterst\u00fctzt die Feinjustierung. Diese Konstruktion erm\u00f6glicht es dem Benutzer, Montageabweichungen leicht zu korrigieren und sicherzustellen, dass die Schrankt\u00fcr reibungslos schlie\u00dft und perfekt ausgerichtet ist.<\/p><p><strong>Einfache Wartung und k\u00fcnftige Upgrades:<\/strong> Die Struktur dieses aufsteckbaren Schrankscharniers erm\u00f6glicht ein schnelles Entfernen oder Auswechseln ohne Besch\u00e4digung der Schrankw\u00e4nde. Dies macht routinem\u00e4\u00dfige Wartungsarbeiten, Scharnier-Upgrades oder den Austausch von Schrankt\u00fcren deutlich einfacher.<\/p><p><strong>Vorteile des Gro\u00dfeinkaufs: <\/strong>Als werkseigenes Direktprodukt bieten wir wettbewerbsf\u00e4hige Preise, die f\u00fcr Gro\u00dfabnehmer und Gro\u00dfh\u00e4ndler geeignet sind und helfen, die Beschaffungskosten zu senken.<\/p><p><strong>Ma\u00dfgeschneiderter Service: <\/strong>Wir bieten OEM- und ODM-Services f\u00fcr kundenspezifische Scharniere an, die Produktdesign, Musterproduktion, Erf\u00fcllung pers\u00f6nlicher Designanforderungen und ma\u00dfgeschneiderte L\u00f6sungen f\u00fcr Ihre M\u00f6belprojekte umfassen.<\/p><h3 class=\"wp-block-heading\">Anwendungs- und Installationsparameter des \u042435mm-Scharniers<\/h3><p><strong>H = <\/strong>H\u00f6he der Scharnierbasis<br><strong>D = <\/strong>Erforderliches Overlay auf der Seitenwand<br><strong>K = <\/strong>Abstand zwischen der T\u00fcrkante und den Bohrungen am Scharniertopf<br><strong>A = <\/strong>Spalt zwischen der T\u00fcr und der Seitenwand<\/p><figure class=\"wp-block-image size-full\"><img decoding=\"async\" width=\"1600\" height=\"1200\" src=\"https:\/\/www.mrhardwares.com\/wp-content\/uploads\/2024\/12\/Details-of-Cabinet-Soft-Close-Hinges-1.webp\" alt=\"Details zu Schrankscharnieren mit Soft-Close-Funktion\" class=\"wp-image-450\" srcset=\"https:\/\/www.mrhardwares.com\/wp-content\/uploads\/2024\/12\/Details-of-Cabinet-Soft-Close-Hinges-1.webp 1600w, https:\/\/www.mrhardwares.com\/wp-content\/uploads\/2024\/12\/Details-of-Cabinet-Soft-Close-Hinges-1-300x225.webp 300w, https:\/\/www.mrhardwares.com\/wp-content\/uploads\/2024\/12\/Details-of-Cabinet-Soft-Close-Hinges-1-768x576.webp 768w, https:\/\/www.mrhardwares.com\/wp-content\/uploads\/2024\/12\/Details-of-Cabinet-Soft-Close-Hinges-1-1200x900.webp 1200w, https:\/\/www.mrhardwares.com\/wp-content\/uploads\/2024\/12\/Details-of-Cabinet-Soft-Close-Hinges-1-600x450.webp 600w\" sizes=\"(max-width: 1600px) 100vw, 1600px\" \/><\/figure>","protected":false},"excerpt":{"rendered":"<p>Gro\u00dfhandel Clip-on Schrank Scharniere, kompatibel mit einer Vielzahl von Materialien, einschlie\u00dflich Holz, Kunststoff-Board, sind geeignet f\u00fcr alle Arten von Schrankt\u00fcren. Die Clip-on-Struktur wird verwendet, um die Lebensdauer der M\u00f6bel besser zu verl\u00e4ngern.<a href=\"https:\/\/www.mrhardwares.com\/de\/\" target=\"_blank\" rel=\"noopener\"><strong> Mingrun Scharnierfabrik<\/strong><\/a> unterst\u00fctzt Eink\u00e4ufe in gro\u00dfen Mengen und bietet Anpassungsdienste aus einer Hand. Willkommen, uns zu kontaktieren.<\/p>\n<h2>Spezifikationen f\u00fcr Clip-on-Schrankscharniere<\/h2>\n<table border=\"0\" cellspacing=\"0\" cellpadding=\"0\">\n<tbody style=\"font-size: 14px; border: 1px solid #ccc; overflow: hidden;\">\n<tr style=\"line-height: 1.4;\">\n<td style=\"width: 33%;\" width=\"36\" height=\"30\"><strong>Spezifikation<\/strong><\/td>\n<td style=\"width: 67%;\" width=\"72\"><strong>Einzelheiten<\/strong><\/td>\n<\/tr>\n<tr style=\"line-height: 1.4;\">\n<td style=\"width: 33%;\" width=\"36\" height=\"30\"><strong>Modellnummer<\/strong><\/td>\n<td style=\"width: 67%;\" width=\"72\">878 - A\uff0c 878 - B\uff0c 878 - C<\/td>\n<\/tr>\n<tr style=\"line-height: 1.4;\">\n<td style=\"width: 33%;\" width=\"36\" height=\"30\"><strong>Scharnier Material<\/strong><\/td>\n<td style=\"width: 67%;\" width=\"72\">Rostfreier Stahl<\/td>\n<\/tr>\n<tr style=\"line-height: 1.4;\">\n<td style=\"width: 33%;\" width=\"36\" height=\"30\"><strong>Scharnier Typ<\/strong><\/td>\n<td style=\"width: 67%;\" width=\"72\">D\u00e4mpfendes Scharnier, Clip-on-Scharnier<\/td>\n<\/tr>\n<tr style=\"line-height: 1.4;\">\n<td style=\"width: 33%;\" width=\"36\" height=\"30\"><strong>\u00d6ffnungswinkel<\/strong><\/td>\n<td style=\"width: 67%;\" width=\"72\">105\u00b0<\/td>\n<\/tr>\n<tr style=\"line-height: 1.4;\">\n<td style=\"width: 33%;\" width=\"36\" height=\"40\"><strong>Durchmesser der Scharnierpfanne<\/strong><\/td>\n<td style=\"width: 67%;\" width=\"72\">35mm<\/td>\n<\/tr>\n<tr style=\"line-height: 1.4;\">\n<td style=\"width: 33%;\" width=\"36\" height=\"40\"><strong>Tiefe der Scharnierschale<\/strong><\/td>\n<td style=\"width: 67%;\" width=\"72\">11,3 mm<\/td>\n<\/tr>\n<tr style=\"line-height: 1.4;\">\n<td style=\"width: 33%;\" width=\"36\" height=\"30\"><strong>Dicke der T\u00fcr<\/strong><\/td>\n<td style=\"width: 67%;\" width=\"72\">13-23mm<\/td>\n<\/tr>\n<tr style=\"line-height: 1.4;\">\n<td style=\"width: 33%;\" width=\"36\" height=\"60\"><strong>Anwendbare Szenarien<\/strong><\/td>\n<td style=\"width: 67%;\" width=\"72\">Kleiderschrank, Schrank, B\u00fccherregal, Badezimmerschrank, und mehr<\/td>\n<\/tr>\n<tr style=\"line-height: 1.4;\">\n<td style=\"width: 33%;\" width=\"36\" height=\"50\"><strong>OEM- und ODM-Dienstleistungen<\/strong><\/td>\n<td style=\"width: 67%;\" width=\"72\">Unterst\u00fctzt einfache und tiefgreifende Anpassungen<\/td>\n<\/tr>\n<\/tbody>\n<\/table>\n<p>\n<script src=\"chrome-extension:\/\/fpelahbljekknahkcaegamhcndkfpfnc\/iFrame.js\" type=\"text\/javascript\"><\/script><\/p>","protected":false},"featured_media":1685,"comment_status":"closed","ping_status":"closed","template":"","meta":{"_acf_changed":false},"product_brand":[],"product_cat":[16,29],"product_tag":[],"class_list":{"0":"post-1684","1":"product","2":"type-product","3":"status-publish","4":"has-post-thumbnail","6":"product_cat-wholesale-soft-closing-hinges","7":"product_cat-wholesale-clip-on-hinges","9":"first","10":"instock","11":"shipping-taxable","12":"product-type-simple"},"acf":[],"_links":{"self":[{"href":"https:\/\/www.mrhardwares.com\/de\/wp-json\/wp\/v2\/product\/1684","targetHints":{"allow":["GET"]}}],"collection":[{"href":"https:\/\/www.mrhardwares.com\/de\/wp-json\/wp\/v2\/product"}],"about":[{"href":"https:\/\/www.mrhardwares.com\/de\/wp-json\/wp\/v2\/types\/product"}],"replies":[{"embeddable":true,"href":"https:\/\/www.mrhardwares.com\/de\/wp-json\/wp\/v2\/comments?post=1684"}],"wp:featuredmedia":[{"embeddable":true,"href":"https:\/\/www.mrhardwares.com\/de\/wp-json\/wp\/v2\/media\/1685"}],"wp:attachment":[{"href":"https:\/\/www.mrhardwares.com\/de\/wp-json\/wp\/v2\/media?parent=1684"}],"wp:term":[{"taxonomy":"product_brand","embeddable":true,"href":"https:\/\/www.mrhardwares.com\/de\/wp-json\/wp\/v2\/product_brand?post=1684"},{"taxonomy":"product_cat","embeddable":true,"href":"https:\/\/www.mrhardwares.com\/de\/wp-json\/wp\/v2\/product_cat?post=1684"},{"taxonomy":"product_tag","embeddable":true,"href":"https:\/\/www.mrhardwares.com\/de\/wp-json\/wp\/v2\/product_tag?post=1684"}],"curies":[{"name":"wp","href":"https:\/\/api.w.org\/{rel}","templated":true}]}}