{"id":1686,"date":"2025-11-24T01:34:39","date_gmt":"2025-11-24T01:34:39","guid":{"rendered":"https:\/\/www.mrhardwares.com\/?post_type=product&#038;p=1686"},"modified":"2025-11-24T01:34:40","modified_gmt":"2025-11-24T01:34:40","slug":"wholesale-fixed-cabinet-hinges-durable-and-competitively-priced-626a-c","status":"publish","type":"product","link":"https:\/\/www.mrhardwares.com\/de\/product\/wholesale-fixed-cabinet-hinges-durable-and-competitively-priced-626a-c\/","title":{"rendered":"Feste Scharniere f\u00fcr den Gro\u00dfhandel, langlebig und preisg\u00fcnstig (626A-C)"},"content":{"rendered":"<h3 class=\"wp-block-heading\">Merkmale der festen Scharniere<\/h3><p><strong>Stabile Festverbindungsstruktur: <\/strong>Dieses Modell ist mit einem starren, festen Scharnier ausgestattet und wird durch vorgebohrte L\u00f6cher und Schrauben sicher an der Schrankt\u00fcr und der Seitenwand befestigt. Die mechanische Verbindung zwischen dem Scharnierarm und dem Sockel gew\u00e4hrleistet kontrollierte, gleichm\u00e4\u00dfige \u00d6ffnungswinkel.<\/p><p><strong>Automatische Schlie\u00dffunktion:<\/strong> Die hydraulische Konstruktion unseres festen Scharniers kann das T\u00fcrblatt automatisch und langsam schlie\u00dfen, wodurch die durch das schnelle Schlie\u00dfen des T\u00fcrblatts verursachten St\u00f6\u00dfe vermieden werden, die M\u00f6bel und das Scharnier selbst gesch\u00fctzt werden und die Lebensdauer verl\u00e4ngert wird.<\/p><p><strong>Effiziente Tragf\u00e4higkeit: <\/strong>Die feste Scharnierkonstruktion kann einem hohen Gewicht standhalten und eignet sich f\u00fcr schwere T\u00fcrverkleidungen, Schr\u00e4nke und hochwertige M\u00f6bel.<\/p><p><strong>Direkte Fabriklieferung:<\/strong> Als <strong><a href=\"https:\/\/www.mrhardwares.com\/de\/\" target=\"_blank\" rel=\"noreferrer noopener\">Hersteller von M\u00f6belscharnieren<\/a><\/strong>sind wir in der Lage, preislich konkurrenzf\u00e4hige feste Scharniere in gro\u00dfen Mengen anzubieten. Dieses Angebot an Scharnieren in gro\u00dfen Mengen passt zu Gro\u00dfh\u00e4ndlern, M\u00f6belherstellern und Immobilienentwicklern.<\/p><p><strong>Anpassungsm\u00f6glichkeiten: <\/strong>Wir unterst\u00fctzen OEM- und ODM-Kundenanpassungsdienste und k\u00f6nnen die Gr\u00f6\u00dfe und Funktion des Scharniers entsprechend den Kundenbed\u00fcrfnissen anpassen, um individuelle Anforderungen zu erf\u00fcllen.<\/p><h3 class=\"wp-block-heading\">Anwendungs- und Installationsparameter des \u042435mm-Scharniers<\/h3><p><strong>H = <\/strong>H\u00f6he der Scharnierbasis<br><strong>D = <\/strong>Erforderliches Overlay auf der Seitenwand<br><strong>K = <\/strong>Abstand zwischen der T\u00fcrkante und den Bohrungen am Scharniertopf<br><strong>A = <\/strong>Spalt zwischen der T\u00fcr und der Seitenwand<\/p><figure class=\"wp-block-image size-full\"><img decoding=\"async\" width=\"1600\" height=\"1200\" src=\"https:\/\/www.mrhardwares.com\/wp-content\/uploads\/2024\/12\/Details-of-Hydraulic-Hinges.webp\" alt=\"Details der hydraulischen Scharniere\" class=\"wp-image-452\" srcset=\"https:\/\/www.mrhardwares.com\/wp-content\/uploads\/2024\/12\/Details-of-Hydraulic-Hinges.webp 1600w, https:\/\/www.mrhardwares.com\/wp-content\/uploads\/2024\/12\/Details-of-Hydraulic-Hinges-300x225.webp 300w, https:\/\/www.mrhardwares.com\/wp-content\/uploads\/2024\/12\/Details-of-Hydraulic-Hinges-768x576.webp 768w, https:\/\/www.mrhardwares.com\/wp-content\/uploads\/2024\/12\/Details-of-Hydraulic-Hinges-1200x900.webp 1200w, https:\/\/www.mrhardwares.com\/wp-content\/uploads\/2024\/12\/Details-of-Hydraulic-Hinges-600x450.webp 600w\" sizes=\"(max-width: 1600px) 100vw, 1600px\" \/><\/figure>","protected":false},"excerpt":{"rendered":"<p>Gro\u00dfhandel anpassbare feste Scharniere. Mit einem hydraulischen Design k\u00f6nnen unsere festen Scharniere sicherstellen, dass sich die T\u00fcrverkleidung reibungslos, langsam und leise \u00f6ffnet und schlie\u00dft, was das Benutzererlebnis verbessert. Geeignet f\u00fcr alle Arten von Schrankt\u00fcren und M\u00f6belt\u00fcrverkleidungen. Als <a href=\"https:\/\/www.mrhardwares.com\/de\/\" target=\"_blank\" rel=\"noopener\"><strong>Hersteller von M\u00f6belscharnieren,<\/strong><\/a> Wir bieten Gro\u00dfhandel und kundenspezifische Scharniere. Willkommen, uns zu kontaktieren.<\/p>\n<h2>Spezifikationen f\u00fcr feste Scharniere<\/h2>\n<table border=\"0\" cellspacing=\"0\" cellpadding=\"0\">\n<tbody style=\"font-size: 14px; border: 1px solid #ccc; overflow: hidden;\">\n<tr style=\"line-height: 1.4;\">\n<td style=\"width: 33%;\" width=\"36\" height=\"30\"><strong>Spezifikation<\/strong><\/td>\n<td style=\"width: 67%;\" width=\"72\"><strong>Einzelheiten<\/strong><\/td>\n<\/tr>\n<tr style=\"line-height: 1.4;\">\n<td style=\"width: 33%;\" width=\"36\" height=\"30\"><strong>Modellnummer<\/strong><\/td>\n<td style=\"width: 67%;\" width=\"72\">626-A\uff0c 626-B\uff0c 626-C<\/td>\n<\/tr>\n<tr style=\"line-height: 1.4;\">\n<td style=\"width: 33%;\" width=\"36\" height=\"30\"><strong>Scharnier Material<\/strong><\/td>\n<td style=\"width: 67%;\" width=\"72\">Eisen<\/td>\n<\/tr>\n<tr style=\"line-height: 1.4;\">\n<td style=\"width: 33%;\" width=\"36\" height=\"30\"><strong>Scharnier Typ<\/strong><\/td>\n<td style=\"width: 67%;\" width=\"72\">D\u00e4mpfendes Scharnier, Festes Scharnier<\/td>\n<\/tr>\n<tr style=\"line-height: 1.4;\">\n<td style=\"width: 33%;\" width=\"36\" height=\"30\"><strong>\u00d6ffnungswinkel<\/strong><\/td>\n<td style=\"width: 67%;\" width=\"72\">105\u00b0<\/td>\n<\/tr>\n<tr style=\"line-height: 1.4;\">\n<td style=\"width: 33%;\" width=\"36\" height=\"40\"><strong>Durchmesser der Scharnierpfanne<\/strong><\/td>\n<td style=\"width: 67%;\" width=\"72\">35mm<\/td>\n<\/tr>\n<tr style=\"line-height: 1.4;\">\n<td style=\"width: 33%;\" width=\"36\" height=\"40\"><strong>Tiefe der Scharnierschale<\/strong><\/td>\n<td style=\"width: 67%;\" width=\"72\">11,3 mm<\/td>\n<\/tr>\n<tr style=\"line-height: 1.4;\">\n<td style=\"width: 33%;\" width=\"36\" height=\"30\"><strong>Dicke der T\u00fcr<\/strong><\/td>\n<td style=\"width: 67%;\" width=\"72\">13-23mm<\/td>\n<\/tr>\n<tr style=\"line-height: 1.4;\">\n<td style=\"width: 33%;\" width=\"36\" height=\"60\"><strong>Anwendbare Szenarien<\/strong><\/td>\n<td style=\"width: 67%;\" width=\"72\">Kleiderschrank, Schrank, B\u00fccherregal, Badezimmerschrank, und mehr<\/td>\n<\/tr>\n<tr style=\"line-height: 1.4;\">\n<td style=\"width: 33%;\" width=\"36\" height=\"50\"><strong>OEM- und ODM-Dienstleistungen<\/strong><\/td>\n<td style=\"width: 67%;\" width=\"72\">Unterst\u00fctzt einfache und tiefgreifende Anpassungen<\/td>\n<\/tr>\n<\/tbody>\n<\/table>\n<p>\n<script src=\"chrome-extension:\/\/fpelahbljekknahkcaegamhcndkfpfnc\/iFrame.js\" type=\"text\/javascript\"><\/script><\/p>","protected":false},"featured_media":1687,"comment_status":"closed","ping_status":"closed","template":"","meta":{"_acf_changed":false},"product_brand":[],"product_cat":[30,16],"product_tag":[],"class_list":{"0":"post-1686","1":"product","2":"type-product","3":"status-publish","4":"has-post-thumbnail","6":"product_cat-wholesale-fixed-hinges","7":"product_cat-wholesale-soft-closing-hinges","9":"first","10":"instock","11":"shipping-taxable","12":"product-type-simple"},"acf":[],"_links":{"self":[{"href":"https:\/\/www.mrhardwares.com\/de\/wp-json\/wp\/v2\/product\/1686","targetHints":{"allow":["GET"]}}],"collection":[{"href":"https:\/\/www.mrhardwares.com\/de\/wp-json\/wp\/v2\/product"}],"about":[{"href":"https:\/\/www.mrhardwares.com\/de\/wp-json\/wp\/v2\/types\/product"}],"replies":[{"embeddable":true,"href":"https:\/\/www.mrhardwares.com\/de\/wp-json\/wp\/v2\/comments?post=1686"}],"wp:featuredmedia":[{"embeddable":true,"href":"https:\/\/www.mrhardwares.com\/de\/wp-json\/wp\/v2\/media\/1687"}],"wp:attachment":[{"href":"https:\/\/www.mrhardwares.com\/de\/wp-json\/wp\/v2\/media?parent=1686"}],"wp:term":[{"taxonomy":"product_brand","embeddable":true,"href":"https:\/\/www.mrhardwares.com\/de\/wp-json\/wp\/v2\/product_brand?post=1686"},{"taxonomy":"product_cat","embeddable":true,"href":"https:\/\/www.mrhardwares.com\/de\/wp-json\/wp\/v2\/product_cat?post=1686"},{"taxonomy":"product_tag","embeddable":true,"href":"https:\/\/www.mrhardwares.com\/de\/wp-json\/wp\/v2\/product_tag?post=1686"}],"curies":[{"name":"wp","href":"https:\/\/api.w.org\/{rel}","templated":true}]}}