{"id":1688,"date":"2025-11-24T01:26:09","date_gmt":"2025-11-24T01:26:09","guid":{"rendered":"https:\/\/www.mrhardwares.com\/?post_type=product&#038;p=1688"},"modified":"2025-11-24T01:26:10","modified_gmt":"2025-11-24T01:26:10","slug":"wholesale-hydraulic-clip-on-cabinet-hinges","status":"publish","type":"product","link":"https:\/\/www.mrhardwares.com\/de\/product\/wholesale-hydraulic-clip-on-cabinet-hinges\/","title":{"rendered":"Gro\u00dfhandel Hydraulische Clip-on Schrank Scharniere (628A-C) - Mingrun Scharnier Hersteller"},"content":{"rendered":"<h3 class=\"wp-block-heading\">Merkmale der hydraulischen Clip-on-Schrankscharniere<\/h3><p><strong>Quick-Release-Struktur:<\/strong> Das Clip-on-Scharnier ist mit einem integrierten Schnellverschluss ausgestattet, mit dem sich die T\u00fcr vom Schrank l\u00f6sen l\u00e4sst. Mit einer einfachen Druck- oder Schiebebewegung kann der Benutzer das Scharnier in Sekundenschnelle trennen oder wieder anbringen.<\/p><p><strong>Hydraulische Leistung:<\/strong> Ein eingebautes hydraulisches D\u00e4mpfungssystem sorgt f\u00fcr ein sanftes und gleichm\u00e4\u00dfiges Schlie\u00dfen der T\u00fcr und vermeidet harte Aufprallger\u00e4usche, wie sie bei herk\u00f6mmlichen Scharnieren entstehen.<\/p><p><strong>Ma\u00dfgeschneiderter Service:<\/strong> Unterst\u00fctzt kundenspezifische Gr\u00f6\u00dfe, Funktion, Aussehen, usw., je nach Kundenwunsch. Mingrun bietet professionelle, kundenspezifische Clip-on-Scharnier-L\u00f6sungen.<\/p><p><strong>Breiter Anwendungsbereich:<\/strong> Dieses hydraulische Clipscharnier eignet sich f\u00fcr verschiedene Arten von Schrankt\u00fcren und M\u00f6beln, wie z. B. K\u00fcchenschr\u00e4nke, Badezimmerschr\u00e4nke, Kleiderschr\u00e4nke, Weinschr\u00e4nke und mehr.<\/p><h3 class=\"wp-block-heading\">Anwendungs- und Installationsparameter des \u042435mm-Scharniers<\/h3><p><strong>H = <\/strong>H\u00f6he der Scharnierbasis<br><strong>D = <\/strong>Erforderliches Overlay auf der Seitenwand<br><strong>K = <\/strong>Abstand zwischen der T\u00fcrkante und den Bohrungen am Scharniertopf<br><strong>A = <\/strong>Spalt zwischen der T\u00fcr und der Seitenwand<\/p><figure class=\"wp-block-image size-full\"><img decoding=\"async\" width=\"1600\" height=\"1200\" src=\"https:\/\/www.mrhardwares.com\/wp-content\/uploads\/2024\/12\/Details-of-Hydraulic-Hinges-1.webp\" alt=\"Details der hydraulischen Scharniere\" class=\"wp-image-648\" srcset=\"https:\/\/www.mrhardwares.com\/wp-content\/uploads\/2024\/12\/Details-of-Hydraulic-Hinges-1.webp 1600w, https:\/\/www.mrhardwares.com\/wp-content\/uploads\/2024\/12\/Details-of-Hydraulic-Hinges-1-300x225.webp 300w, https:\/\/www.mrhardwares.com\/wp-content\/uploads\/2024\/12\/Details-of-Hydraulic-Hinges-1-768x576.webp 768w, https:\/\/www.mrhardwares.com\/wp-content\/uploads\/2024\/12\/Details-of-Hydraulic-Hinges-1-1200x900.webp 1200w, https:\/\/www.mrhardwares.com\/wp-content\/uploads\/2024\/12\/Details-of-Hydraulic-Hinges-1-600x450.webp 600w\" sizes=\"(max-width: 1600px) 100vw, 1600px\" \/><\/figure>","protected":false},"excerpt":{"rendered":"<p>Gro\u00dfhandel hydraulische Clip-on Scharniere f\u00fcr Schr\u00e4nke. Dieses hydraulische Clip-on-Scharnier kann schwerem Gewicht standhalten und langfristige Stabilit\u00e4t gew\u00e4hrleisten. Geeignet f\u00fcr High-End-M\u00f6bel wie K\u00fcchenschr\u00e4nke, Badezimmerschr\u00e4nke, Kleiderschr\u00e4nke, und perfekt f\u00fcr T\u00fcrverkleidungen aus verschiedenen Materialien wie Holz, Metall und Glas. Fabriklieferung. Bitte kontaktieren Sie uns f\u00fcr ein Angebot.<\/p>\n<h2>Spezifikationen f\u00fcr hydraulische Clip-on-Scharniere f\u00fcr Schr\u00e4nke<\/h2>\n<table border=\"0\" cellspacing=\"0\" cellpadding=\"0\">\n<tbody style=\"font-size: 14px; border: 1px solid #ccc; overflow: hidden;\">\n<tr style=\"line-height: 1.4;\">\n<td style=\"width: 33%;\" width=\"36\" height=\"30\"><strong>Spezifikation<\/strong><\/td>\n<td style=\"width: 67%;\" width=\"72\"><strong>Einzelheiten<\/strong><\/td>\n<\/tr>\n<tr style=\"line-height: 1.4;\">\n<td style=\"width: 33%;\" width=\"36\" height=\"30\"><strong>Modellnummer<\/strong><\/td>\n<td style=\"width: 67%;\" width=\"72\">628-A,628-B,628-C<\/td>\n<\/tr>\n<tr style=\"line-height: 1.4;\">\n<td style=\"width: 33%;\" width=\"36\" height=\"30\"><strong>Scharnier Material<\/strong><\/td>\n<td style=\"width: 67%;\" width=\"72\">Eisen<\/td>\n<\/tr>\n<tr style=\"line-height: 1.4;\">\n<td style=\"width: 33%;\" width=\"36\" height=\"30\"><strong>Scharnier Typ<\/strong><\/td>\n<td style=\"width: 67%;\" width=\"72\">D\u00e4mpfendes Scharnier, Clip-on-Scharnier<\/td>\n<\/tr>\n<tr style=\"line-height: 1.4;\">\n<td style=\"width: 33%;\" width=\"36\" height=\"30\"><strong>\u00d6ffnungswinkel<\/strong><\/td>\n<td style=\"width: 67%;\" width=\"72\">105\u00b0<\/td>\n<\/tr>\n<tr style=\"line-height: 1.4;\">\n<td style=\"width: 33%;\" width=\"36\" height=\"40\"><strong>Durchmesser der Scharnierpfanne<\/strong><\/td>\n<td style=\"width: 67%;\" width=\"72\">35mm<\/td>\n<\/tr>\n<tr style=\"line-height: 1.4;\">\n<td style=\"width: 33%;\" width=\"36\" height=\"40\"><strong>Tiefe der Scharnierschale<\/strong><\/td>\n<td style=\"width: 67%;\" width=\"72\">11,3 mm<\/td>\n<\/tr>\n<tr style=\"line-height: 1.4;\">\n<td style=\"width: 33%;\" width=\"36\" height=\"30\"><strong>Dicke der T\u00fcr<\/strong><\/td>\n<td style=\"width: 67%;\" width=\"72\">13-23mm<\/td>\n<\/tr>\n<tr style=\"line-height: 1.4;\">\n<td style=\"width: 33%;\" width=\"36\" height=\"60\"><strong>Anwendbare Szenarien<\/strong><\/td>\n<td style=\"width: 67%;\" width=\"72\">Kleiderschrank, Schrank, B\u00fccherregal, Badezimmerschrank, und mehr<\/td>\n<\/tr>\n<tr style=\"line-height: 1.4;\">\n<td style=\"width: 33%;\" width=\"36\" height=\"50\"><strong>OEM- und ODM-Dienstleistungen<\/strong><\/td>\n<td style=\"width: 67%;\" width=\"72\">Unterst\u00fctzt einfache und tiefgreifende Anpassungen<\/td>\n<\/tr>\n<\/tbody>\n<\/table>\n<p>\n<script src=\"chrome-extension:\/\/fpelahbljekknahkcaegamhcndkfpfnc\/iFrame.js\" type=\"text\/javascript\"><\/script><\/p>","protected":false},"featured_media":1689,"comment_status":"closed","ping_status":"closed","template":"","meta":{"_acf_changed":false},"product_brand":[],"product_cat":[16,29,17],"product_tag":[],"class_list":{"0":"post-1688","1":"product","2":"type-product","3":"status-publish","4":"has-post-thumbnail","6":"product_cat-wholesale-soft-closing-hinges","7":"product_cat-wholesale-clip-on-hinges","8":"product_cat-wholesale-cabinet-hinges","10":"first","11":"instock","12":"shipping-taxable","13":"product-type-simple"},"acf":[],"_links":{"self":[{"href":"https:\/\/www.mrhardwares.com\/de\/wp-json\/wp\/v2\/product\/1688","targetHints":{"allow":["GET"]}}],"collection":[{"href":"https:\/\/www.mrhardwares.com\/de\/wp-json\/wp\/v2\/product"}],"about":[{"href":"https:\/\/www.mrhardwares.com\/de\/wp-json\/wp\/v2\/types\/product"}],"replies":[{"embeddable":true,"href":"https:\/\/www.mrhardwares.com\/de\/wp-json\/wp\/v2\/comments?post=1688"}],"wp:featuredmedia":[{"embeddable":true,"href":"https:\/\/www.mrhardwares.com\/de\/wp-json\/wp\/v2\/media\/1689"}],"wp:attachment":[{"href":"https:\/\/www.mrhardwares.com\/de\/wp-json\/wp\/v2\/media?parent=1688"}],"wp:term":[{"taxonomy":"product_brand","embeddable":true,"href":"https:\/\/www.mrhardwares.com\/de\/wp-json\/wp\/v2\/product_brand?post=1688"},{"taxonomy":"product_cat","embeddable":true,"href":"https:\/\/www.mrhardwares.com\/de\/wp-json\/wp\/v2\/product_cat?post=1688"},{"taxonomy":"product_tag","embeddable":true,"href":"https:\/\/www.mrhardwares.com\/de\/wp-json\/wp\/v2\/product_tag?post=1688"}],"curies":[{"name":"wp","href":"https:\/\/api.w.org\/{rel}","templated":true}]}}