{"id":386,"date":"2024-12-25T15:33:02","date_gmt":"2024-12-25T15:33:02","guid":{"rendered":"https:\/\/www.mrhardwares.com\/?post_type=product&#038;p=386"},"modified":"2025-01-06T14:50:31","modified_gmt":"2025-01-06T14:50:31","slug":"custom-concealed-soft-close-cabinet-hinges","status":"publish","type":"product","link":"https:\/\/www.mrhardwares.com\/de\/product\/custom-concealed-soft-close-cabinet-hinges\/","title":{"rendered":"Benutzerdefinierte verdeckte Soft Close Schrank Scharniere Gro\u00dfhandel - 3D Multifunktions Scharnier\uff08698A-C\uff09"},"content":{"rendered":"<h3 class=\"wp-block-heading\">Merkmale des verdeckten, sanft schlie\u00dfenden Kabinettscharniers<\/h3><p><strong>D\u00e4mpfende Konstruktion: <\/strong>Dieses Soft-Close-Schrankscharnier ist mit einer D\u00e4mpfungsfunktion ausgestattet, die ein langsames Schlie\u00dfen erm\u00f6glicht, Ger\u00e4usche reduziert, die Schrankt\u00fcr und die Scharnierstruktur sch\u00fctzt und einen h\u00f6heren Komfort bietet.<\/p><p><strong>Starke Anpassungsf\u00e4higkeit:<\/strong> <\/p><ul class=\"wp-block-list\"><li>Der \u00d6ffnungswinkel dieses Soft-Close-Scharniers betr\u00e4gt 105\u00b0, was den Anforderungen der meisten Schrankt\u00fcren entspricht und einen hohen Komfort bietet.<\/li>\n\n<li>Geeignet f\u00fcr T\u00fcrpaneele mit einer Dicke von 13-23 mm, was den Dickenbereich g\u00e4ngiger M\u00f6belt\u00fcrpaneele abdeckt.<\/li><\/ul><p><strong>Standardisiertes Design: <\/strong>Der Durchmesser des Scharniertopfs betr\u00e4gt 35 mm und die Tiefe 11,3 mm, was den allgemeinen Industriestandards entspricht und einfach zu installieren und zu ersetzen ist.<\/p><p><strong>Breite Anwendung: <\/strong>Es kann in verschiedenen M\u00f6belt\u00fcren, wie z. B. Kleiderschr\u00e4nken, Schr\u00e4nken, B\u00fccherregalen usw. verwendet werden und erf\u00fcllt die Anforderungen verschiedener Szenarien, wie z. B. zu Hause und im B\u00fcro.<\/p><h3 class=\"wp-block-heading\">Anwendungs- und Installationsparameter des \u042435mm-Scharniers<\/h3><p><strong>H = <\/strong>H\u00f6he der Scharnierbasis<br><strong>D = <\/strong>Erforderliches Overlay auf der Seitenwand<br><strong>K = <\/strong>Abstand zwischen der T\u00fcrkante und den Bohrungen am Scharniertopf<br><strong>A = <\/strong>Spalt zwischen der T\u00fcr und der Seitenwand<\/p><figure class=\"wp-block-image size-full\"><img decoding=\"async\" width=\"1600\" height=\"1200\" src=\"https:\/\/www.mrhardwares.com\/wp-content\/uploads\/2024\/12\/Details-of-Soft-Close-Cabinet-Hinge.webp\" alt=\"Details zu Soft-Close-Schrankscharnier\" class=\"wp-image-391\" srcset=\"https:\/\/www.mrhardwares.com\/wp-content\/uploads\/2024\/12\/Details-of-Soft-Close-Cabinet-Hinge.webp 1600w, https:\/\/www.mrhardwares.com\/wp-content\/uploads\/2024\/12\/Details-of-Soft-Close-Cabinet-Hinge-300x225.webp 300w, https:\/\/www.mrhardwares.com\/wp-content\/uploads\/2024\/12\/Details-of-Soft-Close-Cabinet-Hinge-768x576.webp 768w, https:\/\/www.mrhardwares.com\/wp-content\/uploads\/2024\/12\/Details-of-Soft-Close-Cabinet-Hinge-1200x900.webp 1200w, https:\/\/www.mrhardwares.com\/wp-content\/uploads\/2024\/12\/Details-of-Soft-Close-Cabinet-Hinge-600x450.webp 600w\" sizes=\"(max-width: 1600px) 100vw, 1600px\" \/><\/figure>","protected":false},"excerpt":{"rendered":"<p>Gro\u00dfhandel benutzerdefinierte Scharniere, diese benutzerdefinierte verdeckte Soft-Close-Schrank Scharnier hat eine ger\u00e4uschlose Schlie\u00dffunktion, um sicherzustellen, dass die Schrankt\u00fcr \u00f6ffnet und schlie\u00dft reibungslos und leise, und das versteckte Design bietet eine einfache und sch\u00f6ne Optik bei gleichzeitiger Maximierung der Platzeinsparung. Als Scharnier Hersteller, unterst\u00fctzen wir oem und odm Dienstleistungen und bieten Ihnen mit wettbewerbsf\u00e4higen Preisen, willkommen, uns zu kontaktieren.<\/p>\n<h2>Spezifikationen f\u00fcr Custom Concealed Soft Close Cabinet Hinge<\/h2>\n<table border=\"0\" cellspacing=\"0\" cellpadding=\"0\">\n<tbody style=\"font-size: 14px; border: 1px solid #ccc; overflow: hidden;\">\n<tr style=\"line-height: 1.4;\">\n<td style=\"width: 33%;\" width=\"36\" height=\"30\"><strong>Spezifikation<\/strong><\/td>\n<td style=\"width: 67%;\" width=\"72\"><strong>Einzelheiten<\/strong><\/td>\n<\/tr>\n<tr style=\"line-height: 1.4;\">\n<td style=\"width: 33%;\" width=\"36\" height=\"30\"><strong>Modellnummer<\/strong><\/td>\n<td style=\"width: 67%;\" width=\"72\">698A, 698B, 698C<\/td>\n<\/tr>\n<tr style=\"line-height: 1.4;\">\n<td style=\"width: 33%;\" width=\"36\" height=\"30\"><strong>Scharnier Material<\/strong><\/td>\n<td style=\"width: 67%;\" width=\"72\">Eisen<\/td>\n<\/tr>\n<tr style=\"line-height: 1.4;\">\n<td style=\"width: 33%;\" width=\"36\" height=\"30\"><strong>Scharnier Typ<\/strong><\/td>\n<td style=\"width: 67%;\" width=\"72\">D\u00e4mpfendes Scharnier<\/td>\n<\/tr>\n<tr style=\"line-height: 1.4;\">\n<td style=\"width: 33%;\" width=\"36\" height=\"30\"><strong>\u00d6ffnungswinkel<\/strong><\/td>\n<td style=\"width: 67%;\" width=\"72\">105\u00b0<\/td>\n<\/tr>\n<tr style=\"line-height: 1.4;\">\n<td style=\"width: 33%;\" width=\"36\" height=\"40\"><strong>Durchmesser der Scharnierpfanne<\/strong><\/td>\n<td style=\"width: 67%;\" width=\"72\">35mm<\/td>\n<\/tr>\n<tr style=\"line-height: 1.4;\">\n<td style=\"width: 33%;\" width=\"36\" height=\"40\"><strong>Tiefe der Scharnierschale<\/strong><\/td>\n<td style=\"width: 67%;\" width=\"72\">11,3 mm<\/td>\n<\/tr>\n<tr style=\"line-height: 1.4;\">\n<td style=\"width: 33%;\" width=\"36\" height=\"30\"><strong>Dicke der T\u00fcr<\/strong><\/td>\n<td style=\"width: 67%;\" width=\"72\">13-23mm<\/td>\n<\/tr>\n<tr style=\"line-height: 1.4;\">\n<td style=\"width: 33%;\" width=\"36\" height=\"60\"><strong>Anwendbare Szenarien<\/strong><\/td>\n<td style=\"width: 67%;\" width=\"72\">Kleiderschrank, Schrank, B\u00fccherregal, Badezimmerschrank, und mehr<\/td>\n<\/tr>\n<tr style=\"line-height: 1.4;\">\n<td style=\"width: 33%;\" width=\"36\" height=\"50\"><strong>OEM- und ODM-Dienstleistungen<\/strong><\/td>\n<td style=\"width: 67%;\" width=\"72\">Unterst\u00fctzt einfache und tiefgreifende Anpassungen<\/td>\n<\/tr>\n<\/tbody>\n<\/table>","protected":false},"featured_media":392,"comment_status":"closed","ping_status":"closed","template":"","meta":{"_acf_changed":false},"product_brand":[],"product_cat":[16,17,19],"product_tag":[],"class_list":{"0":"post-386","1":"product","2":"type-product","3":"status-publish","4":"has-post-thumbnail","6":"product_cat-wholesale-soft-closing-hinges","7":"product_cat-wholesale-cabinet-hinges","8":"product_cat-wholesale-furniture-hinges","10":"first","11":"instock","12":"shipping-taxable","13":"product-type-simple"},"acf":[],"_links":{"self":[{"href":"https:\/\/www.mrhardwares.com\/de\/wp-json\/wp\/v2\/product\/386","targetHints":{"allow":["GET"]}}],"collection":[{"href":"https:\/\/www.mrhardwares.com\/de\/wp-json\/wp\/v2\/product"}],"about":[{"href":"https:\/\/www.mrhardwares.com\/de\/wp-json\/wp\/v2\/types\/product"}],"replies":[{"embeddable":true,"href":"https:\/\/www.mrhardwares.com\/de\/wp-json\/wp\/v2\/comments?post=386"}],"wp:featuredmedia":[{"embeddable":true,"href":"https:\/\/www.mrhardwares.com\/de\/wp-json\/wp\/v2\/media\/392"}],"wp:attachment":[{"href":"https:\/\/www.mrhardwares.com\/de\/wp-json\/wp\/v2\/media?parent=386"}],"wp:term":[{"taxonomy":"product_brand","embeddable":true,"href":"https:\/\/www.mrhardwares.com\/de\/wp-json\/wp\/v2\/product_brand?post=386"},{"taxonomy":"product_cat","embeddable":true,"href":"https:\/\/www.mrhardwares.com\/de\/wp-json\/wp\/v2\/product_cat?post=386"},{"taxonomy":"product_tag","embeddable":true,"href":"https:\/\/www.mrhardwares.com\/de\/wp-json\/wp\/v2\/product_tag?post=386"}],"curies":[{"name":"wp","href":"https:\/\/api.w.org\/{rel}","templated":true}]}}