{"id":417,"date":"2024-12-26T04:06:53","date_gmt":"2024-12-26T04:06:53","guid":{"rendered":"https:\/\/www.mrhardwares.com\/?post_type=product&#038;p=417"},"modified":"2025-01-06T14:51:58","modified_gmt":"2025-01-06T14:51:58","slug":"wholesale-custom-hinges-for-furniture","status":"publish","type":"product","link":"https:\/\/www.mrhardwares.com\/de\/product\/wholesale-custom-hinges-for-furniture\/","title":{"rendered":"Gro\u00dfhandel benutzerdefinierte Scharniere f\u00fcr M\u00f6bel, hohe Qualit\u00e4t feste kurze Arm Scharnier\uff08816A-C\uff09"},"content":{"rendered":"<h3 class=\"wp-block-heading\">Merkmale von Scharnieren f\u00fcr M\u00f6bel<\/h3><p><strong>Hohe Lebensdauer:<\/strong> Unsere Scharniere f\u00fcr M\u00f6bel sind aus hochwertigem Edelstahl gefertigt, der eine ausgezeichnete Korrosionsbest\u00e4ndigkeit und Langlebigkeit bietet und auch bei langfristigem Gebrauch und h\u00e4ufigem \u00d6ffnen und Schlie\u00dfen Stabilit\u00e4t und Festigkeit bewahrt.<\/p><p><strong>\u00c4u\u00dferst zuverl\u00e4ssig: <\/strong>Die Scharniere f\u00fcr M\u00f6bel sind so konstruiert, dass sie hohen Belastungen standhalten und sich nicht so leicht verformen lassen.<\/p><p><strong>Reibungsloses \u00d6ffnen und Schlie\u00dfen: <\/strong>Dieses M\u00f6belscharnier ist mit einer D\u00e4mpfungsfunktion ausgestattet, die ein langsames Schlie\u00dfen und eine Verringerung der Aufprallger\u00e4usche f\u00fcr eine komfortablere Nutzung erm\u00f6glicht.<\/p><p><strong>Breite Anwendung:<\/strong> Dieses Scharnier eignet sich f\u00fcr eine Vielzahl von M\u00f6belprojekten, einschlie\u00dflich Schr\u00e4nken, Garderoben, B\u00fccherregalen, Badezimmerschr\u00e4nken usw., um verschiedenen Anforderungen an das M\u00f6beldesign gerecht zu werden.<\/p><p><strong>Ma\u00dfgeschneiderte Scharnierl\u00f6sungen:<\/strong> Als <strong><a href=\"https:\/\/www.mrhardwares.com\/de\/\">professioneller Scharnierhersteller<\/a><\/strong>Wir bieten eine Vielzahl kundenspezifischer Optionen, einschlie\u00dflich Gr\u00f6\u00dfe, Farbe, Form und \u00d6ffnungswinkel, die je nach den spezifischen Bed\u00fcrfnissen der Kunden angepasst werden k\u00f6nnen.<\/p><h3 class=\"wp-block-heading\">Anwendungs- und Installationsparameter des \u042435mm-Scharniers<\/h3><p><strong>H = <\/strong>H\u00f6he der Scharnierbasis<br><strong>D = <\/strong>Erforderliches Overlay auf der Seitenwand<br><strong>K = <\/strong>Abstand zwischen der T\u00fcrkante und den Bohrungen am Scharniertopf<br><strong>A = <\/strong>Spalt zwischen der T\u00fcr und der Seitenwand<\/p><figure class=\"wp-block-image size-full\"><img decoding=\"async\" width=\"1600\" height=\"1200\" src=\"https:\/\/www.mrhardwares.com\/wp-content\/uploads\/2024\/12\/details-of-custom-hinges-for-furniture.webp\" alt=\"Details von ma\u00dfgefertigten Scharnieren f\u00fcr M\u00f6bel\" class=\"wp-image-419\" srcset=\"https:\/\/www.mrhardwares.com\/wp-content\/uploads\/2024\/12\/details-of-custom-hinges-for-furniture.webp 1600w, https:\/\/www.mrhardwares.com\/wp-content\/uploads\/2024\/12\/details-of-custom-hinges-for-furniture-300x225.webp 300w, https:\/\/www.mrhardwares.com\/wp-content\/uploads\/2024\/12\/details-of-custom-hinges-for-furniture-768x576.webp 768w, https:\/\/www.mrhardwares.com\/wp-content\/uploads\/2024\/12\/details-of-custom-hinges-for-furniture-1200x900.webp 1200w, https:\/\/www.mrhardwares.com\/wp-content\/uploads\/2024\/12\/details-of-custom-hinges-for-furniture-600x450.webp 600w\" sizes=\"(max-width: 1600px) 100vw, 1600px\" \/><\/figure>","protected":false},"excerpt":{"rendered":"<p>Gro\u00dfhandel benutzerdefinierte Scharniere f\u00fcr M\u00f6bel, unsere hochwertige benutzerdefinierte M\u00f6bel Scharniere, geeignet f\u00fcr Schr\u00e4nke, Schr\u00e4nke und andere Home-Designs, durch pr\u00e4zises Design und hochwertige Materialien, sicherzustellen, dass jedes Detail passt perfekt zu Ihrem Projekt. Willkommen, uns zu kontaktieren.<\/p>\n<h2>Spezifikationen von Scharnieren f\u00fcr M\u00f6bel<\/h2>\n<table border=\"0\" cellspacing=\"0\" cellpadding=\"0\">\n<tbody style=\"font-size: 14px; border: 1px solid #ccc; overflow: hidden;\">\n<tr style=\"line-height: 1.4;\">\n<td style=\"width: 33%;\" width=\"36\" height=\"30\"><strong>Spezifikation<\/strong><\/td>\n<td style=\"width: 67%;\" width=\"72\"><strong>Einzelheiten<\/strong><\/td>\n<\/tr>\n<tr style=\"line-height: 1.4;\">\n<td style=\"width: 33%;\" width=\"36\" height=\"30\"><strong>Modellnummer<\/strong><\/td>\n<td style=\"width: 67%;\" width=\"72\">816 - A\uff0c 816 - B\uff0c 816 - C<\/td>\n<\/tr>\n<tr style=\"line-height: 1.4;\">\n<td style=\"width: 33%;\" width=\"36\" height=\"30\"><strong>Scharnier Material<\/strong><\/td>\n<td style=\"width: 67%;\" width=\"72\">Rostfreier Stahl<\/td>\n<\/tr>\n<tr style=\"line-height: 1.4;\">\n<td style=\"width: 33%;\" width=\"36\" height=\"30\"><strong>Scharnier Typ<\/strong><\/td>\n<td style=\"width: 67%;\" width=\"72\">D\u00e4mpfendes Scharnier<\/td>\n<\/tr>\n<tr style=\"line-height: 1.4;\">\n<td style=\"width: 33%;\" width=\"36\" height=\"30\"><strong>\u00d6ffnungswinkel<\/strong><\/td>\n<td style=\"width: 67%;\" width=\"72\">105\u00b0<\/td>\n<\/tr>\n<tr style=\"line-height: 1.4;\">\n<td style=\"width: 33%;\" width=\"36\" height=\"40\"><strong>Durchmesser der Scharnierpfanne<\/strong><\/td>\n<td style=\"width: 67%;\" width=\"72\">35mm<\/td>\n<\/tr>\n<tr style=\"line-height: 1.4;\">\n<td style=\"width: 33%;\" width=\"36\" height=\"40\"><strong>Tiefe der Scharnierschale<\/strong><\/td>\n<td style=\"width: 67%;\" width=\"72\">11,3 mm<\/td>\n<\/tr>\n<tr style=\"line-height: 1.4;\">\n<td style=\"width: 33%;\" width=\"36\" height=\"30\"><strong>Dicke der T\u00fcr<\/strong><\/td>\n<td style=\"width: 67%;\" width=\"72\">13-23mm<\/td>\n<\/tr>\n<tr style=\"line-height: 1.4;\">\n<td style=\"width: 33%;\" width=\"36\" height=\"60\"><strong>Anwendbare Szenarien<\/strong><\/td>\n<td style=\"width: 67%;\" width=\"72\">Kleiderschrank, Schrank, B\u00fccherregal, Badezimmerschrank, und mehr<\/td>\n<\/tr>\n<tr style=\"line-height: 1.4;\">\n<td style=\"width: 33%;\" width=\"36\" height=\"50\"><strong>OEM- und ODM-Dienstleistungen<\/strong><\/td>\n<td style=\"width: 67%;\" width=\"72\">Unterst\u00fctzt einfache und tiefgreifende Anpassungen<\/td>\n<\/tr>\n<\/tbody>\n<\/table>","protected":false},"featured_media":418,"comment_status":"closed","ping_status":"closed","template":"","meta":{"_acf_changed":false},"product_brand":[],"product_cat":[16,17,19],"product_tag":[],"class_list":{"0":"post-417","1":"product","2":"type-product","3":"status-publish","4":"has-post-thumbnail","6":"product_cat-wholesale-soft-closing-hinges","7":"product_cat-wholesale-cabinet-hinges","8":"product_cat-wholesale-furniture-hinges","10":"first","11":"instock","12":"shipping-taxable","13":"product-type-simple"},"acf":[],"_links":{"self":[{"href":"https:\/\/www.mrhardwares.com\/de\/wp-json\/wp\/v2\/product\/417","targetHints":{"allow":["GET"]}}],"collection":[{"href":"https:\/\/www.mrhardwares.com\/de\/wp-json\/wp\/v2\/product"}],"about":[{"href":"https:\/\/www.mrhardwares.com\/de\/wp-json\/wp\/v2\/types\/product"}],"replies":[{"embeddable":true,"href":"https:\/\/www.mrhardwares.com\/de\/wp-json\/wp\/v2\/comments?post=417"}],"wp:featuredmedia":[{"embeddable":true,"href":"https:\/\/www.mrhardwares.com\/de\/wp-json\/wp\/v2\/media\/418"}],"wp:attachment":[{"href":"https:\/\/www.mrhardwares.com\/de\/wp-json\/wp\/v2\/media?parent=417"}],"wp:term":[{"taxonomy":"product_brand","embeddable":true,"href":"https:\/\/www.mrhardwares.com\/de\/wp-json\/wp\/v2\/product_brand?post=417"},{"taxonomy":"product_cat","embeddable":true,"href":"https:\/\/www.mrhardwares.com\/de\/wp-json\/wp\/v2\/product_cat?post=417"},{"taxonomy":"product_tag","embeddable":true,"href":"https:\/\/www.mrhardwares.com\/de\/wp-json\/wp\/v2\/product_tag?post=417"}],"curies":[{"name":"wp","href":"https:\/\/api.w.org\/{rel}","templated":true}]}}