{"id":421,"date":"2024-12-26T06:17:05","date_gmt":"2024-12-26T06:17:05","guid":{"rendered":"https:\/\/www.mrhardwares.com\/?post_type=product&#038;p=421"},"modified":"2025-01-06T14:52:32","modified_gmt":"2025-01-06T14:52:32","slug":"wholesale-cabinet-soft-close-hinges%ef%bc%8cthe-short-arm-hinge-self-detaching","status":"publish","type":"product","link":"https:\/\/www.mrhardwares.com\/de\/product\/wholesale-cabinet-soft-close-hinges\uff0cthe-short-arm-hinge-self-detaching\/","title":{"rendered":"Gro\u00dfhandel Schrank Soft Close Scharniere, selbstl\u00f6sende kurze Arm Scharnier (818A - C)"},"content":{"rendered":"<h3 class=\"wp-block-heading\">Eigenschaften von Scharnieren mit Soft-Close-Funktion f\u00fcr Schr\u00e4nke<\/h3><p><strong>Kurzarm-Design: <\/strong>Das Soft-Close-Scharnier f\u00fcr Schr\u00e4nke hat einen kurzen Arm, so dass die T\u00fcrverkleidung kompakter in den Schrank passt. Es ist geeignet f\u00fcr Schrankt\u00fcren in kleinen R\u00e4umen, spart Platz und verbessert die Sch\u00f6nheit.<\/p><p><strong>Selbst-Entladefunktion:<\/strong> Dieses Soft-Close-Scharnier f\u00fcr Schr\u00e4nke ist mit einer Selbstentladefunktion ausgestattet. Der Benutzer kann das T\u00fcrblatt schnell und einfach vom Scharnier abnehmen, ohne die Befestigungsschrauben zu entfernen. Es eignet sich besonders f\u00fcr Bereiche, die regelm\u00e4\u00dfig demontiert oder gereinigt werden m\u00fcssen, um die Wartungseffizienz zu verbessern.<\/p><p><strong>Einfach zu installieren: <\/strong>Der einfache Installationsprozess reduziert die Komplexit\u00e4t der Installation und kann Zeit und Arbeitskosten sparen.<\/p><p><strong>Verbessern Sie das Nutzungserlebnis: <\/strong>Dieses Soft-Close-Scharnier f\u00fcr Schr\u00e4nke verf\u00fcgt \u00fcber zwei Funktionen: Selbstentladung und sanftes Schlie\u00dfen, wodurch das \u00d6ffnen und Schlie\u00dfen der Schrankt\u00fcr sanfter und leiser wird und der Komfort beim t\u00e4glichen Gebrauch verbessert wird.<\/p><h3 class=\"wp-block-heading\">Anwendungs- und Installationsparameter des \u042435mm-Scharniers<\/h3><p><strong>H = <\/strong>H\u00f6he der Scharnierbasis<br><strong>D = <\/strong>Erforderliches Overlay auf der Seitenwand<br><strong>K = <\/strong>Abstand zwischen der T\u00fcrkante und den Bohrungen am Scharniertopf<br><strong>A = <\/strong>Spalt zwischen der T\u00fcr und der Seitenwand<\/p><figure class=\"wp-block-image size-full\"><img decoding=\"async\" width=\"1600\" height=\"1200\" src=\"https:\/\/www.mrhardwares.com\/wp-content\/uploads\/2024\/12\/details-of-cabinet-soft-close-hinges.webp\" alt=\"Details der Soft-Close-Scharniere f\u00fcr Schr\u00e4nke\" class=\"wp-image-424\" srcset=\"https:\/\/www.mrhardwares.com\/wp-content\/uploads\/2024\/12\/details-of-cabinet-soft-close-hinges.webp 1600w, https:\/\/www.mrhardwares.com\/wp-content\/uploads\/2024\/12\/details-of-cabinet-soft-close-hinges-300x225.webp 300w, https:\/\/www.mrhardwares.com\/wp-content\/uploads\/2024\/12\/details-of-cabinet-soft-close-hinges-768x576.webp 768w, https:\/\/www.mrhardwares.com\/wp-content\/uploads\/2024\/12\/details-of-cabinet-soft-close-hinges-1200x900.webp 1200w, https:\/\/www.mrhardwares.com\/wp-content\/uploads\/2024\/12\/details-of-cabinet-soft-close-hinges-600x450.webp 600w\" sizes=\"(max-width: 1600px) 100vw, 1600px\" \/><\/figure>","protected":false},"excerpt":{"rendered":"<p>Gro\u00dfhandel anpassbare Schrank soft close Scharniere, machen Sie Ihre M\u00f6bel mehr modern. Unsere benutzerdefinierten Soft-Close-Scharniere bieten nicht nur eine glatte und leise Schlie\u00dfung Erfahrung, reduzieren L\u00e4rm und Verschlei\u00df, sondern verbessern auch die allgemeine Qualit\u00e4t und Lebensdauer der M\u00f6bel. Mingrun Scharnier Hersteller akzeptiert Gro\u00dfeink\u00e4ufe und personalisierte Anpassung, willkommen, uns f\u00fcr Fabrik Angebote zu kontaktieren.<\/p>\n<h2>Spezifikationen f\u00fcr Soft-Close-Scharniere f\u00fcr Schr\u00e4nke<\/h2>\n<table border=\"0\" cellspacing=\"0\" cellpadding=\"0\">\n<tbody style=\"font-size: 14px; border: 1px solid #ccc; overflow: hidden;\">\n<tr style=\"line-height: 1.4;\">\n<td style=\"width: 33%;\" width=\"36\" height=\"30\"><strong>Spezifikation<\/strong><\/td>\n<td style=\"width: 67%;\" width=\"72\"><strong>Einzelheiten<\/strong><\/td>\n<\/tr>\n<tr style=\"line-height: 1.4;\">\n<td style=\"width: 33%;\" width=\"36\" height=\"30\"><strong>Modellnummer<\/strong><\/td>\n<td style=\"width: 67%;\" width=\"72\">818-A\uff0c 818-B\uff0c 818-C<\/td>\n<\/tr>\n<tr style=\"line-height: 1.4;\">\n<td style=\"width: 33%;\" width=\"36\" height=\"30\"><strong>Scharnier Material<\/strong><\/td>\n<td style=\"width: 67%;\" width=\"72\">Rostfreier Stahl<\/td>\n<\/tr>\n<tr style=\"line-height: 1.4;\">\n<td style=\"width: 33%;\" width=\"36\" height=\"30\"><strong>Scharnier Typ<\/strong><\/td>\n<td style=\"width: 67%;\" width=\"72\">D\u00e4mpfendes Scharnier<\/td>\n<\/tr>\n<tr style=\"line-height: 1.4;\">\n<td style=\"width: 33%;\" width=\"36\" height=\"30\"><strong>\u00d6ffnungswinkel<\/strong><\/td>\n<td style=\"width: 67%;\" width=\"72\">105\u00b0<\/td>\n<\/tr>\n<tr style=\"line-height: 1.4;\">\n<td style=\"width: 33%;\" width=\"36\" height=\"40\"><strong>Durchmesser der Scharnierpfanne<\/strong><\/td>\n<td style=\"width: 67%;\" width=\"72\">35mm<\/td>\n<\/tr>\n<tr style=\"line-height: 1.4;\">\n<td style=\"width: 33%;\" width=\"36\" height=\"40\"><strong>Tiefe der Scharnierschale<\/strong><\/td>\n<td style=\"width: 67%;\" width=\"72\">11,3 mm<\/td>\n<\/tr>\n<tr style=\"line-height: 1.4;\">\n<td style=\"width: 33%;\" width=\"36\" height=\"30\"><strong>Dicke der T\u00fcr<\/strong><\/td>\n<td style=\"width: 67%;\" width=\"72\">13-23mm<\/td>\n<\/tr>\n<tr style=\"line-height: 1.4;\">\n<td style=\"width: 33%;\" width=\"36\" height=\"60\"><strong>Anwendbare Szenarien<\/strong><\/td>\n<td style=\"width: 67%;\" width=\"72\">Kleiderschrank, Schrank, B\u00fccherregal, Badezimmerschrank, und mehr<\/td>\n<\/tr>\n<tr style=\"line-height: 1.4;\">\n<td style=\"width: 33%;\" width=\"36\" height=\"50\"><strong>OEM- und ODM-Dienstleistungen<\/strong><\/td>\n<td style=\"width: 67%;\" width=\"72\">Unterst\u00fctzt einfache und tiefgreifende Anpassungen<\/td>\n<\/tr>\n<\/tbody>\n<\/table>","protected":false},"featured_media":425,"comment_status":"closed","ping_status":"closed","template":"","meta":{"_acf_changed":false},"product_brand":[],"product_cat":[16,17,19],"product_tag":[],"class_list":{"0":"post-421","1":"product","2":"type-product","3":"status-publish","4":"has-post-thumbnail","6":"product_cat-wholesale-soft-closing-hinges","7":"product_cat-wholesale-cabinet-hinges","8":"product_cat-wholesale-furniture-hinges","10":"first","11":"instock","12":"shipping-taxable","13":"product-type-simple"},"acf":[],"_links":{"self":[{"href":"https:\/\/www.mrhardwares.com\/de\/wp-json\/wp\/v2\/product\/421","targetHints":{"allow":["GET"]}}],"collection":[{"href":"https:\/\/www.mrhardwares.com\/de\/wp-json\/wp\/v2\/product"}],"about":[{"href":"https:\/\/www.mrhardwares.com\/de\/wp-json\/wp\/v2\/types\/product"}],"replies":[{"embeddable":true,"href":"https:\/\/www.mrhardwares.com\/de\/wp-json\/wp\/v2\/comments?post=421"}],"wp:featuredmedia":[{"embeddable":true,"href":"https:\/\/www.mrhardwares.com\/de\/wp-json\/wp\/v2\/media\/425"}],"wp:attachment":[{"href":"https:\/\/www.mrhardwares.com\/de\/wp-json\/wp\/v2\/media?parent=421"}],"wp:term":[{"taxonomy":"product_brand","embeddable":true,"href":"https:\/\/www.mrhardwares.com\/de\/wp-json\/wp\/v2\/product_brand?post=421"},{"taxonomy":"product_cat","embeddable":true,"href":"https:\/\/www.mrhardwares.com\/de\/wp-json\/wp\/v2\/product_cat?post=421"},{"taxonomy":"product_tag","embeddable":true,"href":"https:\/\/www.mrhardwares.com\/de\/wp-json\/wp\/v2\/product_tag?post=421"}],"curies":[{"name":"wp","href":"https:\/\/api.w.org\/{rel}","templated":true}]}}