{"id":426,"date":"2024-12-26T06:38:24","date_gmt":"2024-12-26T06:38:24","guid":{"rendered":"https:\/\/www.mrhardwares.com\/?post_type=product&#038;p=426"},"modified":"2025-01-06T14:52:50","modified_gmt":"2025-01-06T14:52:50","slug":"wholesale-soft-close-cabinet-hinge","status":"publish","type":"product","link":"https:\/\/www.mrhardwares.com\/de\/product\/wholesale-soft-close-cabinet-hinge\/","title":{"rendered":"Gro\u00dfhandel Soft Close Cabinet Hinge\uff0cSingle-Stage Force System Scharnier (251A - C)"},"content":{"rendered":"<h3 class=\"wp-block-heading\">Eigenschaften von Soft Close Cabinet Hinge<\/h3><p>Einstufiges Kraftsystem: Das Soft-Close-Scharnier arbeitet mit einem einstufigen Kraftsystem. Das Scharnier bietet eine stabile und gleichm\u00e4\u00dfige Kraft w\u00e4hrend des gesamten \u00d6ffnungs- oder Schlie\u00dfvorgangs. Es eignet sich f\u00fcr Anwendungen, die keine komplexe Krafteinstellung erfordern, und gew\u00e4hrleistet ein reibungsloses \u00d6ffnen und Schlie\u00dfen des T\u00fcrfl\u00fcgels.<\/p><p><strong>Drei-Schrauben-Scharnierarm-Konstruktion:<\/strong> Der Scharnierarm ist mit drei Befestigungsschrauben ausgestattet, was die Montage sicherer macht, die Tragf\u00e4higkeit und Stabilit\u00e4t des Scharniers erh\u00f6ht und ein Lockern oder Versagen bei l\u00e4ngerem Gebrauch verhindert.<\/p><p><strong>Ger\u00e4uschloses und sanftes Schlie\u00dfen: <\/strong>Das Scharnierdesign sorgt daf\u00fcr, dass es beim \u00d6ffnen und Schlie\u00dfen des T\u00fcrfl\u00fcgels keine pl\u00f6tzlichen St\u00f6\u00dfe oder Ger\u00e4usche gibt, was das Benutzererlebnis verbessert und sich besonders f\u00fcr Wohnr\u00e4ume eignet, die eine ruhige Umgebung erfordern.<\/p><p><strong>Einfach zu installieren:<\/strong> Der einfache und intuitive Installationsprozess reduziert die Installationszeit und -komplexit\u00e4t, eignet sich f\u00fcr Massenanpassungen und spart Installationskosten.<\/p><p><strong>OEM&amp;ODM-Dienstleistung:<\/strong> Der Scharnierhersteller Mingrun bietet kundenspezifische Scharnierl\u00f6sungen aus einer Hand, von der Entwicklung \u00fcber die Musterfertigung bis hin zur Massenproduktion.<\/p><h3 class=\"wp-block-heading\">Anwendungs- und Installationsparameter des \u042435mm-Scharniers<\/h3><p><strong>H = <\/strong>H\u00f6he der Scharnierbasis<br><strong>D = <\/strong>Erforderliches Overlay auf der Seitenwand<br><strong>K = <\/strong>Abstand zwischen der T\u00fcrkante und den Bohrungen am Scharniertopf<br><strong>A = <\/strong>Spalt zwischen der T\u00fcr und der Seitenwand<\/p><figure class=\"wp-block-image size-full\"><img decoding=\"async\" width=\"1600\" height=\"1200\" src=\"https:\/\/www.mrhardwares.com\/wp-content\/uploads\/2024\/12\/Details-of-Soft-Close-Cabinet-Hinge-1.webp\" alt=\"Details zu Soft-Close-Schrankscharnier\" class=\"wp-image-430\" srcset=\"https:\/\/www.mrhardwares.com\/wp-content\/uploads\/2024\/12\/Details-of-Soft-Close-Cabinet-Hinge-1.webp 1600w, https:\/\/www.mrhardwares.com\/wp-content\/uploads\/2024\/12\/Details-of-Soft-Close-Cabinet-Hinge-1-300x225.webp 300w, https:\/\/www.mrhardwares.com\/wp-content\/uploads\/2024\/12\/Details-of-Soft-Close-Cabinet-Hinge-1-768x576.webp 768w, https:\/\/www.mrhardwares.com\/wp-content\/uploads\/2024\/12\/Details-of-Soft-Close-Cabinet-Hinge-1-1200x900.webp 1200w, https:\/\/www.mrhardwares.com\/wp-content\/uploads\/2024\/12\/Details-of-Soft-Close-Cabinet-Hinge-1-600x450.webp 600w\" sizes=\"(max-width: 1600px) 100vw, 1600px\" \/><\/figure>","protected":false},"excerpt":{"rendered":"<p>Soft Close Cabinet Scharniere Fabrik Direktvertrieb, kann dieses Scharnier bieten stabile \u00d6ffnungs-und Schlie\u00dfkraft, die Gew\u00e4hrleistung der Haltbarkeit nach langfristigen use.We bieten ma\u00dfgeschneiderte Scharnier Dienstleistungen f\u00fcr verschiedene Gr\u00f6\u00dfe und Design-Anforderungen, willkommen, uns zu kontaktieren.<\/p>\n<h2>Spezifikationen f\u00fcr Soft-Close-Schrankscharniere<\/h2>\n<table border=\"0\" cellspacing=\"0\" cellpadding=\"0\">\n<tbody style=\"font-size: 14px; border: 1px solid #ccc; overflow: hidden;\">\n<tr style=\"line-height: 1.4;\">\n<td style=\"width: 33%;\" width=\"36\" height=\"30\"><strong>Spezifikation<\/strong><\/td>\n<td style=\"width: 67%;\" width=\"72\"><strong>Einzelheiten<\/strong><\/td>\n<\/tr>\n<tr style=\"line-height: 1.4;\">\n<td style=\"width: 33%;\" width=\"36\" height=\"30\"><strong>Modellnummer<\/strong><\/td>\n<td style=\"width: 67%;\" width=\"72\">251-A\uff0c251-B\uff0c251-C<\/td>\n<\/tr>\n<tr style=\"line-height: 1.4;\">\n<td style=\"width: 33%;\" width=\"36\" height=\"30\"><strong>Scharnier Material<\/strong><\/td>\n<td style=\"width: 67%;\" width=\"72\">Eisen<\/td>\n<\/tr>\n<tr style=\"line-height: 1.4;\">\n<td style=\"width: 33%;\" width=\"36\" height=\"30\"><strong>Scharnier Typ<\/strong><\/td>\n<td style=\"width: 67%;\" width=\"72\">D\u00e4mpfendes Scharnier<\/td>\n<\/tr>\n<tr style=\"line-height: 1.4;\">\n<td style=\"width: 33%;\" width=\"36\" height=\"30\"><strong>\u00d6ffnungswinkel<\/strong><\/td>\n<td style=\"width: 67%;\" width=\"72\">105\u00b0<\/td>\n<\/tr>\n<tr style=\"line-height: 1.4;\">\n<td style=\"width: 33%;\" width=\"36\" height=\"40\"><strong>Durchmesser der Scharnierpfanne<\/strong><\/td>\n<td style=\"width: 67%;\" width=\"72\">35mm<\/td>\n<\/tr>\n<tr style=\"line-height: 1.4;\">\n<td style=\"width: 33%;\" width=\"36\" height=\"40\"><strong>Tiefe der Scharnierschale<\/strong><\/td>\n<td style=\"width: 67%;\" width=\"72\">11,3 mm<\/td>\n<\/tr>\n<tr style=\"line-height: 1.4;\">\n<td style=\"width: 33%;\" width=\"36\" height=\"30\"><strong>Dicke der T\u00fcr<\/strong><\/td>\n<td style=\"width: 67%;\" width=\"72\">13-23mm<\/td>\n<\/tr>\n<tr style=\"line-height: 1.4;\">\n<td style=\"width: 33%;\" width=\"36\" height=\"60\"><strong>Anwendbare Szenarien<\/strong><\/td>\n<td style=\"width: 67%;\" width=\"72\">Kleiderschrank, Schrank, B\u00fccherregal, Badezimmerschrank, und mehr<\/td>\n<\/tr>\n<tr style=\"line-height: 1.4;\">\n<td style=\"width: 33%;\" width=\"36\" height=\"50\"><strong>OEM- und ODM-Dienstleistungen<\/strong><\/td>\n<td style=\"width: 67%;\" width=\"72\">Unterst\u00fctzt einfache und tiefgreifende Anpassungen<\/td>\n<\/tr>\n<\/tbody>\n<\/table>","protected":false},"featured_media":431,"comment_status":"closed","ping_status":"closed","template":"","meta":{"_acf_changed":false},"product_brand":[],"product_cat":[16,17,19],"product_tag":[],"class_list":{"0":"post-426","1":"product","2":"type-product","3":"status-publish","4":"has-post-thumbnail","6":"product_cat-wholesale-soft-closing-hinges","7":"product_cat-wholesale-cabinet-hinges","8":"product_cat-wholesale-furniture-hinges","10":"first","11":"instock","12":"shipping-taxable","13":"product-type-simple"},"acf":[],"_links":{"self":[{"href":"https:\/\/www.mrhardwares.com\/de\/wp-json\/wp\/v2\/product\/426","targetHints":{"allow":["GET"]}}],"collection":[{"href":"https:\/\/www.mrhardwares.com\/de\/wp-json\/wp\/v2\/product"}],"about":[{"href":"https:\/\/www.mrhardwares.com\/de\/wp-json\/wp\/v2\/types\/product"}],"replies":[{"embeddable":true,"href":"https:\/\/www.mrhardwares.com\/de\/wp-json\/wp\/v2\/comments?post=426"}],"wp:featuredmedia":[{"embeddable":true,"href":"https:\/\/www.mrhardwares.com\/de\/wp-json\/wp\/v2\/media\/431"}],"wp:attachment":[{"href":"https:\/\/www.mrhardwares.com\/de\/wp-json\/wp\/v2\/media?parent=426"}],"wp:term":[{"taxonomy":"product_brand","embeddable":true,"href":"https:\/\/www.mrhardwares.com\/de\/wp-json\/wp\/v2\/product_brand?post=426"},{"taxonomy":"product_cat","embeddable":true,"href":"https:\/\/www.mrhardwares.com\/de\/wp-json\/wp\/v2\/product_cat?post=426"},{"taxonomy":"product_tag","embeddable":true,"href":"https:\/\/www.mrhardwares.com\/de\/wp-json\/wp\/v2\/product_tag?post=426"}],"curies":[{"name":"wp","href":"https:\/\/api.w.org\/{rel}","templated":true}]}}