{"id":432,"date":"2024-12-26T07:14:56","date_gmt":"2024-12-26T07:14:56","guid":{"rendered":"https:\/\/www.mrhardwares.com\/?post_type=product&#038;p=432"},"modified":"2025-01-06T14:53:06","modified_gmt":"2025-01-06T14:53:06","slug":"wholesale-damped-hinges-for-cabinets","status":"publish","type":"product","link":"https:\/\/www.mrhardwares.com\/de\/product\/wholesale-damped-hinges-for-cabinets\/","title":{"rendered":"Gro\u00dfhandel Ged\u00e4mpfte Scharniere f\u00fcr Schr\u00e4nke, 4 L\u00f6cher Einstufiges Kraft System Scharnier (251A-C)"},"content":{"rendered":"<h3 class=\"wp-block-heading\">Merkmale des ged\u00e4mpften Scharniers<\/h3><p><strong>Langsam schlie\u00dfende Funktion:<\/strong> Dieses ged\u00e4mpfte Scharnier verf\u00fcgt \u00fcber eine hocheffiziente D\u00e4mpfungsvorrichtung, die den Aufprall und die Vibration beim Schlie\u00dfen wirksam reduziert und daf\u00fcr sorgt, dass sich die Schrankt\u00fcr sanft und gleichm\u00e4\u00dfig schlie\u00dft.<\/p><p><strong>Mehrwinklige \u00d6ffnung:<\/strong> Dieses ged\u00e4mpfte Scharnier hat einen \u00d6ffnungswinkel von 105\u00b0, was f\u00fcr das t\u00e4gliche \u00d6ffnen und Schlie\u00dfen der Schrankt\u00fcr praktisch ist, eine flexible Nutzung erm\u00f6glicht und f\u00fcr verschiedene Schr\u00e4nke geeignet ist.<\/p><p><strong>Breites Spektrum an Anwendungen: <\/strong>Geeignet f\u00fcr Schrankt\u00fcren mit einer Dicke von 13-23 mm, kann es f\u00fcr eine Vielzahl von M\u00f6belschr\u00e4nken, wie K\u00fcchenschr\u00e4nke, Kleiderschr\u00e4nke, TV-Schr\u00e4nke, etc. verwendet werden.<\/p><p><strong>Einfach zu installieren:<\/strong> Einstufiges Kraftsystem, einfache und schnelle Installation, geeignet f\u00fcr Profis und Heimwerker, spart Installationszeit und -kosten.<\/p><p><strong>Fabrikpreis: <\/strong>Wir bieten direkte Werkspreise an, um sicherzustellen, dass die Kunden qualitativ hochwertige D\u00e4mpfungsscharniere zu den wettbewerbsf\u00e4higsten Preisen kaufen k\u00f6nnen, was die Kosten f\u00fcr den Gro\u00dfeinkauf erheblich reduziert.<\/p><h3 class=\"wp-block-heading\">Anwendungs- und Installationsparameter des \u042435mm-Scharniers<\/h3><p><strong>H = <\/strong>H\u00f6he der Scharnierbasis<br><strong>D = <\/strong>Erforderliches Overlay auf der Seitenwand<br><strong>K = <\/strong>Abstand zwischen der T\u00fcrkante und den Bohrungen am Scharniertopf<br><strong>A = <\/strong>Spalt zwischen der T\u00fcr und der Seitenwand<\/p><figure class=\"wp-block-image size-full\"><img decoding=\"async\" width=\"1600\" height=\"1201\" src=\"https:\/\/www.mrhardwares.com\/wp-content\/uploads\/2024\/12\/Details-of-the-Damped-Hinge.png\" alt=\"Details des ged\u00e4mpften Scharniers\" class=\"wp-image-433\" srcset=\"https:\/\/www.mrhardwares.com\/wp-content\/uploads\/2024\/12\/Details-of-the-Damped-Hinge.png 1600w, https:\/\/www.mrhardwares.com\/wp-content\/uploads\/2024\/12\/Details-of-the-Damped-Hinge-300x225.png 300w, https:\/\/www.mrhardwares.com\/wp-content\/uploads\/2024\/12\/Details-of-the-Damped-Hinge-768x576.png 768w, https:\/\/www.mrhardwares.com\/wp-content\/uploads\/2024\/12\/Details-of-the-Damped-Hinge-1200x901.png 1200w, https:\/\/www.mrhardwares.com\/wp-content\/uploads\/2024\/12\/Details-of-the-Damped-Hinge-600x450.png 600w\" sizes=\"(max-width: 1600px) 100vw, 1600px\" \/><\/figure><p><\/p>","protected":false},"excerpt":{"rendered":"<p>Gro\u00dfhandel D\u00e4mpfung Scharniere, diese D\u00e4mpfung Scharnier ist aus hochwertigem Eisen Material, mit hoher Festigkeit und Haltbarkeit, und wir bieten eine Vielzahl von Spezifikationen und Modelle zur Auswahl, die auf verschiedene M\u00f6bel Bed\u00fcrfnisse anpassen k\u00f6nnen. Kontaktieren Sie uns f\u00fcr ein Fabrikangebot.<\/p>\n<h2>Spezifikationen des ged\u00e4mpften Scharniers<\/h2>\n<table border=\"0\" cellspacing=\"0\" cellpadding=\"0\">\n<tbody style=\"font-size: 14px; border: 1px solid #ccc; overflow: hidden;\">\n<tr style=\"line-height: 1.4;\">\n<td style=\"width: 33%;\" width=\"36\" height=\"30\"><strong>Spezifikation<\/strong><\/td>\n<td style=\"width: 67%;\" width=\"72\"><strong>Einzelheiten<\/strong><\/td>\n<\/tr>\n<tr style=\"line-height: 1.4;\">\n<td style=\"width: 33%;\" width=\"36\" height=\"30\"><strong>Modellnummer<\/strong><\/td>\n<td style=\"width: 67%;\" width=\"72\">251-A, 251-B, 251-C<\/td>\n<\/tr>\n<tr style=\"line-height: 1.4;\">\n<td style=\"width: 33%;\" width=\"36\" height=\"30\"><strong>Scharnier Material<\/strong><\/td>\n<td style=\"width: 67%;\" width=\"72\">Eisen<\/td>\n<\/tr>\n<tr style=\"line-height: 1.4;\">\n<td style=\"width: 33%;\" width=\"36\" height=\"30\"><strong>Scharnier Typ<\/strong><\/td>\n<td style=\"width: 67%;\" width=\"72\">D\u00e4mpfendes Scharnier<\/td>\n<\/tr>\n<tr style=\"line-height: 1.4;\">\n<td style=\"width: 33%;\" width=\"36\" height=\"30\"><strong>\u00d6ffnungswinkel<\/strong><\/td>\n<td style=\"width: 67%;\" width=\"72\">105\u00b0<\/td>\n<\/tr>\n<tr style=\"line-height: 1.4;\">\n<td style=\"width: 33%;\" width=\"36\" height=\"40\"><strong>Durchmesser der Scharnierpfanne<\/strong><\/td>\n<td style=\"width: 67%;\" width=\"72\">35mm<\/td>\n<\/tr>\n<tr style=\"line-height: 1.4;\">\n<td style=\"width: 33%;\" width=\"36\" height=\"40\"><strong>Tiefe der Scharnierschale<\/strong><\/td>\n<td style=\"width: 67%;\" width=\"72\">11,3 mm<\/td>\n<\/tr>\n<tr style=\"line-height: 1.4;\">\n<td style=\"width: 33%;\" width=\"36\" height=\"30\"><strong>Dicke der T\u00fcr<\/strong><\/td>\n<td style=\"width: 67%;\" width=\"72\">13-23mm<\/td>\n<\/tr>\n<tr style=\"line-height: 1.4;\">\n<td style=\"width: 33%;\" width=\"36\" height=\"60\"><strong>Anwendbare Szenarien<\/strong><\/td>\n<td style=\"width: 67%;\" width=\"72\">Kleiderschrank, Schrank, B\u00fccherregal, Badezimmerschrank, und mehr<\/td>\n<\/tr>\n<tr style=\"line-height: 1.4;\">\n<td style=\"width: 33%;\" width=\"36\" height=\"50\"><strong>OEM- und ODM-Dienstleistungen<\/strong><\/td>\n<td style=\"width: 67%;\" width=\"72\">Unterst\u00fctzt einfache und tiefgreifende Anpassungen<\/td>\n<\/tr>\n<\/tbody>\n<\/table>","protected":false},"featured_media":434,"comment_status":"closed","ping_status":"closed","template":"","meta":{"_acf_changed":false},"product_brand":[],"product_cat":[16,17,19],"product_tag":[],"class_list":{"0":"post-432","1":"product","2":"type-product","3":"status-publish","4":"has-post-thumbnail","6":"product_cat-wholesale-soft-closing-hinges","7":"product_cat-wholesale-cabinet-hinges","8":"product_cat-wholesale-furniture-hinges","10":"first","11":"instock","12":"shipping-taxable","13":"product-type-simple"},"acf":[],"_links":{"self":[{"href":"https:\/\/www.mrhardwares.com\/de\/wp-json\/wp\/v2\/product\/432","targetHints":{"allow":["GET"]}}],"collection":[{"href":"https:\/\/www.mrhardwares.com\/de\/wp-json\/wp\/v2\/product"}],"about":[{"href":"https:\/\/www.mrhardwares.com\/de\/wp-json\/wp\/v2\/types\/product"}],"replies":[{"embeddable":true,"href":"https:\/\/www.mrhardwares.com\/de\/wp-json\/wp\/v2\/comments?post=432"}],"wp:featuredmedia":[{"embeddable":true,"href":"https:\/\/www.mrhardwares.com\/de\/wp-json\/wp\/v2\/media\/434"}],"wp:attachment":[{"href":"https:\/\/www.mrhardwares.com\/de\/wp-json\/wp\/v2\/media?parent=432"}],"wp:term":[{"taxonomy":"product_brand","embeddable":true,"href":"https:\/\/www.mrhardwares.com\/de\/wp-json\/wp\/v2\/product_brand?post=432"},{"taxonomy":"product_cat","embeddable":true,"href":"https:\/\/www.mrhardwares.com\/de\/wp-json\/wp\/v2\/product_cat?post=432"},{"taxonomy":"product_tag","embeddable":true,"href":"https:\/\/www.mrhardwares.com\/de\/wp-json\/wp\/v2\/product_tag?post=432"}],"curies":[{"name":"wp","href":"https:\/\/api.w.org\/{rel}","templated":true}]}}