{"id":435,"date":"2024-12-27T02:34:37","date_gmt":"2024-12-27T02:34:37","guid":{"rendered":"https:\/\/www.mrhardwares.com\/?post_type=product&#038;p=435"},"modified":"2025-01-06T14:53:23","modified_gmt":"2025-01-06T14:53:23","slug":"wholesale-concealed-soft-close-cabinet-hinges","status":"publish","type":"product","link":"https:\/\/www.mrhardwares.com\/de\/product\/wholesale-concealed-soft-close-cabinet-hinges\/","title":{"rendered":"Gro\u00dfhandel Verdeckte Soft Close Schrank Scharniere, flache Cup Scharniere\uff08712A-C\uff09 - Mingrun Custom Scharnier Hersteller"},"content":{"rendered":"<h3 class=\"wp-block-heading\">Merkmale von verdeckt schlie\u00dfenden Scharnieren f\u00fcr Schr\u00e4nke<\/h3><p><strong>Sanft schlie\u00dfende Funktion:<\/strong> Dieses Scharnier verf\u00fcgt \u00fcber ein sanft schlie\u00dfendes Design, das den Aufprallschall der T\u00fcrverkleidung und die Aufprallkraft beim Schlie\u00dfen von M\u00f6beln wirksam reduzieren kann, ein sanfteres und leiseres Nutzungserlebnis bietet und die Lebensdauer der M\u00f6bel verl\u00e4ngert.<\/p><p><strong>Unsichtbares Design:<\/strong> Das Scharnier ist unsichtbar ausgef\u00fchrt. Nach der Installation ist das Scharnier vollst\u00e4ndig im Inneren des Schranks verborgen, was das Aussehen nicht beeintr\u00e4chtigt und ein sch\u00f6nes Erscheinungsbild gew\u00e4hrleistet.<\/p><p><strong>Durchmesser der Scharnierschale 35 mm: <\/strong>Der Standarddurchmesser des Scharniertopfs von 35 mm ist mit einer Vielzahl von M\u00f6beln kompatibel, einfach zu installieren und gew\u00e4hrleistet Festigkeit und Zuverl\u00e4ssigkeit.<\/p><p><strong>Tiefes Sitzdesign: <\/strong>Der tiefe Sitz des Scharniertopfs betr\u00e4gt 11,3 mm, was zu einer stabileren Befestigung beitr\u00e4gt und die Stabilit\u00e4t und Haltbarkeit des Scharniers w\u00e4hrend des Gebrauchs gew\u00e4hrleistet.<\/p><p><strong>Anpassungsm\u00f6glichkeiten: <\/strong>Mingrun Scharnier Hersteller bietet ma\u00dfgeschneiderte Scharniere Dienstleistungen. Kunden k\u00f6nnen Produkte nach spezifischen Bed\u00fcrfnissen anpassen, um das Design und die funktionalen Anforderungen der verschiedenen M\u00f6bel zu erf\u00fcllen.<\/p><h3 class=\"wp-block-heading\">Anwendungs- und Installationsparameter des \u042435mm-Scharniers<\/h3><p><strong>H = <\/strong>H\u00f6he der Scharnierbasis<br><strong>D = <\/strong>Erforderliches Overlay auf der Seitenwand<br><strong>K = <\/strong>Abstand zwischen der T\u00fcrkante und den Bohrungen am Scharniertopf<br><strong>A = <\/strong>Spalt zwischen der T\u00fcr und der Seitenwand<\/p><figure class=\"wp-block-image size-full\"><img decoding=\"async\" width=\"1600\" height=\"1200\" src=\"https:\/\/www.mrhardwares.com\/wp-content\/uploads\/2024\/12\/Details-of-Concealed-Soft-Close-Cabinet-Hinges.webp\" alt=\"Details zu Verdeckt schlie\u00dfenden Scharnieren f\u00fcr Schr\u00e4nke\" class=\"wp-image-436\" srcset=\"https:\/\/www.mrhardwares.com\/wp-content\/uploads\/2024\/12\/Details-of-Concealed-Soft-Close-Cabinet-Hinges.webp 1600w, https:\/\/www.mrhardwares.com\/wp-content\/uploads\/2024\/12\/Details-of-Concealed-Soft-Close-Cabinet-Hinges-300x225.webp 300w, https:\/\/www.mrhardwares.com\/wp-content\/uploads\/2024\/12\/Details-of-Concealed-Soft-Close-Cabinet-Hinges-768x576.webp 768w, https:\/\/www.mrhardwares.com\/wp-content\/uploads\/2024\/12\/Details-of-Concealed-Soft-Close-Cabinet-Hinges-1200x900.webp 1200w, https:\/\/www.mrhardwares.com\/wp-content\/uploads\/2024\/12\/Details-of-Concealed-Soft-Close-Cabinet-Hinges-600x450.webp 600w\" sizes=\"(max-width: 1600px) 100vw, 1600px\" \/><\/figure>","protected":false},"excerpt":{"rendered":"<p>Gro\u00dfhandel Verdeckte Soft Close Cabinet Scharniere, geeignet f\u00fcr eine Vielzahl von privaten und gewerblichen M\u00f6beln, bieten eine reibungslose und leise Schlie\u00dfung Erfahrung, hat dieses Scharnier ein unsichtbares Design, h\u00e4lt sch\u00f6n, einfach zu installieren und stabil. Geeignet f\u00fcr gro\u00dfvolumige Eink\u00e4ufe und kundenspezifische Bed\u00fcrfnisse. Willkommen, uns zu kontaktieren.<\/p>\n<h2>Spezifikationen f\u00fcr verdeckt liegende, sanft schlie\u00dfende Schrankscharniere<\/h2>\n<table border=\"0\" cellspacing=\"0\" cellpadding=\"0\">\n<tbody style=\"font-size: 14px; border: 1px solid #ccc; overflow: hidden;\">\n<tr style=\"line-height: 1.4;\">\n<td style=\"width: 33%;\" width=\"36\" height=\"30\"><strong>Spezifikation<\/strong><\/td>\n<td style=\"width: 67%;\" width=\"72\"><strong>Einzelheiten<\/strong><\/td>\n<\/tr>\n<tr style=\"line-height: 1.4;\">\n<td style=\"width: 33%;\" width=\"36\" height=\"30\"><strong>Modellnummer<\/strong><\/td>\n<td style=\"width: 67%;\" width=\"72\">712-A\uff0c 712-B\uff0c 712-C<\/td>\n<\/tr>\n<tr style=\"line-height: 1.4;\">\n<td style=\"width: 33%;\" width=\"36\" height=\"30\"><strong>Scharnier Material<\/strong><\/td>\n<td style=\"width: 67%;\" width=\"72\">Eisen<\/td>\n<\/tr>\n<tr style=\"line-height: 1.4;\">\n<td style=\"width: 33%;\" width=\"36\" height=\"30\"><strong>Scharnier Typ<\/strong><\/td>\n<td style=\"width: 67%;\" width=\"72\">D\u00e4mpfendes Scharnier<\/td>\n<\/tr>\n<tr style=\"line-height: 1.4;\">\n<td style=\"width: 33%;\" width=\"36\" height=\"30\"><strong>\u00d6ffnungswinkel<\/strong><\/td>\n<td style=\"width: 67%;\" width=\"72\">105\u00b0<\/td>\n<\/tr>\n<tr style=\"line-height: 1.4;\">\n<td style=\"width: 33%;\" width=\"36\" height=\"40\"><strong>Durchmesser der Scharnierpfanne<\/strong><\/td>\n<td style=\"width: 67%;\" width=\"72\">35mm<\/td>\n<\/tr>\n<tr style=\"line-height: 1.4;\">\n<td style=\"width: 33%;\" width=\"36\" height=\"40\"><strong>Tiefe der Scharnierschale<\/strong><\/td>\n<td style=\"width: 67%;\" width=\"72\">11,3 mm<\/td>\n<\/tr>\n<tr style=\"line-height: 1.4;\">\n<td style=\"width: 33%;\" width=\"36\" height=\"30\"><strong>Dicke der T\u00fcr<\/strong><\/td>\n<td style=\"width: 67%;\" width=\"72\">13-23mm<\/td>\n<\/tr>\n<tr style=\"line-height: 1.4;\">\n<td style=\"width: 33%;\" width=\"36\" height=\"60\"><strong>Anwendbare Szenarien<\/strong><\/td>\n<td style=\"width: 67%;\" width=\"72\">Kleiderschrank, Schrank, B\u00fccherregal, Badezimmerschrank, und mehr<\/td>\n<\/tr>\n<tr style=\"line-height: 1.4;\">\n<td style=\"width: 33%;\" width=\"36\" height=\"50\"><strong>OEM- und ODM-Dienstleistungen<\/strong><\/td>\n<td style=\"width: 67%;\" width=\"72\">Unterst\u00fctzt einfache und tiefgreifende Anpassungen<\/td>\n<\/tr>\n<\/tbody>\n<\/table>","protected":false},"featured_media":437,"comment_status":"closed","ping_status":"closed","template":"","meta":{"_acf_changed":false},"product_brand":[],"product_cat":[16,17],"product_tag":[],"class_list":{"0":"post-435","1":"product","2":"type-product","3":"status-publish","4":"has-post-thumbnail","6":"product_cat-wholesale-soft-closing-hinges","7":"product_cat-wholesale-cabinet-hinges","9":"first","10":"instock","11":"shipping-taxable","12":"product-type-simple"},"acf":[],"_links":{"self":[{"href":"https:\/\/www.mrhardwares.com\/de\/wp-json\/wp\/v2\/product\/435","targetHints":{"allow":["GET"]}}],"collection":[{"href":"https:\/\/www.mrhardwares.com\/de\/wp-json\/wp\/v2\/product"}],"about":[{"href":"https:\/\/www.mrhardwares.com\/de\/wp-json\/wp\/v2\/types\/product"}],"replies":[{"embeddable":true,"href":"https:\/\/www.mrhardwares.com\/de\/wp-json\/wp\/v2\/comments?post=435"}],"wp:featuredmedia":[{"embeddable":true,"href":"https:\/\/www.mrhardwares.com\/de\/wp-json\/wp\/v2\/media\/437"}],"wp:attachment":[{"href":"https:\/\/www.mrhardwares.com\/de\/wp-json\/wp\/v2\/media?parent=435"}],"wp:term":[{"taxonomy":"product_brand","embeddable":true,"href":"https:\/\/www.mrhardwares.com\/de\/wp-json\/wp\/v2\/product_brand?post=435"},{"taxonomy":"product_cat","embeddable":true,"href":"https:\/\/www.mrhardwares.com\/de\/wp-json\/wp\/v2\/product_cat?post=435"},{"taxonomy":"product_tag","embeddable":true,"href":"https:\/\/www.mrhardwares.com\/de\/wp-json\/wp\/v2\/product_tag?post=435"}],"curies":[{"name":"wp","href":"https:\/\/api.w.org\/{rel}","templated":true}]}}