{"id":444,"date":"2024-12-27T03:51:07","date_gmt":"2024-12-27T03:51:07","guid":{"rendered":"https:\/\/www.mrhardwares.com\/?post_type=product&#038;p=444"},"modified":"2025-01-06T14:53:55","modified_gmt":"2025-01-06T14:53:55","slug":"wholesale-furniture-hardware-hinges","status":"publish","type":"product","link":"https:\/\/www.mrhardwares.com\/de\/product\/wholesale-furniture-hardware-hinges\/","title":{"rendered":"Gro\u00dfhandel Soft Close M\u00f6bel Hardware Scharniere, Edelstahl D\u00e4mpfung Scharniere zu verkaufen (876A-C)"},"content":{"rendered":"<h3 class=\"wp-block-heading\">Merkmale von Scharnieren f\u00fcr M\u00f6belbeschl\u00e4ge<\/h3><p><strong>Automatisches langsames Schlie\u00dfen:<\/strong> Sanft schlie\u00dfende M\u00f6belscharniere k\u00f6nnen die Schlie\u00dfgeschwindigkeit automatisch anpassen, 100% ger\u00e4uschlosen Betrieb erreichen und die Benutzererfahrung verbessern.<\/p><p><strong>Gro\u00dfer \u00d6ffnungswinkel:<\/strong> Der \u00d6ffnungswinkel von 105\u00b0 erm\u00f6glicht eine vollst\u00e4ndige \u00d6ffnung der T\u00fcr, wodurch mehr Stauraum und Zugriffsm\u00f6glichkeiten geschaffen werden, die sich besonders f\u00fcr M\u00f6bel mit gro\u00dfem Fassungsverm\u00f6gen wie Schr\u00e4nke und Garderoben eignen.<\/p><p><strong>Geringe Wartungsanforderungen:<\/strong> Im Vergleich zu herk\u00f6mmlichen Scharnieren verringern diese sanft schlie\u00dfenden M\u00f6belbeschl\u00e4ge den Verschlei\u00df im t\u00e4glichen Gebrauch und reduzieren die Wartungskosten f\u00fcr Scharniere und M\u00f6bel.<\/p><p><strong>Fabrikpreis: <\/strong>Wir bieten wettbewerbsf\u00e4hige Preise, die sowohl f\u00fcr Gro\u00dfeink\u00e4ufe als auch f\u00fcr kundenspezifische Anforderungen geeignet sind, um die Bed\u00fcrfnisse verschiedener M\u00f6belhersteller und Gro\u00dfh\u00e4ndler zu erf\u00fcllen.<\/p><p><strong>Starke Anpassungsm\u00f6glichkeiten:<\/strong> Als Scharnierhersteller k\u00f6nnen unsere Scharniere neben den Standardscharnieren f\u00fcr M\u00f6belbeschl\u00e4ge auch nach Kundenwunsch in Gr\u00f6\u00dfe, Funktion und Aussehen angepasst werden, um den Anforderungen verschiedener M\u00f6belmarken und M\u00e4rkte gerecht zu werden.<\/p><h3 class=\"wp-block-heading\">Anwendungs- und Installationsparameter des \u042435mm-Scharniers<\/h3><p><strong>H = <\/strong>H\u00f6he der Scharnierbasis<br><strong>D = <\/strong>Erforderliches Overlay auf der Seitenwand<br><strong>K = <\/strong>Abstand zwischen der T\u00fcrkante und den Bohrungen am Scharniertopf<br><strong>A = <\/strong>Spalt zwischen der T\u00fcr und der Seitenwand<\/p><figure class=\"wp-block-image size-full\"><img decoding=\"async\" width=\"1600\" height=\"1200\" src=\"https:\/\/www.mrhardwares.com\/wp-content\/uploads\/2024\/12\/The-Detail-of-Furniture-Hardware-Hinges.webp\" alt=\"Das Detail der Scharniere f\u00fcr M\u00f6belbeschl\u00e4ge\" class=\"wp-image-445\" srcset=\"https:\/\/www.mrhardwares.com\/wp-content\/uploads\/2024\/12\/The-Detail-of-Furniture-Hardware-Hinges.webp 1600w, https:\/\/www.mrhardwares.com\/wp-content\/uploads\/2024\/12\/The-Detail-of-Furniture-Hardware-Hinges-300x225.webp 300w, https:\/\/www.mrhardwares.com\/wp-content\/uploads\/2024\/12\/The-Detail-of-Furniture-Hardware-Hinges-768x576.webp 768w, https:\/\/www.mrhardwares.com\/wp-content\/uploads\/2024\/12\/The-Detail-of-Furniture-Hardware-Hinges-1200x900.webp 1200w, https:\/\/www.mrhardwares.com\/wp-content\/uploads\/2024\/12\/The-Detail-of-Furniture-Hardware-Hinges-600x450.webp 600w\" sizes=\"(max-width: 1600px) 100vw, 1600px\" \/><\/figure>","protected":false},"excerpt":{"rendered":"<p>Gro\u00dfhandel M\u00f6bel Hardware Scharniere, geeignet f\u00fcr verschiedene M\u00f6bel-Anwendungen, wie K\u00fcchenschr\u00e4nke, Schr\u00e4nke, Bad Schr\u00e4nke, etc. Mit Soft-Closing-Funktion, ist es geeignet f\u00fcr Familien mit Kindern und \u00e4lteren Menschen, und verbessert die Sicherheit. Es reduziert den Verschlei\u00df im t\u00e4glichen Gebrauch und kann kosteng\u00fcnstige Wartung zu erreichen. <strong>Unterst\u00fctzung von OEM- und ODM-Anpassungen, bitte kontaktieren Sie uns f\u00fcr ein Angebot.<\/strong><\/p>\n<h2>Spezifikationen von Scharnieren f\u00fcr M\u00f6belbeschl\u00e4ge<\/h2>\n<table border=\"0\" cellspacing=\"0\" cellpadding=\"0\">\n<tbody style=\"font-size: 14px; border: 1px solid #ccc; overflow: hidden;\">\n<tr style=\"line-height: 1.4;\">\n<td style=\"width: 33%;\" width=\"36\" height=\"30\"><strong>Spezifikation<\/strong><\/td>\n<td style=\"width: 67%;\" width=\"72\"><strong>Einzelheiten<\/strong><\/td>\n<\/tr>\n<tr style=\"line-height: 1.4;\">\n<td style=\"width: 33%;\" width=\"36\" height=\"30\"><strong>Modellnummer<\/strong><\/td>\n<td style=\"width: 67%;\" width=\"72\">876 - A\uff0c 876 - B\uff0c 876 - C<\/td>\n<\/tr>\n<tr style=\"line-height: 1.4;\">\n<td style=\"width: 33%;\" width=\"36\" height=\"30\"><strong>Scharnier Material<\/strong><\/td>\n<td style=\"width: 67%;\" width=\"72\">Rostfreier Stahl<\/td>\n<\/tr>\n<tr style=\"line-height: 1.4;\">\n<td style=\"width: 33%;\" width=\"36\" height=\"30\"><strong>Scharnier Typ<\/strong><\/td>\n<td style=\"width: 67%;\" width=\"72\">D\u00e4mpfendes Scharnier<\/td>\n<\/tr>\n<tr style=\"line-height: 1.4;\">\n<td style=\"width: 33%;\" width=\"36\" height=\"30\"><strong>\u00d6ffnungswinkel<\/strong><\/td>\n<td style=\"width: 67%;\" width=\"72\">105\u00b0<\/td>\n<\/tr>\n<tr style=\"line-height: 1.4;\">\n<td style=\"width: 33%;\" width=\"36\" height=\"40\"><strong>Durchmesser der Scharnierpfanne<\/strong><\/td>\n<td style=\"width: 67%;\" width=\"72\">35mm<\/td>\n<\/tr>\n<tr style=\"line-height: 1.4;\">\n<td style=\"width: 33%;\" width=\"36\" height=\"40\"><strong>Tiefe der Scharnierschale<\/strong><\/td>\n<td style=\"width: 67%;\" width=\"72\">11,3 mm<\/td>\n<\/tr>\n<tr style=\"line-height: 1.4;\">\n<td style=\"width: 33%;\" width=\"36\" height=\"30\"><strong>Dicke der T\u00fcr<\/strong><\/td>\n<td style=\"width: 67%;\" width=\"72\">13-23mm<\/td>\n<\/tr>\n<tr style=\"line-height: 1.4;\">\n<td style=\"width: 33%;\" width=\"36\" height=\"60\"><strong>Anwendbare Szenarien<\/strong><\/td>\n<td style=\"width: 67%;\" width=\"72\">Kleiderschrank, Schrank, B\u00fccherregal, Badezimmerschrank, und mehr<\/td>\n<\/tr>\n<tr style=\"line-height: 1.4;\">\n<td style=\"width: 33%;\" width=\"36\" height=\"50\"><strong>OEM- und ODM-Dienstleistungen<\/strong><\/td>\n<td style=\"width: 67%;\" width=\"72\">Unterst\u00fctzt einfache und tiefgreifende Anpassungen<\/td>\n<\/tr>\n<\/tbody>\n<\/table>","protected":false},"featured_media":446,"comment_status":"closed","ping_status":"closed","template":"","meta":{"_acf_changed":false},"product_brand":[],"product_cat":[16,17],"product_tag":[],"class_list":{"0":"post-444","1":"product","2":"type-product","3":"status-publish","4":"has-post-thumbnail","6":"product_cat-wholesale-soft-closing-hinges","7":"product_cat-wholesale-cabinet-hinges","9":"first","10":"instock","11":"shipping-taxable","12":"product-type-simple"},"acf":[],"_links":{"self":[{"href":"https:\/\/www.mrhardwares.com\/de\/wp-json\/wp\/v2\/product\/444","targetHints":{"allow":["GET"]}}],"collection":[{"href":"https:\/\/www.mrhardwares.com\/de\/wp-json\/wp\/v2\/product"}],"about":[{"href":"https:\/\/www.mrhardwares.com\/de\/wp-json\/wp\/v2\/types\/product"}],"replies":[{"embeddable":true,"href":"https:\/\/www.mrhardwares.com\/de\/wp-json\/wp\/v2\/comments?post=444"}],"wp:featuredmedia":[{"embeddable":true,"href":"https:\/\/www.mrhardwares.com\/de\/wp-json\/wp\/v2\/media\/446"}],"wp:attachment":[{"href":"https:\/\/www.mrhardwares.com\/de\/wp-json\/wp\/v2\/media?parent=444"}],"wp:term":[{"taxonomy":"product_brand","embeddable":true,"href":"https:\/\/www.mrhardwares.com\/de\/wp-json\/wp\/v2\/product_brand?post=444"},{"taxonomy":"product_cat","embeddable":true,"href":"https:\/\/www.mrhardwares.com\/de\/wp-json\/wp\/v2\/product_cat?post=444"},{"taxonomy":"product_tag","embeddable":true,"href":"https:\/\/www.mrhardwares.com\/de\/wp-json\/wp\/v2\/product_tag?post=444"}],"curies":[{"name":"wp","href":"https:\/\/api.w.org\/{rel}","templated":true}]}}