{"id":447,"date":"2024-12-27T04:26:49","date_gmt":"2024-12-27T04:26:49","guid":{"rendered":"https:\/\/www.mrhardwares.com\/?post_type=product&#038;p=447"},"modified":"2025-01-06T14:54:10","modified_gmt":"2025-01-06T14:54:10","slug":"bulk-cabinet-soft-close-hinges-factory-direct-sales","status":"publish","type":"product","link":"https:\/\/www.mrhardwares.com\/de\/product\/bulk-cabinet-soft-close-hinges-factory-direct-sales\/","title":{"rendered":"Customizable Bulk Cabinet Soft Close Hinges \uff0cSelf-Detachable Hinges Factory Direct Sale\uff08878A-C\uff09"},"content":{"rendered":"<h3 class=\"wp-block-heading\">Eigenschaften von Scharnieren mit Soft-Close-Funktion f\u00fcr Schr\u00e4nke<\/h3><p><strong>Geeignet f\u00fcr den Einsatz bei hohen Frequenzen: <\/strong>Unsere Scharniere f\u00fcr Schr\u00e4nke haben ein sanft schlie\u00dfendes Design und eignen sich daher sehr gut f\u00fcr Umgebungen, in denen sie h\u00e4ufig benutzt werden, wie z. B. K\u00fcchenschr\u00e4nke oder B\u00fcroschr\u00e4nke.<\/p><p><strong>Anpassung an verschiedene T\u00fcrverkleidungen: <\/strong>Dieses Soft-Close-Scharnier f\u00fcr Schr\u00e4nke eignet sich f\u00fcr verschiedene T\u00fcrpaneele mit einer Dicke von 13-23 mm, und das Scharnier ist mit T\u00fcrpaneelen aus verschiedenen Materialien wie Holz, Kunststoffplatten usw. kompatibel, und seine Anwendbarkeit ist st\u00e4rker.<\/p><p><strong>Starke Haltbarkeit:<\/strong> Die Soft-Close-Scharniere f\u00fcr Schr\u00e4nke wurden strengen Qualit\u00e4tskontrollen und anspruchsvollen Herstellungsprozessen unterzogen. Unsere Scharniere f\u00fcr M\u00f6belbeschl\u00e4ge haben eine ausgezeichnete Haltbarkeit und Sto\u00dffestigkeit und bieten eine bessere Nutzungserfahrung.<\/p><p><strong>Vorteile des Gro\u00dfeinkaufs: <\/strong>Als Direktprodukt bieten wir wettbewerbsf\u00e4hige Preise, die f\u00fcr Gro\u00dfabnehmer und Gro\u00dfh\u00e4ndler geeignet sind und helfen, die Beschaffungskosten zu senken.<\/p><p><strong>Ma\u00dfgeschneiderter Service: <\/strong>Wir bieten OEM- und ODM-Services f\u00fcr kundenspezifische Scharniere an, die Produktdesign, Musterproduktion, Erf\u00fcllung pers\u00f6nlicher Designanforderungen und ma\u00dfgeschneiderte L\u00f6sungen f\u00fcr Ihre M\u00f6belprojekte umfassen.<\/p><h3 class=\"wp-block-heading\">Anwendungs- und Installationsparameter des \u042435mm-Scharniers<\/h3><p><strong>H = <\/strong>H\u00f6he der Scharnierbasis<br><strong>D = <\/strong>Erforderliches Overlay auf der Seitenwand<br><strong>K = <\/strong>Abstand zwischen der T\u00fcrkante und den Bohrungen am Scharniertopf<br><strong>A = <\/strong>Spalt zwischen der T\u00fcr und der Seitenwand<\/p><figure class=\"wp-block-image size-full\"><img decoding=\"async\" width=\"1600\" height=\"1200\" src=\"https:\/\/www.mrhardwares.com\/wp-content\/uploads\/2024\/12\/Details-of-Cabinet-Soft-Close-Hinges-1.webp\" alt=\"Details zu Schrankscharnieren mit Soft-Close-Funktion\" class=\"wp-image-450\" srcset=\"https:\/\/www.mrhardwares.com\/wp-content\/uploads\/2024\/12\/Details-of-Cabinet-Soft-Close-Hinges-1.webp 1600w, https:\/\/www.mrhardwares.com\/wp-content\/uploads\/2024\/12\/Details-of-Cabinet-Soft-Close-Hinges-1-300x225.webp 300w, https:\/\/www.mrhardwares.com\/wp-content\/uploads\/2024\/12\/Details-of-Cabinet-Soft-Close-Hinges-1-768x576.webp 768w, https:\/\/www.mrhardwares.com\/wp-content\/uploads\/2024\/12\/Details-of-Cabinet-Soft-Close-Hinges-1-1200x900.webp 1200w, https:\/\/www.mrhardwares.com\/wp-content\/uploads\/2024\/12\/Details-of-Cabinet-Soft-Close-Hinges-1-600x450.webp 600w\" sizes=\"(max-width: 1600px) 100vw, 1600px\" \/><\/figure>","protected":false},"excerpt":{"rendered":"<p>Gro\u00dfhandel Schrank Soft-Close-Scharniere, kompatibel mit einer Vielzahl von Materialien, einschlie\u00dflich Holz, Kunststoff-Board, geeignet f\u00fcr alle Arten von Schrankt\u00fcren, die D\u00e4mpfung Technologie besser verwendet, um die Lebensdauer der M\u00f6bel zu verl\u00e4ngern. Mingrun Scharnier Fabrik unterst\u00fctzt gro\u00dfvolumige Eink\u00e4ufe und bietet One-Stop-Anpassung Dienstleistungen. Willkommen, uns zu kontaktieren.<\/p>\n<h2>Spezifikationen f\u00fcr Soft-Close-Scharniere f\u00fcr Schr\u00e4nke<\/h2>\n<table border=\"0\" cellspacing=\"0\" cellpadding=\"0\">\n<tbody style=\"font-size: 14px; border: 1px solid #ccc; overflow: hidden;\">\n<tr style=\"line-height: 1.4;\">\n<td style=\"width: 33%;\" width=\"36\" height=\"30\"><strong>Spezifikation<\/strong><\/td>\n<td style=\"width: 67%;\" width=\"72\"><strong>Einzelheiten<\/strong><\/td>\n<\/tr>\n<tr style=\"line-height: 1.4;\">\n<td style=\"width: 33%;\" width=\"36\" height=\"30\"><strong>Modellnummer<\/strong><\/td>\n<td style=\"width: 67%;\" width=\"72\">878 - A\uff0c 878 - B\uff0c 878 - C<\/td>\n<\/tr>\n<tr style=\"line-height: 1.4;\">\n<td style=\"width: 33%;\" width=\"36\" height=\"30\"><strong>Scharnier Material<\/strong><\/td>\n<td style=\"width: 67%;\" width=\"72\">Rostfreier Stahl<\/td>\n<\/tr>\n<tr style=\"line-height: 1.4;\">\n<td style=\"width: 33%;\" width=\"36\" height=\"30\"><strong>Scharnier Typ<\/strong><\/td>\n<td style=\"width: 67%;\" width=\"72\">D\u00e4mpfendes Scharnier<\/td>\n<\/tr>\n<tr style=\"line-height: 1.4;\">\n<td style=\"width: 33%;\" width=\"36\" height=\"30\"><strong>\u00d6ffnungswinkel<\/strong><\/td>\n<td style=\"width: 67%;\" width=\"72\">105\u00b0<\/td>\n<\/tr>\n<tr style=\"line-height: 1.4;\">\n<td style=\"width: 33%;\" width=\"36\" height=\"40\"><strong>Durchmesser der Scharnierpfanne<\/strong><\/td>\n<td style=\"width: 67%;\" width=\"72\">35mm<\/td>\n<\/tr>\n<tr style=\"line-height: 1.4;\">\n<td style=\"width: 33%;\" width=\"36\" height=\"40\"><strong>Tiefe der Scharnierschale<\/strong><\/td>\n<td style=\"width: 67%;\" width=\"72\">11,3 mm<\/td>\n<\/tr>\n<tr style=\"line-height: 1.4;\">\n<td style=\"width: 33%;\" width=\"36\" height=\"30\"><strong>Dicke der T\u00fcr<\/strong><\/td>\n<td style=\"width: 67%;\" width=\"72\">13-23mm<\/td>\n<\/tr>\n<tr style=\"line-height: 1.4;\">\n<td style=\"width: 33%;\" width=\"36\" height=\"60\"><strong>Anwendbare Szenarien<\/strong><\/td>\n<td style=\"width: 67%;\" width=\"72\">Kleiderschrank, Schrank, B\u00fccherregal, Badezimmerschrank, und mehr<\/td>\n<\/tr>\n<tr style=\"line-height: 1.4;\">\n<td style=\"width: 33%;\" width=\"36\" height=\"50\"><strong>OEM- und ODM-Dienstleistungen<\/strong><\/td>\n<td style=\"width: 67%;\" width=\"72\">Unterst\u00fctzt einfache und tiefgreifende Anpassungen<\/td>\n<\/tr>\n<\/tbody>\n<\/table>","protected":false},"featured_media":449,"comment_status":"closed","ping_status":"closed","template":"","meta":{"_acf_changed":false},"product_brand":[],"product_cat":[16,17],"product_tag":[],"class_list":{"0":"post-447","1":"product","2":"type-product","3":"status-publish","4":"has-post-thumbnail","6":"product_cat-wholesale-soft-closing-hinges","7":"product_cat-wholesale-cabinet-hinges","9":"first","10":"instock","11":"shipping-taxable","12":"product-type-simple"},"acf":[],"_links":{"self":[{"href":"https:\/\/www.mrhardwares.com\/de\/wp-json\/wp\/v2\/product\/447","targetHints":{"allow":["GET"]}}],"collection":[{"href":"https:\/\/www.mrhardwares.com\/de\/wp-json\/wp\/v2\/product"}],"about":[{"href":"https:\/\/www.mrhardwares.com\/de\/wp-json\/wp\/v2\/types\/product"}],"replies":[{"embeddable":true,"href":"https:\/\/www.mrhardwares.com\/de\/wp-json\/wp\/v2\/comments?post=447"}],"wp:featuredmedia":[{"embeddable":true,"href":"https:\/\/www.mrhardwares.com\/de\/wp-json\/wp\/v2\/media\/449"}],"wp:attachment":[{"href":"https:\/\/www.mrhardwares.com\/de\/wp-json\/wp\/v2\/media?parent=447"}],"wp:term":[{"taxonomy":"product_brand","embeddable":true,"href":"https:\/\/www.mrhardwares.com\/de\/wp-json\/wp\/v2\/product_brand?post=447"},{"taxonomy":"product_cat","embeddable":true,"href":"https:\/\/www.mrhardwares.com\/de\/wp-json\/wp\/v2\/product_cat?post=447"},{"taxonomy":"product_tag","embeddable":true,"href":"https:\/\/www.mrhardwares.com\/de\/wp-json\/wp\/v2\/product_tag?post=447"}],"curies":[{"name":"wp","href":"https:\/\/api.w.org\/{rel}","templated":true}]}}