{"id":451,"date":"2024-12-27T04:32:44","date_gmt":"2024-12-27T04:32:44","guid":{"rendered":"https:\/\/www.mrhardwares.com\/?post_type=product&#038;p=451"},"modified":"2025-01-06T14:54:27","modified_gmt":"2025-01-06T14:54:27","slug":"wholesale-customizable-hydraulic-hinges","status":"publish","type":"product","link":"https:\/\/www.mrhardwares.com\/de\/product\/wholesale-customizable-hydraulic-hinges\/","title":{"rendered":"Gro\u00dfhandel benutzerdefinierte hydraulische Scharniere, geeignet f\u00fcr Schr\u00e4nke, M\u00f6bel T\u00fcren (626A-C\uff09)"},"content":{"rendered":"<h3 class=\"wp-block-heading\">Merkmale der hydraulischen Scharniere<\/h3><p><strong>Automatische Schlie\u00dffunktion:<\/strong> Das hydraulische Scharnier kann das T\u00fcrblatt automatisch und langsam schlie\u00dfen, wodurch die durch das schnelle Schlie\u00dfen des T\u00fcrblattes verursachten St\u00f6\u00dfe vermieden werden, die M\u00f6bel und das Scharnier selbst gesch\u00fctzt werden und die Lebensdauer verl\u00e4ngert wird.<\/p><p><strong>Effiziente Tragf\u00e4higkeit: <\/strong>Die hydraulische Scharnierkonstruktion kann einem hohen Gewicht standhalten und eignet sich f\u00fcr schwere T\u00fcrverkleidungen, Schr\u00e4nke und hochwertige M\u00f6bel.<\/p><p><strong>Erh\u00f6hte Sicherheit: <\/strong>Der hydraulische Mechanismus verringert das Risiko eines pl\u00f6tzlichen Schlie\u00dfens des T\u00fcrfl\u00fcgels und erh\u00f6ht die Sicherheit bei der Benutzung.<\/p><p><strong>Einfach zu installieren:<\/strong> Dieses hydraulische Scharnier hat ein einfaches Design und eine schnelle Installation, was die Installationszeit reduziert und die Effizienz verbessert. Es ist f\u00fcr Gro\u00dfeink\u00e4ufe geeignet.<\/p><p><strong>Anpassungsm\u00f6glichkeiten: <\/strong>Wir unterst\u00fctzen OEM- und ODM-Kundenanpassungsdienste und k\u00f6nnen die Gr\u00f6\u00dfe und Funktion des Scharniers entsprechend den Kundenbed\u00fcrfnissen anpassen, um individuelle Anforderungen zu erf\u00fcllen.<\/p><h3 class=\"wp-block-heading\">Anwendungs- und Installationsparameter des \u042435mm-Scharniers<\/h3><p><strong>H = <\/strong>H\u00f6he der Scharnierbasis<br><strong>D = <\/strong>Erforderliches Overlay auf der Seitenwand<br><strong>K = <\/strong>Abstand zwischen der T\u00fcrkante und den Bohrungen am Scharniertopf<br><strong>A = <\/strong>Spalt zwischen der T\u00fcr und der Seitenwand<\/p><figure class=\"wp-block-image size-full\"><img decoding=\"async\" width=\"1600\" height=\"1200\" src=\"https:\/\/www.mrhardwares.com\/wp-content\/uploads\/2024\/12\/Details-of-Hydraulic-Hinges.webp\" alt=\"Details der hydraulischen Scharniere\" class=\"wp-image-452\" srcset=\"https:\/\/www.mrhardwares.com\/wp-content\/uploads\/2024\/12\/Details-of-Hydraulic-Hinges.webp 1600w, https:\/\/www.mrhardwares.com\/wp-content\/uploads\/2024\/12\/Details-of-Hydraulic-Hinges-300x225.webp 300w, https:\/\/www.mrhardwares.com\/wp-content\/uploads\/2024\/12\/Details-of-Hydraulic-Hinges-768x576.webp 768w, https:\/\/www.mrhardwares.com\/wp-content\/uploads\/2024\/12\/Details-of-Hydraulic-Hinges-1200x900.webp 1200w, https:\/\/www.mrhardwares.com\/wp-content\/uploads\/2024\/12\/Details-of-Hydraulic-Hinges-600x450.webp 600w\" sizes=\"(max-width: 1600px) 100vw, 1600px\" \/><\/figure>","protected":false},"excerpt":{"rendered":"<p>Gro\u00dfhandel anpassbare hydraulische Scharniere, hydraulisches Design, kann sicherstellen, dass die T\u00fcrplatte \u00f6ffnet und schlie\u00dft reibungslos, langsam und leise, die Verbesserung der Benutzererfahrung. Geeignet f\u00fcr alle Arten von Schrankt\u00fcren und M\u00f6bel T\u00fcrverkleidungen. Als Scharnier Hersteller, bieten wir Gro\u00dfhandel und benutzerdefinierte Scharnier Dienstleistungen, willkommen, uns zu kontaktieren.<\/p>\n<h2>Spezifikationen f\u00fcr hydraulische Scharniere<\/h2>\n<table border=\"0\" cellspacing=\"0\" cellpadding=\"0\">\n<tbody style=\"font-size: 14px; border: 1px solid #ccc; overflow: hidden;\">\n<tr style=\"line-height: 1.4;\">\n<td style=\"width: 33%;\" width=\"36\" height=\"30\"><strong>Spezifikation<\/strong><\/td>\n<td style=\"width: 67%;\" width=\"72\"><strong>Einzelheiten<\/strong><\/td>\n<\/tr>\n<tr style=\"line-height: 1.4;\">\n<td style=\"width: 33%;\" width=\"36\" height=\"30\"><strong>Modellnummer<\/strong><\/td>\n<td style=\"width: 67%;\" width=\"72\">626-A\uff0c 626-B\uff0c 626-C<\/td>\n<\/tr>\n<tr style=\"line-height: 1.4;\">\n<td style=\"width: 33%;\" width=\"36\" height=\"30\"><strong>Scharnier Material<\/strong><\/td>\n<td style=\"width: 67%;\" width=\"72\">Eisen<\/td>\n<\/tr>\n<tr style=\"line-height: 1.4;\">\n<td style=\"width: 33%;\" width=\"36\" height=\"30\"><strong>Scharnier Typ<\/strong><\/td>\n<td style=\"width: 67%;\" width=\"72\">D\u00e4mpfendes Scharnier<\/td>\n<\/tr>\n<tr style=\"line-height: 1.4;\">\n<td style=\"width: 33%;\" width=\"36\" height=\"30\"><strong>\u00d6ffnungswinkel<\/strong><\/td>\n<td style=\"width: 67%;\" width=\"72\">105\u00b0<\/td>\n<\/tr>\n<tr style=\"line-height: 1.4;\">\n<td style=\"width: 33%;\" width=\"36\" height=\"40\"><strong>Durchmesser der Scharnierpfanne<\/strong><\/td>\n<td style=\"width: 67%;\" width=\"72\">35mm<\/td>\n<\/tr>\n<tr style=\"line-height: 1.4;\">\n<td style=\"width: 33%;\" width=\"36\" height=\"40\"><strong>Tiefe der Scharnierschale<\/strong><\/td>\n<td style=\"width: 67%;\" width=\"72\">11,3 mm<\/td>\n<\/tr>\n<tr style=\"line-height: 1.4;\">\n<td style=\"width: 33%;\" width=\"36\" height=\"30\"><strong>Dicke der T\u00fcr<\/strong><\/td>\n<td style=\"width: 67%;\" width=\"72\">13-23mm<\/td>\n<\/tr>\n<tr style=\"line-height: 1.4;\">\n<td style=\"width: 33%;\" width=\"36\" height=\"60\"><strong>Anwendbare Szenarien<\/strong><\/td>\n<td style=\"width: 67%;\" width=\"72\">Kleiderschrank, Schrank, B\u00fccherregal, Badezimmerschrank, und mehr<\/td>\n<\/tr>\n<tr style=\"line-height: 1.4;\">\n<td style=\"width: 33%;\" width=\"36\" height=\"50\"><strong>OEM- und ODM-Dienstleistungen<\/strong><\/td>\n<td style=\"width: 67%;\" width=\"72\">Unterst\u00fctzt einfache und tiefgreifende Anpassungen<\/td>\n<\/tr>\n<\/tbody>\n<\/table>","protected":false},"featured_media":453,"comment_status":"closed","ping_status":"closed","template":"","meta":{"_acf_changed":false},"product_brand":[],"product_cat":[17,19,23],"product_tag":[],"class_list":{"0":"post-451","1":"product","2":"type-product","3":"status-publish","4":"has-post-thumbnail","6":"product_cat-wholesale-cabinet-hinges","7":"product_cat-wholesale-furniture-hinges","8":"product_cat-wholesale-hydraulic-hinges","10":"first","11":"instock","12":"shipping-taxable","13":"product-type-simple"},"acf":[],"_links":{"self":[{"href":"https:\/\/www.mrhardwares.com\/de\/wp-json\/wp\/v2\/product\/451","targetHints":{"allow":["GET"]}}],"collection":[{"href":"https:\/\/www.mrhardwares.com\/de\/wp-json\/wp\/v2\/product"}],"about":[{"href":"https:\/\/www.mrhardwares.com\/de\/wp-json\/wp\/v2\/types\/product"}],"replies":[{"embeddable":true,"href":"https:\/\/www.mrhardwares.com\/de\/wp-json\/wp\/v2\/comments?post=451"}],"wp:featuredmedia":[{"embeddable":true,"href":"https:\/\/www.mrhardwares.com\/de\/wp-json\/wp\/v2\/media\/453"}],"wp:attachment":[{"href":"https:\/\/www.mrhardwares.com\/de\/wp-json\/wp\/v2\/media?parent=451"}],"wp:term":[{"taxonomy":"product_brand","embeddable":true,"href":"https:\/\/www.mrhardwares.com\/de\/wp-json\/wp\/v2\/product_brand?post=451"},{"taxonomy":"product_cat","embeddable":true,"href":"https:\/\/www.mrhardwares.com\/de\/wp-json\/wp\/v2\/product_cat?post=451"},{"taxonomy":"product_tag","embeddable":true,"href":"https:\/\/www.mrhardwares.com\/de\/wp-json\/wp\/v2\/product_tag?post=451"}],"curies":[{"name":"wp","href":"https:\/\/api.w.org\/{rel}","templated":true}]}}