{"id":455,"date":"2024-12-27T06:32:48","date_gmt":"2024-12-27T06:32:48","guid":{"rendered":"https:\/\/www.mrhardwares.com\/?post_type=product&#038;p=455"},"modified":"2025-01-06T14:54:45","modified_gmt":"2025-01-06T14:54:45","slug":"wholesale-hydraulic-hinges-for-cabinets","status":"publish","type":"product","link":"https:\/\/www.mrhardwares.com\/de\/product\/wholesale-hydraulic-hinges-for-cabinets\/","title":{"rendered":"Gro\u00dfhandel hydraulische Scharniere f\u00fcr Schr\u00e4nke (628A-C), anpassbar f\u00fcr verschiedene Anwendungen - Mingrun Scharnier Hersteller"},"content":{"rendered":"<h3 class=\"wp-block-heading\">Merkmale von hydraulischen Scharnieren f\u00fcr Schr\u00e4nke<\/h3><p><strong>Reibungsloses Schlie\u00dfen: <\/strong>Hydraulische Scharniere f\u00fcr Schr\u00e4nke sorgen f\u00fcr ein langsames und sanftes Schlie\u00dfen der T\u00fcrbl\u00e4tter, wodurch St\u00f6\u00dfe und L\u00e4rm vermieden werden.<\/p><p><strong>Starke Best\u00e4ndigkeit:<\/strong> Dieses hydraulische Scharnier ist aus hochwertigen, korrosionsbest\u00e4ndigen und verschlei\u00dffesten Materialien gefertigt und eignet sich f\u00fcr hochfrequentes \u00d6ffnen und Schlie\u00dfen.<\/p><p><strong>Ma\u00dfgeschneiderter Service:<\/strong> Unterst\u00fctzt kundenspezifische Gr\u00f6\u00dfe, Funktion, Aussehen, etc. je nach Kundenwunsch. Mingrun bietet professionelle kundenspezifische Scharnierl\u00f6sungen.<\/p><p><strong>Breiter Anwendungsbereich:<\/strong> Dieses hydraulische Scharnier eignet sich f\u00fcr verschiedene Arten von Schrankt\u00fcren und M\u00f6beln, wie z. B. K\u00fcchenschr\u00e4nke, Badezimmerschr\u00e4nke, Kleiderschr\u00e4nke, Weinschr\u00e4nke und mehr.<\/p><h3 class=\"wp-block-heading\">Anwendungs- und Installationsparameter des \u042435mm-Scharniers<\/h3><p><strong>H = <\/strong>H\u00f6he der Scharnierbasis<br><strong>D = <\/strong>Erforderliches Overlay auf der Seitenwand<br><strong>K = <\/strong>Abstand zwischen der T\u00fcrkante und den Bohrungen am Scharniertopf<br><strong>A = <\/strong>Spalt zwischen der T\u00fcr und der Seitenwand<\/p><figure class=\"wp-block-image size-full\"><img decoding=\"async\" width=\"1600\" height=\"1200\" src=\"https:\/\/www.mrhardwares.com\/wp-content\/uploads\/2024\/12\/Details-of-Hydraulic-Hinges-1.webp\" alt=\"Details der hydraulischen Scharniere\" class=\"wp-image-648\" srcset=\"https:\/\/www.mrhardwares.com\/wp-content\/uploads\/2024\/12\/Details-of-Hydraulic-Hinges-1.webp 1600w, https:\/\/www.mrhardwares.com\/wp-content\/uploads\/2024\/12\/Details-of-Hydraulic-Hinges-1-300x225.webp 300w, https:\/\/www.mrhardwares.com\/wp-content\/uploads\/2024\/12\/Details-of-Hydraulic-Hinges-1-768x576.webp 768w, https:\/\/www.mrhardwares.com\/wp-content\/uploads\/2024\/12\/Details-of-Hydraulic-Hinges-1-1200x900.webp 1200w, https:\/\/www.mrhardwares.com\/wp-content\/uploads\/2024\/12\/Details-of-Hydraulic-Hinges-1-600x450.webp 600w\" sizes=\"(max-width: 1600px) 100vw, 1600px\" \/><\/figure>","protected":false},"excerpt":{"rendered":"<p>Gro\u00dfhandel hydraulische Scharniere f\u00fcr Schr\u00e4nke, mit fortschrittlichen hydraulischen Technologie entwickelt, kann schweres Gewicht zu widerstehen und langfristige Stabilit\u00e4t zu gew\u00e4hrleisten. Geeignet f\u00fcr High-End-M\u00f6bel wie K\u00fcchenschr\u00e4nke, Badezimmerschr\u00e4nke, Kleiderschr\u00e4nke, und perfekt f\u00fcr T\u00fcrverkleidungen aus verschiedenen Materialien wie Holz, Metall und Glas. Bitte kontaktieren Sie uns f\u00fcr ein Angebot.<\/p>\n<h2>Spezifikationen f\u00fcr hydraulische Scharniere f\u00fcr Schr\u00e4nke<\/h2>\n<table border=\"0\" cellspacing=\"0\" cellpadding=\"0\">\n<tbody style=\"font-size: 14px; border: 1px solid #ccc; overflow: hidden;\">\n<tr style=\"line-height: 1.4;\">\n<td style=\"width: 33%;\" width=\"36\" height=\"30\"><strong>Spezifikation<\/strong><\/td>\n<td style=\"width: 67%;\" width=\"72\"><strong>Einzelheiten<\/strong><\/td>\n<\/tr>\n<tr style=\"line-height: 1.4;\">\n<td style=\"width: 33%;\" width=\"36\" height=\"30\"><strong>Modellnummer<\/strong><\/td>\n<td style=\"width: 67%;\" width=\"72\">628-A,628-B,628-C<\/td>\n<\/tr>\n<tr style=\"line-height: 1.4;\">\n<td style=\"width: 33%;\" width=\"36\" height=\"30\"><strong>Scharnier Material<\/strong><\/td>\n<td style=\"width: 67%;\" width=\"72\">Eisen<\/td>\n<\/tr>\n<tr style=\"line-height: 1.4;\">\n<td style=\"width: 33%;\" width=\"36\" height=\"30\"><strong>Scharnier Typ<\/strong><\/td>\n<td style=\"width: 67%;\" width=\"72\">D\u00e4mpfendes Scharnier<\/td>\n<\/tr>\n<tr style=\"line-height: 1.4;\">\n<td style=\"width: 33%;\" width=\"36\" height=\"30\"><strong>\u00d6ffnungswinkel<\/strong><\/td>\n<td style=\"width: 67%;\" width=\"72\">105\u00b0<\/td>\n<\/tr>\n<tr style=\"line-height: 1.4;\">\n<td style=\"width: 33%;\" width=\"36\" height=\"40\"><strong>Durchmesser der Scharnierpfanne<\/strong><\/td>\n<td style=\"width: 67%;\" width=\"72\">35mm<\/td>\n<\/tr>\n<tr style=\"line-height: 1.4;\">\n<td style=\"width: 33%;\" width=\"36\" height=\"40\"><strong>Tiefe der Scharnierschale<\/strong><\/td>\n<td style=\"width: 67%;\" width=\"72\">11,3 mm<\/td>\n<\/tr>\n<tr style=\"line-height: 1.4;\">\n<td style=\"width: 33%;\" width=\"36\" height=\"30\"><strong>Dicke der T\u00fcr<\/strong><\/td>\n<td style=\"width: 67%;\" width=\"72\">13-23mm<\/td>\n<\/tr>\n<tr style=\"line-height: 1.4;\">\n<td style=\"width: 33%;\" width=\"36\" height=\"60\"><strong>Anwendbare Szenarien<\/strong><\/td>\n<td style=\"width: 67%;\" width=\"72\">Kleiderschrank, Schrank, B\u00fccherregal, Badezimmerschrank, und mehr<\/td>\n<\/tr>\n<tr style=\"line-height: 1.4;\">\n<td style=\"width: 33%;\" width=\"36\" height=\"50\"><strong>OEM- und ODM-Dienstleistungen<\/strong><\/td>\n<td style=\"width: 67%;\" width=\"72\">Unterst\u00fctzt einfache und tiefgreifende Anpassungen<\/td>\n<\/tr>\n<\/tbody>\n<\/table>","protected":false},"featured_media":649,"comment_status":"closed","ping_status":"closed","template":"","meta":{"_acf_changed":false},"product_brand":[],"product_cat":[17,19,23],"product_tag":[],"class_list":{"0":"post-455","1":"product","2":"type-product","3":"status-publish","4":"has-post-thumbnail","6":"product_cat-wholesale-cabinet-hinges","7":"product_cat-wholesale-furniture-hinges","8":"product_cat-wholesale-hydraulic-hinges","10":"first","11":"instock","12":"shipping-taxable","13":"product-type-simple"},"acf":[],"_links":{"self":[{"href":"https:\/\/www.mrhardwares.com\/de\/wp-json\/wp\/v2\/product\/455","targetHints":{"allow":["GET"]}}],"collection":[{"href":"https:\/\/www.mrhardwares.com\/de\/wp-json\/wp\/v2\/product"}],"about":[{"href":"https:\/\/www.mrhardwares.com\/de\/wp-json\/wp\/v2\/types\/product"}],"replies":[{"embeddable":true,"href":"https:\/\/www.mrhardwares.com\/de\/wp-json\/wp\/v2\/comments?post=455"}],"wp:featuredmedia":[{"embeddable":true,"href":"https:\/\/www.mrhardwares.com\/de\/wp-json\/wp\/v2\/media\/649"}],"wp:attachment":[{"href":"https:\/\/www.mrhardwares.com\/de\/wp-json\/wp\/v2\/media?parent=455"}],"wp:term":[{"taxonomy":"product_brand","embeddable":true,"href":"https:\/\/www.mrhardwares.com\/de\/wp-json\/wp\/v2\/product_brand?post=455"},{"taxonomy":"product_cat","embeddable":true,"href":"https:\/\/www.mrhardwares.com\/de\/wp-json\/wp\/v2\/product_cat?post=455"},{"taxonomy":"product_tag","embeddable":true,"href":"https:\/\/www.mrhardwares.com\/de\/wp-json\/wp\/v2\/product_tag?post=455"}],"curies":[{"name":"wp","href":"https:\/\/api.w.org\/{rel}","templated":true}]}}