{"id":456,"date":"2024-12-27T07:43:22","date_gmt":"2024-12-27T07:43:22","guid":{"rendered":"https:\/\/www.mrhardwares.com\/?post_type=product&#038;p=456"},"modified":"2025-01-06T14:55:12","modified_gmt":"2025-01-06T14:55:12","slug":"wholesale-wardrobe-hinges","status":"publish","type":"product","link":"https:\/\/www.mrhardwares.com\/de\/product\/wholesale-wardrobe-hinges\/","title":{"rendered":"Gro\u00dfhandel Schrank und Garderobe Scharniere, Scharniere, Bulk flachen Cup Scharniere (710A-C), Support OEM &amp; ODM"},"content":{"rendered":"<h3 class=\"wp-block-heading\">Merkmale von Garderobenscharnieren<\/h3><p><strong>Einfaches Design: <\/strong>Dieses Garderobenscharnier ist ein flaches Topfscharnier mit kompaktem Design, das sich f\u00fcr Schrankt\u00fcren oder Schrankt\u00fcren mit wenig Platz eignet.<\/p><p><strong>Geeignet f\u00fcr eine Vielzahl von T\u00fcrverkleidungen: <\/strong>Dieses Scharnier passt sich an eine Vielzahl von T\u00fcrblattst\u00e4rken und -materialien an, wie z. B. Holzt\u00fcren, Glast\u00fcren usw., und bietet so ein breiteres Anwendungsspektrum f\u00fcr unterschiedliche M\u00f6bel und Dekorationsanforderungen.<\/p><p><strong>Pr\u00e4zise Einstellung: <\/strong>Mit der mehrdimensionalen Verstellfunktion kann die T\u00fcrverkleidung je nach Bedarf in der H\u00f6he, in der Tiefe und seitlich verstellt werden, um sicherzustellen, dass die T\u00fcrverkleidung perfekt mit dem Schrankkorpus ausgerichtet ist, wodurch die allgemeine Sch\u00f6nheit und Funktionalit\u00e4t verbessert wird.<\/p><p><strong>Kundenspezifischer Service:<\/strong> Die Scharnierhersteller von Mingrun unterst\u00fctzen OEM- und ODM-Kundenanpassungsdienste und k\u00f6nnen kundenspezifische Scharniere in verschiedenen Gr\u00f6\u00dfen, Farben und Materialien entsprechend den Kundenbed\u00fcrfnissen bereitstellen, um individuelle Anforderungen zu erf\u00fcllen.<\/p><h3 class=\"wp-block-heading\">Anwendungs- und Installationsparameter des \u042435mm-Scharniers<\/h3><p><strong>H = <\/strong>H\u00f6he der Scharnierbasis<br><strong>D = <\/strong>Erforderliches Overlay auf der Seitenwand<br><strong>K = <\/strong>Abstand zwischen der T\u00fcrkante und den Bohrungen am Scharniertopf<br><strong>A = <\/strong>Spalt zwischen der T\u00fcr und der Seitenwand<\/p><figure class=\"wp-block-image size-full\"><img decoding=\"async\" width=\"1600\" height=\"1200\" src=\"https:\/\/www.mrhardwares.com\/wp-content\/uploads\/2024\/12\/Details-of-Wardrobe-Hinges.webp\" alt=\"Details zu Garderobenscharnieren\" class=\"wp-image-457\" srcset=\"https:\/\/www.mrhardwares.com\/wp-content\/uploads\/2024\/12\/Details-of-Wardrobe-Hinges.webp 1600w, https:\/\/www.mrhardwares.com\/wp-content\/uploads\/2024\/12\/Details-of-Wardrobe-Hinges-300x225.webp 300w, https:\/\/www.mrhardwares.com\/wp-content\/uploads\/2024\/12\/Details-of-Wardrobe-Hinges-768x576.webp 768w, https:\/\/www.mrhardwares.com\/wp-content\/uploads\/2024\/12\/Details-of-Wardrobe-Hinges-1200x900.webp 1200w, https:\/\/www.mrhardwares.com\/wp-content\/uploads\/2024\/12\/Details-of-Wardrobe-Hinges-600x450.webp 600w\" sizes=\"(max-width: 1600px) 100vw, 1600px\" \/><\/figure>","protected":false},"excerpt":{"rendered":"<p>Gro\u00dfhandel weiche Schlie\u00dfung Kleiderschrank Scharniere, integrierte D\u00e4mpfungsvorrichtung, unterst\u00fctzen mehrdimensionale Anpassung, geeignet f\u00fcr alle Arten von Schr\u00e4nken, Schr\u00e4nke und kundenspezifische M\u00f6bel, bringen eine elegante Nutzung Erfahrung in den Raum zu Hause. Mingrun bietet One-Stop-individuelle Scharnier-L\u00f6sungen, willkommen, uns zu kontaktieren.<\/p>\n<h2>Spezifikationen f\u00fcr Garderobenscharniere<\/h2>\n<table border=\"0\" cellspacing=\"0\" cellpadding=\"0\">\n<tbody style=\"font-size: 14px; border: 1px solid #ccc; overflow: hidden;\">\n<tr style=\"line-height: 1.4;\">\n<td style=\"width: 33%;\" width=\"36\" height=\"30\"><strong>Spezifikation<\/strong><\/td>\n<td style=\"width: 67%;\" width=\"72\"><strong>Einzelheiten<\/strong><\/td>\n<\/tr>\n<tr style=\"line-height: 1.4;\">\n<td style=\"width: 33%;\" width=\"36\" height=\"30\"><strong>Modellnummer<\/strong><\/td>\n<td style=\"width: 67%;\" width=\"72\">710-A\uff0c710-B\uff0c710-C<\/td>\n<\/tr>\n<tr style=\"line-height: 1.4;\">\n<td style=\"width: 33%;\" width=\"36\" height=\"30\"><strong>Scharnier Material<\/strong><\/td>\n<td style=\"width: 67%;\" width=\"72\">Rostfreier Stahl<\/td>\n<\/tr>\n<tr style=\"line-height: 1.4;\">\n<td style=\"width: 33%;\" width=\"36\" height=\"30\"><strong>Scharnier Typ<\/strong><\/td>\n<td style=\"width: 67%;\" width=\"72\">D\u00e4mpfendes Scharnier<\/td>\n<\/tr>\n<tr style=\"line-height: 1.4;\">\n<td style=\"width: 33%;\" width=\"36\" height=\"30\"><strong>\u00d6ffnungswinkel<\/strong><\/td>\n<td style=\"width: 67%;\" width=\"72\">105\u00b0<\/td>\n<\/tr>\n<tr style=\"line-height: 1.4;\">\n<td style=\"width: 33%;\" width=\"36\" height=\"40\"><strong>Durchmesser der Scharnierpfanne<\/strong><\/td>\n<td style=\"width: 67%;\" width=\"72\">35mm<\/td>\n<\/tr>\n<tr style=\"line-height: 1.4;\">\n<td style=\"width: 33%;\" width=\"36\" height=\"40\"><strong>Tiefe der Scharnierschale<\/strong><\/td>\n<td style=\"width: 67%;\" width=\"72\">11,3 mm<\/td>\n<\/tr>\n<tr style=\"line-height: 1.4;\">\n<td style=\"width: 33%;\" width=\"36\" height=\"30\"><strong>Dicke der T\u00fcr<\/strong><\/td>\n<td style=\"width: 67%;\" width=\"72\">13-23mm<\/td>\n<\/tr>\n<tr style=\"line-height: 1.4;\">\n<td style=\"width: 33%;\" width=\"36\" height=\"60\"><strong>Anwendbare Szenarien<\/strong><\/td>\n<td style=\"width: 67%;\" width=\"72\">Kleiderschrank, Schrank, B\u00fccherregal, Badezimmerschrank, und mehr<\/td>\n<\/tr>\n<tr style=\"line-height: 1.4;\">\n<td style=\"width: 33%;\" width=\"36\" height=\"50\"><strong>OEM- und ODM-Dienstleistungen<\/strong><\/td>\n<td style=\"width: 67%;\" width=\"72\">Unterst\u00fctzt einfache und tiefgreifende Anpassungen<\/td>\n<\/tr>\n<\/tbody>\n<\/table>","protected":false},"featured_media":458,"comment_status":"closed","ping_status":"closed","template":"","meta":{"_acf_changed":false},"product_brand":[],"product_cat":[16,17,19],"product_tag":[],"class_list":{"0":"post-456","1":"product","2":"type-product","3":"status-publish","4":"has-post-thumbnail","6":"product_cat-wholesale-soft-closing-hinges","7":"product_cat-wholesale-cabinet-hinges","8":"product_cat-wholesale-furniture-hinges","10":"first","11":"instock","12":"shipping-taxable","13":"product-type-simple"},"acf":[],"_links":{"self":[{"href":"https:\/\/www.mrhardwares.com\/de\/wp-json\/wp\/v2\/product\/456","targetHints":{"allow":["GET"]}}],"collection":[{"href":"https:\/\/www.mrhardwares.com\/de\/wp-json\/wp\/v2\/product"}],"about":[{"href":"https:\/\/www.mrhardwares.com\/de\/wp-json\/wp\/v2\/types\/product"}],"replies":[{"embeddable":true,"href":"https:\/\/www.mrhardwares.com\/de\/wp-json\/wp\/v2\/comments?post=456"}],"wp:featuredmedia":[{"embeddable":true,"href":"https:\/\/www.mrhardwares.com\/de\/wp-json\/wp\/v2\/media\/458"}],"wp:attachment":[{"href":"https:\/\/www.mrhardwares.com\/de\/wp-json\/wp\/v2\/media?parent=456"}],"wp:term":[{"taxonomy":"product_brand","embeddable":true,"href":"https:\/\/www.mrhardwares.com\/de\/wp-json\/wp\/v2\/product_brand?post=456"},{"taxonomy":"product_cat","embeddable":true,"href":"https:\/\/www.mrhardwares.com\/de\/wp-json\/wp\/v2\/product_cat?post=456"},{"taxonomy":"product_tag","embeddable":true,"href":"https:\/\/www.mrhardwares.com\/de\/wp-json\/wp\/v2\/product_tag?post=456"}],"curies":[{"name":"wp","href":"https:\/\/api.w.org\/{rel}","templated":true}]}}