{"id":459,"date":"2024-12-27T08:17:00","date_gmt":"2024-12-27T08:17:00","guid":{"rendered":"https:\/\/www.mrhardwares.com\/?post_type=product&#038;p=459"},"modified":"2025-01-06T14:59:01","modified_gmt":"2025-01-06T14:59:01","slug":"wholesale-bulk-soft-close-cupboard-hinges","status":"publish","type":"product","link":"https:\/\/www.mrhardwares.com\/de\/product\/wholesale-bulk-soft-close-cupboard-hinges\/","title":{"rendered":"Gro\u00dfhandel Bulk Soft Close Schrank Scharniere, gebogenen Arm flachen Cup Hinge (716A-C)"},"content":{"rendered":"<h3 class=\"wp-block-heading\">Merkmale von Soft-Close-Schrankscharnieren <\/h3><p><strong>Unsichtbares Design: <\/strong>Dieses Soft-Close-Schrankscharnier macht das Scharnier nach dem Einbau fast unsichtbar, wodurch das schlichte Aussehen der Schrankt\u00fcr erhalten bleibt, ganz im Einklang mit dem modernen, minimalistischen Wohnstil.<\/p><p><strong>Flache Tassenform: <\/strong>Das flache Design macht das Scharnier kompakter und eignet sich f\u00fcr M\u00f6bel mit begrenztem Platzangebot, und es kann den vom Scharnier selbst beanspruchten Platz reduzieren.<\/p><p><strong>Gebogene Stangenkonstruktion:<\/strong> Die gebogene Stange sorgt daf\u00fcr, dass das Scharnier einen besseren Halt bietet, so dass sich das T\u00fcrblatt reibungslos \u00f6ffnen und schlie\u00dfen l\u00e4sst und sich auch bei hoher Belastung nicht leicht verformt oder besch\u00e4digt.<\/p><p><strong>Breite Anwendung: <\/strong>Geeignet f\u00fcr verschiedene Arten von Schrankt\u00fcren, wie z. B. Schrankt\u00fcren f\u00fcr Kleiderschr\u00e4nke, K\u00fcchenschr\u00e4nke, Badezimmerschr\u00e4nke usw., um den Anforderungen verschiedener Wohn- oder Gesch\u00e4ftsr\u00e4ume gerecht zu werden.<\/p><p><strong>OEM- und ODM-Anpassung: <\/strong>Wir bieten professionelle, ma\u00dfgeschneiderte Scharnierl\u00f6sungen, damit das Scharnier perfekt zu Ihrem M\u00f6beldesign passt.<\/p><h3 class=\"wp-block-heading\">Anwendungs- und Installationsparameter des \u042435mm-Scharniers<\/h3><p><strong>H = <\/strong>H\u00f6he der Scharnierbasis<br><strong>D = <\/strong>Erforderliches Overlay auf der Seitenwand<br><strong>K = <\/strong>Abstand zwischen der T\u00fcrkante und den Bohrungen am Scharniertopf<br><strong>A = <\/strong>Spalt zwischen der T\u00fcr und der Seitenwand<\/p><figure class=\"wp-block-image size-full\"><img decoding=\"async\" width=\"1600\" height=\"1200\" src=\"https:\/\/www.mrhardwares.com\/wp-content\/uploads\/2024\/12\/Details-of-Soft-Close-Cupboard-Hinges.webp\" alt=\"Details zu Soft-Close-Schrankscharnieren\" class=\"wp-image-463\" srcset=\"https:\/\/www.mrhardwares.com\/wp-content\/uploads\/2024\/12\/Details-of-Soft-Close-Cupboard-Hinges.webp 1600w, https:\/\/www.mrhardwares.com\/wp-content\/uploads\/2024\/12\/Details-of-Soft-Close-Cupboard-Hinges-300x225.webp 300w, https:\/\/www.mrhardwares.com\/wp-content\/uploads\/2024\/12\/Details-of-Soft-Close-Cupboard-Hinges-768x576.webp 768w, https:\/\/www.mrhardwares.com\/wp-content\/uploads\/2024\/12\/Details-of-Soft-Close-Cupboard-Hinges-1200x900.webp 1200w, https:\/\/www.mrhardwares.com\/wp-content\/uploads\/2024\/12\/Details-of-Soft-Close-Cupboard-Hinges-600x450.webp 600w\" sizes=\"(max-width: 1600px) 100vw, 1600px\" \/><\/figure>","protected":false},"excerpt":{"rendered":"<p>Gro\u00dfhandel Soft Close Schrank Scharniere sind weit verbreitet in Kleiderschr\u00e4nke, Schr\u00e4nke, K\u00fcchenschr\u00e4nke, Badezimmerschr\u00e4nke und andere M\u00f6bel verwendet. Sie sind eine ideale Wahl, um die Qualit\u00e4t und Nutzung Erfahrung der M\u00f6bel zu verbessern. Durch den Kauf unserer weich schlie\u00dfenden Scharniere Gro\u00dfhandel, k\u00f6nnen Sie qualitativ hochwertige Produkte genie\u00dfen, w\u00e4hrend mehr wettbewerbsf\u00e4hige Preise und flexible Lieferzeiten zu erhalten. Willkommen, uns zu kontaktieren.<\/p>\n<h2>Spezifikationen f\u00fcr Soft-Close-Schrankscharniere<\/h2>\n<table border=\"0\" cellspacing=\"0\" cellpadding=\"0\">\n<tbody style=\"font-size: 14px; border: 1px solid #ccc; overflow: hidden;\">\n<tr style=\"line-height: 1.4;\">\n<td style=\"width: 33%;\" width=\"36\" height=\"30\"><strong>Spezifikation<\/strong><\/td>\n<td style=\"width: 67%;\" width=\"72\"><strong>Einzelheiten<\/strong><\/td>\n<\/tr>\n<tr style=\"line-height: 1.4;\">\n<td style=\"width: 33%;\" width=\"36\" height=\"30\"><strong>Modellnummer<\/strong><\/td>\n<td style=\"width: 67%;\" width=\"72\">716-A\uff0c716-B\uff0c716-C<\/td>\n<\/tr>\n<tr style=\"line-height: 1.4;\">\n<td style=\"width: 33%;\" width=\"36\" height=\"30\"><strong>Scharnier Material<\/strong><\/td>\n<td style=\"width: 67%;\" width=\"72\">Rostfreier Stahl<\/td>\n<\/tr>\n<tr style=\"line-height: 1.4;\">\n<td style=\"width: 33%;\" width=\"36\" height=\"30\"><strong>Scharnier Typ<\/strong><\/td>\n<td style=\"width: 67%;\" width=\"72\">D\u00e4mpfendes Scharnier<\/td>\n<\/tr>\n<tr style=\"line-height: 1.4;\">\n<td style=\"width: 33%;\" width=\"36\" height=\"30\"><strong>\u00d6ffnungswinkel<\/strong><\/td>\n<td style=\"width: 67%;\" width=\"72\">105\u00b0<\/td>\n<\/tr>\n<tr style=\"line-height: 1.4;\">\n<td style=\"width: 33%;\" width=\"36\" height=\"40\"><strong>Durchmesser der Scharnierpfanne<\/strong><\/td>\n<td style=\"width: 67%;\" width=\"72\">35mm<\/td>\n<\/tr>\n<tr style=\"line-height: 1.4;\">\n<td style=\"width: 33%;\" width=\"36\" height=\"40\"><strong>Tiefe der Scharnierschale<\/strong><\/td>\n<td style=\"width: 67%;\" width=\"72\">11,3 mm<\/td>\n<\/tr>\n<tr style=\"line-height: 1.4;\">\n<td style=\"width: 33%;\" width=\"36\" height=\"30\"><strong>Dicke der T\u00fcr<\/strong><\/td>\n<td style=\"width: 67%;\" width=\"72\">13-23mm<\/td>\n<\/tr>\n<tr style=\"line-height: 1.4;\">\n<td style=\"width: 33%;\" width=\"36\" height=\"60\"><strong>Anwendbare Szenarien<\/strong><\/td>\n<td style=\"width: 67%;\" width=\"72\">Kleiderschrank, Schrank, B\u00fccherregal, Badezimmerschrank, und mehr<\/td>\n<\/tr>\n<tr style=\"line-height: 1.4;\">\n<td style=\"width: 33%;\" width=\"36\" height=\"50\"><strong>OEM- und ODM-Dienstleistungen<\/strong><\/td>\n<td style=\"width: 67%;\" width=\"72\">Unterst\u00fctzt einfache und tiefgreifende Anpassungen<\/td>\n<\/tr>\n<\/tbody>\n<\/table>","protected":false},"featured_media":462,"comment_status":"closed","ping_status":"closed","template":"","meta":{"_acf_changed":false},"product_brand":[],"product_cat":[16,17,19],"product_tag":[],"class_list":{"0":"post-459","1":"product","2":"type-product","3":"status-publish","4":"has-post-thumbnail","6":"product_cat-wholesale-soft-closing-hinges","7":"product_cat-wholesale-cabinet-hinges","8":"product_cat-wholesale-furniture-hinges","10":"first","11":"instock","12":"shipping-taxable","13":"product-type-simple"},"acf":[],"_links":{"self":[{"href":"https:\/\/www.mrhardwares.com\/de\/wp-json\/wp\/v2\/product\/459","targetHints":{"allow":["GET"]}}],"collection":[{"href":"https:\/\/www.mrhardwares.com\/de\/wp-json\/wp\/v2\/product"}],"about":[{"href":"https:\/\/www.mrhardwares.com\/de\/wp-json\/wp\/v2\/types\/product"}],"replies":[{"embeddable":true,"href":"https:\/\/www.mrhardwares.com\/de\/wp-json\/wp\/v2\/comments?post=459"}],"wp:featuredmedia":[{"embeddable":true,"href":"https:\/\/www.mrhardwares.com\/de\/wp-json\/wp\/v2\/media\/462"}],"wp:attachment":[{"href":"https:\/\/www.mrhardwares.com\/de\/wp-json\/wp\/v2\/media?parent=459"}],"wp:term":[{"taxonomy":"product_brand","embeddable":true,"href":"https:\/\/www.mrhardwares.com\/de\/wp-json\/wp\/v2\/product_brand?post=459"},{"taxonomy":"product_cat","embeddable":true,"href":"https:\/\/www.mrhardwares.com\/de\/wp-json\/wp\/v2\/product_cat?post=459"},{"taxonomy":"product_tag","embeddable":true,"href":"https:\/\/www.mrhardwares.com\/de\/wp-json\/wp\/v2\/product_tag?post=459"}],"curies":[{"name":"wp","href":"https:\/\/api.w.org\/{rel}","templated":true}]}}