{"id":468,"date":"2024-12-27T09:46:03","date_gmt":"2024-12-27T09:46:03","guid":{"rendered":"https:\/\/www.mrhardwares.com\/?post_type=product&#038;p=468"},"modified":"2025-01-06T15:00:00","modified_gmt":"2025-01-06T15:00:00","slug":"wholesale-bulk-cabinet-hinges-quality-two-stage-force-hinges-for-cabinets","status":"publish","type":"product","link":"https:\/\/www.mrhardwares.com\/de\/product\/wholesale-bulk-cabinet-hinges-quality-two-stage-force-hinges-for-cabinets\/","title":{"rendered":"Gro\u00dfhandel Bulk Cabinet Scharniere, Zwei-Stufen-Kraft Scharniere f\u00fcr Schr\u00e4nke (263A-C)"},"content":{"rendered":"<h3 class=\"wp-block-heading\">Merkmale von Bulk-Schrankscharnieren<\/h3><p><strong>Behalten Sie unterschiedliche \u00d6ffnungs- und Schlie\u00dfwinkel bei: <\/strong>Dieses Scharnier kann den \u00d6ffnungs- und Schlie\u00dfwinkel je nach Bedarf einstellen und bietet somit mehr Flexibilit\u00e4t.<br><strong>Platzsparend: <\/strong>Dieses Scharnier hat ein kompaktes Design und nimmt nicht viel Platz in Anspruch, was sich sehr gut f\u00fcr kleine M\u00f6bel wie K\u00fcchen oder B\u00e4der mit begrenztem Platz eignet.<br><strong>Sanft schlie\u00dfende Funktion:<\/strong> Ausgestattet mit einem D\u00e4mpfungssystem, das ein langsames und sanftes Schlie\u00dfen erm\u00f6glicht und das Ger\u00e4usch, das durch das pl\u00f6tzliche Schlie\u00dfen der T\u00fcr verursacht wird, wirksam vermeidet und so f\u00fcr eine ruhige Nutzung sorgt.<br><strong>Gro\u00dfeinkauf spart Kosten: <\/strong>Wir bieten Werkspreise, und Gro\u00dfeink\u00e4ufe k\u00f6nnen wettbewerbsf\u00e4hige Preise f\u00fcr Gro\u00dfprojekte bieten, was eine ideale Wahl f\u00fcr kommerzielle Projekte und M\u00f6belhersteller ist.<br><strong>Anpassungsdienst:<\/strong> Unsere OEM&amp;ODM-L\u00f6sung f\u00fcr kundenspezifische Scharniere umfasst Produktdesign, Musterfertigung und Gro\u00dfserienproduktion.<\/p><h3 class=\"wp-block-heading\">Anwendungs- und Installationsparameter des \u042435mm-Scharniers<\/h3><p><strong>H = <\/strong>H\u00f6he der Scharnierbasis<br><strong>D = <\/strong>Erforderliches Overlay auf der Seitenwand<br><strong>K = <\/strong>Abstand zwischen der T\u00fcrkante und den Bohrungen am Scharniertopf<br><strong>A = <\/strong>Spalt zwischen der T\u00fcr und der Seitenwand<\/p><figure class=\"wp-block-image size-full\"><img decoding=\"async\" width=\"1600\" height=\"1200\" src=\"https:\/\/www.mrhardwares.com\/wp-content\/uploads\/2024\/12\/Details-of-Bulk-Cabinet-Hinges.webp\" alt=\"Details zu Sch\u00fcttgut-Schrankscharnieren\" class=\"wp-image-470\" srcset=\"https:\/\/www.mrhardwares.com\/wp-content\/uploads\/2024\/12\/Details-of-Bulk-Cabinet-Hinges.webp 1600w, https:\/\/www.mrhardwares.com\/wp-content\/uploads\/2024\/12\/Details-of-Bulk-Cabinet-Hinges-300x225.webp 300w, https:\/\/www.mrhardwares.com\/wp-content\/uploads\/2024\/12\/Details-of-Bulk-Cabinet-Hinges-768x576.webp 768w, https:\/\/www.mrhardwares.com\/wp-content\/uploads\/2024\/12\/Details-of-Bulk-Cabinet-Hinges-1200x900.webp 1200w, https:\/\/www.mrhardwares.com\/wp-content\/uploads\/2024\/12\/Details-of-Bulk-Cabinet-Hinges-600x450.webp 600w\" sizes=\"(max-width: 1600px) 100vw, 1600px\" \/><\/figure>","protected":false},"excerpt":{"rendered":"<p>Gro\u00dfhandel Bulk-Schrank Scharniere, bieten wir eine Vielzahl von Scharnieren Stile, die eine ideale L\u00f6sung f\u00fcr gro\u00dfe M\u00f6bel-Projekte, die Kombination von Haltbarkeit, Funktionalit\u00e4t und Kosteneffizienz ist. Dieser Schrank Scharniere hat hohe Haltbarkeit, breite Kompatibilit\u00e4t und ist einfach zu installieren. Willkommen bei uns f\u00fcr ein Angebot zu kontaktieren.<\/p>\n<h2>Spezifikationen f\u00fcr Sch\u00fcttgut-Schrankscharniere<\/h2>\n<table border=\"0\" cellspacing=\"0\" cellpadding=\"0\">\n<tbody style=\"font-size: 14px; border: 1px solid #ccc; overflow: hidden;\">\n<tr style=\"line-height: 1.4;\">\n<td style=\"width: 33%;\" width=\"36\" height=\"30\"><strong>Spezifikation<\/strong><\/td>\n<td style=\"width: 67%;\" width=\"72\"><strong>Einzelheiten<\/strong><\/td>\n<\/tr>\n<tr style=\"line-height: 1.4;\">\n<td style=\"width: 33%;\" width=\"36\" height=\"30\"><strong>Modellnummer<\/strong><\/td>\n<td style=\"width: 67%;\" width=\"72\">263-A\uff0c263-B\uff0c263-C<\/td>\n<\/tr>\n<tr style=\"line-height: 1.4;\">\n<td style=\"width: 33%;\" width=\"36\" height=\"30\"><strong>Scharnier Material<\/strong><\/td>\n<td style=\"width: 67%;\" width=\"72\">26Edelstahl<\/td>\n<\/tr>\n<tr style=\"line-height: 1.4;\">\n<td style=\"width: 33%;\" width=\"36\" height=\"30\"><strong>Scharnier Typ<\/strong><\/td>\n<td style=\"width: 67%;\" width=\"72\">D\u00e4mpfendes Scharnier<\/td>\n<\/tr>\n<tr style=\"line-height: 1.4;\">\n<td style=\"width: 33%;\" width=\"36\" height=\"30\"><strong>\u00d6ffnungswinkel<\/strong><\/td>\n<td style=\"width: 67%;\" width=\"72\">105\u00b0<\/td>\n<\/tr>\n<tr style=\"line-height: 1.4;\">\n<td style=\"width: 33%;\" width=\"36\" height=\"40\"><strong>Durchmesser der Scharnierpfanne<\/strong><\/td>\n<td style=\"width: 67%;\" width=\"72\">35mm<\/td>\n<\/tr>\n<tr style=\"line-height: 1.4;\">\n<td style=\"width: 33%;\" width=\"36\" height=\"40\"><strong>Tiefe der Scharnierschale<\/strong><\/td>\n<td style=\"width: 67%;\" width=\"72\">11,3 mm<\/td>\n<\/tr>\n<tr style=\"line-height: 1.4;\">\n<td style=\"width: 33%;\" width=\"36\" height=\"30\"><strong>Dicke der T\u00fcr<\/strong><\/td>\n<td style=\"width: 67%;\" width=\"72\">13-23mm<\/td>\n<\/tr>\n<tr style=\"line-height: 1.4;\">\n<td style=\"width: 33%;\" width=\"36\" height=\"60\"><strong>Anwendbare Szenarien<\/strong><\/td>\n<td style=\"width: 67%;\" width=\"72\">Kleiderschrank, Schrank, B\u00fccherregal, Badezimmerschrank, und mehr<\/td>\n<\/tr>\n<tr style=\"line-height: 1.4;\">\n<td style=\"width: 33%;\" width=\"36\" height=\"50\"><strong>OEM- und ODM-Dienstleistungen<\/strong><\/td>\n<td style=\"width: 67%;\" width=\"72\">Unterst\u00fctzt einfache und tiefgreifende Anpassungen<\/td>\n<\/tr>\n<\/tbody>\n<\/table>","protected":false},"featured_media":469,"comment_status":"closed","ping_status":"closed","template":"","meta":{"_acf_changed":false},"product_brand":[],"product_cat":[16,17,19],"product_tag":[],"class_list":{"0":"post-468","1":"product","2":"type-product","3":"status-publish","4":"has-post-thumbnail","6":"product_cat-wholesale-soft-closing-hinges","7":"product_cat-wholesale-cabinet-hinges","8":"product_cat-wholesale-furniture-hinges","10":"first","11":"instock","12":"shipping-taxable","13":"product-type-simple"},"acf":[],"_links":{"self":[{"href":"https:\/\/www.mrhardwares.com\/de\/wp-json\/wp\/v2\/product\/468","targetHints":{"allow":["GET"]}}],"collection":[{"href":"https:\/\/www.mrhardwares.com\/de\/wp-json\/wp\/v2\/product"}],"about":[{"href":"https:\/\/www.mrhardwares.com\/de\/wp-json\/wp\/v2\/types\/product"}],"replies":[{"embeddable":true,"href":"https:\/\/www.mrhardwares.com\/de\/wp-json\/wp\/v2\/comments?post=468"}],"wp:featuredmedia":[{"embeddable":true,"href":"https:\/\/www.mrhardwares.com\/de\/wp-json\/wp\/v2\/media\/469"}],"wp:attachment":[{"href":"https:\/\/www.mrhardwares.com\/de\/wp-json\/wp\/v2\/media?parent=468"}],"wp:term":[{"taxonomy":"product_brand","embeddable":true,"href":"https:\/\/www.mrhardwares.com\/de\/wp-json\/wp\/v2\/product_brand?post=468"},{"taxonomy":"product_cat","embeddable":true,"href":"https:\/\/www.mrhardwares.com\/de\/wp-json\/wp\/v2\/product_cat?post=468"},{"taxonomy":"product_tag","embeddable":true,"href":"https:\/\/www.mrhardwares.com\/de\/wp-json\/wp\/v2\/product_tag?post=468"}],"curies":[{"name":"wp","href":"https:\/\/api.w.org\/{rel}","templated":true}]}}