{"id":471,"date":"2024-12-27T10:33:21","date_gmt":"2024-12-27T10:33:21","guid":{"rendered":"https:\/\/www.mrhardwares.com\/?post_type=product&#038;p=471"},"modified":"2025-01-06T15:00:19","modified_gmt":"2025-01-06T15:00:19","slug":"wholesale-105-degree-soft-close-bathroom-cabinet-hinges","status":"publish","type":"product","link":"https:\/\/www.mrhardwares.com\/de\/product\/wholesale-105-degree-soft-close-bathroom-cabinet-hinges\/","title":{"rendered":"Gro\u00dfhandel 105 Grad Scharniere, Soft Close Badezimmer Schrank Scharniere (836A-C), Unterst\u00fctzung OEM &amp; ODM"},"content":{"rendered":"<h3 class=\"wp-block-heading\">Merkmale von Soft-Close-Scharnieren f\u00fcr Badezimmerschr\u00e4nke<\/h3><p><strong>105\u00b0 \u00d6ffnungswinkel:<\/strong> Dieses Scharnier bietet einen weiten \u00d6ffnungsbereich, so dass der Benutzer leicht auf die Gegenst\u00e4nde im Schrank zugreifen kann, und eignet sich f\u00fcr eine Vielzahl von M\u00f6beldesigns.<\/p><p><strong>Breite Anwendung:<\/strong> Geeignet als Scharniere f\u00fcr Badezimmerschr\u00e4nke, K\u00fcchenschr\u00e4nke und andere M\u00f6belscharniere, geeignet f\u00fcr eine Vielzahl von Anwendungen im privaten und gewerblichen Bereich.<\/p><p><strong>Verbessern Sie die Benutzerfreundlichkeit:<\/strong> Die weiche Schlie\u00dffunktion verbessert die Textur und das hochwertige Erlebnis der M\u00f6bel und bietet dem Benutzer ein komfortables und bequemes Nutzungserlebnis.<br><br><strong>Einfache Installation<\/strong><\/p><ul class=\"wp-block-list\"><li>Dieses Scharnier entspricht der Standard\u00f6ffnung von 35 mm und eignet sich f\u00fcr Schrankt\u00fcren mit einer Dicke von 13-23 mm. Es ist bequem und schnell zu installieren.<\/li>\n\n<li>Die verstellbaren Einstellungen erm\u00f6glichen eine pr\u00e4zisere Ausrichtung der Schrankt\u00fcren und sorgen f\u00fcr ein sauberes und sch\u00f6nes Aussehen.<\/li><\/ul><p><strong>Unterst\u00fctzung der Anpassung<\/strong><\/p><ul class=\"wp-block-list\"><li>Bieten Sie eine Vielzahl von Anpassungsm\u00f6glichkeiten, einschlie\u00dflich Gr\u00f6\u00dfe, Oberfl\u00e4chenbehandlung, Logogravur usw., um unterschiedliche Anforderungen zu erf\u00fcllen.<\/li>\n\n<li>Unterst\u00fctzung von OEM- und ODM-Diensten, um Gro\u00df- und Einzelh\u00e4ndlern ma\u00dfgeschneiderte L\u00f6sungen zu bieten.<\/li><\/ul><h2 class=\"wp-block-heading\"><\/h2><h3 class=\"wp-block-heading\">Anwendungs- und Installationsparameter des \u042435mm-Scharniers<\/h3><p><strong>H = <\/strong>H\u00f6he der Scharnierbasis<br><strong>D = <\/strong>Erforderliches Overlay auf der Seitenwand<br><strong>K = <\/strong>Abstand zwischen der T\u00fcrkante und den Bohrungen am Scharniertopf<br><strong>A = <\/strong>Spalt zwischen der T\u00fcr und der Seitenwand<\/p><figure class=\"wp-block-image size-full\"><img decoding=\"async\" width=\"1600\" height=\"1200\" src=\"https:\/\/www.mrhardwares.com\/wp-content\/uploads\/2024\/12\/Details-of-Soft-Close-Bathroom-Cabinet-Hinges.webp\" alt=\"Details zu Soft-Close-Scharnieren f\u00fcr Badezimmerschr\u00e4nke\" class=\"wp-image-474\" srcset=\"https:\/\/www.mrhardwares.com\/wp-content\/uploads\/2024\/12\/Details-of-Soft-Close-Bathroom-Cabinet-Hinges.webp 1600w, https:\/\/www.mrhardwares.com\/wp-content\/uploads\/2024\/12\/Details-of-Soft-Close-Bathroom-Cabinet-Hinges-300x225.webp 300w, https:\/\/www.mrhardwares.com\/wp-content\/uploads\/2024\/12\/Details-of-Soft-Close-Bathroom-Cabinet-Hinges-768x576.webp 768w, https:\/\/www.mrhardwares.com\/wp-content\/uploads\/2024\/12\/Details-of-Soft-Close-Bathroom-Cabinet-Hinges-1200x900.webp 1200w, https:\/\/www.mrhardwares.com\/wp-content\/uploads\/2024\/12\/Details-of-Soft-Close-Bathroom-Cabinet-Hinges-600x450.webp 600w\" sizes=\"(max-width: 1600px) 100vw, 1600px\" \/><\/figure><p><\/p>","protected":false},"excerpt":{"rendered":"<p>Gro\u00dfhandel Soft-Close-Scharniere f\u00fcr Badezimmerschr\u00e4nke, eingebautes D\u00e4mpfungssystem, mit ausgezeichneter D\u00e4mpfungsleistung und Haltbarkeit. Geeignet f\u00fcr Schrankt\u00fcren mit einer Dicke von 13-23mm, geeignet f\u00fcr alle Arten von M\u00f6beln wie Schr\u00e4nke, Badezimmerschr\u00e4nke, Kleiderschr\u00e4nke, etc. Standardisiertes Design, einfacher zu installieren. Bieten Sie professionelle oem &amp; odm Dienstleistungen, es ist eine ideale Wahl f\u00fcr Gro\u00dfh\u00e4ndler, Einzelh\u00e4ndler und Projektbeschaffung. Willkommen, uns zu kontaktieren.<\/p>\n<h2>Spezifikationen f\u00fcr Soft-Close-Scharniere f\u00fcr Badezimmerschr\u00e4nke<\/h2>\n<table border=\"0\" cellspacing=\"0\" cellpadding=\"0\">\n<tbody style=\"font-size: 14px; border: 1px solid #ccc; overflow: hidden;\">\n<tr style=\"line-height: 1.4;\">\n<td style=\"width: 33%;\" width=\"36\" height=\"30\"><strong>Spezifikation<\/strong><\/td>\n<td style=\"width: 67%;\" width=\"72\"><strong>Einzelheiten<\/strong><\/td>\n<\/tr>\n<tr style=\"line-height: 1.4;\">\n<td style=\"width: 33%;\" width=\"36\" height=\"30\"><strong>Modellnummer<\/strong><\/td>\n<td style=\"width: 67%;\" width=\"72\">836-A, 836-B, 836-C<\/td>\n<\/tr>\n<tr style=\"line-height: 1.4;\">\n<td style=\"width: 33%;\" width=\"36\" height=\"30\"><strong>Scharnier Material<\/strong><\/td>\n<td style=\"width: 67%;\" width=\"72\">Rostfreier Stahl<\/td>\n<\/tr>\n<tr style=\"line-height: 1.4;\">\n<td style=\"width: 33%;\" width=\"36\" height=\"30\"><strong>Scharnier Typ<\/strong><\/td>\n<td style=\"width: 67%;\" width=\"72\">D\u00e4mpfendes Scharnier<\/td>\n<\/tr>\n<tr style=\"line-height: 1.4;\">\n<td style=\"width: 33%;\" width=\"36\" height=\"30\"><strong>\u00d6ffnungswinkel<\/strong><\/td>\n<td style=\"width: 67%;\" width=\"72\">105\u00b0<\/td>\n<\/tr>\n<tr style=\"line-height: 1.4;\">\n<td style=\"width: 33%;\" width=\"36\" height=\"40\"><strong>Durchmesser der Scharnierpfanne<\/strong><\/td>\n<td style=\"width: 67%;\" width=\"72\">35mm<\/td>\n<\/tr>\n<tr style=\"line-height: 1.4;\">\n<td style=\"width: 33%;\" width=\"36\" height=\"40\"><strong>Tiefe der Scharnierschale<\/strong><\/td>\n<td style=\"width: 67%;\" width=\"72\">11,3 mm<\/td>\n<\/tr>\n<tr style=\"line-height: 1.4;\">\n<td style=\"width: 33%;\" width=\"36\" height=\"30\"><strong>Dicke der T\u00fcr<\/strong><\/td>\n<td style=\"width: 67%;\" width=\"72\">13-23mm<\/td>\n<\/tr>\n<tr style=\"line-height: 1.4;\">\n<td style=\"width: 33%;\" width=\"36\" height=\"60\"><strong>Anwendbare Szenarien<\/strong><\/td>\n<td style=\"width: 67%;\" width=\"72\">Kleiderschrank, Schrank, B\u00fccherregal, Badezimmerschrank, und mehr<\/td>\n<\/tr>\n<tr style=\"line-height: 1.4;\">\n<td style=\"width: 33%;\" width=\"36\" height=\"50\"><strong>OEM- und ODM-Dienstleistungen<\/strong><\/td>\n<td style=\"width: 67%;\" width=\"72\">Unterst\u00fctzt einfache und tiefgreifende Anpassungen<\/td>\n<\/tr>\n<\/tbody>\n<\/table>","protected":false},"featured_media":473,"comment_status":"closed","ping_status":"closed","template":"","meta":{"_acf_changed":false},"product_brand":[],"product_cat":[16,17,19],"product_tag":[],"class_list":{"0":"post-471","1":"product","2":"type-product","3":"status-publish","4":"has-post-thumbnail","6":"product_cat-wholesale-soft-closing-hinges","7":"product_cat-wholesale-cabinet-hinges","8":"product_cat-wholesale-furniture-hinges","10":"first","11":"instock","12":"shipping-taxable","13":"product-type-simple"},"acf":[],"_links":{"self":[{"href":"https:\/\/www.mrhardwares.com\/de\/wp-json\/wp\/v2\/product\/471","targetHints":{"allow":["GET"]}}],"collection":[{"href":"https:\/\/www.mrhardwares.com\/de\/wp-json\/wp\/v2\/product"}],"about":[{"href":"https:\/\/www.mrhardwares.com\/de\/wp-json\/wp\/v2\/types\/product"}],"replies":[{"embeddable":true,"href":"https:\/\/www.mrhardwares.com\/de\/wp-json\/wp\/v2\/comments?post=471"}],"wp:featuredmedia":[{"embeddable":true,"href":"https:\/\/www.mrhardwares.com\/de\/wp-json\/wp\/v2\/media\/473"}],"wp:attachment":[{"href":"https:\/\/www.mrhardwares.com\/de\/wp-json\/wp\/v2\/media?parent=471"}],"wp:term":[{"taxonomy":"product_brand","embeddable":true,"href":"https:\/\/www.mrhardwares.com\/de\/wp-json\/wp\/v2\/product_brand?post=471"},{"taxonomy":"product_cat","embeddable":true,"href":"https:\/\/www.mrhardwares.com\/de\/wp-json\/wp\/v2\/product_cat?post=471"},{"taxonomy":"product_tag","embeddable":true,"href":"https:\/\/www.mrhardwares.com\/de\/wp-json\/wp\/v2\/product_tag?post=471"}],"curies":[{"name":"wp","href":"https:\/\/api.w.org\/{rel}","templated":true}]}}