{"id":477,"date":"2024-12-28T02:15:38","date_gmt":"2024-12-28T02:15:38","guid":{"rendered":"https:\/\/www.mrhardwares.com\/?post_type=product&#038;p=477"},"modified":"2025-01-06T15:00:40","modified_gmt":"2025-01-06T15:00:40","slug":"wholesale-detachable-cabinet-soft-close-hinges","status":"publish","type":"product","link":"https:\/\/www.mrhardwares.com\/de\/product\/wholesale-detachable-cabinet-soft-close-hinges\/","title":{"rendered":"Gro\u00dfhandel abnehmbare Scharniere Kabinett Soft Close Scharniere (838A-C)"},"content":{"rendered":"<h3 class=\"wp-block-heading\">Merkmale der abnehmbaren Scharniere <\/h3><p><strong>Abnehmbare Ausf\u00fchrung: <\/strong>Das abnehmbare Scharnier verf\u00fcgt \u00fcber einen Schnelll\u00f6semechanismus, mit dem die Schrankt\u00fcr leicht aus dem Scharnier genommen werden kann, ohne die Schrauben zu entfernen.<\/p><p><strong>Sanft schlie\u00dfende Funktion: <\/strong>Dieses abnehmbare Scharnier verf\u00fcgt \u00fcber ein eingebautes D\u00e4mpfungssystem, das ein sanftes und leises Schlie\u00dfen der T\u00fcr gew\u00e4hrleistet und die Schrankt\u00fcr und den Rahmen vor Verschlei\u00df sch\u00fctzt.<\/p><p><strong>Langlebiges Material: <\/strong>Hergestellt aus hochwertigem Edelstahl, der eine hervorragende Korrosionsbest\u00e4ndigkeit und Haltbarkeit gew\u00e4hrleistet. Geeignet f\u00fcr den langfristigen Einsatz, auch in feuchten Umgebungen wie K\u00fcchen und B\u00e4dern.<\/p><p>Kundenspezifischer OEM&amp;ODM-Service: Unterst\u00fctzt die Anpassung in Gr\u00f6\u00dfe, Material, Oberfl\u00e4chenbehandlung und Logo-Gravur, um verschiedene Kundenbed\u00fcrfnisse zu erf\u00fcllen, geeignet f\u00fcr oem und odm Auftr\u00e4ge, und erf\u00fcllen verschiedene Marktanforderungen.<\/p><p><strong>Vielseitige Anwendung:<\/strong> Geeignet f\u00fcr verschiedene Arten von Schr\u00e4nken, einschlie\u00dflich Badezimmerschr\u00e4nken, K\u00fcchenschr\u00e4nken und Garderoben, geeignet f\u00fcr moderne M\u00f6bel, die sowohl funktional als auch sch\u00f6n sein m\u00fcssen.<\/p><h3 class=\"wp-block-heading\">Anwendungs- und Installationsparameter des \u042435mm-Scharniers<\/h3><p><strong>H = <\/strong>H\u00f6he der Scharnierbasis<br><strong>D = <\/strong>Erforderliches Overlay auf der Seitenwand<br><strong>K = <\/strong>Abstand zwischen der T\u00fcrkante und den Bohrungen am Scharniertopf<br><strong>A = <\/strong>Spalt zwischen der T\u00fcr und der Seitenwand<\/p><figure class=\"wp-block-image size-full\"><img decoding=\"async\" width=\"1600\" height=\"1200\" src=\"https:\/\/www.mrhardwares.com\/wp-content\/uploads\/2024\/12\/details-of-detachable-hinges.webp\" alt=\"Details der abnehmbaren Scharniere\" class=\"wp-image-479\" srcset=\"https:\/\/www.mrhardwares.com\/wp-content\/uploads\/2024\/12\/details-of-detachable-hinges.webp 1600w, https:\/\/www.mrhardwares.com\/wp-content\/uploads\/2024\/12\/details-of-detachable-hinges-300x225.webp 300w, https:\/\/www.mrhardwares.com\/wp-content\/uploads\/2024\/12\/details-of-detachable-hinges-768x576.webp 768w, https:\/\/www.mrhardwares.com\/wp-content\/uploads\/2024\/12\/details-of-detachable-hinges-1200x900.webp 1200w, https:\/\/www.mrhardwares.com\/wp-content\/uploads\/2024\/12\/details-of-detachable-hinges-600x450.webp 600w\" sizes=\"(max-width: 1600px) 100vw, 1600px\" \/><\/figure>","protected":false},"excerpt":{"rendered":"<p>Gro\u00dfhandel Abnehmbare Soft-Close-Scharniere, unsere abnehmbaren Scharniere sind f\u00fcr eine Vielzahl von Schrank- und M\u00f6belanwendungen konzipiert, leicht zu justieren, gew\u00e4hrleisten eine pr\u00e4zise T\u00fcrausrichtung, einfache Montage und Demontage. F\u00fcr Gro\u00dfauftr\u00e4ge oder kundenspezifische L\u00f6sungen, kontaktieren Sie uns bitte.<\/p>\n<h2>Spezifikationen f\u00fcr abnehmbare Scharniere<\/h2>\n<table border=\"0\" cellspacing=\"0\" cellpadding=\"0\">\n<tbody style=\"font-size: 14px; border: 1px solid #ccc; overflow: hidden;\">\n<tr style=\"line-height: 1.4;\">\n<td style=\"width: 33%;\" width=\"36\" height=\"30\"><strong>Spezifikation<\/strong><\/td>\n<td style=\"width: 67%;\" width=\"72\"><strong>Einzelheiten<\/strong><\/td>\n<\/tr>\n<tr style=\"line-height: 1.4;\">\n<td style=\"width: 33%;\" width=\"36\" height=\"30\"><strong>Modellnummer<\/strong><\/td>\n<td style=\"width: 67%;\" width=\"72\">838-A,838-B,838-C<\/td>\n<\/tr>\n<tr style=\"line-height: 1.4;\">\n<td style=\"width: 33%;\" width=\"36\" height=\"30\"><strong>Scharnier Material<\/strong><\/td>\n<td style=\"width: 67%;\" width=\"72\">Rostfreier Stahl<\/td>\n<\/tr>\n<tr style=\"line-height: 1.4;\">\n<td style=\"width: 33%;\" width=\"36\" height=\"30\"><strong>Scharnier Typ<\/strong><\/td>\n<td style=\"width: 67%;\" width=\"72\">D\u00e4mpfendes Scharnier<\/td>\n<\/tr>\n<tr style=\"line-height: 1.4;\">\n<td style=\"width: 33%;\" width=\"36\" height=\"30\"><strong>\u00d6ffnungswinkel<\/strong><\/td>\n<td style=\"width: 67%;\" width=\"72\">105\u00b0<\/td>\n<\/tr>\n<tr style=\"line-height: 1.4;\">\n<td style=\"width: 33%;\" width=\"36\" height=\"40\"><strong>Durchmesser der Scharnierpfanne<\/strong><\/td>\n<td style=\"width: 67%;\" width=\"72\">35mm<\/td>\n<\/tr>\n<tr style=\"line-height: 1.4;\">\n<td style=\"width: 33%;\" width=\"36\" height=\"40\"><strong>Tiefe der Scharnierschale<\/strong><\/td>\n<td style=\"width: 67%;\" width=\"72\">11,3 mm<\/td>\n<\/tr>\n<tr style=\"line-height: 1.4;\">\n<td style=\"width: 33%;\" width=\"36\" height=\"30\"><strong>Dicke der T\u00fcr<\/strong><\/td>\n<td style=\"width: 67%;\" width=\"72\">13-23mm<\/td>\n<\/tr>\n<tr style=\"line-height: 1.4;\">\n<td style=\"width: 33%;\" width=\"36\" height=\"60\"><strong>Anwendbare Szenarien<\/strong><\/td>\n<td style=\"width: 67%;\" width=\"72\">Kleiderschrank, Schrank, B\u00fccherregal, Badezimmerschrank, und mehr<\/td>\n<\/tr>\n<tr style=\"line-height: 1.4;\">\n<td style=\"width: 33%;\" width=\"36\" height=\"50\"><strong>OEM- und ODM-Dienstleistungen<\/strong><\/td>\n<td style=\"width: 67%;\" width=\"72\">Unterst\u00fctzt einfache und tiefgreifende Anpassungen<\/td>\n<\/tr>\n<\/tbody>\n<\/table>","protected":false},"featured_media":480,"comment_status":"closed","ping_status":"closed","template":"","meta":{"_acf_changed":false},"product_brand":[],"product_cat":[16,17,19],"product_tag":[],"class_list":{"0":"post-477","1":"product","2":"type-product","3":"status-publish","4":"has-post-thumbnail","6":"product_cat-wholesale-soft-closing-hinges","7":"product_cat-wholesale-cabinet-hinges","8":"product_cat-wholesale-furniture-hinges","10":"first","11":"instock","12":"shipping-taxable","13":"product-type-simple"},"acf":[],"_links":{"self":[{"href":"https:\/\/www.mrhardwares.com\/de\/wp-json\/wp\/v2\/product\/477","targetHints":{"allow":["GET"]}}],"collection":[{"href":"https:\/\/www.mrhardwares.com\/de\/wp-json\/wp\/v2\/product"}],"about":[{"href":"https:\/\/www.mrhardwares.com\/de\/wp-json\/wp\/v2\/types\/product"}],"replies":[{"embeddable":true,"href":"https:\/\/www.mrhardwares.com\/de\/wp-json\/wp\/v2\/comments?post=477"}],"wp:featuredmedia":[{"embeddable":true,"href":"https:\/\/www.mrhardwares.com\/de\/wp-json\/wp\/v2\/media\/480"}],"wp:attachment":[{"href":"https:\/\/www.mrhardwares.com\/de\/wp-json\/wp\/v2\/media?parent=477"}],"wp:term":[{"taxonomy":"product_brand","embeddable":true,"href":"https:\/\/www.mrhardwares.com\/de\/wp-json\/wp\/v2\/product_brand?post=477"},{"taxonomy":"product_cat","embeddable":true,"href":"https:\/\/www.mrhardwares.com\/de\/wp-json\/wp\/v2\/product_cat?post=477"},{"taxonomy":"product_tag","embeddable":true,"href":"https:\/\/www.mrhardwares.com\/de\/wp-json\/wp\/v2\/product_tag?post=477"}],"curies":[{"name":"wp","href":"https:\/\/api.w.org\/{rel}","templated":true}]}}