{"id":478,"date":"2024-12-28T04:07:07","date_gmt":"2024-12-28T04:07:07","guid":{"rendered":"https:\/\/www.mrhardwares.com\/?post_type=product&#038;p=478"},"modified":"2025-01-06T15:00:58","modified_gmt":"2025-01-06T15:00:58","slug":"custom-best-soft-close-cabinet-hinges-for-sale","status":"publish","type":"product","link":"https:\/\/www.mrhardwares.com\/de\/product\/custom-best-soft-close-cabinet-hinges-for-sale\/","title":{"rendered":"Bulk Custom Soft Close Schrank Scharniere (666A-C) - Mingrun Scharnier Hersteller"},"content":{"rendered":"<h3 class=\"wp-block-heading\">Merkmale von Soft-Close-Schrankscharnieren<\/h3><p><strong>Sanfter Schlie\u00dfmechanismus: <\/strong>Dieses Scharnier ist mit einer D\u00e4mpfungsfunktion ausgestattet, die daf\u00fcr sorgt, dass die Schrankt\u00fcr sanft und leise schlie\u00dft. So wird ein gewaltsames Aufschlagen der T\u00fcrverkleidung vermieden und der Verschlei\u00df von Scharnier und Schrank verringert.<\/p><p><strong>Breite Kompatibilit\u00e4t:<\/strong> Geeignet f\u00fcr verschiedene Schrankanwendungen, einschlie\u00dflich K\u00fcchenschr\u00e4nke, Badezimmerschr\u00e4nke und andere M\u00f6bel, geeignet f\u00fcr eine Vielzahl von Designstilen und Spezifikationen.<\/p><p><strong>OEM- und ODM-Anpassungsdienst:<\/strong> Wir bieten kundenspezifische Scharnierl\u00f6sungen aus einer Hand und stellen exklusive Scharnierprodukte f\u00fcr Ihr Projekt her, von der Entwicklung \u00fcber die Musterherstellung bis hin zur Produktion.<\/p><p><strong>Vorteile von Scharnieren mit offenem Ende und zwei Anschl\u00fcssen (feste Installation):<\/strong><\/p><p><strong>Starke Stabilit\u00e4t: <\/strong>Die offene Konstruktion mit zwei Verbindungen stellt sicher, dass das Scharnier fest mit dem T\u00fcrblatt und dem Rahmen verbunden ist, um ein Lockern oder eine Instabilit\u00e4t aufgrund des h\u00e4ufigen \u00d6ffnens und Schlie\u00dfens der T\u00fcr zu vermeiden.<\/p><p><strong>Einfache Struktur: <\/strong>Das Installationsverfahren ist relativ einfach, wodurch sich komplexe Einstellungs- und Demontageschritte reduzieren und die Installation vereinfacht wird.<\/p><p><strong>Starke Erdbebensicherheit:<\/strong> Da das Scharnier \u00fcber zwei feste Punkte verbunden ist, ist die Gesamtstruktur stabiler und kann Vibrationen und St\u00f6\u00dfen im t\u00e4glichen Gebrauch wirksam widerstehen.<\/p><h3 class=\"wp-block-heading\">Anwendungs- und Installationsparameter des \u042435mm-Scharniers<\/h3><p><strong>H = <\/strong>H\u00f6he der Scharnierbasis<br><strong>D = <\/strong>Erforderliches Overlay auf der Seitenwand<br><strong>K = <\/strong>Abstand zwischen der T\u00fcrkante und den Bohrungen am Scharniertopf<br><strong>A = <\/strong>Spalt zwischen der T\u00fcr und der Seitenwand<\/p><figure class=\"wp-block-image size-full\"><img decoding=\"async\" width=\"1600\" height=\"1200\" src=\"https:\/\/www.mrhardwares.com\/wp-content\/uploads\/2024\/12\/Details-of-Soft-Close-Cabinet-Hinges.webp\" alt=\"Details zu Soft-Close-Schrankscharnieren\" class=\"wp-image-481\" srcset=\"https:\/\/www.mrhardwares.com\/wp-content\/uploads\/2024\/12\/Details-of-Soft-Close-Cabinet-Hinges.webp 1600w, https:\/\/www.mrhardwares.com\/wp-content\/uploads\/2024\/12\/Details-of-Soft-Close-Cabinet-Hinges-300x225.webp 300w, https:\/\/www.mrhardwares.com\/wp-content\/uploads\/2024\/12\/Details-of-Soft-Close-Cabinet-Hinges-768x576.webp 768w, https:\/\/www.mrhardwares.com\/wp-content\/uploads\/2024\/12\/Details-of-Soft-Close-Cabinet-Hinges-1200x900.webp 1200w, https:\/\/www.mrhardwares.com\/wp-content\/uploads\/2024\/12\/Details-of-Soft-Close-Cabinet-Hinges-600x450.webp 600w\" sizes=\"(max-width: 1600px) 100vw, 1600px\" \/><\/figure>","protected":false},"excerpt":{"rendered":"<p>Gro\u00dfhandel benutzerdefinierte Soft-Close-Schrank Scharniere, unsere benutzerdefinierte Soft-Close-Schrank Scharniere, bieten hervorragende Leistung, k\u00f6nnen nach Ihren speziellen Bed\u00fcrfnissen angepasst werden, erf\u00fcllen die Anforderungen der verschiedenen Gr\u00f6\u00dfen, Oberfl\u00e4chenbehandlungen oder spezielle Funktionen, so dass es f\u00fcr verschiedene Arten von M\u00f6beln geeignet. Willkommen, uns zu kontaktieren.<\/p>\n<h2>Spezifikationen f\u00fcr kundenspezifische Soft-Close-Schrankscharniere<\/h2>\n<table border=\"0\" cellspacing=\"0\" cellpadding=\"0\">\n<tbody style=\"font-size: 14px; border: 1px solid #ccc; overflow: hidden;\">\n<tr style=\"line-height: 1.4;\">\n<td style=\"width: 33%;\" width=\"36\" height=\"30\"><strong>Spezifikation<\/strong><\/td>\n<td style=\"width: 67%;\" width=\"72\"><strong>Einzelheiten<\/strong><\/td>\n<\/tr>\n<tr style=\"line-height: 1.4;\">\n<td style=\"width: 33%;\" width=\"36\" height=\"30\"><strong>Modellnummer<\/strong><\/td>\n<td style=\"width: 67%;\" width=\"72\">666-A,666-B,666-C<\/td>\n<\/tr>\n<tr style=\"line-height: 1.4;\">\n<td style=\"width: 33%;\" width=\"36\" height=\"30\"><strong>Scharnier Material<\/strong><\/td>\n<td style=\"width: 67%;\" width=\"72\">Rostfreier Stahl<\/td>\n<\/tr>\n<tr style=\"line-height: 1.4;\">\n<td style=\"width: 33%;\" width=\"36\" height=\"30\"><strong>Scharnier Typ<\/strong><\/td>\n<td style=\"width: 67%;\" width=\"72\">D\u00e4mpfendes Scharnier<\/td>\n<\/tr>\n<tr style=\"line-height: 1.4;\">\n<td style=\"width: 33%;\" width=\"36\" height=\"30\"><strong>\u00d6ffnungswinkel<\/strong><\/td>\n<td style=\"width: 67%;\" width=\"72\">105\u00b0<\/td>\n<\/tr>\n<tr style=\"line-height: 1.4;\">\n<td style=\"width: 33%;\" width=\"36\" height=\"40\"><strong>Durchmesser der Scharnierpfanne<\/strong><\/td>\n<td style=\"width: 67%;\" width=\"72\">35mm<\/td>\n<\/tr>\n<tr style=\"line-height: 1.4;\">\n<td style=\"width: 33%;\" width=\"36\" height=\"40\"><strong>Tiefe der Scharnierschale<\/strong><\/td>\n<td style=\"width: 67%;\" width=\"72\">11,3 mm<\/td>\n<\/tr>\n<tr style=\"line-height: 1.4;\">\n<td style=\"width: 33%;\" width=\"36\" height=\"30\"><strong>Dicke der T\u00fcr<\/strong><\/td>\n<td style=\"width: 67%;\" width=\"72\">13-23mm<\/td>\n<\/tr>\n<tr style=\"line-height: 1.4;\">\n<td style=\"width: 33%;\" width=\"36\" height=\"60\"><strong>Anwendbare Szenarien<\/strong><\/td>\n<td style=\"width: 67%;\" width=\"72\">Kleiderschrank, Schrank, B\u00fccherregal, Badezimmerschrank, und mehr<\/td>\n<\/tr>\n<tr style=\"line-height: 1.4;\">\n<td style=\"width: 33%;\" width=\"36\" height=\"50\"><strong>OEM- und ODM-Dienstleistungen<\/strong><\/td>\n<td style=\"width: 67%;\" width=\"72\">Unterst\u00fctzt einfache und tiefgreifende Anpassungen<\/td>\n<\/tr>\n<\/tbody>\n<\/table>","protected":false},"featured_media":482,"comment_status":"closed","ping_status":"closed","template":"","meta":{"_acf_changed":false},"product_brand":[],"product_cat":[16,17,19],"product_tag":[],"class_list":{"0":"post-478","1":"product","2":"type-product","3":"status-publish","4":"has-post-thumbnail","6":"product_cat-wholesale-soft-closing-hinges","7":"product_cat-wholesale-cabinet-hinges","8":"product_cat-wholesale-furniture-hinges","10":"first","11":"instock","12":"shipping-taxable","13":"product-type-simple"},"acf":[],"_links":{"self":[{"href":"https:\/\/www.mrhardwares.com\/de\/wp-json\/wp\/v2\/product\/478","targetHints":{"allow":["GET"]}}],"collection":[{"href":"https:\/\/www.mrhardwares.com\/de\/wp-json\/wp\/v2\/product"}],"about":[{"href":"https:\/\/www.mrhardwares.com\/de\/wp-json\/wp\/v2\/types\/product"}],"replies":[{"embeddable":true,"href":"https:\/\/www.mrhardwares.com\/de\/wp-json\/wp\/v2\/comments?post=478"}],"wp:featuredmedia":[{"embeddable":true,"href":"https:\/\/www.mrhardwares.com\/de\/wp-json\/wp\/v2\/media\/482"}],"wp:attachment":[{"href":"https:\/\/www.mrhardwares.com\/de\/wp-json\/wp\/v2\/media?parent=478"}],"wp:term":[{"taxonomy":"product_brand","embeddable":true,"href":"https:\/\/www.mrhardwares.com\/de\/wp-json\/wp\/v2\/product_brand?post=478"},{"taxonomy":"product_cat","embeddable":true,"href":"https:\/\/www.mrhardwares.com\/de\/wp-json\/wp\/v2\/product_cat?post=478"},{"taxonomy":"product_tag","embeddable":true,"href":"https:\/\/www.mrhardwares.com\/de\/wp-json\/wp\/v2\/product_tag?post=478"}],"curies":[{"name":"wp","href":"https:\/\/api.w.org\/{rel}","templated":true}]}}