{"id":483,"date":"2024-12-28T04:07:20","date_gmt":"2024-12-28T04:07:20","guid":{"rendered":"https:\/\/www.mrhardwares.com\/?post_type=product&#038;p=483"},"modified":"2025-05-20T08:42:07","modified_gmt":"2025-05-20T08:42:07","slug":"wholesale-soft-close-cupboard-door-hinges","status":"publish","type":"product","link":"https:\/\/www.mrhardwares.com\/de\/product\/wholesale-soft-close-cupboard-door-hinges\/","title":{"rendered":"Gro\u00dfhandel Soft Close Schrank T\u00fcrscharniere (678A-C) - Mingrun Scharnier Hersteller, Unterst\u00fctzung OEM &amp; ODM"},"content":{"rendered":"<h3 class=\"wp-block-heading\">Merkmale von Soft-Close-Schrankt\u00fcrscharnieren<\/h3><p><strong>Offene Zwei-Wege-Verbindung (Festinstallation): <\/strong>Das Scharnier hat eine offene Zweiwege-Verbindung, die zus\u00e4tzliche Stabilit\u00e4t und Zuverl\u00e4ssigkeit bietet. Das Scharnier ist durch zwei Befestigungspunkte fest fixiert, um ein Lockern oder Wackeln w\u00e4hrend des Gebrauchs zu vermeiden.<\/p><p><strong>Sch\u00f6n und praktisch zugleich: <\/strong>Dieses Scharnier f\u00fcr Schrankt\u00fcren mit sanfter Schlie\u00dfung hat ein einfaches und modernes Design und kann mit Schr\u00e4nken verschiedener Stile kombiniert werden, was nicht nur das Aussehen des Schranks verbessert, sondern auch die Funktionalit\u00e4t erh\u00f6ht.<\/p><p><strong>Geringe Wartungsanforderungen:<\/strong> Aufgrund seiner stabilen Struktur und seiner weichen Schlie\u00dfcharakteristik ist das Scharnier weniger wartungsintensiv, und es treten weniger Ausf\u00e4lle oder Probleme bei langfristiger Nutzung auf, was zu einer besseren Benutzererfahrung f\u00fchrt.<\/p><p><strong>OEM&amp;ODM-Anpassungsdienst: <\/strong>Wir bieten Ihnen eine ma\u00dfgeschneiderte Scharnierl\u00f6sung aus einer Hand, damit jedes einzelne Scharnier perfekt zu Ihrem Schrank oder M\u00f6bel passt.<\/p><h3 class=\"wp-block-heading\">Anwendungs- und Installationsparameter des \u042435mm-Scharniers<\/h3><p><strong>H = <\/strong>H\u00f6he der Scharnierbasis<br><strong>D = <\/strong>Erforderliches Overlay auf der Seitenwand<br><strong>K = <\/strong>Abstand zwischen der T\u00fcrkante und den Bohrungen am Scharniertopf<br><strong>A = <\/strong>Spalt zwischen der T\u00fcr und der Seitenwand<\/p><figure class=\"wp-block-image size-full\"><img decoding=\"async\" width=\"1600\" height=\"1200\" src=\"https:\/\/www.mrhardwares.com\/wp-content\/uploads\/2024\/12\/Details-of-Soft-Close-Cupboard-Door-Hinges-1.webp\" alt=\"Details zu Soft-Close-Schrankt\u00fcrscharnieren\" class=\"wp-image-486\" srcset=\"https:\/\/www.mrhardwares.com\/wp-content\/uploads\/2024\/12\/Details-of-Soft-Close-Cupboard-Door-Hinges-1.webp 1600w, https:\/\/www.mrhardwares.com\/wp-content\/uploads\/2024\/12\/Details-of-Soft-Close-Cupboard-Door-Hinges-1-300x225.webp 300w, https:\/\/www.mrhardwares.com\/wp-content\/uploads\/2024\/12\/Details-of-Soft-Close-Cupboard-Door-Hinges-1-768x576.webp 768w, https:\/\/www.mrhardwares.com\/wp-content\/uploads\/2024\/12\/Details-of-Soft-Close-Cupboard-Door-Hinges-1-1200x900.webp 1200w, https:\/\/www.mrhardwares.com\/wp-content\/uploads\/2024\/12\/Details-of-Soft-Close-Cupboard-Door-Hinges-1-600x450.webp 600w\" sizes=\"(max-width: 1600px) 100vw, 1600px\" \/><\/figure>","protected":false},"excerpt":{"rendered":"<p>Gro\u00dfhandel Soft-Close-Schrankt\u00fcrscharniere, die Scharniere nehmen Soft-Close-Design, die glatte und leise Schlie\u00dfung erreichen kann, und kann perfekt l\u00f6sen die L\u00e4rm und Auswirkungen Probleme beim Schlie\u00dfen der traditionellen Scharniert\u00fcr Paneele, die Ihre Schr\u00e4nke mit l\u00e4ngeren Lebensdauer und h\u00f6here Sicherheit. Willkommen Gro\u00dfh\u00e4ndler, Distributoren, kontaktieren Sie uns f\u00fcr Kostenvoranschl\u00e4ge.<\/p>\n<h2>Spezifikationen f\u00fcr Soft-Close-Schrankt\u00fcrscharniere<\/h2>\n<table border=\"0\" cellspacing=\"0\" cellpadding=\"0\">\n<tbody style=\"font-size: 14px; border: 1px solid #ccc; overflow: hidden;\">\n<tr style=\"line-height: 1.4;\">\n<td style=\"width: 33%;\" width=\"36\" height=\"30\"><strong>Spezifikation<\/strong><\/td>\n<td style=\"width: 67%;\" width=\"72\"><strong>Einzelheiten<\/strong><\/td>\n<\/tr>\n<tr style=\"line-height: 1.4;\">\n<td style=\"width: 33%;\" width=\"36\" height=\"30\"><strong>Modellnummer<\/strong><\/td>\n<td style=\"width: 67%;\" width=\"72\">678-A,678-B,678-C<\/td>\n<\/tr>\n<tr style=\"line-height: 1.4;\">\n<td style=\"width: 33%;\" width=\"36\" height=\"30\"><strong>Scharnier Material<\/strong><\/td>\n<td style=\"width: 67%;\" width=\"72\">Rostfreier Stahl<\/td>\n<\/tr>\n<tr style=\"line-height: 1.4;\">\n<td style=\"width: 33%;\" width=\"36\" height=\"30\"><strong>Scharnier Typ<\/strong><\/td>\n<td style=\"width: 67%;\" width=\"72\">D\u00e4mpfendes Scharnier<\/td>\n<\/tr>\n<tr style=\"line-height: 1.4;\">\n<td style=\"width: 33%;\" width=\"36\" height=\"30\"><strong>\u00d6ffnungswinkel<\/strong><\/td>\n<td style=\"width: 67%;\" width=\"72\">105\u00b0<\/td>\n<\/tr>\n<tr style=\"line-height: 1.4;\">\n<td style=\"width: 33%;\" width=\"36\" height=\"40\"><strong>Durchmesser der Scharnierpfanne<\/strong><\/td>\n<td style=\"width: 67%;\" width=\"72\">35mm<\/td>\n<\/tr>\n<tr style=\"line-height: 1.4;\">\n<td style=\"width: 33%;\" width=\"36\" height=\"40\"><strong>Tiefe der Scharnierschale<\/strong><\/td>\n<td style=\"width: 67%;\" width=\"72\">11,3 mm<\/td>\n<\/tr>\n<tr style=\"line-height: 1.4;\">\n<td style=\"width: 33%;\" width=\"36\" height=\"30\"><strong>Dicke der T\u00fcr<\/strong><\/td>\n<td style=\"width: 67%;\" width=\"72\">13-23mm<\/td>\n<\/tr>\n<tr style=\"line-height: 1.4;\">\n<td style=\"width: 33%;\" width=\"36\" height=\"60\"><strong>Anwendbare Szenarien<\/strong><\/td>\n<td style=\"width: 67%;\" width=\"72\">Kleiderschrank, Schrank, B\u00fccherregal, Badezimmerschrank, und mehr<\/td>\n<\/tr>\n<tr style=\"line-height: 1.4;\">\n<td style=\"width: 33%;\" width=\"36\" height=\"50\"><strong>OEM- und ODM-Dienstleistungen<\/strong><\/td>\n<td style=\"width: 67%;\" width=\"72\">Unterst\u00fctzt einfache und tiefgreifende Anpassungen<\/td>\n<\/tr>\n<\/tbody>\n<\/table>","protected":false},"featured_media":485,"comment_status":"closed","ping_status":"closed","template":"","meta":{"_acf_changed":false},"product_brand":[],"product_cat":[16,17,19],"product_tag":[],"class_list":{"0":"post-483","1":"product","2":"type-product","3":"status-publish","4":"has-post-thumbnail","6":"product_cat-wholesale-soft-closing-hinges","7":"product_cat-wholesale-cabinet-hinges","8":"product_cat-wholesale-furniture-hinges","10":"first","11":"instock","12":"shipping-taxable","13":"product-type-simple"},"acf":[],"_links":{"self":[{"href":"https:\/\/www.mrhardwares.com\/de\/wp-json\/wp\/v2\/product\/483","targetHints":{"allow":["GET"]}}],"collection":[{"href":"https:\/\/www.mrhardwares.com\/de\/wp-json\/wp\/v2\/product"}],"about":[{"href":"https:\/\/www.mrhardwares.com\/de\/wp-json\/wp\/v2\/types\/product"}],"replies":[{"embeddable":true,"href":"https:\/\/www.mrhardwares.com\/de\/wp-json\/wp\/v2\/comments?post=483"}],"wp:featuredmedia":[{"embeddable":true,"href":"https:\/\/www.mrhardwares.com\/de\/wp-json\/wp\/v2\/media\/485"}],"wp:attachment":[{"href":"https:\/\/www.mrhardwares.com\/de\/wp-json\/wp\/v2\/media?parent=483"}],"wp:term":[{"taxonomy":"product_brand","embeddable":true,"href":"https:\/\/www.mrhardwares.com\/de\/wp-json\/wp\/v2\/product_brand?post=483"},{"taxonomy":"product_cat","embeddable":true,"href":"https:\/\/www.mrhardwares.com\/de\/wp-json\/wp\/v2\/product_cat?post=483"},{"taxonomy":"product_tag","embeddable":true,"href":"https:\/\/www.mrhardwares.com\/de\/wp-json\/wp\/v2\/product_tag?post=483"}],"curies":[{"name":"wp","href":"https:\/\/api.w.org\/{rel}","templated":true}]}}