{"id":852,"date":"2025-03-21T03:16:02","date_gmt":"2025-03-21T03:16:02","guid":{"rendered":"https:\/\/www.mrhardwares.com\/?post_type=product&#038;p=852"},"modified":"2025-07-30T01:15:11","modified_gmt":"2025-07-30T01:15:11","slug":"wholesale-and-custom-soft-closing-furniture-hinges","status":"publish","type":"product","link":"https:\/\/www.mrhardwares.com\/de\/product\/wholesale-and-custom-soft-closing-furniture-hinges\/","title":{"rendered":"Gro\u00dfhandel und benutzerdefinierte Soft Closing M\u00f6bel Scharniere MR-TD - Mingrun Scharnier Hersteller"},"content":{"rendered":"<h3 class=\"wp-block-heading\">Merkmale von sanft schlie\u00dfenden M\u00f6belscharnieren<\/h3><p><strong>Einfache Installation:<\/strong> Das Design des sanft schlie\u00dfenden Scharniers MR-TD ist bequem zu installieren. Kunden k\u00f6nnen es leicht nach ihren Bed\u00fcrfnissen installieren, was f\u00fcr M\u00f6belunternehmen, die gro\u00dfe Mengen installieren m\u00fcssen, von Vorteil ist.<\/p><p><strong>Verbessertes Benutzererlebnis: <\/strong>Durch einen langsamen und sanften Schlie\u00dfvorgang bietet das sanft schlie\u00dfende Scharnier den Kunden eine bessere Erfahrung und erh\u00f6ht den Komfort und die Bequemlichkeit der Nutzung.<\/p><p><strong>Anwendungen mit hoher Nutzungsfrequenz:<\/strong> MR-TD-D\u00e4mpfungsscharniere wurden speziell f\u00fcr M\u00f6bel entwickelt, die mit hoher Frequenz ge\u00f6ffnet und geschlossen werden m\u00fcssen, z. B. in \u00f6ffentlichen Geb\u00e4uden, Gro\u00dfk\u00fcchen, B\u00fcros usw.<\/p><p><strong>Vielf\u00e4ltiger Anpassungsbedarf: <\/strong>Wir bieten Ihnen die M\u00f6glichkeit der individuellen Anpassung mit verschiedenen Spezifikationen, Funktionen und Abmessungen, um die f\u00fcr Sie am besten geeigneten M\u00f6belscharniere zu finden.<\/p>","protected":false},"excerpt":{"rendered":"<p>Gro\u00dfhandel Soft Close Scharniere, Soft Close Scharniere k\u00f6nnen die Lebensdauer von M\u00f6beln zu maximieren, w\u00e4hrend sichergestellt wird, dass die Schrankt\u00fcr schlie\u00dft reibungslos und leise, geeignet f\u00fcr Haus, B\u00fcrofl\u00e4chen und kommerziellen Orten. Genie\u00dfen Sie Fabrikpreise f\u00fcr Gro\u00dfeink\u00e4ufe, Gro\u00dfh\u00e4ndler und Distributoren sind willkommen, uns zu kontaktieren.<\/p>\n<h2>Spezifikationen f\u00fcr weich schlie\u00dfende M\u00f6belscharniere<\/h2>\n<table border=\"0\" cellspacing=\"0\" cellpadding=\"0\">\n<tbody style=\"font-size: 12px; border: 1px solid #ccc; overflow: hidden;\">\n<tr style=\"line-height: 1.4;\">\n<td style=\"width: 33%;\" width=\"36\" height=\"30\"><strong>Spezifikation<\/strong><\/td>\n<td style=\"width: 67%;\" width=\"72\"><strong>Einzelheiten<\/strong><\/td>\n<\/tr>\n<tr style=\"line-height: 1.4;\">\n<td style=\"width: 33%;\" width=\"36\" height=\"30\"><strong>Modellnummer<\/strong><\/td>\n<td style=\"width: 67%;\" width=\"72\">MR-TD<\/td>\n<\/tr>\n<tr style=\"line-height: 1.4;\">\n<td style=\"width: 33%;\" width=\"36\" height=\"30\"><strong>Scharnier Material<\/strong><\/td>\n<td style=\"width: 67%;\" width=\"72\">Kaltgewalzter Stahl<\/td>\n<\/tr>\n<tr style=\"line-height: 1.4;\">\n<td style=\"width: 33%;\" width=\"36\" height=\"30\"><strong>Scharnier Typ<\/strong><\/td>\n<td style=\"width: 67%;\" width=\"72\">Soft Close M\u00f6belscharnier<\/td>\n<\/tr>\n<tr style=\"line-height: 1.4;\">\n<td style=\"width: 33%;\" width=\"36\" height=\"60\"><strong>Anwendbare Szenarien<\/strong><\/td>\n<td style=\"width: 67%;\" width=\"72\">Kleiderschrank, Schrank, B\u00fccherregal, Badezimmerschrank, und mehr<\/td>\n<\/tr>\n<tr style=\"line-height: 1.4;\">\n<td style=\"width: 33%;\" width=\"36\" height=\"50\"><strong>OEM- und ODM-Dienstleistungen<\/strong><\/td>\n<td style=\"width: 67%;\" width=\"72\">Unterst\u00fctzt einfache und tiefgreifende Anpassungen<\/td>\n<\/tr>\n<\/tbody>\n<\/table>\n<p>\n<script src=\"chrome-extension:\/\/fpelahbljekknahkcaegamhcndkfpfnc\/iFrame.js\" type=\"text\/javascript\"><\/script><\/p>","protected":false},"featured_media":979,"comment_status":"closed","ping_status":"closed","template":"","meta":{"_acf_changed":false},"product_brand":[],"product_cat":[16,17,19,23],"product_tag":[],"class_list":{"0":"post-852","1":"product","2":"type-product","3":"status-publish","4":"has-post-thumbnail","6":"product_cat-wholesale-soft-closing-hinges","7":"product_cat-wholesale-cabinet-hinges","8":"product_cat-wholesale-furniture-hinges","9":"product_cat-wholesale-hydraulic-hinges","11":"first","12":"instock","13":"shipping-taxable","14":"product-type-simple"},"acf":[],"_links":{"self":[{"href":"https:\/\/www.mrhardwares.com\/de\/wp-json\/wp\/v2\/product\/852","targetHints":{"allow":["GET"]}}],"collection":[{"href":"https:\/\/www.mrhardwares.com\/de\/wp-json\/wp\/v2\/product"}],"about":[{"href":"https:\/\/www.mrhardwares.com\/de\/wp-json\/wp\/v2\/types\/product"}],"replies":[{"embeddable":true,"href":"https:\/\/www.mrhardwares.com\/de\/wp-json\/wp\/v2\/comments?post=852"}],"wp:featuredmedia":[{"embeddable":true,"href":"https:\/\/www.mrhardwares.com\/de\/wp-json\/wp\/v2\/media\/979"}],"wp:attachment":[{"href":"https:\/\/www.mrhardwares.com\/de\/wp-json\/wp\/v2\/media?parent=852"}],"wp:term":[{"taxonomy":"product_brand","embeddable":true,"href":"https:\/\/www.mrhardwares.com\/de\/wp-json\/wp\/v2\/product_brand?post=852"},{"taxonomy":"product_cat","embeddable":true,"href":"https:\/\/www.mrhardwares.com\/de\/wp-json\/wp\/v2\/product_cat?post=852"},{"taxonomy":"product_tag","embeddable":true,"href":"https:\/\/www.mrhardwares.com\/de\/wp-json\/wp\/v2\/product_tag?post=852"}],"curies":[{"name":"wp","href":"https:\/\/api.w.org\/{rel}","templated":true}]}}