{"id":869,"date":"2025-03-21T06:24:13","date_gmt":"2025-03-21T06:24:13","guid":{"rendered":"https:\/\/www.mrhardwares.com\/?post_type=product&#038;p=869"},"modified":"2025-12-31T03:08:05","modified_gmt":"2025-12-31T03:08:05","slug":"wholesale-cabinet-door-hardware-hinges","status":"publish","type":"product","link":"https:\/\/www.mrhardwares.com\/de\/product\/wholesale-cabinet-door-hardware-hinges\/","title":{"rendered":"Gro\u00dfhandel Schrank T\u00fcr Hardware Scharniere, Bulk-Schrank T\u00fcrscharniere MR-261A1"},"content":{"rendered":"<h3 class=\"wp-block-heading\">Merkmale von Scharnieren f\u00fcr Schrankt\u00fcren<\/h3><p><strong>Lange Nutzungsdauer: <\/strong>Die pr\u00e4zisionsgefertigte Scharnierstruktur sorgt daf\u00fcr, dass sich die Schrankt\u00fcr reibungslos \u00f6ffnen und schlie\u00dfen l\u00e4sst, ohne zu klemmen, und dass sie auch bei h\u00e4ufigem Gebrauch stabil bleibt.<\/p><p><strong>Vielf\u00e4ltig einsetzbar: <\/strong>Geeignet f\u00fcr K\u00fcchenschr\u00e4nke, Kleiderschr\u00e4nke, B\u00fccherregale, Badezimmerschr\u00e4nke, B\u00fcrom\u00f6bel usw., um den Anforderungen verschiedener Wohn- und Bauprojekte gerecht zu werden.<\/p><p><strong>Bulk Hardware Scharniere Gro\u00dfhandel: <\/strong>Wir bieten Gro\u00dfhandel in gro\u00dfen Mengen, Vorzugspreise, unterst\u00fctzen OEM\/ODM-Anpassungen und k\u00f6nnen Gr\u00f6\u00dfe, Material, Farbe und Oberfl\u00e4chenbehandlung an die Bed\u00fcrfnisse des Kunden anpassen.<\/p><p><strong>Umweltfreundlich und unbedenklich: <\/strong>Wir verwenden umweltfreundliche Materialien und fortschrittliche Herstellungsverfahren, erf\u00fcllen internationale Umweltstandards wie ISO9001, RoHS und CE und das Produkt ist sicher und zuverl\u00e4ssig.<\/p>","protected":false},"excerpt":{"rendered":"<p><strong>Preis: US $0.071\/St\u00fcck<\/strong><\/p>\n<p>Scharniere f\u00fcr Schrankt\u00fcren im Gro\u00dfhandel. Die MR-261A1-Schrankt\u00fcrscharniere bieten die perfekte Mischung aus Stil, Langlebigkeit und \u00fcberlegener Leistung, um die Anforderungen moderner Schr\u00e4nke zu erf\u00fcllen. Sie sind ISO9001- und CE-zertifiziert und eignen sich f\u00fcr eine Vielzahl von Schrankanwendungen, darunter K\u00fcchenschr\u00e4nke, Kleiderschr\u00e4nke und Badezimmerschr\u00e4nke.<\/p>\n<p>Diese Scharniere eignen sich ideal f\u00fcr B2B-Gro\u00dfhandelsbestellungen und sind kosteng\u00fcnstig bei Gro\u00dfeink\u00e4ufen. Kontaktieren Sie uns einfach.<\/p>\n<h2>Spezifikationen des Scharniers f\u00fcr Schrankt\u00fcrbeschl\u00e4ge<\/h2>\n<table border=\"0\" cellspacing=\"0\" cellpadding=\"0\">\n<tbody style=\"font-size: 12px; border: 1px solid #ccc; overflow: hidden;\">\n<tr style=\"line-height: 1.4;\">\n<td style=\"width: 33%;\" width=\"36\" height=\"30\"><strong>Spezifikation<\/strong><\/td>\n<td style=\"width: 67%;\" width=\"72\"><strong>Einzelheiten<\/strong><\/td>\n<\/tr>\n<tr style=\"line-height: 1.4;\">\n<td style=\"width: 33%;\" width=\"36\" height=\"30\"><strong>Modellnummer<\/strong><\/td>\n<td style=\"width: 67%;\" width=\"72\">MR - 261A1<\/td>\n<\/tr>\n<tr style=\"line-height: 1.4;\">\n<td style=\"width: 33%;\" width=\"36\" height=\"30\"><strong>Scharnier Material<\/strong><\/td>\n<td style=\"width: 67%;\" width=\"72\">Kaltgewalzter Stahl<\/td>\n<\/tr>\n<tr style=\"line-height: 1.4;\">\n<td style=\"width: 33%;\" width=\"36\" height=\"30\"><strong>Scharnier Typ<\/strong><\/td>\n<td style=\"width: 67%;\" width=\"72\">Normales M\u00f6belscharnier<\/td>\n<\/tr>\n<tr style=\"line-height: 1.4;\">\n<td style=\"width: 33%;\" width=\"36\" height=\"60\"><strong>Anwendbare Szenarien<\/strong><\/td>\n<td style=\"width: 67%;\" width=\"72\">Kleiderschrank, Schrank, B\u00fccherregal, Badezimmerschrank, und mehr<\/td>\n<\/tr>\n<tr style=\"line-height: 1.4;\">\n<td style=\"width: 33%;\" width=\"36\" height=\"50\"><strong>OEM- und ODM-Dienstleistungen<\/strong><\/td>\n<td style=\"width: 67%;\" width=\"72\">Unterst\u00fctzt einfache und tiefgreifende Anpassungen<\/td>\n<\/tr>\n<\/tbody>\n<\/table>\n<p>&nbsp;<\/p>\n<p>\n<script src=\"chrome-extension:\/\/fpelahbljekknahkcaegamhcndkfpfnc\/iFrame.js\" type=\"text\/javascript\"><\/script><\/p>","protected":false},"featured_media":996,"comment_status":"closed","ping_status":"closed","template":"","meta":{"_acf_changed":false},"product_brand":[],"product_cat":[25],"product_tag":[],"class_list":{"0":"post-869","1":"product","2":"type-product","3":"status-publish","4":"has-post-thumbnail","6":"product_cat-wholesale-regular-furniture-hinges","8":"first","9":"instock","10":"shipping-taxable","11":"purchasable","12":"product-type-simple"},"acf":[],"_links":{"self":[{"href":"https:\/\/www.mrhardwares.com\/de\/wp-json\/wp\/v2\/product\/869","targetHints":{"allow":["GET"]}}],"collection":[{"href":"https:\/\/www.mrhardwares.com\/de\/wp-json\/wp\/v2\/product"}],"about":[{"href":"https:\/\/www.mrhardwares.com\/de\/wp-json\/wp\/v2\/types\/product"}],"replies":[{"embeddable":true,"href":"https:\/\/www.mrhardwares.com\/de\/wp-json\/wp\/v2\/comments?post=869"}],"wp:featuredmedia":[{"embeddable":true,"href":"https:\/\/www.mrhardwares.com\/de\/wp-json\/wp\/v2\/media\/996"}],"wp:attachment":[{"href":"https:\/\/www.mrhardwares.com\/de\/wp-json\/wp\/v2\/media?parent=869"}],"wp:term":[{"taxonomy":"product_brand","embeddable":true,"href":"https:\/\/www.mrhardwares.com\/de\/wp-json\/wp\/v2\/product_brand?post=869"},{"taxonomy":"product_cat","embeddable":true,"href":"https:\/\/www.mrhardwares.com\/de\/wp-json\/wp\/v2\/product_cat?post=869"},{"taxonomy":"product_tag","embeddable":true,"href":"https:\/\/www.mrhardwares.com\/de\/wp-json\/wp\/v2\/product_tag?post=869"}],"curies":[{"name":"wp","href":"https:\/\/api.w.org\/{rel}","templated":true}]}}