{"id":871,"date":"2025-03-21T06:38:31","date_gmt":"2025-03-21T06:38:31","guid":{"rendered":"https:\/\/www.mrhardwares.com\/?post_type=product&#038;p=871"},"modified":"2025-12-31T03:10:50","modified_gmt":"2025-12-31T03:10:50","slug":"wholesale-cupboard-hardware-hinges","status":"publish","type":"product","link":"https:\/\/www.mrhardwares.com\/de\/product\/wholesale-cupboard-hardware-hinges\/","title":{"rendered":"Gro\u00dfhandel Schrank versteckte Scharniere, Bulk-Schrank Hardware Scharniere"},"content":{"rendered":"<h3 class=\"wp-block-heading\">Merkmale von Scharnieren f\u00fcr Schrankbeschl\u00e4ge<\/h3><p><strong>Stark und langlebig: <\/strong>Widerstandsf\u00e4hig gegen Rost und Verformung und in der Lage, auch in feuchten Umgebungen eine stabile Leistung zu garantieren.<\/p><p><strong>Tragf\u00e4higkeit: <\/strong>Durch Pr\u00e4zisionsfertigung und mehrfache Belastungstests ist er in der Lage, verschiedene Schrankt\u00fcrbl\u00e4tter fest zu halten, so dass sie auch nach l\u00e4ngerem wiederholtem \u00d6ffnen und Schlie\u00dfen nicht durchh\u00e4ngen.<\/p><p><strong>Mehrfach winkelverstellbar:<\/strong> Sie sorgen daf\u00fcr, dass die Schrankt\u00fcr eng am Schrankkorpus anliegt, verbessern das Gesamtdesign und vereinfachen den Einbau.<\/p><p><strong>Weit verbreitet: <\/strong>Geeignet f\u00fcr verschiedene M\u00f6belanwendungen wie K\u00fcchenschr\u00e4nke, Kleiderschr\u00e4nke, B\u00fccherschr\u00e4nke, Badezimmerschr\u00e4nke, B\u00fcrom\u00f6bel, Vitrinen usw.<\/p><p><strong>Gro\u00dfhandel:<\/strong> Wir bieten Gro\u00dfeinkaufsdienste an, die f\u00fcr Einzelh\u00e4ndler, Bauunternehmen, M\u00f6belhersteller und Dekorationsfirmen geeignet sind.<\/p><div class=\"wp-block-columns is-layout-flex wp-container-core-columns-is-layout-9d6595d7 wp-block-columns-is-layout-flex\"><div class=\"wp-block-column is-layout-flow wp-block-column-is-layout-flow\"><figure class=\"wp-block-image size-full\"><img decoding=\"async\" width=\"1600\" height=\"1600\" src=\"https:\/\/www.mrhardwares.com\/wp-content\/uploads\/2025\/03\/Wholesale-Cupboard-Hardware-Hinges-4.webp\" alt=\"Gro\u00dfhandel Schrank Hardware Scharniere (4)\" class=\"wp-image-875\" srcset=\"https:\/\/www.mrhardwares.com\/wp-content\/uploads\/2025\/03\/Wholesale-Cupboard-Hardware-Hinges-4.webp 1600w, https:\/\/www.mrhardwares.com\/wp-content\/uploads\/2025\/03\/Wholesale-Cupboard-Hardware-Hinges-4-300x300.webp 300w, https:\/\/www.mrhardwares.com\/wp-content\/uploads\/2025\/03\/Wholesale-Cupboard-Hardware-Hinges-4-150x150.webp 150w, https:\/\/www.mrhardwares.com\/wp-content\/uploads\/2025\/03\/Wholesale-Cupboard-Hardware-Hinges-4-768x768.webp 768w, https:\/\/www.mrhardwares.com\/wp-content\/uploads\/2025\/03\/Wholesale-Cupboard-Hardware-Hinges-4-12x12.webp 12w, https:\/\/www.mrhardwares.com\/wp-content\/uploads\/2025\/03\/Wholesale-Cupboard-Hardware-Hinges-4-1200x1200.webp 1200w, https:\/\/www.mrhardwares.com\/wp-content\/uploads\/2025\/03\/Wholesale-Cupboard-Hardware-Hinges-4-600x600.webp 600w, https:\/\/www.mrhardwares.com\/wp-content\/uploads\/2025\/03\/Wholesale-Cupboard-Hardware-Hinges-4-100x100.webp 100w\" sizes=\"(max-width: 1600px) 100vw, 1600px\" \/><\/figure><\/div>\n\n<div class=\"wp-block-column is-layout-flow wp-block-column-is-layout-flow\"><figure class=\"wp-block-image size-full\"><img decoding=\"async\" width=\"1600\" height=\"1600\" src=\"https:\/\/www.mrhardwares.com\/wp-content\/uploads\/2025\/03\/Wholesale-Cupboard-Hardware-Hinges-5.webp\" alt=\"Gro\u00dfhandel Schrank Hardware Scharniere (5)\" class=\"wp-image-876\" srcset=\"https:\/\/www.mrhardwares.com\/wp-content\/uploads\/2025\/03\/Wholesale-Cupboard-Hardware-Hinges-5.webp 1600w, https:\/\/www.mrhardwares.com\/wp-content\/uploads\/2025\/03\/Wholesale-Cupboard-Hardware-Hinges-5-300x300.webp 300w, https:\/\/www.mrhardwares.com\/wp-content\/uploads\/2025\/03\/Wholesale-Cupboard-Hardware-Hinges-5-150x150.webp 150w, https:\/\/www.mrhardwares.com\/wp-content\/uploads\/2025\/03\/Wholesale-Cupboard-Hardware-Hinges-5-768x768.webp 768w, https:\/\/www.mrhardwares.com\/wp-content\/uploads\/2025\/03\/Wholesale-Cupboard-Hardware-Hinges-5-12x12.webp 12w, https:\/\/www.mrhardwares.com\/wp-content\/uploads\/2025\/03\/Wholesale-Cupboard-Hardware-Hinges-5-1200x1200.webp 1200w, https:\/\/www.mrhardwares.com\/wp-content\/uploads\/2025\/03\/Wholesale-Cupboard-Hardware-Hinges-5-600x600.webp 600w, https:\/\/www.mrhardwares.com\/wp-content\/uploads\/2025\/03\/Wholesale-Cupboard-Hardware-Hinges-5-100x100.webp 100w\" sizes=\"(max-width: 1600px) 100vw, 1600px\" \/><\/figure><\/div><\/div>","protected":false},"excerpt":{"rendered":"<p><strong>Preis: US $0.057\/Stk<\/strong><\/p>\n<p>Scharniere f\u00fcr Schr\u00e4nke im Gro\u00dfhandel, perfekt f\u00fcr K\u00fcchenschr\u00e4nke, Kleiderschr\u00e4nke und B\u00fcrom\u00f6bel. Sie zeichnen sich durch korrosionsbest\u00e4ndige Oberfl\u00e4chen und einfache Installation aus. Wir liefern in gro\u00dfen Mengen zu wettbewerbsf\u00e4higen Preisen. Willkommen, uns zu kontaktieren.<\/p>\n<h2>Spezifikationen f\u00fcr Scharniere f\u00fcr Schrankzubeh\u00f6r<\/h2>\n<table border=\"0\" cellspacing=\"0\" cellpadding=\"0\">\n<tbody style=\"font-size: 12px; border: 1px solid #ccc; overflow: hidden;\">\n<tr style=\"line-height: 1.4;\">\n<td style=\"width: 33%;\" width=\"36\" height=\"30\"><strong>Spezifikation<\/strong><\/td>\n<td style=\"width: 67%;\" width=\"72\"><strong>Einzelheiten<\/strong><\/td>\n<\/tr>\n<tr style=\"line-height: 1.4;\">\n<td style=\"width: 33%;\" width=\"36\" height=\"30\"><strong>Modellnummer<\/strong><\/td>\n<td style=\"width: 67%;\" width=\"72\">MR-261B1<\/td>\n<\/tr>\n<tr style=\"line-height: 1.4;\">\n<td style=\"width: 33%;\" width=\"36\" height=\"30\"><strong>Scharnier Material<\/strong><\/td>\n<td style=\"width: 67%;\" width=\"72\">Kaltgewalzter Stahl<\/td>\n<\/tr>\n<tr style=\"line-height: 1.4;\">\n<td style=\"width: 33%;\" width=\"36\" height=\"30\"><strong>Scharnier Typ<\/strong><\/td>\n<td style=\"width: 67%;\" width=\"72\">Normales M\u00f6belscharnier<\/td>\n<\/tr>\n<tr style=\"line-height: 1.4;\">\n<td style=\"width: 33%;\" width=\"36\" height=\"60\"><strong>Anwendbare Szenarien<\/strong><\/td>\n<td style=\"width: 67%;\" width=\"72\">Kleiderschrank, Schrank, B\u00fccherregal, Badezimmerschrank, und mehr<\/td>\n<\/tr>\n<tr style=\"line-height: 1.4;\">\n<td style=\"width: 33%;\" width=\"36\" height=\"50\"><strong>OEM- und ODM-Dienstleistungen<\/strong><\/td>\n<td style=\"width: 67%;\" width=\"72\">Unterst\u00fctzt einfache und tiefgreifende Anpassungen<\/td>\n<\/tr>\n<\/tbody>\n<\/table>\n<p>&nbsp;<\/p>\n<p>\n<script src=\"chrome-extension:\/\/fpelahbljekknahkcaegamhcndkfpfnc\/iFrame.js\" type=\"text\/javascript\"><\/script><\/p>","protected":false},"featured_media":872,"comment_status":"closed","ping_status":"closed","template":"","meta":{"_acf_changed":false},"product_brand":[],"product_cat":[25],"product_tag":[],"class_list":{"0":"post-871","1":"product","2":"type-product","3":"status-publish","4":"has-post-thumbnail","6":"product_cat-wholesale-regular-furniture-hinges","8":"first","9":"instock","10":"shipping-taxable","11":"product-type-simple"},"acf":[],"_links":{"self":[{"href":"https:\/\/www.mrhardwares.com\/de\/wp-json\/wp\/v2\/product\/871","targetHints":{"allow":["GET"]}}],"collection":[{"href":"https:\/\/www.mrhardwares.com\/de\/wp-json\/wp\/v2\/product"}],"about":[{"href":"https:\/\/www.mrhardwares.com\/de\/wp-json\/wp\/v2\/types\/product"}],"replies":[{"embeddable":true,"href":"https:\/\/www.mrhardwares.com\/de\/wp-json\/wp\/v2\/comments?post=871"}],"wp:featuredmedia":[{"embeddable":true,"href":"https:\/\/www.mrhardwares.com\/de\/wp-json\/wp\/v2\/media\/872"}],"wp:attachment":[{"href":"https:\/\/www.mrhardwares.com\/de\/wp-json\/wp\/v2\/media?parent=871"}],"wp:term":[{"taxonomy":"product_brand","embeddable":true,"href":"https:\/\/www.mrhardwares.com\/de\/wp-json\/wp\/v2\/product_brand?post=871"},{"taxonomy":"product_cat","embeddable":true,"href":"https:\/\/www.mrhardwares.com\/de\/wp-json\/wp\/v2\/product_cat?post=871"},{"taxonomy":"product_tag","embeddable":true,"href":"https:\/\/www.mrhardwares.com\/de\/wp-json\/wp\/v2\/product_tag?post=871"}],"curies":[{"name":"wp","href":"https:\/\/api.w.org\/{rel}","templated":true}]}}