{"id":881,"date":"2025-03-21T06:57:20","date_gmt":"2025-03-21T06:57:20","guid":{"rendered":"https:\/\/www.mrhardwares.com\/?post_type=product&#038;p=881"},"modified":"2025-12-31T03:13:30","modified_gmt":"2025-12-31T03:13:30","slug":"wholesale-hardware-cabinet-door-hinges","status":"publish","type":"product","link":"https:\/\/www.mrhardwares.com\/de\/product\/wholesale-hardware-cabinet-door-hinges\/","title":{"rendered":"Gro\u00dfhandel Schrank T\u00fcrscharniere Hardware MR-261A2 - Mingrun Scharnier Hersteller"},"content":{"rendered":"<h3 class=\"wp-block-heading\">Eigenschaften von Hardware-Schrankt\u00fcrscharnieren<\/h3><p><strong>Leichtes \u00d6ffnen und Schlie\u00dfen: <\/strong>Die hochpr\u00e4zise Fertigungsstruktur garantiert stabiles und reibungsloses \u00d6ffnen und Schlie\u00dfen, geringere Reibung und l\u00e4ngere Haltbarkeit.<\/p><p><strong>Vielf\u00e4ltig einsetzbar: <\/strong>Geeignet f\u00fcr die Verwendung in K\u00fcchenschr\u00e4nken, Kleiderschr\u00e4nken, B\u00fccherregalen, B\u00fcroeinrichtungen usw., um die sich \u00e4ndernde Nachfrage in Privathaushalten und Unternehmen zu befriedigen, am besten geeignetes Gro\u00dfhandelsprodukt f\u00fcr M\u00f6belunternehmen, Maschinenbau, Baugewerbe und H\u00e4ndler.<br><br><strong>Gute Tragf\u00e4higkeit: <\/strong>Dank seiner hohen Tragf\u00e4higkeit kann er Schrankt\u00fcren unterschiedlicher Dicke festhalten.<\/p><p><strong>Erschwinglich:<\/strong> Die Scharniere f\u00fcr Schrankt\u00fcren sind aus kaltgewalztem Stahl gefertigt und haben eine reduzierte Schlie\u00dfd\u00e4mpfung, wodurch sie preislich wettbewerbsf\u00e4higer sind und sich f\u00fcr Projekte mit geringem Budget und niedrigen Anforderungen eignen.<\/p><p><strong>Lieferung an den Gro\u00dfhandel: <\/strong>Lieferung in gro\u00dfen Mengen zu Fabrikpreisen, mit OEM\/ODM-Anpassungsdienst.<\/p>","protected":false},"excerpt":{"rendered":"<p><strong>Preis: US $0.057\/Stk<\/strong><\/p>\n<p>Gro\u00dfhandel Hardware Schrank T\u00fcrscharniere. Unsere konventionellen Scharniere f\u00fcr K\u00fcchenschr\u00e4nke mit Doppelloch bieten eine hohe Tragf\u00e4higkeit und Haltbarkeit. Sie eignen sich f\u00fcr eine Vielzahl von Anwendungen, einschlie\u00dflich K\u00fcchenschr\u00e4nke, Kleiderschr\u00e4nke und B\u00fcroschr\u00e4nke, und bieten eine zuverl\u00e4ssige Leistung. Kontaktieren Sie uns f\u00fcr ein Angebot.<\/p>\n<h2>Spezifikationen f\u00fcr Hardware-Schrankt\u00fcrscharniere<\/h2>\n<table border=\"0\" cellspacing=\"0\" cellpadding=\"0\">\n<tbody style=\"font-size: 12px; border: 1px solid #ccc; overflow: hidden;\">\n<tr style=\"line-height: 1.4;\">\n<td style=\"width: 33%;\" width=\"36\" height=\"30\"><strong>Spezifikation<\/strong><\/td>\n<td style=\"width: 67%;\" width=\"72\"><strong>Einzelheiten<\/strong><\/td>\n<\/tr>\n<tr style=\"line-height: 1.4;\">\n<td style=\"width: 33%;\" width=\"36\" height=\"30\"><strong>Modellnummer<\/strong><\/td>\n<td style=\"width: 67%;\" width=\"72\">MR - 261A2<\/td>\n<\/tr>\n<tr style=\"line-height: 1.4;\">\n<td style=\"width: 33%;\" width=\"36\" height=\"30\"><strong>Scharnier Material<\/strong><\/td>\n<td style=\"width: 67%;\" width=\"72\">Kaltgewalzter Stahl<\/td>\n<\/tr>\n<tr style=\"line-height: 1.4;\">\n<td style=\"width: 33%;\" width=\"36\" height=\"30\"><strong>Scharnier Typ<\/strong><\/td>\n<td style=\"width: 67%;\" width=\"72\">Normales M\u00f6belscharnier<\/td>\n<\/tr>\n<tr style=\"line-height: 1.4;\">\n<td style=\"width: 33%;\" width=\"36\" height=\"60\"><strong>Anwendbare Szenarien<\/strong><\/td>\n<td style=\"width: 67%;\" width=\"72\">Kleiderschrank, Schrank, B\u00fccherregal, Badezimmerschrank, und mehr<\/td>\n<\/tr>\n<tr style=\"line-height: 1.4;\">\n<td style=\"width: 33%;\" width=\"36\" height=\"50\"><strong>OEM- und ODM-Dienstleistungen<\/strong><\/td>\n<td style=\"width: 67%;\" width=\"72\">Unterst\u00fctzt einfache und tiefgreifende Anpassungen<\/td>\n<\/tr>\n<\/tbody>\n<\/table>\n<p><script src=\"chrome-extension:\/\/fpelahbljekknahkcaegamhcndkfpfnc\/iFrame.js\" type=\"text\/javascript\"><\/script><\/p>\n<p><script src=\"chrome-extension:\/\/fpelahbljekknahkcaegamhcndkfpfnc\/iFrame.js\" type=\"text\/javascript\"><\/script><\/p>\n<p>\n<script src=\"chrome-extension:\/\/fpelahbljekknahkcaegamhcndkfpfnc\/iFrame.js\" type=\"text\/javascript\"><\/script><\/p>","protected":false},"featured_media":886,"comment_status":"closed","ping_status":"closed","template":"","meta":{"_acf_changed":false},"product_brand":[],"product_cat":[25],"product_tag":[],"class_list":{"0":"post-881","1":"product","2":"type-product","3":"status-publish","4":"has-post-thumbnail","6":"product_cat-wholesale-regular-furniture-hinges","8":"first","9":"instock","10":"shipping-taxable","11":"product-type-simple"},"acf":[],"_links":{"self":[{"href":"https:\/\/www.mrhardwares.com\/de\/wp-json\/wp\/v2\/product\/881","targetHints":{"allow":["GET"]}}],"collection":[{"href":"https:\/\/www.mrhardwares.com\/de\/wp-json\/wp\/v2\/product"}],"about":[{"href":"https:\/\/www.mrhardwares.com\/de\/wp-json\/wp\/v2\/types\/product"}],"replies":[{"embeddable":true,"href":"https:\/\/www.mrhardwares.com\/de\/wp-json\/wp\/v2\/comments?post=881"}],"wp:featuredmedia":[{"embeddable":true,"href":"https:\/\/www.mrhardwares.com\/de\/wp-json\/wp\/v2\/media\/886"}],"wp:attachment":[{"href":"https:\/\/www.mrhardwares.com\/de\/wp-json\/wp\/v2\/media?parent=881"}],"wp:term":[{"taxonomy":"product_brand","embeddable":true,"href":"https:\/\/www.mrhardwares.com\/de\/wp-json\/wp\/v2\/product_brand?post=881"},{"taxonomy":"product_cat","embeddable":true,"href":"https:\/\/www.mrhardwares.com\/de\/wp-json\/wp\/v2\/product_cat?post=881"},{"taxonomy":"product_tag","embeddable":true,"href":"https:\/\/www.mrhardwares.com\/de\/wp-json\/wp\/v2\/product_tag?post=881"}],"curies":[{"name":"wp","href":"https:\/\/api.w.org\/{rel}","templated":true}]}}