{"id":882,"date":"2025-03-21T07:02:23","date_gmt":"2025-03-21T07:02:23","guid":{"rendered":"https:\/\/www.mrhardwares.com\/?post_type=product&#038;p=882"},"modified":"2025-12-31T02:34:38","modified_gmt":"2025-12-31T02:34:38","slug":"wholesale-soft-close-concealed-hinges-for-cabinets","status":"publish","type":"product","link":"https:\/\/www.mrhardwares.com\/de\/product\/wholesale-soft-close-concealed-hinges-for-cabinets\/","title":{"rendered":"Gro\u00dfhandel Soft Close verdeckte Scharniere f\u00fcr Schr\u00e4nke MR-DTZ"},"content":{"rendered":"<h3 class=\"wp-block-heading\">Eigenschaften von verdeckten Scharnieren f\u00fcr K\u00fcchenschr\u00e4nke<\/h3><p><strong>Langlebiges Material<\/strong>: Aus hochwertigem Edelstahl oder kaltgewalztem Stahl gefertigt, ist er langlebig und best\u00e4ndig.<\/p><p><strong>Verstecktes Design<\/strong>: Die versteckte Installation ist sch\u00f6n und passt zum modernen minimalistischen Einrichtungsstil.<\/p><p><strong>Anti-Lockerungs-Struktur: <\/strong>Optimieren Sie die Scharnierverbindung, damit sie sich auch nach langem Gebrauch nicht lockert oder durchh\u00e4ngt.<\/p><p><strong>Umweltfreundliche Materialien:<\/strong> Hergestellt aus umweltfreundlichen Materialien, ohne sch\u00e4dliche Substanzen und in \u00dcbereinstimmung mit Umweltstandards wie RoHS und CE.<\/p><p><strong>OEM- und ODM-Anpassungsdienst:<\/strong> Wir bieten Scharnierl\u00f6sungen aus einer Hand und k\u00f6nnen Musterdesign, Gr\u00f6\u00dfe usw. an die Bed\u00fcrfnisse des Kunden anpassen.<\/p>","protected":false},"excerpt":{"rendered":"<p><strong>Preis: US $0.15\/Stk<\/strong><\/p>\n<p>Sie k\u00f6nnen das Material des weich schlie\u00dfenden Scharniers w\u00e4hlen, das aus Edelstahl oder kaltgewalztem Stahl besteht. Unser Scharnier ist stark, stabil und lockerungsfrei f\u00fcr den langfristigen Gebrauch. Geeignet f\u00fcr verschiedene K\u00fcchenumgebungen. Wir bieten OEM- und ODM-Anpassungen an, um Ihren Bed\u00fcrfnissen gerecht zu werden.  Kontaktieren Sie uns f\u00fcr ein Angebot.<\/p>\n<h2>Spezifikationen f\u00fcr verdeckte Scharniere f\u00fcr K\u00fcchenschr\u00e4nke<\/h2>\n<table border=\"0\" cellspacing=\"0\" cellpadding=\"0\">\n<tbody style=\"font-size: 12px; border: 1px solid #ccc; overflow: hidden;\">\n<tr style=\"line-height: 1.4;\">\n<td style=\"width: 33%;\" width=\"36\" height=\"30\"><strong>Spezifikation<\/strong><\/td>\n<td style=\"width: 67%;\" width=\"72\"><strong>Einzelheiten<\/strong><\/td>\n<\/tr>\n<tr style=\"line-height: 1.4;\">\n<td style=\"width: 33%;\" width=\"36\" height=\"30\"><strong>Modellnummer<\/strong><\/td>\n<td style=\"width: 67%;\" width=\"72\">MR-DTZ<\/td>\n<\/tr>\n<tr style=\"line-height: 1.4;\">\n<td style=\"width: 33%;\" width=\"36\" height=\"30\"><strong>Scharnier Material<\/strong><\/td>\n<td style=\"width: 67%;\" width=\"72\">Rostfreier Stahl oder kaltgewalzter Stahl<\/td>\n<\/tr>\n<tr style=\"line-height: 1.4;\">\n<td style=\"width: 33%;\" width=\"36\" height=\"30\"><strong>Scharnier Typ<\/strong><\/td>\n<td style=\"width: 67%;\" width=\"72\">Soft Closing Scharnier<\/td>\n<\/tr>\n<tr style=\"line-height: 1.4;\">\n<td style=\"width: 33%;\" width=\"36\" height=\"60\"><strong>Anwendbare Szenarien<\/strong><\/td>\n<td style=\"width: 67%;\" width=\"72\">Kleiderschrank, Schrank, B\u00fccherregal, Badezimmerschrank, und mehr<\/td>\n<\/tr>\n<tr style=\"line-height: 1.4;\">\n<td style=\"width: 33%;\" width=\"36\" height=\"50\"><strong>OEM- und ODM-Dienstleistungen<\/strong><\/td>\n<td style=\"width: 67%;\" width=\"72\">Unterst\u00fctzt einfache und tiefgreifende Anpassungen<\/td>\n<\/tr>\n<\/tbody>\n<\/table>\n<p><script src=\"chrome-extension:\/\/fpelahbljekknahkcaegamhcndkfpfnc\/iFrame.js\" type=\"text\/javascript\"><\/script><\/p>\n<p>\n<script src=\"chrome-extension:\/\/fpelahbljekknahkcaegamhcndkfpfnc\/iFrame.js\" type=\"text\/javascript\"><\/script><\/p>","protected":false},"featured_media":950,"comment_status":"closed","ping_status":"closed","template":"","meta":{"_acf_changed":false},"product_brand":[],"product_cat":[16],"product_tag":[],"class_list":{"0":"post-882","1":"product","2":"type-product","3":"status-publish","4":"has-post-thumbnail","6":"product_cat-wholesale-soft-closing-hinges","8":"first","9":"instock","10":"shipping-taxable","11":"product-type-simple"},"acf":[],"_links":{"self":[{"href":"https:\/\/www.mrhardwares.com\/de\/wp-json\/wp\/v2\/product\/882","targetHints":{"allow":["GET"]}}],"collection":[{"href":"https:\/\/www.mrhardwares.com\/de\/wp-json\/wp\/v2\/product"}],"about":[{"href":"https:\/\/www.mrhardwares.com\/de\/wp-json\/wp\/v2\/types\/product"}],"replies":[{"embeddable":true,"href":"https:\/\/www.mrhardwares.com\/de\/wp-json\/wp\/v2\/comments?post=882"}],"wp:featuredmedia":[{"embeddable":true,"href":"https:\/\/www.mrhardwares.com\/de\/wp-json\/wp\/v2\/media\/950"}],"wp:attachment":[{"href":"https:\/\/www.mrhardwares.com\/de\/wp-json\/wp\/v2\/media?parent=882"}],"wp:term":[{"taxonomy":"product_brand","embeddable":true,"href":"https:\/\/www.mrhardwares.com\/de\/wp-json\/wp\/v2\/product_brand?post=882"},{"taxonomy":"product_cat","embeddable":true,"href":"https:\/\/www.mrhardwares.com\/de\/wp-json\/wp\/v2\/product_cat?post=882"},{"taxonomy":"product_tag","embeddable":true,"href":"https:\/\/www.mrhardwares.com\/de\/wp-json\/wp\/v2\/product_tag?post=882"}],"curies":[{"name":"wp","href":"https:\/\/api.w.org\/{rel}","templated":true}]}}