{"id":884,"date":"2025-03-21T07:37:04","date_gmt":"2025-03-21T07:37:04","guid":{"rendered":"https:\/\/www.mrhardwares.com\/?post_type=product&#038;p=884"},"modified":"2025-12-31T01:48:31","modified_gmt":"2025-12-31T01:48:31","slug":"wholesale-soft-close-furniture-hinges","status":"publish","type":"product","link":"https:\/\/www.mrhardwares.com\/de\/product\/wholesale-soft-close-furniture-hinges\/","title":{"rendered":"Gro\u00dfhandel Soft Close M\u00f6bel Scharniere, Bulk Soft Close Scharniere f\u00fcr M\u00f6bel - MR-ZB"},"content":{"rendered":"<h3 class=\"wp-block-heading\">Merkmale von Soft-Close-M\u00f6belscharnieren<\/h3><ul class=\"wp-block-list\"><li><strong>Sanftes und leises Schlie\u00dfen: <\/strong>Die Soft-Close-M\u00f6belscharniere sorgen f\u00fcr ein ger\u00e4uscharmes Schlie\u00dfen von Schr\u00e4nken, verhindern wirksam gewaltsame St\u00f6\u00dfe und verl\u00e4ngern die Lebensdauer von Scharnieren und Schr\u00e4nken.<\/li>\n\n<li><strong>Langlebig und verl\u00e4sslich: <\/strong>Diese Scharniere werden aus hochwertigen Materialien hergestellt und sind langlebig. Sie sind verschlei\u00dffest und korrosionsbest\u00e4ndig und gew\u00e4hrleisten langfristige Leistung und Zuverl\u00e4ssigkeit.<\/li>\n\n<li><strong>Reduzieren Sie die Wartungsanforderungen: <\/strong>Das einstellbare, sanft schlie\u00dfende Scharnier reduziert dank seiner einzigartigen, langlebigen Konstruktion den Bedarf an h\u00e4ufiger Wartung.<\/li>\n\n<li><strong>Materialanpassung: <\/strong>Das Soft-Close-M\u00f6belscharnier MR-ZB bietet zwei Materialoptionen, darunter Edelstahl und kaltgewalzter Stahl, um den Anforderungen verschiedener Projekte gerecht zu werden.<\/li>\n\n<li><strong>Fabrik Gro\u00dfhandelspreis: <\/strong>Mingrun garantiert nicht nur eine hohe Qualit\u00e4t, sondern bietet auch sehr wettbewerbsf\u00e4hige Gro\u00dfhandelspreise an, die es M\u00f6belherstellern, Dekorationsbetrieben und Gro\u00dfh\u00e4ndlern erm\u00f6glichen, zus\u00e4tzliche Gewinnspannen zu erzielen, wenn sie einkaufen.<\/li>\n\n<li><strong>Bulk Scharnier Versorgung:<\/strong> Mingrun Hardware and Hinge Factory liefert Gro\u00dfhandelsscharniere an M\u00f6belhersteller in der ganzen Welt, was perfekt f\u00fcr Gro\u00dfh\u00e4ndler, M\u00f6belhersteller und gro\u00dfe Projekte ist.<\/li><\/ul><div class=\"wp-block-columns is-layout-flex wp-container-core-columns-is-layout-9d6595d7 wp-block-columns-is-layout-flex\"><div class=\"wp-block-column is-layout-flow wp-block-column-is-layout-flow\"><figure class=\"wp-block-image size-full\"><img decoding=\"async\" width=\"1600\" height=\"1600\" src=\"https:\/\/www.mrhardwares.com\/wp-content\/uploads\/2025\/03\/wholesale-soft-closing-furniture-hinges-1.webp\" alt=\"Gro\u00dfhandel weich schlie\u00dfende M\u00f6belscharniere (1)\" class=\"wp-image-1250\" srcset=\"https:\/\/www.mrhardwares.com\/wp-content\/uploads\/2025\/03\/wholesale-soft-closing-furniture-hinges-1.webp 1600w, https:\/\/www.mrhardwares.com\/wp-content\/uploads\/2025\/03\/wholesale-soft-closing-furniture-hinges-1-300x300.webp 300w, https:\/\/www.mrhardwares.com\/wp-content\/uploads\/2025\/03\/wholesale-soft-closing-furniture-hinges-1-150x150.webp 150w, https:\/\/www.mrhardwares.com\/wp-content\/uploads\/2025\/03\/wholesale-soft-closing-furniture-hinges-1-768x768.webp 768w, https:\/\/www.mrhardwares.com\/wp-content\/uploads\/2025\/03\/wholesale-soft-closing-furniture-hinges-1-12x12.webp 12w, https:\/\/www.mrhardwares.com\/wp-content\/uploads\/2025\/03\/wholesale-soft-closing-furniture-hinges-1-1200x1200.webp 1200w, https:\/\/www.mrhardwares.com\/wp-content\/uploads\/2025\/03\/wholesale-soft-closing-furniture-hinges-1-600x600.webp 600w, https:\/\/www.mrhardwares.com\/wp-content\/uploads\/2025\/03\/wholesale-soft-closing-furniture-hinges-1-100x100.webp 100w\" sizes=\"(max-width: 1600px) 100vw, 1600px\" \/><\/figure><\/div>\n\n<div class=\"wp-block-column is-layout-flow wp-block-column-is-layout-flow\"><figure class=\"wp-block-image size-full\"><img decoding=\"async\" width=\"1600\" height=\"1600\" src=\"https:\/\/www.mrhardwares.com\/wp-content\/uploads\/2025\/03\/wholesale-soft-closing-furniture-hinges-2.webp\" alt=\"Gro\u00dfhandel weich schlie\u00dfende M\u00f6belscharniere (2)\" class=\"wp-image-1251\" srcset=\"https:\/\/www.mrhardwares.com\/wp-content\/uploads\/2025\/03\/wholesale-soft-closing-furniture-hinges-2.webp 1600w, https:\/\/www.mrhardwares.com\/wp-content\/uploads\/2025\/03\/wholesale-soft-closing-furniture-hinges-2-300x300.webp 300w, https:\/\/www.mrhardwares.com\/wp-content\/uploads\/2025\/03\/wholesale-soft-closing-furniture-hinges-2-150x150.webp 150w, https:\/\/www.mrhardwares.com\/wp-content\/uploads\/2025\/03\/wholesale-soft-closing-furniture-hinges-2-768x768.webp 768w, https:\/\/www.mrhardwares.com\/wp-content\/uploads\/2025\/03\/wholesale-soft-closing-furniture-hinges-2-12x12.webp 12w, https:\/\/www.mrhardwares.com\/wp-content\/uploads\/2025\/03\/wholesale-soft-closing-furniture-hinges-2-1200x1200.webp 1200w, https:\/\/www.mrhardwares.com\/wp-content\/uploads\/2025\/03\/wholesale-soft-closing-furniture-hinges-2-600x600.webp 600w, https:\/\/www.mrhardwares.com\/wp-content\/uploads\/2025\/03\/wholesale-soft-closing-furniture-hinges-2-100x100.webp 100w\" sizes=\"(max-width: 1600px) 100vw, 1600px\" \/><\/figure><\/div><\/div>","protected":false},"excerpt":{"rendered":"<p><strong>Preis: US $0.12\/St.<\/strong><\/p>\n<p>Gro\u00dfhandels-M\u00f6belscharniere mit d\u00e4mpfendem Design f\u00fcr ein leises und sanftes Schlie\u00dferlebnis. <br \/>Mingrun Hardware Hinge Factory ist spezialisiert auf die Lieferung von d\u00e4mpfenden M\u00f6belscharnieren in gro\u00dfen Mengen an M\u00f6belhersteller auf der ganzen Welt. Unsere Gro\u00dfhandelsl\u00f6sungen sind ideal f\u00fcr Gro\u00dfh\u00e4ndler, M\u00f6belhersteller und gro\u00dfe Projekte. Kontaktieren Sie uns f\u00fcr ein Angebot.<br \/><strong><a href=\"https:\/\/www.mrhardwares.com\/de\/custom-solution\/\" target=\"_blank\" rel=\"noopener\">Erfahren Sie mehr \u00fcber OEM- und ODM-L\u00f6sungen f\u00fcr M\u00f6belscharniere \u2192 .<\/a><\/strong><\/p>\n<h2>Spezifikationen des Soft-Close-M\u00f6belscharniers<\/h2>\n<table border=\"0\" cellspacing=\"0\" cellpadding=\"0\">\n<tbody style=\"font-size: 12px; border: 1px solid #ccc; overflow: hidden;\">\n<tr style=\"line-height: 1.4;\">\n<td style=\"width: 33%;\" width=\"36\" height=\"30\"><strong>Spezifikation<\/strong><\/td>\n<td style=\"width: 67%;\" width=\"72\"><strong>Einzelheiten<\/strong><\/td>\n<\/tr>\n<tr style=\"line-height: 1.4;\">\n<td style=\"width: 33%;\" width=\"36\" height=\"30\"><strong>Modellnummer<\/strong><\/td>\n<td style=\"width: 67%;\" width=\"72\">MR-ZB<\/td>\n<\/tr>\n<tr style=\"line-height: 1.4;\">\n<td style=\"width: 33%;\" width=\"36\" height=\"30\"><strong>Scharnier Material<\/strong><\/td>\n<td style=\"width: 67%;\" width=\"72\">Kaltgewalzter Stahl oder rostfreier Stahl<\/td>\n<\/tr>\n<tr style=\"line-height: 1.4;\">\n<td style=\"width: 33%;\" width=\"36\" height=\"30\"><strong>Scharnier Typ<\/strong><\/td>\n<td style=\"width: 67%;\" width=\"72\">Sanft schlie\u00dfendes Scharnier<\/td>\n<\/tr>\n<tr style=\"line-height: 1.4;\">\n<td style=\"width: 33%;\" width=\"36\" height=\"60\"><strong>Anwendbare Szenarien<\/strong><\/td>\n<td style=\"width: 67%;\" width=\"72\">Kleiderschrank, Schrank, B\u00fccherregal, Badezimmerschrank, und mehr<\/td>\n<\/tr>\n<tr style=\"line-height: 1.4;\">\n<td style=\"width: 33%;\" width=\"36\" height=\"50\"><strong>OEM- und ODM-Dienstleistungen<\/strong><\/td>\n<td style=\"width: 67%;\" width=\"72\">Unterst\u00fctzt einfache und tiefgreifende Anpassungen<\/td>\n<\/tr>\n<\/tbody>\n<\/table>\n<p>\n<script src=\"chrome-extension:\/\/fpelahbljekknahkcaegamhcndkfpfnc\/iFrame.js\" type=\"text\/javascript\"><\/script><\/p>","protected":false},"featured_media":1247,"comment_status":"closed","ping_status":"closed","template":"","meta":{"_acf_changed":false},"product_brand":[],"product_cat":[16,17,19,23],"product_tag":[],"class_list":{"0":"post-884","1":"product","2":"type-product","3":"status-publish","4":"has-post-thumbnail","6":"product_cat-wholesale-soft-closing-hinges","7":"product_cat-wholesale-cabinet-hinges","8":"product_cat-wholesale-furniture-hinges","9":"product_cat-wholesale-hydraulic-hinges","11":"first","12":"instock","13":"shipping-taxable","14":"product-type-simple"},"acf":[],"_links":{"self":[{"href":"https:\/\/www.mrhardwares.com\/de\/wp-json\/wp\/v2\/product\/884","targetHints":{"allow":["GET"]}}],"collection":[{"href":"https:\/\/www.mrhardwares.com\/de\/wp-json\/wp\/v2\/product"}],"about":[{"href":"https:\/\/www.mrhardwares.com\/de\/wp-json\/wp\/v2\/types\/product"}],"replies":[{"embeddable":true,"href":"https:\/\/www.mrhardwares.com\/de\/wp-json\/wp\/v2\/comments?post=884"}],"wp:featuredmedia":[{"embeddable":true,"href":"https:\/\/www.mrhardwares.com\/de\/wp-json\/wp\/v2\/media\/1247"}],"wp:attachment":[{"href":"https:\/\/www.mrhardwares.com\/de\/wp-json\/wp\/v2\/media?parent=884"}],"wp:term":[{"taxonomy":"product_brand","embeddable":true,"href":"https:\/\/www.mrhardwares.com\/de\/wp-json\/wp\/v2\/product_brand?post=884"},{"taxonomy":"product_cat","embeddable":true,"href":"https:\/\/www.mrhardwares.com\/de\/wp-json\/wp\/v2\/product_cat?post=884"},{"taxonomy":"product_tag","embeddable":true,"href":"https:\/\/www.mrhardwares.com\/de\/wp-json\/wp\/v2\/product_tag?post=884"}],"curies":[{"name":"wp","href":"https:\/\/api.w.org\/{rel}","templated":true}]}}