{"id":892,"date":"2025-03-25T03:26:55","date_gmt":"2025-03-25T03:26:55","guid":{"rendered":"https:\/\/www.mrhardwares.com\/?post_type=product&#038;p=892"},"modified":"2025-12-31T01:58:11","modified_gmt":"2025-12-31T01:58:11","slug":"wholesale-soft-close-concealed-hinges","status":"publish","type":"product","link":"https:\/\/www.mrhardwares.com\/de\/product\/wholesale-soft-close-concealed-hinges\/","title":{"rendered":"Gro\u00dfhandel Soft Close verdeckte Scharniere, Bulk-Schrank Scharniere - MR-F2A"},"content":{"rendered":"<h3 class=\"wp-block-heading\">Merkmale der Soft Close Concealed Scharniere<\/h3><ul class=\"wp-block-list\"><li><strong>Soft-Close-Mechanismus: <\/strong>Jedes Scharnier ist mit einem eingebauten D\u00e4mpfer ausgestattet, der daf\u00fcr sorgt, dass sich die Schrankt\u00fcr sanft und leise schlie\u00dft. Dies reduziert den Verschlei\u00df von Scharnier und Schrankk\u00f6rper und sorgt f\u00fcr ein hochwertiges und leises Benutzererlebnis.<br><\/li>\n\n<li><strong>Es stehen drei Installationsarten zur Verf\u00fcgung: <\/strong>Die MR-F2A-Modelle sind mit vollfl\u00e4chigen, halbfl\u00e4chigen und versenkten (nicht-fl\u00e4chigen) Scharnieren erh\u00e4ltlich, die mit verschiedenen Schrankt\u00fcrkonfigurationen kompatibel sind.<br><\/li>\n\n<li><strong>Verdecktes Design:<\/strong> Vollverdeckte und halbverdeckte Modelle haben ein verdecktes Design. Wenn die Schrankt\u00fcr geschlossen ist, erscheint das Scharnier nicht im Blickfeld, wodurch das schlichte Aussehen des M\u00f6bels gew\u00e4hrleistet wird.<br><\/li>\n\n<li><strong>Zwei Materialien stehen zur Auswahl:<\/strong> Das verdeckt liegende Soft-Close-Scharnier der Serie MR-F2A ist in Edelstahl und kaltgewalztem Stahl erh\u00e4ltlich. Es eignet sich f\u00fcr unterschiedliche Projektanforderungen und ist sehr gut f\u00fcr Gro\u00dfh\u00e4ndler und M\u00f6belunternehmen geeignet.<br><\/li>\n\n<li><strong>Bulk Cabinet Scharniere Supply:<\/strong>Als professioneller Scharnierhersteller liefern wir M\u00f6belscharniere in gro\u00dfen Mengen an globale M\u00f6belmarken, Schrankhersteller und Gro\u00dfh\u00e4ndler und bieten sehr wettbewerbsf\u00e4hige Preise und flexible Anpassungsdienste.<\/li><\/ul>","protected":false},"excerpt":{"rendered":"<p data-pm-slice=\"1 1 []\"><strong>Preis: US $0.123\/Stk<\/strong><\/p>\n<p>Verdeckte Scharniere mit sanfter Schlie\u00dfung im Gro\u00dfhandel. Die Serie MR-F2A ist in den Ausf\u00fchrungen Vollabdeckung, Halbabdeckung und versenkt erh\u00e4ltlich und wird in Edelstahl oder kaltgewalztem Stahl angeboten. Sie sind mit einem hydraulischen Soft-Close-System ausgestattet, das den Benutzern ein leises und sanftes Schlie\u00dfen der Schrankt\u00fcren erm\u00f6glicht.<\/p>\n<p>Mingrun Scharnier Hersteller bietet Ihnen mit Bulk-Schrank Scharniere liefern und Fabrikpreise, willkommen, uns zu kontaktieren.<br \/><strong><a href=\"https:\/\/www.mrhardwares.com\/de\/custom-solution\/\" target=\"_blank\" rel=\"noopener\">Erfahren Sie mehr \u00fcber kundenspezifische M\u00f6belscharnierl\u00f6sungen (OEM &amp; ODM) \u2192 <\/a><\/strong><\/p>\n<h2>Spezifikationen f\u00fcr weich schlie\u00dfende Schrankt\u00fcrscharniere<\/h2>\n<table border=\"0\" cellspacing=\"0\" cellpadding=\"0\">\n<tbody style=\"font-size: 12px; border: 1px solid #ccc; overflow: hidden;\">\n<tr style=\"line-height: 1.4;\">\n<td style=\"width: 33%;\" width=\"36\" height=\"30\"><span style=\"font-size: 16px;\">Spezifikation<\/span><\/td>\n<td style=\"width: 67%;\" width=\"72\"><span style=\"font-size: 16px;\">Einzelheiten<\/span><\/td>\n<\/tr>\n<tr style=\"line-height: 1.4;\">\n<td style=\"width: 33%;\" width=\"36\" height=\"30\"><span style=\"font-size: 16px;\">Modellnummer<\/span><\/td>\n<td style=\"width: 67%;\" width=\"72\"><span style=\"font-size: 16px;\">MR-F2A<\/span><\/td>\n<\/tr>\n<tr style=\"line-height: 1.4;\">\n<td style=\"width: 33%;\" width=\"36\" height=\"30\"><span style=\"font-size: 16px;\">Scharnier Material<\/span><\/td>\n<td style=\"width: 67%;\" width=\"72\"><span style=\"font-size: 16px;\">Rostfreier Stahl oder kaltgewalzter Stahl<\/span><\/td>\n<\/tr>\n<tr style=\"line-height: 1.4;\">\n<td style=\"width: 33%;\" width=\"36\" height=\"30\"><span style=\"font-size: 16px;\">Scharnier Typ<\/span><\/td>\n<td style=\"width: 67%;\" width=\"72\"><span style=\"font-size: 16px;\">Soft-Close-Scharnier<\/span><\/td>\n<\/tr>\n<tr style=\"line-height: 1.4;\">\n<td style=\"width: 33%;\" width=\"36\" height=\"60\"><span style=\"font-size: 16px;\">Anwendbare Szenarien<\/span><\/td>\n<td style=\"width: 67%;\" width=\"72\"><span style=\"font-size: 16px;\">Kleiderschrank, Schrank, B\u00fccherregal, Badezimmerschrank, und mehr<\/span><\/td>\n<\/tr>\n<tr style=\"line-height: 1.4;\">\n<td style=\"width: 33%;\" width=\"36\" height=\"50\"><span style=\"font-size: 16px;\">OEM- und ODM-Dienstleistungen<\/span><\/td>\n<td style=\"width: 67%;\" width=\"72\"><span style=\"font-size: 16px;\">Unterst\u00fctzt einfache und tiefgreifende Anpassungen<\/span><\/td>\n<\/tr>\n<\/tbody>\n<\/table>\n<p><script src=\"chrome-extension:\/\/fpelahbljekknahkcaegamhcndkfpfnc\/iFrame.js\" type=\"text\/javascript\"><\/script><\/p>","protected":false},"featured_media":1254,"comment_status":"closed","ping_status":"closed","template":"","meta":{"_acf_changed":false},"product_brand":[],"product_cat":[17,19,16],"product_tag":[],"class_list":{"0":"post-892","1":"product","2":"type-product","3":"status-publish","4":"has-post-thumbnail","6":"product_cat-wholesale-cabinet-hinges","7":"product_cat-wholesale-furniture-hinges","8":"product_cat-wholesale-soft-closing-hinges","10":"first","11":"instock","12":"shipping-taxable","13":"product-type-simple"},"acf":[],"_links":{"self":[{"href":"https:\/\/www.mrhardwares.com\/de\/wp-json\/wp\/v2\/product\/892","targetHints":{"allow":["GET"]}}],"collection":[{"href":"https:\/\/www.mrhardwares.com\/de\/wp-json\/wp\/v2\/product"}],"about":[{"href":"https:\/\/www.mrhardwares.com\/de\/wp-json\/wp\/v2\/types\/product"}],"replies":[{"embeddable":true,"href":"https:\/\/www.mrhardwares.com\/de\/wp-json\/wp\/v2\/comments?post=892"}],"wp:featuredmedia":[{"embeddable":true,"href":"https:\/\/www.mrhardwares.com\/de\/wp-json\/wp\/v2\/media\/1254"}],"wp:attachment":[{"href":"https:\/\/www.mrhardwares.com\/de\/wp-json\/wp\/v2\/media?parent=892"}],"wp:term":[{"taxonomy":"product_brand","embeddable":true,"href":"https:\/\/www.mrhardwares.com\/de\/wp-json\/wp\/v2\/product_brand?post=892"},{"taxonomy":"product_cat","embeddable":true,"href":"https:\/\/www.mrhardwares.com\/de\/wp-json\/wp\/v2\/product_cat?post=892"},{"taxonomy":"product_tag","embeddable":true,"href":"https:\/\/www.mrhardwares.com\/de\/wp-json\/wp\/v2\/product_tag?post=892"}],"curies":[{"name":"wp","href":"https:\/\/api.w.org\/{rel}","templated":true}]}}