{"id":893,"date":"2025-03-21T08:07:23","date_gmt":"2025-03-21T08:07:23","guid":{"rendered":"https:\/\/www.mrhardwares.com\/?post_type=product&#038;p=893"},"modified":"2025-12-31T02:04:00","modified_gmt":"2025-12-31T02:04:00","slug":"wholesale-soft-close-cabinet-hinges-mr-f2b","status":"publish","type":"product","link":"https:\/\/www.mrhardwares.com\/de\/product\/wholesale-soft-close-cabinet-hinges-mr-f2b\/","title":{"rendered":"Gro\u00dfhandel Soft Close Cabinet Scharniere Full Overlay, Half Overlay, und kein Overlay - MR-F2B"},"content":{"rendered":"<h3 class=\"wp-block-heading\">Merkmale der Soft-Close-Schrankscharniere<\/h3><ul class=\"wp-block-list\"><li><strong>Sanft schlie\u00dfendes Hydrauliksystem: <\/strong>Jedes Scharnier ist mit einem versiegelten hydraulischen D\u00e4mpfer ausgestattet, der den Aufprall und die Ger\u00e4usche beim Schlie\u00dfen der T\u00fcr wirksam reduziert und ein sanftes, leises und reibungsloses Schlie\u00dfen erm\u00f6glicht.<br><\/li>\n\n<li><strong>Langlebig: <\/strong>Diese sanft schlie\u00dfenden Scharniere f\u00fcr Schr\u00e4nke sind langlebig und wurden f\u00fcr mehr als 80.000 \u00d6ffnungs- und Schlie\u00dfzyklen getestet, wobei t\u00e4glich wiederholte Nutzungsszenarien simuliert wurden, um eine langfristige Leistung und Zuverl\u00e4ssigkeit zu gew\u00e4hrleisten.<br><\/li>\n\n<li><strong>Drei Deckungsm\u00f6glichkeiten: <\/strong>Die Serie MR-F2B ist in den Ausf\u00fchrungen Vollabdeckung, Halbabdeckung und versenkt (keine Abdeckung) erh\u00e4ltlich, um verschiedene Schrankt\u00fcrkonfigurationen zu unterst\u00fctzen.<br><\/li>\n\n<li><strong>Ideal f\u00fcr Gro\u00dfhandelsprojekte: <\/strong>Als professioneller Scharnierhersteller bieten wir Kunden in der ganzen Welt M\u00f6belscharniere in gro\u00dfen Mengen zu sehr wettbewerbsf\u00e4higen Preisen an, um den Anforderungen von Gro\u00dfprojekten und Gro\u00dfproduktionen gerecht zu werden.<br><\/li>\n\n<li><strong>Vorteile des Gro\u00dfhandels nach Ma\u00df: <\/strong>Unterst\u00fctzen Sie kundenspezifische LOGO, Verpackung und mehr pers\u00f6nliche Details, um das Markenimage zu verbessern. Wir bieten auch flexible Gro\u00dfhandelspreise und schnelle Lieferdienste f\u00fcr Gro\u00dfauftr\u00e4ge.<\/li><\/ul>","protected":false},"excerpt":{"rendered":"<p><strong>Preis: US $0.13\/Stk<\/strong><\/p>\n<p>Gro\u00dfhandelsscharniere mit sanfter Schlie\u00dfung k\u00f6nnen in Kleiderschr\u00e4nken, Schr\u00e4nken und Badezimmern verwendet werden. Sie halten mehr als 80.000 \u00d6ffnungs- und Schlie\u00dftests stand, sind langlebig und von ausgezeichneter Qualit\u00e4t. Wir bieten vollfl\u00e4chige, halbfl\u00e4chige und versenkte (nicht abdeckende) Ausf\u00fchrungen f\u00fcr unterschiedliche Projektanforderungen. Kontaktieren Sie uns f\u00fcr ein Angebot.<\/p>\n<p><strong><a href=\"https:\/\/www.mrhardwares.com\/de\/custom-solution\/\" target=\"_blank\" rel=\"noopener\">Erfahren Sie mehr \u00fcber kundenspezifische M\u00f6belscharnierl\u00f6sungen (OEM &amp; ODM) \u2192<\/a><\/strong><\/p>\n<h2>Spezifikationen des Soft-Close-Scharniers f\u00fcr Schr\u00e4nke<\/h2>\n<table border=\"0\" cellspacing=\"0\" cellpadding=\"0\">\n<tbody style=\"font-size: 12px; border: 1px solid #ccc; overflow: hidden;\">\n<tr style=\"line-height: 1.4;\">\n<td style=\"width: 33%;\" width=\"36\" height=\"30\"><strong>Spezifikation<\/strong><\/td>\n<td style=\"width: 67%;\" width=\"72\"><strong>Einzelheiten<\/strong><\/td>\n<\/tr>\n<tr style=\"line-height: 1.4;\">\n<td style=\"width: 33%;\" width=\"36\" height=\"30\"><strong>Modellnummer<\/strong><\/td>\n<td style=\"width: 67%;\" width=\"72\">MR-F2B<\/td>\n<\/tr>\n<tr style=\"line-height: 1.4;\">\n<td style=\"width: 33%;\" width=\"36\" height=\"30\"><strong>Scharnier Material<\/strong><\/td>\n<td style=\"width: 67%;\" width=\"72\">Rostfreier Stahl oder kaltgewalzter Stahl<\/td>\n<\/tr>\n<tr style=\"line-height: 1.4;\">\n<td style=\"width: 33%;\" width=\"36\" height=\"30\"><strong>Scharnier Typ<\/strong><\/td>\n<td style=\"width: 67%;\" width=\"72\">Soft-Close-Scharnier<\/td>\n<\/tr>\n<tr style=\"line-height: 1.4;\">\n<td style=\"width: 33%;\" width=\"36\" height=\"60\"><strong>Anwendbare Szenarien<\/strong><\/td>\n<td style=\"width: 67%;\" width=\"72\">Kleiderschrank, Schrank, B\u00fccherregal, Badezimmerschrank, und mehr<\/td>\n<\/tr>\n<tr style=\"line-height: 1.4;\">\n<td style=\"width: 33%;\" width=\"36\" height=\"50\"><strong>OEM- und ODM-Dienstleistungen<\/strong><\/td>\n<td style=\"width: 67%;\" width=\"72\">Unterst\u00fctzt einfache und tiefgreifende Anpassungen<\/td>\n<\/tr>\n<\/tbody>\n<\/table>\n<p>\n<script src=\"chrome-extension:\/\/fpelahbljekknahkcaegamhcndkfpfnc\/iFrame.js\" type=\"text\/javascript\"><\/script><\/p>","protected":false},"featured_media":1264,"comment_status":"closed","ping_status":"closed","template":"","meta":{"_acf_changed":false},"product_brand":[],"product_cat":[16,17,19],"product_tag":[],"class_list":{"0":"post-893","1":"product","2":"type-product","3":"status-publish","4":"has-post-thumbnail","6":"product_cat-wholesale-soft-closing-hinges","7":"product_cat-wholesale-cabinet-hinges","8":"product_cat-wholesale-furniture-hinges","10":"first","11":"instock","12":"shipping-taxable","13":"product-type-simple"},"acf":[],"_links":{"self":[{"href":"https:\/\/www.mrhardwares.com\/de\/wp-json\/wp\/v2\/product\/893","targetHints":{"allow":["GET"]}}],"collection":[{"href":"https:\/\/www.mrhardwares.com\/de\/wp-json\/wp\/v2\/product"}],"about":[{"href":"https:\/\/www.mrhardwares.com\/de\/wp-json\/wp\/v2\/types\/product"}],"replies":[{"embeddable":true,"href":"https:\/\/www.mrhardwares.com\/de\/wp-json\/wp\/v2\/comments?post=893"}],"wp:featuredmedia":[{"embeddable":true,"href":"https:\/\/www.mrhardwares.com\/de\/wp-json\/wp\/v2\/media\/1264"}],"wp:attachment":[{"href":"https:\/\/www.mrhardwares.com\/de\/wp-json\/wp\/v2\/media?parent=893"}],"wp:term":[{"taxonomy":"product_brand","embeddable":true,"href":"https:\/\/www.mrhardwares.com\/de\/wp-json\/wp\/v2\/product_brand?post=893"},{"taxonomy":"product_cat","embeddable":true,"href":"https:\/\/www.mrhardwares.com\/de\/wp-json\/wp\/v2\/product_cat?post=893"},{"taxonomy":"product_tag","embeddable":true,"href":"https:\/\/www.mrhardwares.com\/de\/wp-json\/wp\/v2\/product_tag?post=893"}],"curies":[{"name":"wp","href":"https:\/\/api.w.org\/{rel}","templated":true}]}}