{"id":894,"date":"2025-03-21T08:28:32","date_gmt":"2025-03-21T08:28:32","guid":{"rendered":"https:\/\/www.mrhardwares.com\/?post_type=product&#038;p=894"},"modified":"2025-12-31T02:54:43","modified_gmt":"2025-12-31T02:54:43","slug":"wholesale-soft-close-hydraulic-cabinet-hinges","status":"publish","type":"product","link":"https:\/\/www.mrhardwares.com\/de\/product\/wholesale-soft-close-hydraulic-cabinet-hinges\/","title":{"rendered":"Gro\u00dfhandel hydraulische Schrank Scharniere, Bulk verdeckte Soft-Close-Schrank Scharniere Versorgung MR-DTG"},"content":{"rendered":"<h3 class=\"wp-block-heading\">Merkmale der hydraulischen Scharniere f\u00fcr Schr\u00e4nke<\/h3><p><strong>Hochwertiges Material:<\/strong> Hergestellt aus hochwertigem rostfreiem Stahl oder Eisenmaterial, um die<strong> <\/strong>die langfristige Haltbarkeit des Scharniers.<\/p><p><strong>Pufferung und Stille<\/strong>: Eingebautes hydraulisches D\u00e4mpfungssystem, die T\u00fcr federt beim \u00d6ffnen und Schlie\u00dfen langsam zur\u00fcck, sorgt f\u00fcr ein sanftes \u00d6ffnen und Schlie\u00dfen und reduziert effektiv den L\u00e4rm.<\/p><p><strong>Einfach zu installieren:<\/strong> Einfaches Design, detaillierte Installationsanleitung, geeignet f\u00fcr alle Arten von K\u00fcchenschrankt\u00fcren, schnelle und einfache Installation, auch Nicht-Profis k\u00f6nnen leicht abschlie\u00dfen.<\/p><p><strong>Hohe Belastbarkeit<\/strong>: Verst\u00e4rkte Scharnierstruktur, hohe Belastbarkeit, geeignet f\u00fcr die meisten K\u00fcchenschrankt\u00fcren, kann dem \u00d6ffnungs- und Schlie\u00dfdruck im t\u00e4glichen Gebrauch standhalten.<\/p><p><strong>Lange Lebensdauer<\/strong>: Das Scharnier ist sehr verschlei\u00dffest und l\u00e4sst sich auch bei langfristigem Gebrauch problemlos \u00f6ffnen und schlie\u00dfen, was die Kosten f\u00fcr einen h\u00e4ufigen Austausch reduziert.<\/p><p><strong>Vielseitige Anwendung:<\/strong> Geeignet f\u00fcr alle Arten von K\u00fcchenschr\u00e4nken, Kleiderschr\u00e4nken, Badezimmerschr\u00e4nken und anderen M\u00f6beln, weit verbreitet in Haushalten, gewerblichen K\u00fcchen und individuellen M\u00f6belprojekten.<\/p>","protected":false},"excerpt":{"rendered":"<p><strong>Preis: US $0.124\/St\u00fcck<\/strong><\/p>\n<p>Gro\u00dfhandel hydraulischen Schrank Scharniere gew\u00e4hrleisten Schrankt\u00fcren schlie\u00dfen reibungslos und langsam, effektiv zu reduzieren L\u00e4rm, geeignet f\u00fcr Schrankt\u00fcren aus verschiedenen Materialien. Bieten Fabrik Gro\u00dfhandelspreise, Unterst\u00fctzung OEM und ODM Anpassungsleistungen, willkommen, uns zu kontaktieren.<\/p>\n<h2>Spezifikationen f\u00fcr hydraulische Scharniere f\u00fcr Schr\u00e4nke<\/h2>\n<table border=\"0\" cellspacing=\"0\" cellpadding=\"0\">\n<tbody style=\"font-size: 12px; border: 1px solid #ccc; overflow: hidden;\">\n<tr style=\"line-height: 1.4;\">\n<td style=\"width: 33%;\" width=\"36\" height=\"30\"><strong>Spezifikation<\/strong><\/td>\n<td style=\"width: 67%;\" width=\"72\"><strong>Einzelheiten<\/strong><\/td>\n<\/tr>\n<tr style=\"line-height: 1.4;\">\n<td style=\"width: 33%;\" width=\"36\" height=\"30\"><strong>Modellnummer<\/strong><\/td>\n<td style=\"width: 67%;\" width=\"72\">MR-DTG<\/td>\n<\/tr>\n<tr style=\"line-height: 1.4;\">\n<td style=\"width: 33%;\" width=\"36\" height=\"30\"><strong>Scharnier Material<\/strong><\/td>\n<td style=\"width: 67%;\" width=\"72\">Rostfreier Stahl oder kaltgewalzter Stahl<\/td>\n<\/tr>\n<tr style=\"line-height: 1.4;\">\n<td style=\"width: 33%;\" width=\"36\" height=\"30\"><strong>Scharnier Typ<\/strong><\/td>\n<td style=\"width: 67%;\" width=\"72\">Soft-Close-Scharnier<\/td>\n<\/tr>\n<tr style=\"line-height: 1.4;\">\n<td style=\"width: 33%;\" width=\"36\" height=\"60\"><strong>Anwendbare Szenarien<\/strong><\/td>\n<td style=\"width: 67%;\" width=\"72\">Kleiderschrank, Schrank, B\u00fccherregal, Badezimmerschrank, und mehr<\/td>\n<\/tr>\n<tr style=\"line-height: 1.4;\">\n<td style=\"width: 33%;\" width=\"36\" height=\"50\"><strong>OEM- und ODM-Dienstleistungen<\/strong><\/td>\n<td style=\"width: 67%;\" width=\"72\">Unterst\u00fctzt einfache und tiefgreifende Anpassungen<\/td>\n<\/tr>\n<\/tbody>\n<\/table>\n<p>&nbsp;<\/p>\n<p><script src=\"chrome-extension:\/\/fpelahbljekknahkcaegamhcndkfpfnc\/iFrame.js\" type=\"text\/javascript\"><\/script><\/p>\n<p>\n<script src=\"chrome-extension:\/\/fpelahbljekknahkcaegamhcndkfpfnc\/iFrame.js\" type=\"text\/javascript\"><\/script><\/p>","protected":false},"featured_media":956,"comment_status":"closed","ping_status":"closed","template":"","meta":{"_acf_changed":false},"product_brand":[],"product_cat":[16,17,19,23],"product_tag":[],"class_list":{"0":"post-894","1":"product","2":"type-product","3":"status-publish","4":"has-post-thumbnail","6":"product_cat-wholesale-soft-closing-hinges","7":"product_cat-wholesale-cabinet-hinges","8":"product_cat-wholesale-furniture-hinges","9":"product_cat-wholesale-hydraulic-hinges","11":"first","12":"instock","13":"shipping-taxable","14":"product-type-simple"},"acf":[],"_links":{"self":[{"href":"https:\/\/www.mrhardwares.com\/de\/wp-json\/wp\/v2\/product\/894","targetHints":{"allow":["GET"]}}],"collection":[{"href":"https:\/\/www.mrhardwares.com\/de\/wp-json\/wp\/v2\/product"}],"about":[{"href":"https:\/\/www.mrhardwares.com\/de\/wp-json\/wp\/v2\/types\/product"}],"replies":[{"embeddable":true,"href":"https:\/\/www.mrhardwares.com\/de\/wp-json\/wp\/v2\/comments?post=894"}],"wp:featuredmedia":[{"embeddable":true,"href":"https:\/\/www.mrhardwares.com\/de\/wp-json\/wp\/v2\/media\/956"}],"wp:attachment":[{"href":"https:\/\/www.mrhardwares.com\/de\/wp-json\/wp\/v2\/media?parent=894"}],"wp:term":[{"taxonomy":"product_brand","embeddable":true,"href":"https:\/\/www.mrhardwares.com\/de\/wp-json\/wp\/v2\/product_brand?post=894"},{"taxonomy":"product_cat","embeddable":true,"href":"https:\/\/www.mrhardwares.com\/de\/wp-json\/wp\/v2\/product_cat?post=894"},{"taxonomy":"product_tag","embeddable":true,"href":"https:\/\/www.mrhardwares.com\/de\/wp-json\/wp\/v2\/product_tag?post=894"}],"curies":[{"name":"wp","href":"https:\/\/api.w.org\/{rel}","templated":true}]}}